	{"id":26475,"date":"2021-10-06T11:58:38","date_gmt":"2021-10-06T09:58:38","guid":{"rendered":"https:\/\/www.megastitch.eu\/?post_type=product&#038;p=26475"},"modified":"2023-05-19T19:33:52","modified_gmt":"2023-05-19T17:33:52","slug":"lisci-pohlad-cez-margaretky","status":"publish","type":"product","link":"https:\/\/www.megastitch.eu\/cs\/obchod\/magnetky\/rastliny\/kvety\/lisci-pohlad-cez-margaretky\/","title":{"rendered":"L\u00ed\u0161\u010d\u00ed poh\u013ead cez margar\u00e9tky"},"content":{"rendered":"<div class=\"nolwrap\"><p>Kreslen\u00fd obr\u00e1zok je od autorky <strong>Sofia M Belenko<\/strong> z Kazachstanu.<\/p>\n<ul>\n<li><a href=\"https:\/\/www.instagram.com\/sofia.m.belenko\/\" target=\"_blank\" rel=\"noopener noreferrer\">https:\/\/www.instagram.com\/sofia.m.belenko\/<\/a><\/li>\n<li><a href=\"https:\/\/vk.com\/sofia.m.belenko\" target=\"_blank\" rel=\"noopener noreferrer\">https:\/\/vk.com\/sofia.m.belenko<\/a><\/li>\n<\/ul>\n<\/div>","protected":false},"excerpt":{"rendered":"<p><span style=\"font-weight: 400\">S\u00fastredene zamilovan\u00fd poh\u013ead. Aj takto by sa dali charakterizova\u0165 zaujat\u00e9 vy\u0161\u00edva\u010dky. Pred\u00ed\u010fte vyru\u0161eniu n\u00e1hlym straten\u00edm ihiel. S na\u0161ou neod\u00fdmovou magnetkou sa v\u00e1m u\u017e \u017eiadne ihly nestratia. Doprajte si tento luxus pri vy\u0161\u00edvan\u00ed.&nbsp;<\/span>Magnetick\u00e1 ihelni\u010dka s autorsk\u00fdm dizajnom l\u00ed\u0161ky pozeraj\u00facej cez margar\u00e9tky od Sofie M Belenko bude nav\u017edy va\u0161im spo\u013eahliv\u00fdm pomocn\u00edkom pri vy\u0161\u00edvan\u00ed.<\/p>\n","protected":false},"featured_media":26466,"comment_status":"closed","ping_status":"closed","template":"","meta":{"_uag_custom_page_level_css":"","ngg_post_thumbnail":0},"product_cat":[42,19,20,119,23],"product_tag":[128,139],"aioseo_notices":[],"featured_image_urls":{"full":["https:\/\/www.megastitch.eu\/wp-content\/uploads\/2021\/07\/lisci-pohlad-orez-sm.png",600,600,false],"thumbnail":["https:\/\/www.megastitch.eu\/wp-content\/uploads\/2021\/07\/lisci-pohlad-orez-sm-150x150.png",150,150,true],"medium":["https:\/\/www.megastitch.eu\/wp-content\/uploads\/2021\/07\/lisci-pohlad-orez-sm-300x300.png",300,300,true],"medium_large":["https:\/\/www.megastitch.eu\/wp-content\/uploads\/2021\/07\/lisci-pohlad-orez-sm.png",600,600,false],"large":["https:\/\/www.megastitch.eu\/wp-content\/uploads\/2021\/07\/lisci-pohlad-orez-sm.png",600,600,false],"1536x1536":["https:\/\/www.megastitch.eu\/wp-content\/uploads\/2021\/07\/lisci-pohlad-orez-sm.png",600,600,false],"2048x2048":["https:\/\/www.megastitch.eu\/wp-content\/uploads\/2021\/07\/lisci-pohlad-orez-sm.png",600,600,false],"ultp_layout_landscape_large":["https:\/\/www.megastitch.eu\/wp-content\/uploads\/2021\/07\/lisci-pohlad-orez-sm.png",600,600,false],"ultp_layout_landscape":["https:\/\/www.megastitch.eu\/wp-content\/uploads\/2021\/07\/lisci-pohlad-orez-sm-600x570.png",600,570,true],"ultp_layout_portrait":["https:\/\/www.megastitch.eu\/wp-content\/uploads\/2021\/07\/lisci-pohlad-orez-sm.png",600,600,false],"ultp_layout_square":["https:\/\/www.megastitch.eu\/wp-content\/uploads\/2021\/07\/lisci-pohlad-orez-sm-600x600.png",600,600,true],"molla_post-grid":["https:\/\/www.megastitch.eu\/wp-content\/uploads\/2021\/07\/lisci-pohlad-orez-sm-400x267.png",400,267,true],"woocommerce_thumbnail":["https:\/\/www.megastitch.eu\/wp-content\/uploads\/2021\/07\/lisci-pohlad-orez-sm-300x300.png",300,300,true],"woocommerce_single":["https:\/\/www.megastitch.eu\/wp-content\/uploads\/2021\/07\/lisci-pohlad-orez-sm.png",600,600,false],"woocommerce_gallery_thumbnail":["https:\/\/www.megastitch.eu\/wp-content\/uploads\/2021\/07\/lisci-pohlad-orez-sm-100x100.png",100,100,true]},"post_excerpt_stackable":"<p><span style=\"font-weight: 400\">S\u00fastredene zamilovan\u00fd poh\u013ead. Aj takto by sa dali charakterizova\u0165 zaujat\u00e9 vy\u0161\u00edva\u010dky. Pred\u00ed\u010fte vyru\u0161eniu n\u00e1hlym straten\u00edm ihiel. S na\u0161ou neod\u00fdmovou magnetkou sa v\u00e1m u\u017e \u017eiadne ihly nestratia. Doprajte si tento luxus pri vy\u0161\u00edvan\u00ed.&nbsp;<\/span>Magnetick\u00e1 ihelni\u010dka s autorsk\u00fdm dizajnom l\u00ed\u0161ky pozeraj\u00facej cez margar\u00e9tky od Sofie M Belenko bude nav\u017edy va\u0161im spo\u013eahliv\u00fdm pomocn\u00edkom pri vy\u0161\u00edvan\u00ed.<\/p>\n","category_list":"","author_info":{"name":"","url":""},"comments_num":"0 comments","featured_image_urls_v2":{"full":["https:\/\/www.megastitch.eu\/wp-content\/uploads\/2021\/07\/lisci-pohlad-orez-sm.png",600,600,false],"thumbnail":["https:\/\/www.megastitch.eu\/wp-content\/uploads\/2021\/07\/lisci-pohlad-orez-sm-150x150.png",150,150,true],"medium":["https:\/\/www.megastitch.eu\/wp-content\/uploads\/2021\/07\/lisci-pohlad-orez-sm-300x300.png",300,300,true],"medium_large":["https:\/\/www.megastitch.eu\/wp-content\/uploads\/2021\/07\/lisci-pohlad-orez-sm.png",600,600,false],"large":["https:\/\/www.megastitch.eu\/wp-content\/uploads\/2021\/07\/lisci-pohlad-orez-sm.png",600,600,false],"1536x1536":["https:\/\/www.megastitch.eu\/wp-content\/uploads\/2021\/07\/lisci-pohlad-orez-sm.png",600,600,false],"2048x2048":["https:\/\/www.megastitch.eu\/wp-content\/uploads\/2021\/07\/lisci-pohlad-orez-sm.png",600,600,false],"ultp_layout_landscape_large":["https:\/\/www.megastitch.eu\/wp-content\/uploads\/2021\/07\/lisci-pohlad-orez-sm.png",600,600,false],"ultp_layout_landscape":["https:\/\/www.megastitch.eu\/wp-content\/uploads\/2021\/07\/lisci-pohlad-orez-sm-600x570.png",600,570,true],"ultp_layout_portrait":["https:\/\/www.megastitch.eu\/wp-content\/uploads\/2021\/07\/lisci-pohlad-orez-sm.png",600,600,false],"ultp_layout_square":["https:\/\/www.megastitch.eu\/wp-content\/uploads\/2021\/07\/lisci-pohlad-orez-sm-600x600.png",600,600,true],"molla_post-grid":["https:\/\/www.megastitch.eu\/wp-content\/uploads\/2021\/07\/lisci-pohlad-orez-sm-400x267.png",400,267,true],"woocommerce_thumbnail":["https:\/\/www.megastitch.eu\/wp-content\/uploads\/2021\/07\/lisci-pohlad-orez-sm-300x300.png",300,300,true],"woocommerce_single":["https:\/\/www.megastitch.eu\/wp-content\/uploads\/2021\/07\/lisci-pohlad-orez-sm.png",600,600,false],"woocommerce_gallery_thumbnail":["https:\/\/www.megastitch.eu\/wp-content\/uploads\/2021\/07\/lisci-pohlad-orez-sm-100x100.png",100,100,true]},"post_excerpt_stackable_v2":"<p><span style=\"font-weight: 400\">S\u00fastredene zamilovan\u00fd poh\u013ead. Aj takto by sa dali charakterizova\u0165 zaujat\u00e9 vy\u0161\u00edva\u010dky. Pred\u00ed\u010fte vyru\u0161eniu n\u00e1hlym straten\u00edm ihiel. S na\u0161ou neod\u00fdmovou magnetkou sa v\u00e1m u\u017e \u017eiadne ihly nestratia. Doprajte si tento luxus pri vy\u0161\u00edvan\u00ed.&nbsp;<\/span>Magnetick\u00e1 ihelni\u010dka s autorsk\u00fdm dizajnom l\u00ed\u0161ky pozeraj\u00facej cez margar\u00e9tky od Sofie M Belenko bude nav\u017edy va\u0161im spo\u013eahliv\u00fdm pomocn\u00edkom pri vy\u0161\u00edvan\u00ed.<\/p>\n","category_list_v2":"","author_info_v2":{"name":"","url":""},"comments_num_v2":"0 comments","uagb_featured_image_src":{"full":["https:\/\/www.megastitch.eu\/wp-content\/uploads\/2021\/07\/lisci-pohlad-orez-sm.png",600,600,false],"thumbnail":["https:\/\/www.megastitch.eu\/wp-content\/uploads\/2021\/07\/lisci-pohlad-orez-sm-150x150.png",150,150,true],"medium":["https:\/\/www.megastitch.eu\/wp-content\/uploads\/2021\/07\/lisci-pohlad-orez-sm-300x300.png",300,300,true],"medium_large":["https:\/\/www.megastitch.eu\/wp-content\/uploads\/2021\/07\/lisci-pohlad-orez-sm.png",600,600,false],"large":["https:\/\/www.megastitch.eu\/wp-content\/uploads\/2021\/07\/lisci-pohlad-orez-sm.png",600,600,false],"1536x1536":["https:\/\/www.megastitch.eu\/wp-content\/uploads\/2021\/07\/lisci-pohlad-orez-sm.png",600,600,false],"2048x2048":["https:\/\/www.megastitch.eu\/wp-content\/uploads\/2021\/07\/lisci-pohlad-orez-sm.png",600,600,false],"ultp_layout_landscape_large":["https:\/\/www.megastitch.eu\/wp-content\/uploads\/2021\/07\/lisci-pohlad-orez-sm.png",600,600,false],"ultp_layout_landscape":["https:\/\/www.megastitch.eu\/wp-content\/uploads\/2021\/07\/lisci-pohlad-orez-sm-600x570.png",600,570,true],"ultp_layout_portrait":["https:\/\/www.megastitch.eu\/wp-content\/uploads\/2021\/07\/lisci-pohlad-orez-sm.png",600,600,false],"ultp_layout_square":["https:\/\/www.megastitch.eu\/wp-content\/uploads\/2021\/07\/lisci-pohlad-orez-sm-600x600.png",600,600,true],"molla_post-grid":["https:\/\/www.megastitch.eu\/wp-content\/uploads\/2021\/07\/lisci-pohlad-orez-sm-400x267.png",400,267,true],"woocommerce_thumbnail":["https:\/\/www.megastitch.eu\/wp-content\/uploads\/2021\/07\/lisci-pohlad-orez-sm-300x300.png",300,300,true],"woocommerce_single":["https:\/\/www.megastitch.eu\/wp-content\/uploads\/2021\/07\/lisci-pohlad-orez-sm.png",600,600,false],"woocommerce_gallery_thumbnail":["https:\/\/www.megastitch.eu\/wp-content\/uploads\/2021\/07\/lisci-pohlad-orez-sm-100x100.png",100,100,true]},"uagb_author_info":{"display_name":"monika","author_link":"https:\/\/www.megastitch.eu\/cs\/author\/"},"uagb_comment_info":0,"uagb_excerpt":"S\u00fastredene zamilovan\u00fd poh\u013ead. Aj takto by sa dali charakterizova\u0165 zaujat\u00e9 vy\u0161\u00edva\u010dky. Pred\u00ed\u010fte vyru\u0161eniu n\u00e1hlym straten\u00edm ihiel. S na\u0161ou neod\u00fdmovou magnetkou sa v\u00e1m u\u017e \u017eiadne ihly nestratia. Doprajte si tento luxus pri vy\u0161\u00edvan\u00ed.&nbsp;Magnetick\u00e1 ihelni\u010dka s autorsk\u00fdm dizajnom l\u00ed\u0161ky pozeraj\u00facej cez margar\u00e9tky od Sofie M Belenko bude nav\u017edy va\u0161im spo\u013eahliv\u00fdm pomocn\u00edkom pri vy\u0161\u00edvan\u00ed.","_links":{"self":[{"href":"https:\/\/www.megastitch.eu\/cs\/wp-json\/wp\/v2\/product\/26475"}],"collection":[{"href":"https:\/\/www.megastitch.eu\/cs\/wp-json\/wp\/v2\/product"}],"about":[{"href":"https:\/\/www.megastitch.eu\/cs\/wp-json\/wp\/v2\/types\/product"}],"replies":[{"embeddable":true,"href":"https:\/\/www.megastitch.eu\/cs\/wp-json\/wp\/v2\/comments?post=26475"}],"wp:featuredmedia":[{"embeddable":true,"href":"https:\/\/www.megastitch.eu\/cs\/wp-json\/wp\/v2\/media\/26466"}],"wp:attachment":[{"href":"https:\/\/www.megastitch.eu\/cs\/wp-json\/wp\/v2\/media?parent=26475"}],"wp:term":[{"taxonomy":"product_cat","embeddable":true,"href":"https:\/\/www.megastitch.eu\/cs\/wp-json\/wp\/v2\/product_cat?post=26475"},{"taxonomy":"product_tag","embeddable":true,"href":"https:\/\/www.megastitch.eu\/cs\/wp-json\/wp\/v2\/product_tag?post=26475"}],"curies":[{"name":"wp","href":"https:\/\/api.w.org\/{rel}","templated":true}]}}