	{"id":26477,"date":"2021-10-06T12:08:04","date_gmt":"2021-10-06T10:08:04","guid":{"rendered":"https:\/\/www.megastitch.eu\/?post_type=product&#038;p=26477"},"modified":"2024-05-25T17:21:08","modified_gmt":"2024-05-25T15:21:08","slug":"tukan-s-osviezenim","status":"publish","type":"product","link":"https:\/\/www.megastitch.eu\/cs\/obchod\/magnetky\/zvierata\/vtaky\/tukan-s-osviezenim\/","title":{"rendered":"Tukan s osvie\u017een\u00edm"},"content":{"rendered":"<div class=\"nolwrap\"><p>Kreslen\u00fd obr\u00e1zok je od autorky <strong>Sofia M Belenko<\/strong> z Kazachstanu<\/p>\n<ul>\n<li><a href=\"https:\/\/www.instagram.com\/sofia.m.belenko\/\" target=\"_blank\" rel=\"noopener noreferrer\">https:\/\/www.instagram.com\/sofia.m.belenko\/<\/a><\/li>\n<li><a href=\"https:\/\/vk.com\/sofia.m.belenko\" target=\"_blank\" rel=\"noopener noreferrer\">https:\/\/vk.com\/sofia.m.belenko<\/a><\/li>\n<\/ul>\n<\/div>","protected":false},"excerpt":{"rendered":"<p><span style=\"font-weight: 400;\">Ak relax, tak jednozna\u010dne bez stresu. Doprajte si pohodov\u00e9 chv\u00edle pri vy\u0161\u00edvan\u00ed v\u010faka veselej magnetke. Pri vy\u0161\u00edvan\u00ed v\u00e1s zas bude te\u0161i\u0165 skuto\u010dnos\u0165, \u017ee va\u0161e ihly, ako aj no\u017eni\u010dky, s\u00fa pevne uchyten\u00e9 na svojom mieste pomocou kvalitn\u00e9ho neod\u00fdmov\u00e9ho magnetu. <\/span>Magnetick\u00e1 ihelni\u010dka s autorsk\u00fdm dizajnom tukana s osvie\u017een\u00edm&nbsp; je od autorky Sofie M Belenko.<\/p>\n","protected":false},"featured_media":26472,"comment_status":"closed","ping_status":"closed","template":"","meta":{"_uag_custom_page_level_css":"","ngg_post_thumbnail":0},"product_cat":[19,20,119,37,23],"product_tag":[128,316,143],"aioseo_notices":[],"featured_image_urls":{"full":["https:\/\/www.megastitch.eu\/wp-content\/uploads\/2021\/07\/tukan-s-osviezenim-sm.png",600,600,false],"thumbnail":["https:\/\/www.megastitch.eu\/wp-content\/uploads\/2021\/07\/tukan-s-osviezenim-sm-150x150.png",150,150,true],"medium":["https:\/\/www.megastitch.eu\/wp-content\/uploads\/2021\/07\/tukan-s-osviezenim-sm-300x300.png",300,300,true],"medium_large":["https:\/\/www.megastitch.eu\/wp-content\/uploads\/2021\/07\/tukan-s-osviezenim-sm.png",600,600,false],"large":["https:\/\/www.megastitch.eu\/wp-content\/uploads\/2021\/07\/tukan-s-osviezenim-sm.png",600,600,false],"1536x1536":["https:\/\/www.megastitch.eu\/wp-content\/uploads\/2021\/07\/tukan-s-osviezenim-sm.png",600,600,false],"2048x2048":["https:\/\/www.megastitch.eu\/wp-content\/uploads\/2021\/07\/tukan-s-osviezenim-sm.png",600,600,false],"ultp_layout_landscape_large":["https:\/\/www.megastitch.eu\/wp-content\/uploads\/2021\/07\/tukan-s-osviezenim-sm.png",600,600,false],"ultp_layout_landscape":["https:\/\/www.megastitch.eu\/wp-content\/uploads\/2021\/07\/tukan-s-osviezenim-sm-600x570.png",600,570,true],"ultp_layout_portrait":["https:\/\/www.megastitch.eu\/wp-content\/uploads\/2021\/07\/tukan-s-osviezenim-sm.png",600,600,false],"ultp_layout_square":["https:\/\/www.megastitch.eu\/wp-content\/uploads\/2021\/07\/tukan-s-osviezenim-sm-600x600.png",600,600,true],"molla_post-grid":["https:\/\/www.megastitch.eu\/wp-content\/uploads\/2021\/07\/tukan-s-osviezenim-sm-400x267.png",400,267,true],"woocommerce_thumbnail":["https:\/\/www.megastitch.eu\/wp-content\/uploads\/2021\/07\/tukan-s-osviezenim-sm-300x300.png",300,300,true],"woocommerce_single":["https:\/\/www.megastitch.eu\/wp-content\/uploads\/2021\/07\/tukan-s-osviezenim-sm.png",600,600,false],"woocommerce_gallery_thumbnail":["https:\/\/www.megastitch.eu\/wp-content\/uploads\/2021\/07\/tukan-s-osviezenim-sm-100x100.png",100,100,true]},"post_excerpt_stackable":"<p><span style=\"font-weight: 400;\">Ak relax, tak jednozna\u010dne bez stresu. Doprajte si pohodov\u00e9 chv\u00edle pri vy\u0161\u00edvan\u00ed v\u010faka veselej magnetke. Pri vy\u0161\u00edvan\u00ed v\u00e1s zas bude te\u0161i\u0165 skuto\u010dnos\u0165, \u017ee va\u0161e ihly, ako aj no\u017eni\u010dky, s\u00fa pevne uchyten\u00e9 na svojom mieste pomocou kvalitn\u00e9ho neod\u00fdmov\u00e9ho magnetu. <\/span>Magnetick\u00e1 ihelni\u010dka s autorsk\u00fdm dizajnom tukana s osvie\u017een\u00edm&nbsp; je od autorky Sofie M Belenko.<\/p>\n","category_list":"","author_info":{"name":"","url":""},"comments_num":"0 comments","featured_image_urls_v2":{"full":["https:\/\/www.megastitch.eu\/wp-content\/uploads\/2021\/07\/tukan-s-osviezenim-sm.png",600,600,false],"thumbnail":["https:\/\/www.megastitch.eu\/wp-content\/uploads\/2021\/07\/tukan-s-osviezenim-sm-150x150.png",150,150,true],"medium":["https:\/\/www.megastitch.eu\/wp-content\/uploads\/2021\/07\/tukan-s-osviezenim-sm-300x300.png",300,300,true],"medium_large":["https:\/\/www.megastitch.eu\/wp-content\/uploads\/2021\/07\/tukan-s-osviezenim-sm.png",600,600,false],"large":["https:\/\/www.megastitch.eu\/wp-content\/uploads\/2021\/07\/tukan-s-osviezenim-sm.png",600,600,false],"1536x1536":["https:\/\/www.megastitch.eu\/wp-content\/uploads\/2021\/07\/tukan-s-osviezenim-sm.png",600,600,false],"2048x2048":["https:\/\/www.megastitch.eu\/wp-content\/uploads\/2021\/07\/tukan-s-osviezenim-sm.png",600,600,false],"ultp_layout_landscape_large":["https:\/\/www.megastitch.eu\/wp-content\/uploads\/2021\/07\/tukan-s-osviezenim-sm.png",600,600,false],"ultp_layout_landscape":["https:\/\/www.megastitch.eu\/wp-content\/uploads\/2021\/07\/tukan-s-osviezenim-sm-600x570.png",600,570,true],"ultp_layout_portrait":["https:\/\/www.megastitch.eu\/wp-content\/uploads\/2021\/07\/tukan-s-osviezenim-sm.png",600,600,false],"ultp_layout_square":["https:\/\/www.megastitch.eu\/wp-content\/uploads\/2021\/07\/tukan-s-osviezenim-sm-600x600.png",600,600,true],"molla_post-grid":["https:\/\/www.megastitch.eu\/wp-content\/uploads\/2021\/07\/tukan-s-osviezenim-sm-400x267.png",400,267,true],"woocommerce_thumbnail":["https:\/\/www.megastitch.eu\/wp-content\/uploads\/2021\/07\/tukan-s-osviezenim-sm-300x300.png",300,300,true],"woocommerce_single":["https:\/\/www.megastitch.eu\/wp-content\/uploads\/2021\/07\/tukan-s-osviezenim-sm.png",600,600,false],"woocommerce_gallery_thumbnail":["https:\/\/www.megastitch.eu\/wp-content\/uploads\/2021\/07\/tukan-s-osviezenim-sm-100x100.png",100,100,true]},"post_excerpt_stackable_v2":"<p><span style=\"font-weight: 400;\">Ak relax, tak jednozna\u010dne bez stresu. Doprajte si pohodov\u00e9 chv\u00edle pri vy\u0161\u00edvan\u00ed v\u010faka veselej magnetke. Pri vy\u0161\u00edvan\u00ed v\u00e1s zas bude te\u0161i\u0165 skuto\u010dnos\u0165, \u017ee va\u0161e ihly, ako aj no\u017eni\u010dky, s\u00fa pevne uchyten\u00e9 na svojom mieste pomocou kvalitn\u00e9ho neod\u00fdmov\u00e9ho magnetu. <\/span>Magnetick\u00e1 ihelni\u010dka s autorsk\u00fdm dizajnom tukana s osvie\u017een\u00edm&nbsp; je od autorky Sofie M Belenko.<\/p>\n","category_list_v2":"","author_info_v2":{"name":"","url":""},"comments_num_v2":"0 comments","uagb_featured_image_src":{"full":["https:\/\/www.megastitch.eu\/wp-content\/uploads\/2021\/07\/tukan-s-osviezenim-sm.png",600,600,false],"thumbnail":["https:\/\/www.megastitch.eu\/wp-content\/uploads\/2021\/07\/tukan-s-osviezenim-sm-150x150.png",150,150,true],"medium":["https:\/\/www.megastitch.eu\/wp-content\/uploads\/2021\/07\/tukan-s-osviezenim-sm-300x300.png",300,300,true],"medium_large":["https:\/\/www.megastitch.eu\/wp-content\/uploads\/2021\/07\/tukan-s-osviezenim-sm.png",600,600,false],"large":["https:\/\/www.megastitch.eu\/wp-content\/uploads\/2021\/07\/tukan-s-osviezenim-sm.png",600,600,false],"1536x1536":["https:\/\/www.megastitch.eu\/wp-content\/uploads\/2021\/07\/tukan-s-osviezenim-sm.png",600,600,false],"2048x2048":["https:\/\/www.megastitch.eu\/wp-content\/uploads\/2021\/07\/tukan-s-osviezenim-sm.png",600,600,false],"ultp_layout_landscape_large":["https:\/\/www.megastitch.eu\/wp-content\/uploads\/2021\/07\/tukan-s-osviezenim-sm.png",600,600,false],"ultp_layout_landscape":["https:\/\/www.megastitch.eu\/wp-content\/uploads\/2021\/07\/tukan-s-osviezenim-sm-600x570.png",600,570,true],"ultp_layout_portrait":["https:\/\/www.megastitch.eu\/wp-content\/uploads\/2021\/07\/tukan-s-osviezenim-sm.png",600,600,false],"ultp_layout_square":["https:\/\/www.megastitch.eu\/wp-content\/uploads\/2021\/07\/tukan-s-osviezenim-sm-600x600.png",600,600,true],"molla_post-grid":["https:\/\/www.megastitch.eu\/wp-content\/uploads\/2021\/07\/tukan-s-osviezenim-sm-400x267.png",400,267,true],"woocommerce_thumbnail":["https:\/\/www.megastitch.eu\/wp-content\/uploads\/2021\/07\/tukan-s-osviezenim-sm-300x300.png",300,300,true],"woocommerce_single":["https:\/\/www.megastitch.eu\/wp-content\/uploads\/2021\/07\/tukan-s-osviezenim-sm.png",600,600,false],"woocommerce_gallery_thumbnail":["https:\/\/www.megastitch.eu\/wp-content\/uploads\/2021\/07\/tukan-s-osviezenim-sm-100x100.png",100,100,true]},"uagb_author_info":{"display_name":"monika","author_link":"https:\/\/www.megastitch.eu\/cs\/author\/"},"uagb_comment_info":0,"uagb_excerpt":"Ak relax, tak jednozna\u010dne bez stresu. Doprajte si pohodov\u00e9 chv\u00edle pri vy\u0161\u00edvan\u00ed v\u010faka veselej magnetke. Pri vy\u0161\u00edvan\u00ed v\u00e1s zas bude te\u0161i\u0165 skuto\u010dnos\u0165, \u017ee va\u0161e ihly, ako aj no\u017eni\u010dky, s\u00fa pevne uchyten\u00e9 na svojom mieste pomocou kvalitn\u00e9ho neod\u00fdmov\u00e9ho magnetu. Magnetick\u00e1 ihelni\u010dka s autorsk\u00fdm dizajnom tukana s osvie\u017een\u00edm&nbsp; je od autorky Sofie M Belenko.","_links":{"self":[{"href":"https:\/\/www.megastitch.eu\/cs\/wp-json\/wp\/v2\/product\/26477"}],"collection":[{"href":"https:\/\/www.megastitch.eu\/cs\/wp-json\/wp\/v2\/product"}],"about":[{"href":"https:\/\/www.megastitch.eu\/cs\/wp-json\/wp\/v2\/types\/product"}],"replies":[{"embeddable":true,"href":"https:\/\/www.megastitch.eu\/cs\/wp-json\/wp\/v2\/comments?post=26477"}],"wp:featuredmedia":[{"embeddable":true,"href":"https:\/\/www.megastitch.eu\/cs\/wp-json\/wp\/v2\/media\/26472"}],"wp:attachment":[{"href":"https:\/\/www.megastitch.eu\/cs\/wp-json\/wp\/v2\/media?parent=26477"}],"wp:term":[{"taxonomy":"product_cat","embeddable":true,"href":"https:\/\/www.megastitch.eu\/cs\/wp-json\/wp\/v2\/product_cat?post=26477"},{"taxonomy":"product_tag","embeddable":true,"href":"https:\/\/www.megastitch.eu\/cs\/wp-json\/wp\/v2\/product_tag?post=26477"}],"curies":[{"name":"wp","href":"https:\/\/api.w.org\/{rel}","templated":true}]}}