	{"id":26478,"date":"2021-10-06T12:11:01","date_gmt":"2021-10-06T10:11:01","guid":{"rendered":"https:\/\/www.megastitch.eu\/?post_type=product&#038;p=26478"},"modified":"2024-05-25T17:24:20","modified_gmt":"2024-05-25T15:24:20","slug":"jesenna-kava-s-liskou","status":"publish","type":"product","link":"https:\/\/www.megastitch.eu\/cs\/obchod\/magnetky\/malovane\/jesenna-kava-s-liskou\/","title":{"rendered":"Jesenn\u00e1 k\u00e1va s l\u00ed\u0161kou"},"content":{"rendered":"<div class=\"nolwrap\"><p>Kreslen\u00fd obr\u00e1zok je od autorky <strong>Sofia M Belenko<\/strong> z Kazachstanu<\/p>\n<ul>\n<li><a href=\"https:\/\/www.instagram.com\/sofia.m.belenko\/\" target=\"_blank\" rel=\"noopener noreferrer\">https:\/\/www.instagram.com\/sofia.m.belenko\/<\/a><\/li>\n<li><a href=\"https:\/\/vk.com\/sofia.m.belenko\" target=\"_blank\" rel=\"noopener noreferrer\">https:\/\/vk.com\/sofia.m.belenko<\/a><\/li>\n<\/ul>\n<\/div>","protected":false},"excerpt":{"rendered":"<p><span style=\"font-weight: 400;\">Vychutnajte si harmonick\u00fa, pokojn\u00fa jese\u0148 s neutekaj\u00facimi ihlami. K \u0161\u00e1lke dobrej k\u00e1vy a v\u00fd\u0161ivke nesmie ch\u00fdba\u0165 ani magnetka, ktor\u00e1 bude dr\u017ea\u0165 v\u0161etky ihly a dokonca aj no\u017eni\u010dky na jednom mieste v pr\u00edpade, \u017ee si t\u00fa svoju \u0161\u00e1lku k\u00e1vy budete vychutn\u00e1va\u0165 dlh\u0161ie. Magnetick\u00e1 ihelni\u010dka je autorsk\u00fdm dizajnom od Sofie M Belenko. S t\u00fdmito magnetmi sa u\u017e \u017eiadna ihla nestrat\u00ed.&nbsp;<\/span><\/p>\n","protected":false},"featured_media":26460,"comment_status":"closed","ping_status":"closed","template":"","meta":{"_uag_custom_page_level_css":"","ngg_post_thumbnail":0},"product_cat":[19,20,119,23],"product_tag":[128,322,250],"aioseo_notices":[],"featured_image_urls":{"full":["https:\/\/www.megastitch.eu\/wp-content\/uploads\/2021\/07\/jesennka-kava-s-liskou-sm.png",600,600,false],"thumbnail":["https:\/\/www.megastitch.eu\/wp-content\/uploads\/2021\/07\/jesennka-kava-s-liskou-sm-150x150.png",150,150,true],"medium":["https:\/\/www.megastitch.eu\/wp-content\/uploads\/2021\/07\/jesennka-kava-s-liskou-sm-300x300.png",300,300,true],"medium_large":["https:\/\/www.megastitch.eu\/wp-content\/uploads\/2021\/07\/jesennka-kava-s-liskou-sm.png",600,600,false],"large":["https:\/\/www.megastitch.eu\/wp-content\/uploads\/2021\/07\/jesennka-kava-s-liskou-sm.png",600,600,false],"1536x1536":["https:\/\/www.megastitch.eu\/wp-content\/uploads\/2021\/07\/jesennka-kava-s-liskou-sm.png",600,600,false],"2048x2048":["https:\/\/www.megastitch.eu\/wp-content\/uploads\/2021\/07\/jesennka-kava-s-liskou-sm.png",600,600,false],"ultp_layout_landscape_large":["https:\/\/www.megastitch.eu\/wp-content\/uploads\/2021\/07\/jesennka-kava-s-liskou-sm.png",600,600,false],"ultp_layout_landscape":["https:\/\/www.megastitch.eu\/wp-content\/uploads\/2021\/07\/jesennka-kava-s-liskou-sm-600x570.png",600,570,true],"ultp_layout_portrait":["https:\/\/www.megastitch.eu\/wp-content\/uploads\/2021\/07\/jesennka-kava-s-liskou-sm.png",600,600,false],"ultp_layout_square":["https:\/\/www.megastitch.eu\/wp-content\/uploads\/2021\/07\/jesennka-kava-s-liskou-sm-600x600.png",600,600,true],"molla_post-grid":["https:\/\/www.megastitch.eu\/wp-content\/uploads\/2021\/07\/jesennka-kava-s-liskou-sm-400x267.png",400,267,true],"woocommerce_thumbnail":["https:\/\/www.megastitch.eu\/wp-content\/uploads\/2021\/07\/jesennka-kava-s-liskou-sm-300x300.png",300,300,true],"woocommerce_single":["https:\/\/www.megastitch.eu\/wp-content\/uploads\/2021\/07\/jesennka-kava-s-liskou-sm.png",600,600,false],"woocommerce_gallery_thumbnail":["https:\/\/www.megastitch.eu\/wp-content\/uploads\/2021\/07\/jesennka-kava-s-liskou-sm-100x100.png",100,100,true]},"post_excerpt_stackable":"<p><span style=\"font-weight: 400;\">Vychutnajte si harmonick\u00fa, pokojn\u00fa jese\u0148 s neutekaj\u00facimi ihlami. K \u0161\u00e1lke dobrej k\u00e1vy a v\u00fd\u0161ivke nesmie ch\u00fdba\u0165 ani magnetka, ktor\u00e1 bude dr\u017ea\u0165 v\u0161etky ihly a dokonca aj no\u017eni\u010dky na jednom mieste v pr\u00edpade, \u017ee si t\u00fa svoju \u0161\u00e1lku k\u00e1vy budete vychutn\u00e1va\u0165 dlh\u0161ie. Magnetick\u00e1 ihelni\u010dka je autorsk\u00fdm dizajnom od Sofie M Belenko. S t\u00fdmito magnetmi sa u\u017e \u017eiadna ihla nestrat\u00ed.&nbsp;<\/span><\/p>\n","category_list":"","author_info":{"name":"","url":""},"comments_num":"0 comments","featured_image_urls_v2":{"full":["https:\/\/www.megastitch.eu\/wp-content\/uploads\/2021\/07\/jesennka-kava-s-liskou-sm.png",600,600,false],"thumbnail":["https:\/\/www.megastitch.eu\/wp-content\/uploads\/2021\/07\/jesennka-kava-s-liskou-sm-150x150.png",150,150,true],"medium":["https:\/\/www.megastitch.eu\/wp-content\/uploads\/2021\/07\/jesennka-kava-s-liskou-sm-300x300.png",300,300,true],"medium_large":["https:\/\/www.megastitch.eu\/wp-content\/uploads\/2021\/07\/jesennka-kava-s-liskou-sm.png",600,600,false],"large":["https:\/\/www.megastitch.eu\/wp-content\/uploads\/2021\/07\/jesennka-kava-s-liskou-sm.png",600,600,false],"1536x1536":["https:\/\/www.megastitch.eu\/wp-content\/uploads\/2021\/07\/jesennka-kava-s-liskou-sm.png",600,600,false],"2048x2048":["https:\/\/www.megastitch.eu\/wp-content\/uploads\/2021\/07\/jesennka-kava-s-liskou-sm.png",600,600,false],"ultp_layout_landscape_large":["https:\/\/www.megastitch.eu\/wp-content\/uploads\/2021\/07\/jesennka-kava-s-liskou-sm.png",600,600,false],"ultp_layout_landscape":["https:\/\/www.megastitch.eu\/wp-content\/uploads\/2021\/07\/jesennka-kava-s-liskou-sm-600x570.png",600,570,true],"ultp_layout_portrait":["https:\/\/www.megastitch.eu\/wp-content\/uploads\/2021\/07\/jesennka-kava-s-liskou-sm.png",600,600,false],"ultp_layout_square":["https:\/\/www.megastitch.eu\/wp-content\/uploads\/2021\/07\/jesennka-kava-s-liskou-sm-600x600.png",600,600,true],"molla_post-grid":["https:\/\/www.megastitch.eu\/wp-content\/uploads\/2021\/07\/jesennka-kava-s-liskou-sm-400x267.png",400,267,true],"woocommerce_thumbnail":["https:\/\/www.megastitch.eu\/wp-content\/uploads\/2021\/07\/jesennka-kava-s-liskou-sm-300x300.png",300,300,true],"woocommerce_single":["https:\/\/www.megastitch.eu\/wp-content\/uploads\/2021\/07\/jesennka-kava-s-liskou-sm.png",600,600,false],"woocommerce_gallery_thumbnail":["https:\/\/www.megastitch.eu\/wp-content\/uploads\/2021\/07\/jesennka-kava-s-liskou-sm-100x100.png",100,100,true]},"post_excerpt_stackable_v2":"<p><span style=\"font-weight: 400;\">Vychutnajte si harmonick\u00fa, pokojn\u00fa jese\u0148 s neutekaj\u00facimi ihlami. K \u0161\u00e1lke dobrej k\u00e1vy a v\u00fd\u0161ivke nesmie ch\u00fdba\u0165 ani magnetka, ktor\u00e1 bude dr\u017ea\u0165 v\u0161etky ihly a dokonca aj no\u017eni\u010dky na jednom mieste v pr\u00edpade, \u017ee si t\u00fa svoju \u0161\u00e1lku k\u00e1vy budete vychutn\u00e1va\u0165 dlh\u0161ie. Magnetick\u00e1 ihelni\u010dka je autorsk\u00fdm dizajnom od Sofie M Belenko. S t\u00fdmito magnetmi sa u\u017e \u017eiadna ihla nestrat\u00ed.&nbsp;<\/span><\/p>\n","category_list_v2":"","author_info_v2":{"name":"","url":""},"comments_num_v2":"0 comments","uagb_featured_image_src":{"full":["https:\/\/www.megastitch.eu\/wp-content\/uploads\/2021\/07\/jesennka-kava-s-liskou-sm.png",600,600,false],"thumbnail":["https:\/\/www.megastitch.eu\/wp-content\/uploads\/2021\/07\/jesennka-kava-s-liskou-sm-150x150.png",150,150,true],"medium":["https:\/\/www.megastitch.eu\/wp-content\/uploads\/2021\/07\/jesennka-kava-s-liskou-sm-300x300.png",300,300,true],"medium_large":["https:\/\/www.megastitch.eu\/wp-content\/uploads\/2021\/07\/jesennka-kava-s-liskou-sm.png",600,600,false],"large":["https:\/\/www.megastitch.eu\/wp-content\/uploads\/2021\/07\/jesennka-kava-s-liskou-sm.png",600,600,false],"1536x1536":["https:\/\/www.megastitch.eu\/wp-content\/uploads\/2021\/07\/jesennka-kava-s-liskou-sm.png",600,600,false],"2048x2048":["https:\/\/www.megastitch.eu\/wp-content\/uploads\/2021\/07\/jesennka-kava-s-liskou-sm.png",600,600,false],"ultp_layout_landscape_large":["https:\/\/www.megastitch.eu\/wp-content\/uploads\/2021\/07\/jesennka-kava-s-liskou-sm.png",600,600,false],"ultp_layout_landscape":["https:\/\/www.megastitch.eu\/wp-content\/uploads\/2021\/07\/jesennka-kava-s-liskou-sm-600x570.png",600,570,true],"ultp_layout_portrait":["https:\/\/www.megastitch.eu\/wp-content\/uploads\/2021\/07\/jesennka-kava-s-liskou-sm.png",600,600,false],"ultp_layout_square":["https:\/\/www.megastitch.eu\/wp-content\/uploads\/2021\/07\/jesennka-kava-s-liskou-sm-600x600.png",600,600,true],"molla_post-grid":["https:\/\/www.megastitch.eu\/wp-content\/uploads\/2021\/07\/jesennka-kava-s-liskou-sm-400x267.png",400,267,true],"woocommerce_thumbnail":["https:\/\/www.megastitch.eu\/wp-content\/uploads\/2021\/07\/jesennka-kava-s-liskou-sm-300x300.png",300,300,true],"woocommerce_single":["https:\/\/www.megastitch.eu\/wp-content\/uploads\/2021\/07\/jesennka-kava-s-liskou-sm.png",600,600,false],"woocommerce_gallery_thumbnail":["https:\/\/www.megastitch.eu\/wp-content\/uploads\/2021\/07\/jesennka-kava-s-liskou-sm-100x100.png",100,100,true]},"uagb_author_info":{"display_name":"monika","author_link":"https:\/\/www.megastitch.eu\/cs\/author\/"},"uagb_comment_info":0,"uagb_excerpt":"Vychutnajte si harmonick\u00fa, pokojn\u00fa jese\u0148 s neutekaj\u00facimi ihlami. K \u0161\u00e1lke dobrej k\u00e1vy a v\u00fd\u0161ivke nesmie ch\u00fdba\u0165 ani magnetka, ktor\u00e1 bude dr\u017ea\u0165 v\u0161etky ihly a dokonca aj no\u017eni\u010dky na jednom mieste v pr\u00edpade, \u017ee si t\u00fa svoju \u0161\u00e1lku k\u00e1vy budete vychutn\u00e1va\u0165 dlh\u0161ie. Magnetick\u00e1 ihelni\u010dka je autorsk\u00fdm dizajnom od Sofie M Belenko. S t\u00fdmito magnetmi sa u\u017e&hellip;","_links":{"self":[{"href":"https:\/\/www.megastitch.eu\/cs\/wp-json\/wp\/v2\/product\/26478"}],"collection":[{"href":"https:\/\/www.megastitch.eu\/cs\/wp-json\/wp\/v2\/product"}],"about":[{"href":"https:\/\/www.megastitch.eu\/cs\/wp-json\/wp\/v2\/types\/product"}],"replies":[{"embeddable":true,"href":"https:\/\/www.megastitch.eu\/cs\/wp-json\/wp\/v2\/comments?post=26478"}],"wp:featuredmedia":[{"embeddable":true,"href":"https:\/\/www.megastitch.eu\/cs\/wp-json\/wp\/v2\/media\/26460"}],"wp:attachment":[{"href":"https:\/\/www.megastitch.eu\/cs\/wp-json\/wp\/v2\/media?parent=26478"}],"wp:term":[{"taxonomy":"product_cat","embeddable":true,"href":"https:\/\/www.megastitch.eu\/cs\/wp-json\/wp\/v2\/product_cat?post=26478"},{"taxonomy":"product_tag","embeddable":true,"href":"https:\/\/www.megastitch.eu\/cs\/wp-json\/wp\/v2\/product_tag?post=26478"}],"curies":[{"name":"wp","href":"https:\/\/api.w.org\/{rel}","templated":true}]}}