	{"id":26481,"date":"2021-08-23T09:30:30","date_gmt":"2021-08-23T07:30:30","guid":{"rendered":"https:\/\/www.megastitch.eu\/?post_type=product&#038;p=26481"},"modified":"2023-08-01T13:56:34","modified_gmt":"2023-08-01T11:56:34","slug":"predloha-mys-v-aute","status":"publish","type":"product","link":"https:\/\/www.megastitch.eu\/cs\/obchod\/predlohy-na-vysivanie\/male-predlohy\/predloha-mys-v-aute\/","title":{"rendered":"Predloha my\u0161 v aute"},"content":{"rendered":"<div class=\"nolwrap\"><p>Autorka predlohy: <strong>M\u00e1ria Erbenov\u00e1&nbsp;<\/strong><\/p>\n<p>Autor ilustr\u00e1cie:<\/p>\n<h4>Inform\u00e1cie o predlohe:<\/h4>\n<p><strong>Po\u010det kr\u00ed\u017eikov: 43 x 41<\/strong><br \/>\n<strong>Rozmer l\u00e1tky: 7.80 x 7.44 cm<\/strong><br \/>\n<strong>L\u00e1tka: <\/strong>14 ct aida<strong><br \/>\nBavlnky: <\/strong>DMC<br \/>\n<strong>Po\u010det farieb:<\/strong> 30 farieb + 2 blendy<br \/>\n<strong>Pou\u017eit\u00e9 techniky:<\/strong> kr\u00ed\u017eiky, ob\u0161\u00edvanie<\/p>\n<h4>S\u00fabory na stiahnutie:<\/h4>\n<ul>\n<li><strong>pdf s\u00fabor<\/strong>\n<ul>\n<li>v \u010dierno-bielej verzii &#8211; s ob\u0161\u00edvan\u00edm a bez ob\u0161\u00edvania,<\/li>\n<li>vo farebnej verzii &#8211; s ob\u0161\u00edvan\u00edm a bez ob\u0161\u00edvania,<\/li>\n<li>zoznam po\u010dtu pou\u017eit\u00fdch vl\u00e1kien<\/li>\n<\/ul>\n<\/li>\n<li><strong>cssaga s\u00fabor<\/strong><\/li>\n<\/ul>\n<\/div>","protected":false},"excerpt":{"rendered":"<p data-pm-slice=\"1 1 []\">Vychutnajte si relax pri vy\u0161\u00edvan\u00ed ako my\u0161 v&nbsp;syrovom aut\u00ed\u010dku na ceste okolo sveta. Dobrodru\u017estvo na v\u00e1s ur\u010dite \u010dak\u00e1 hne\u010f za prv\u00fdm kr\u00ed\u017eikom.<\/p>\n<p><strong>Po\u010det kr\u00ed\u017eikov: 43 x 41<\/strong><br \/>\n<strong>Rozmer l\u00e1tky: 7.80 x 7.44 cm<\/strong><br \/>\n<strong>Po\u010det farieb:<\/strong> 30 farieb + 2 blendy<br \/>\n<strong>Pou\u017eit\u00e9 techniky:<\/strong> kr\u00ed\u017eiky, ob\u0161\u00edvanie<\/p>\n","protected":false},"featured_media":26482,"comment_status":"open","ping_status":"closed","template":"","meta":{"_uag_custom_page_level_css":"","ngg_post_thumbnail":0},"product_cat":[243,134,131],"product_tag":[289,319,48,151],"aioseo_notices":[],"featured_image_urls":{"full":["https:\/\/www.megastitch.eu\/wp-content\/uploads\/2021\/08\/mouse-in-car-frame-ss_2.jpg",1413,1386,false],"thumbnail":["https:\/\/www.megastitch.eu\/wp-content\/uploads\/2021\/08\/mouse-in-car-frame-ss_2-150x150.jpg",150,150,true],"medium":["https:\/\/www.megastitch.eu\/wp-content\/uploads\/2021\/08\/mouse-in-car-frame-ss_2-300x294.jpg",300,294,true],"medium_large":["https:\/\/www.megastitch.eu\/wp-content\/uploads\/2021\/08\/mouse-in-car-frame-ss_2-768x753.jpg",768,753,true],"large":["https:\/\/www.megastitch.eu\/wp-content\/uploads\/2021\/08\/mouse-in-car-frame-ss_2-1024x1004.jpg",1024,1004,true],"1536x1536":["https:\/\/www.megastitch.eu\/wp-content\/uploads\/2021\/08\/mouse-in-car-frame-ss_2.jpg",1413,1386,false],"2048x2048":["https:\/\/www.megastitch.eu\/wp-content\/uploads\/2021\/08\/mouse-in-car-frame-ss_2.jpg",1413,1386,false],"ultp_layout_landscape_large":["https:\/\/www.megastitch.eu\/wp-content\/uploads\/2021\/08\/mouse-in-car-frame-ss_2-1200x800.jpg",1200,800,true],"ultp_layout_landscape":["https:\/\/www.megastitch.eu\/wp-content\/uploads\/2021\/08\/mouse-in-car-frame-ss_2-870x570.jpg",870,570,true],"ultp_layout_portrait":["https:\/\/www.megastitch.eu\/wp-content\/uploads\/2021\/08\/mouse-in-car-frame-ss_2-600x900.jpg",600,900,true],"ultp_layout_square":["https:\/\/www.megastitch.eu\/wp-content\/uploads\/2021\/08\/mouse-in-car-frame-ss_2-600x600.jpg",600,600,true],"molla_post-grid":["https:\/\/www.megastitch.eu\/wp-content\/uploads\/2021\/08\/mouse-in-car-frame-ss_2-400x267.jpg",400,267,true],"woocommerce_thumbnail":["https:\/\/www.megastitch.eu\/wp-content\/uploads\/2021\/08\/mouse-in-car-frame-ss_2-300x294.jpg",300,294,true],"woocommerce_single":["https:\/\/www.megastitch.eu\/wp-content\/uploads\/2021\/08\/mouse-in-car-frame-ss_2-600x589.jpg",600,589,true],"woocommerce_gallery_thumbnail":["https:\/\/www.megastitch.eu\/wp-content\/uploads\/2021\/08\/mouse-in-car-frame-ss_2-100x100.jpg",100,100,true]},"post_excerpt_stackable":"<p data-pm-slice=\"1 1 []\">Vychutnajte si relax pri vy\u0161\u00edvan\u00ed ako my\u0161 v&nbsp;syrovom aut\u00ed\u010dku na ceste okolo sveta. Dobrodru\u017estvo na v\u00e1s ur\u010dite \u010dak\u00e1 hne\u010f za prv\u00fdm kr\u00ed\u017eikom.<\/p>\n<p><strong>Po\u010det kr\u00ed\u017eikov: 43 x 41<\/strong><br \/>\n<strong>Rozmer l\u00e1tky: 7.80 x 7.44 cm<\/strong><br \/>\n<strong>Po\u010det farieb:<\/strong> 30 farieb + 2 blendy<br \/>\n<strong>Pou\u017eit\u00e9 techniky:<\/strong> kr\u00ed\u017eiky, ob\u0161\u00edvanie<\/p>\n","category_list":"","author_info":{"name":"","url":""},"comments_num":"0 comments","featured_image_urls_v2":{"full":["https:\/\/www.megastitch.eu\/wp-content\/uploads\/2021\/08\/mouse-in-car-frame-ss_2.jpg",1413,1386,false],"thumbnail":["https:\/\/www.megastitch.eu\/wp-content\/uploads\/2021\/08\/mouse-in-car-frame-ss_2-150x150.jpg",150,150,true],"medium":["https:\/\/www.megastitch.eu\/wp-content\/uploads\/2021\/08\/mouse-in-car-frame-ss_2-300x294.jpg",300,294,true],"medium_large":["https:\/\/www.megastitch.eu\/wp-content\/uploads\/2021\/08\/mouse-in-car-frame-ss_2-768x753.jpg",768,753,true],"large":["https:\/\/www.megastitch.eu\/wp-content\/uploads\/2021\/08\/mouse-in-car-frame-ss_2-1024x1004.jpg",1024,1004,true],"1536x1536":["https:\/\/www.megastitch.eu\/wp-content\/uploads\/2021\/08\/mouse-in-car-frame-ss_2.jpg",1413,1386,false],"2048x2048":["https:\/\/www.megastitch.eu\/wp-content\/uploads\/2021\/08\/mouse-in-car-frame-ss_2.jpg",1413,1386,false],"ultp_layout_landscape_large":["https:\/\/www.megastitch.eu\/wp-content\/uploads\/2021\/08\/mouse-in-car-frame-ss_2-1200x800.jpg",1200,800,true],"ultp_layout_landscape":["https:\/\/www.megastitch.eu\/wp-content\/uploads\/2021\/08\/mouse-in-car-frame-ss_2-870x570.jpg",870,570,true],"ultp_layout_portrait":["https:\/\/www.megastitch.eu\/wp-content\/uploads\/2021\/08\/mouse-in-car-frame-ss_2-600x900.jpg",600,900,true],"ultp_layout_square":["https:\/\/www.megastitch.eu\/wp-content\/uploads\/2021\/08\/mouse-in-car-frame-ss_2-600x600.jpg",600,600,true],"molla_post-grid":["https:\/\/www.megastitch.eu\/wp-content\/uploads\/2021\/08\/mouse-in-car-frame-ss_2-400x267.jpg",400,267,true],"woocommerce_thumbnail":["https:\/\/www.megastitch.eu\/wp-content\/uploads\/2021\/08\/mouse-in-car-frame-ss_2-300x294.jpg",300,294,true],"woocommerce_single":["https:\/\/www.megastitch.eu\/wp-content\/uploads\/2021\/08\/mouse-in-car-frame-ss_2-600x589.jpg",600,589,true],"woocommerce_gallery_thumbnail":["https:\/\/www.megastitch.eu\/wp-content\/uploads\/2021\/08\/mouse-in-car-frame-ss_2-100x100.jpg",100,100,true]},"post_excerpt_stackable_v2":"<p data-pm-slice=\"1 1 []\">Vychutnajte si relax pri vy\u0161\u00edvan\u00ed ako my\u0161 v&nbsp;syrovom aut\u00ed\u010dku na ceste okolo sveta. Dobrodru\u017estvo na v\u00e1s ur\u010dite \u010dak\u00e1 hne\u010f za prv\u00fdm kr\u00ed\u017eikom.<\/p>\n<p><strong>Po\u010det kr\u00ed\u017eikov: 43 x 41<\/strong><br \/>\n<strong>Rozmer l\u00e1tky: 7.80 x 7.44 cm<\/strong><br \/>\n<strong>Po\u010det farieb:<\/strong> 30 farieb + 2 blendy<br \/>\n<strong>Pou\u017eit\u00e9 techniky:<\/strong> kr\u00ed\u017eiky, ob\u0161\u00edvanie<\/p>\n","category_list_v2":"","author_info_v2":{"name":"","url":""},"comments_num_v2":"0 comments","uagb_featured_image_src":{"full":["https:\/\/www.megastitch.eu\/wp-content\/uploads\/2021\/08\/mouse-in-car-frame-ss_2.jpg",1413,1386,false],"thumbnail":["https:\/\/www.megastitch.eu\/wp-content\/uploads\/2021\/08\/mouse-in-car-frame-ss_2-150x150.jpg",150,150,true],"medium":["https:\/\/www.megastitch.eu\/wp-content\/uploads\/2021\/08\/mouse-in-car-frame-ss_2-300x294.jpg",300,294,true],"medium_large":["https:\/\/www.megastitch.eu\/wp-content\/uploads\/2021\/08\/mouse-in-car-frame-ss_2-768x753.jpg",768,753,true],"large":["https:\/\/www.megastitch.eu\/wp-content\/uploads\/2021\/08\/mouse-in-car-frame-ss_2-1024x1004.jpg",1024,1004,true],"1536x1536":["https:\/\/www.megastitch.eu\/wp-content\/uploads\/2021\/08\/mouse-in-car-frame-ss_2.jpg",1413,1386,false],"2048x2048":["https:\/\/www.megastitch.eu\/wp-content\/uploads\/2021\/08\/mouse-in-car-frame-ss_2.jpg",1413,1386,false],"ultp_layout_landscape_large":["https:\/\/www.megastitch.eu\/wp-content\/uploads\/2021\/08\/mouse-in-car-frame-ss_2-1200x800.jpg",1200,800,true],"ultp_layout_landscape":["https:\/\/www.megastitch.eu\/wp-content\/uploads\/2021\/08\/mouse-in-car-frame-ss_2-870x570.jpg",870,570,true],"ultp_layout_portrait":["https:\/\/www.megastitch.eu\/wp-content\/uploads\/2021\/08\/mouse-in-car-frame-ss_2-600x900.jpg",600,900,true],"ultp_layout_square":["https:\/\/www.megastitch.eu\/wp-content\/uploads\/2021\/08\/mouse-in-car-frame-ss_2-600x600.jpg",600,600,true],"molla_post-grid":["https:\/\/www.megastitch.eu\/wp-content\/uploads\/2021\/08\/mouse-in-car-frame-ss_2-400x267.jpg",400,267,true],"woocommerce_thumbnail":["https:\/\/www.megastitch.eu\/wp-content\/uploads\/2021\/08\/mouse-in-car-frame-ss_2-300x294.jpg",300,294,true],"woocommerce_single":["https:\/\/www.megastitch.eu\/wp-content\/uploads\/2021\/08\/mouse-in-car-frame-ss_2-600x589.jpg",600,589,true],"woocommerce_gallery_thumbnail":["https:\/\/www.megastitch.eu\/wp-content\/uploads\/2021\/08\/mouse-in-car-frame-ss_2-100x100.jpg",100,100,true]},"uagb_author_info":{"display_name":"monika","author_link":"https:\/\/www.megastitch.eu\/cs\/author\/"},"uagb_comment_info":0,"uagb_excerpt":"Vychutnajte si relax pri vy\u0161\u00edvan\u00ed ako my\u0161 v&nbsp;syrovom aut\u00ed\u010dku na ceste okolo sveta. Dobrodru\u017estvo na v\u00e1s ur\u010dite \u010dak\u00e1 hne\u010f za prv\u00fdm kr\u00ed\u017eikom. Po\u010det kr\u00ed\u017eikov: 43 x 41 Rozmer l\u00e1tky: 7.80 x 7.44 cm Po\u010det farieb: 30 farieb + 2 blendy Pou\u017eit\u00e9 techniky: kr\u00ed\u017eiky, ob\u0161\u00edvanie","_links":{"self":[{"href":"https:\/\/www.megastitch.eu\/cs\/wp-json\/wp\/v2\/product\/26481"}],"collection":[{"href":"https:\/\/www.megastitch.eu\/cs\/wp-json\/wp\/v2\/product"}],"about":[{"href":"https:\/\/www.megastitch.eu\/cs\/wp-json\/wp\/v2\/types\/product"}],"replies":[{"embeddable":true,"href":"https:\/\/www.megastitch.eu\/cs\/wp-json\/wp\/v2\/comments?post=26481"}],"wp:featuredmedia":[{"embeddable":true,"href":"https:\/\/www.megastitch.eu\/cs\/wp-json\/wp\/v2\/media\/26482"}],"wp:attachment":[{"href":"https:\/\/www.megastitch.eu\/cs\/wp-json\/wp\/v2\/media?parent=26481"}],"wp:term":[{"taxonomy":"product_cat","embeddable":true,"href":"https:\/\/www.megastitch.eu\/cs\/wp-json\/wp\/v2\/product_cat?post=26481"},{"taxonomy":"product_tag","embeddable":true,"href":"https:\/\/www.megastitch.eu\/cs\/wp-json\/wp\/v2\/product_tag?post=26481"}],"curies":[{"name":"wp","href":"https:\/\/api.w.org\/{rel}","templated":true}]}}