	{"id":26512,"date":"2021-10-02T19:13:00","date_gmt":"2021-10-02T17:13:00","guid":{"rendered":"https:\/\/www.megastitch.eu\/?post_type=product&#038;p=26512"},"modified":"2022-11-30T13:37:42","modified_gmt":"2022-11-30T12:37:42","slug":"zlty-vtacik-v-klucovej-dierke","status":"publish","type":"product","link":"https:\/\/www.megastitch.eu\/cs\/obchod\/predlohy-na-vysivanie\/male-predlohy\/zlty-vtacik-v-klucovej-dierke\/","title":{"rendered":"\u017dlt\u00fd vt\u00e1\u010dik v k\u013e\u00fa\u010dovej dierke"},"content":{"rendered":"<div class=\"nolwrap\"><p>Autorka predlohy: <strong>M\u00e1ria Erbenov\u00e1\u00a0<\/strong><\/p>\n<h4>Inform\u00e1cie o predlohe:<\/h4>\n<p><strong>Po\u010det kr\u00ed\u017eikov: 30 x 53<\/strong><br \/>\n<strong>Rozmer l\u00e1tky: : 5.44 x 9.62 cm<\/strong><br \/>\n<strong>L\u00e1tka: <\/strong>14 ct aida<strong><br \/>\nBavlnky: <\/strong>DMC<br \/>\n<strong>Po\u010det farieb:<\/strong> 30 farieb + 1 blend, 6 farieb ob\u0161\u00edvania<br \/>\n<strong>Pou\u017eit\u00e9 techniky:<\/strong> kr\u00ed\u017eiky, ob\u0161\u00edvanie, franc\u00fazske uzl\u00edky<\/p>\n<h4>S\u00fabory na stiahnutie:<\/h4>\n<ul>\n<li><strong>pdf s\u00fabor<\/strong>\n<ul>\n<li>v \u010dierno-bielej verzii &#8211; s ob\u0161\u00edvan\u00edm a bez ob\u0161\u00edvania,<\/li>\n<li>vo farebnej verzii &#8211; s ob\u0161\u00edvan\u00edm a bez ob\u0161\u00edvania,<\/li>\n<li>zoznam po\u010dtu pou\u017eit\u00fdch vl\u00e1kien<\/li>\n<\/ul>\n<\/li>\n<li><strong>cssaga s\u00fabor<\/strong><\/li>\n<\/ul>\n<\/div>","protected":false},"excerpt":{"rendered":"<p data-pm-slice=\"1 1 []\">V detstve bola pre m\u0148a k\u013e\u00fa\u010dov\u00e1 dierka lupou do sveta dospel\u00fdch. Sta\u010dilo tro\u0161ku nakukn\u00fa\u0165 a hne\u010f som toho viac objavila. Dnes sa cez \u0148u m\u00f4\u017eeme pozrie\u0165 na pestrofarebn\u00e9 prevedenie tejto predlohy.<\/p>\n<p><strong>Po\u010det kr\u00ed\u017eikov: 30 x 53<\/strong><br \/>\n<strong>Rozmer l\u00e1tky: : 5.44 x 9.62 cm<\/strong><br \/>\n<strong>Po\u010det farieb:<\/strong> 30 farieb + 1 blend, 6 farieb ob\u0161\u00edvania<br \/>\n<strong>Pou\u017eit\u00e9 techniky:<\/strong> kr\u00ed\u017eiky, ob\u0161\u00edvanie, franc\u00fazske uzl\u00edky<\/p>\n","protected":false},"featured_media":26540,"comment_status":"open","ping_status":"closed","template":"","meta":{"_uag_custom_page_level_css":"","ngg_post_thumbnail":0},"product_cat":[134,131],"product_tag":[319,250,48,143],"aioseo_notices":[],"featured_image_urls":{"full":["https:\/\/www.megastitch.eu\/wp-content\/uploads\/2021\/10\/yellow_bird_logo.png",1008,1284,false],"thumbnail":["https:\/\/www.megastitch.eu\/wp-content\/uploads\/2021\/10\/yellow_bird_logo-150x150.png",150,150,true],"medium":["https:\/\/www.megastitch.eu\/wp-content\/uploads\/2021\/10\/yellow_bird_logo-236x300.png",236,300,true],"medium_large":["https:\/\/www.megastitch.eu\/wp-content\/uploads\/2021\/10\/yellow_bird_logo-768x978.png",768,978,true],"large":["https:\/\/www.megastitch.eu\/wp-content\/uploads\/2021\/10\/yellow_bird_logo-804x1024.png",804,1024,true],"1536x1536":["https:\/\/www.megastitch.eu\/wp-content\/uploads\/2021\/10\/yellow_bird_logo.png",1008,1284,false],"2048x2048":["https:\/\/www.megastitch.eu\/wp-content\/uploads\/2021\/10\/yellow_bird_logo.png",1008,1284,false],"ultp_layout_landscape_large":["https:\/\/www.megastitch.eu\/wp-content\/uploads\/2021\/10\/yellow_bird_logo-1008x800.png",1008,800,true],"ultp_layout_landscape":["https:\/\/www.megastitch.eu\/wp-content\/uploads\/2021\/10\/yellow_bird_logo-870x570.png",870,570,true],"ultp_layout_portrait":["https:\/\/www.megastitch.eu\/wp-content\/uploads\/2021\/10\/yellow_bird_logo-600x900.png",600,900,true],"ultp_layout_square":["https:\/\/www.megastitch.eu\/wp-content\/uploads\/2021\/10\/yellow_bird_logo-600x600.png",600,600,true],"molla_post-grid":["https:\/\/www.megastitch.eu\/wp-content\/uploads\/2021\/10\/yellow_bird_logo-400x267.png",400,267,true],"woocommerce_thumbnail":["https:\/\/www.megastitch.eu\/wp-content\/uploads\/2021\/10\/yellow_bird_logo-300x382.png",300,382,true],"woocommerce_single":["https:\/\/www.megastitch.eu\/wp-content\/uploads\/2021\/10\/yellow_bird_logo-600x764.png",600,764,true],"woocommerce_gallery_thumbnail":["https:\/\/www.megastitch.eu\/wp-content\/uploads\/2021\/10\/yellow_bird_logo-100x100.png",100,100,true]},"post_excerpt_stackable":"<p data-pm-slice=\"1 1 []\">V detstve bola pre m\u0148a k\u013e\u00fa\u010dov\u00e1 dierka lupou do sveta dospel\u00fdch. Sta\u010dilo tro\u0161ku nakukn\u00fa\u0165 a hne\u010f som toho viac objavila. Dnes sa cez \u0148u m\u00f4\u017eeme pozrie\u0165 na pestrofarebn\u00e9 prevedenie tejto predlohy.<\/p>\n<p><strong>Po\u010det kr\u00ed\u017eikov: 30 x 53<\/strong><br \/>\n<strong>Rozmer l\u00e1tky: : 5.44 x 9.62 cm<\/strong><br \/>\n<strong>Po\u010det farieb:<\/strong> 30 farieb + 1 blend, 6 farieb ob\u0161\u00edvania<br \/>\n<strong>Pou\u017eit\u00e9 techniky:<\/strong> kr\u00ed\u017eiky, ob\u0161\u00edvanie, franc\u00fazske uzl\u00edky<\/p>\n","category_list":"","author_info":{"name":"","url":""},"comments_num":"0 comments","featured_image_urls_v2":{"full":["https:\/\/www.megastitch.eu\/wp-content\/uploads\/2021\/10\/yellow_bird_logo.png",1008,1284,false],"thumbnail":["https:\/\/www.megastitch.eu\/wp-content\/uploads\/2021\/10\/yellow_bird_logo-150x150.png",150,150,true],"medium":["https:\/\/www.megastitch.eu\/wp-content\/uploads\/2021\/10\/yellow_bird_logo-236x300.png",236,300,true],"medium_large":["https:\/\/www.megastitch.eu\/wp-content\/uploads\/2021\/10\/yellow_bird_logo-768x978.png",768,978,true],"large":["https:\/\/www.megastitch.eu\/wp-content\/uploads\/2021\/10\/yellow_bird_logo-804x1024.png",804,1024,true],"1536x1536":["https:\/\/www.megastitch.eu\/wp-content\/uploads\/2021\/10\/yellow_bird_logo.png",1008,1284,false],"2048x2048":["https:\/\/www.megastitch.eu\/wp-content\/uploads\/2021\/10\/yellow_bird_logo.png",1008,1284,false],"ultp_layout_landscape_large":["https:\/\/www.megastitch.eu\/wp-content\/uploads\/2021\/10\/yellow_bird_logo-1008x800.png",1008,800,true],"ultp_layout_landscape":["https:\/\/www.megastitch.eu\/wp-content\/uploads\/2021\/10\/yellow_bird_logo-870x570.png",870,570,true],"ultp_layout_portrait":["https:\/\/www.megastitch.eu\/wp-content\/uploads\/2021\/10\/yellow_bird_logo-600x900.png",600,900,true],"ultp_layout_square":["https:\/\/www.megastitch.eu\/wp-content\/uploads\/2021\/10\/yellow_bird_logo-600x600.png",600,600,true],"molla_post-grid":["https:\/\/www.megastitch.eu\/wp-content\/uploads\/2021\/10\/yellow_bird_logo-400x267.png",400,267,true],"woocommerce_thumbnail":["https:\/\/www.megastitch.eu\/wp-content\/uploads\/2021\/10\/yellow_bird_logo-300x382.png",300,382,true],"woocommerce_single":["https:\/\/www.megastitch.eu\/wp-content\/uploads\/2021\/10\/yellow_bird_logo-600x764.png",600,764,true],"woocommerce_gallery_thumbnail":["https:\/\/www.megastitch.eu\/wp-content\/uploads\/2021\/10\/yellow_bird_logo-100x100.png",100,100,true]},"post_excerpt_stackable_v2":"<p data-pm-slice=\"1 1 []\">V detstve bola pre m\u0148a k\u013e\u00fa\u010dov\u00e1 dierka lupou do sveta dospel\u00fdch. Sta\u010dilo tro\u0161ku nakukn\u00fa\u0165 a hne\u010f som toho viac objavila. Dnes sa cez \u0148u m\u00f4\u017eeme pozrie\u0165 na pestrofarebn\u00e9 prevedenie tejto predlohy.<\/p>\n<p><strong>Po\u010det kr\u00ed\u017eikov: 30 x 53<\/strong><br \/>\n<strong>Rozmer l\u00e1tky: : 5.44 x 9.62 cm<\/strong><br \/>\n<strong>Po\u010det farieb:<\/strong> 30 farieb + 1 blend, 6 farieb ob\u0161\u00edvania<br \/>\n<strong>Pou\u017eit\u00e9 techniky:<\/strong> kr\u00ed\u017eiky, ob\u0161\u00edvanie, franc\u00fazske uzl\u00edky<\/p>\n","category_list_v2":"","author_info_v2":{"name":"","url":""},"comments_num_v2":"0 comments","uagb_featured_image_src":{"full":["https:\/\/www.megastitch.eu\/wp-content\/uploads\/2021\/10\/yellow_bird_logo.png",1008,1284,false],"thumbnail":["https:\/\/www.megastitch.eu\/wp-content\/uploads\/2021\/10\/yellow_bird_logo-150x150.png",150,150,true],"medium":["https:\/\/www.megastitch.eu\/wp-content\/uploads\/2021\/10\/yellow_bird_logo-236x300.png",236,300,true],"medium_large":["https:\/\/www.megastitch.eu\/wp-content\/uploads\/2021\/10\/yellow_bird_logo-768x978.png",768,978,true],"large":["https:\/\/www.megastitch.eu\/wp-content\/uploads\/2021\/10\/yellow_bird_logo-804x1024.png",804,1024,true],"1536x1536":["https:\/\/www.megastitch.eu\/wp-content\/uploads\/2021\/10\/yellow_bird_logo.png",1008,1284,false],"2048x2048":["https:\/\/www.megastitch.eu\/wp-content\/uploads\/2021\/10\/yellow_bird_logo.png",1008,1284,false],"ultp_layout_landscape_large":["https:\/\/www.megastitch.eu\/wp-content\/uploads\/2021\/10\/yellow_bird_logo-1008x800.png",1008,800,true],"ultp_layout_landscape":["https:\/\/www.megastitch.eu\/wp-content\/uploads\/2021\/10\/yellow_bird_logo-870x570.png",870,570,true],"ultp_layout_portrait":["https:\/\/www.megastitch.eu\/wp-content\/uploads\/2021\/10\/yellow_bird_logo-600x900.png",600,900,true],"ultp_layout_square":["https:\/\/www.megastitch.eu\/wp-content\/uploads\/2021\/10\/yellow_bird_logo-600x600.png",600,600,true],"molla_post-grid":["https:\/\/www.megastitch.eu\/wp-content\/uploads\/2021\/10\/yellow_bird_logo-400x267.png",400,267,true],"woocommerce_thumbnail":["https:\/\/www.megastitch.eu\/wp-content\/uploads\/2021\/10\/yellow_bird_logo-300x382.png",300,382,true],"woocommerce_single":["https:\/\/www.megastitch.eu\/wp-content\/uploads\/2021\/10\/yellow_bird_logo-600x764.png",600,764,true],"woocommerce_gallery_thumbnail":["https:\/\/www.megastitch.eu\/wp-content\/uploads\/2021\/10\/yellow_bird_logo-100x100.png",100,100,true]},"uagb_author_info":{"display_name":"monika","author_link":"https:\/\/www.megastitch.eu\/cs\/author\/"},"uagb_comment_info":0,"uagb_excerpt":"V detstve bola pre m\u0148a k\u013e\u00fa\u010dov\u00e1 dierka lupou do sveta dospel\u00fdch. Sta\u010dilo tro\u0161ku nakukn\u00fa\u0165 a hne\u010f som toho viac objavila. Dnes sa cez \u0148u m\u00f4\u017eeme pozrie\u0165 na pestrofarebn\u00e9 prevedenie tejto predlohy. Po\u010det kr\u00ed\u017eikov: 30 x 53 Rozmer l\u00e1tky: : 5.44 x 9.62 cm Po\u010det farieb: 30 farieb + 1 blend, 6 farieb ob\u0161\u00edvania Pou\u017eit\u00e9 techniky:&hellip;","_links":{"self":[{"href":"https:\/\/www.megastitch.eu\/cs\/wp-json\/wp\/v2\/product\/26512"}],"collection":[{"href":"https:\/\/www.megastitch.eu\/cs\/wp-json\/wp\/v2\/product"}],"about":[{"href":"https:\/\/www.megastitch.eu\/cs\/wp-json\/wp\/v2\/types\/product"}],"replies":[{"embeddable":true,"href":"https:\/\/www.megastitch.eu\/cs\/wp-json\/wp\/v2\/comments?post=26512"}],"wp:featuredmedia":[{"embeddable":true,"href":"https:\/\/www.megastitch.eu\/cs\/wp-json\/wp\/v2\/media\/26540"}],"wp:attachment":[{"href":"https:\/\/www.megastitch.eu\/cs\/wp-json\/wp\/v2\/media?parent=26512"}],"wp:term":[{"taxonomy":"product_cat","embeddable":true,"href":"https:\/\/www.megastitch.eu\/cs\/wp-json\/wp\/v2\/product_cat?post=26512"},{"taxonomy":"product_tag","embeddable":true,"href":"https:\/\/www.megastitch.eu\/cs\/wp-json\/wp\/v2\/product_tag?post=26512"}],"curies":[{"name":"wp","href":"https:\/\/api.w.org\/{rel}","templated":true}]}}