	{"id":26646,"date":"2021-11-22T16:27:18","date_gmt":"2021-11-22T15:27:18","guid":{"rendered":"https:\/\/www.megastitch.eu\/?post_type=product&#038;p=26646"},"modified":"2024-05-25T16:21:56","modified_gmt":"2024-05-25T14:21:56","slug":"vianocny-stromcek-s-tucniakom-a-iglu","status":"publish","type":"product","link":"https:\/\/www.megastitch.eu\/cs\/obchod\/predlohy-na-vysivanie\/male-predlohy\/vianocny-stromcek-s-tucniakom-a-iglu\/","title":{"rendered":"Viano\u010dn\u00fd strom\u010dek s tu\u010dniakom a iglu"},"content":{"rendered":"<div class=\"nolwrap\"><p>Autorka predlohy: <strong>M\u00e1ria Erbenov\u00e1\u00a0<\/strong><\/p>\n<p>Inform\u00e1cie o predlohe:<\/p>\n<p><strong>Po\u010det kr\u00ed\u017eikov: 45 x 54<\/strong><br \/>\n<strong>Rozmer l\u00e1tky: : 8.16 x 9.80 cm<\/strong><br \/>\n<strong>L\u00e1tka: <\/strong>14 ct aida<strong><br \/>\nBavlnky: <\/strong>DMC<br \/>\n<strong>Po\u010det farieb:<\/strong> 18 farieb +2 farby ob\u0161\u00edvania<br \/>\n<strong>Pou\u017eit\u00e9 techniky:<\/strong> kr\u00ed\u017eiky, ob\u0161\u00edvanie, franc\u00fazske uzl\u00edky<\/p>\n<h4>S\u00fabory na stiahnutie:<\/h4>\n<ul>\n<li><strong>pdf s\u00fabor<\/strong>\n<ul>\n<li>v \u010dierno-bielej verzii &#8211; s ob\u0161\u00edvan\u00edm a bez ob\u0161\u00edvania,<\/li>\n<li>vo farebnej verzii &#8211; s ob\u0161\u00edvan\u00edm a bez ob\u0161\u00edvania,<\/li>\n<li>zoznam po\u010dtu pou\u017eit\u00fdch vl\u00e1kien<\/li>\n<\/ul>\n<\/li>\n<li><strong>cssaga s\u00fabor<\/strong><\/li>\n<\/ul>\n<\/div>","protected":false},"excerpt":{"rendered":"<p data-pm-slice=\"1 1 []\">M\u00e1te radi origin\u00e1lne viano\u010dn\u00e9 ozdoby? Tak toto je jednozna\u010dne jedna z nich. Vy\u010darujte si rados\u0165 na Vianoce s tu\u010dniakom a jeho iglu.<\/p>\n<p>Autorka predlohy: <strong>M\u00e1ria Erbenov\u00e1\u00a0<\/strong><\/p>\n<p><strong>Po\u010det kr\u00ed\u017eikov: 45 x 54<\/strong><br \/>\n<strong>Rozmer l\u00e1tky: : 8.16 x 9.80 cm<\/strong><br \/>\n<strong>Po\u010det farieb:<\/strong> 18 farieb + 2 farby ob\u0161\u00edvania<\/p>\n","protected":false},"featured_media":26656,"comment_status":"open","ping_status":"closed","template":"","meta":{"_uag_custom_page_level_css":"","ngg_post_thumbnail":0},"product_cat":[134,131,171],"product_tag":[319,321,46,254],"aioseo_notices":[],"featured_image_urls":{"full":["https:\/\/www.megastitch.eu\/wp-content\/uploads\/2021\/11\/strom_iglu_frame_oci_ss-1.jpg",1163,1247,false],"thumbnail":["https:\/\/www.megastitch.eu\/wp-content\/uploads\/2021\/11\/strom_iglu_frame_oci_ss-1-150x150.jpg",150,150,true],"medium":["https:\/\/www.megastitch.eu\/wp-content\/uploads\/2021\/11\/strom_iglu_frame_oci_ss-1-280x300.jpg",280,300,true],"medium_large":["https:\/\/www.megastitch.eu\/wp-content\/uploads\/2021\/11\/strom_iglu_frame_oci_ss-1-768x823.jpg",768,823,true],"large":["https:\/\/www.megastitch.eu\/wp-content\/uploads\/2021\/11\/strom_iglu_frame_oci_ss-1-955x1024.jpg",955,1024,true],"1536x1536":["https:\/\/www.megastitch.eu\/wp-content\/uploads\/2021\/11\/strom_iglu_frame_oci_ss-1.jpg",1163,1247,false],"2048x2048":["https:\/\/www.megastitch.eu\/wp-content\/uploads\/2021\/11\/strom_iglu_frame_oci_ss-1.jpg",1163,1247,false],"ultp_layout_landscape_large":["https:\/\/www.megastitch.eu\/wp-content\/uploads\/2021\/11\/strom_iglu_frame_oci_ss-1-1163x800.jpg",1163,800,true],"ultp_layout_landscape":["https:\/\/www.megastitch.eu\/wp-content\/uploads\/2021\/11\/strom_iglu_frame_oci_ss-1-870x570.jpg",870,570,true],"ultp_layout_portrait":["https:\/\/www.megastitch.eu\/wp-content\/uploads\/2021\/11\/strom_iglu_frame_oci_ss-1-600x900.jpg",600,900,true],"ultp_layout_square":["https:\/\/www.megastitch.eu\/wp-content\/uploads\/2021\/11\/strom_iglu_frame_oci_ss-1-600x600.jpg",600,600,true],"molla_post-grid":["https:\/\/www.megastitch.eu\/wp-content\/uploads\/2021\/11\/strom_iglu_frame_oci_ss-1-400x267.jpg",400,267,true],"woocommerce_thumbnail":["https:\/\/www.megastitch.eu\/wp-content\/uploads\/2021\/11\/strom_iglu_frame_oci_ss-1-300x322.jpg",300,322,true],"woocommerce_single":["https:\/\/www.megastitch.eu\/wp-content\/uploads\/2021\/11\/strom_iglu_frame_oci_ss-1-600x643.jpg",600,643,true],"woocommerce_gallery_thumbnail":["https:\/\/www.megastitch.eu\/wp-content\/uploads\/2021\/11\/strom_iglu_frame_oci_ss-1-100x100.jpg",100,100,true]},"post_excerpt_stackable":"<p data-pm-slice=\"1 1 []\">M\u00e1te radi origin\u00e1lne viano\u010dn\u00e9 ozdoby? Tak toto je jednozna\u010dne jedna z nich. Vy\u010darujte si rados\u0165 na Vianoce s tu\u010dniakom a jeho iglu.<\/p>\n<p>Autorka predlohy: <strong>M\u00e1ria Erbenov\u00e1\u00a0<\/strong><\/p>\n<p><strong>Po\u010det kr\u00ed\u017eikov: 45 x 54<\/strong><br \/>\n<strong>Rozmer l\u00e1tky: : 8.16 x 9.80 cm<\/strong><br \/>\n<strong>Po\u010det farieb:<\/strong> 18 farieb + 2 farby ob\u0161\u00edvania<\/p>\n","category_list":"","author_info":{"name":"","url":""},"comments_num":"0 comments","featured_image_urls_v2":{"full":["https:\/\/www.megastitch.eu\/wp-content\/uploads\/2021\/11\/strom_iglu_frame_oci_ss-1.jpg",1163,1247,false],"thumbnail":["https:\/\/www.megastitch.eu\/wp-content\/uploads\/2021\/11\/strom_iglu_frame_oci_ss-1-150x150.jpg",150,150,true],"medium":["https:\/\/www.megastitch.eu\/wp-content\/uploads\/2021\/11\/strom_iglu_frame_oci_ss-1-280x300.jpg",280,300,true],"medium_large":["https:\/\/www.megastitch.eu\/wp-content\/uploads\/2021\/11\/strom_iglu_frame_oci_ss-1-768x823.jpg",768,823,true],"large":["https:\/\/www.megastitch.eu\/wp-content\/uploads\/2021\/11\/strom_iglu_frame_oci_ss-1-955x1024.jpg",955,1024,true],"1536x1536":["https:\/\/www.megastitch.eu\/wp-content\/uploads\/2021\/11\/strom_iglu_frame_oci_ss-1.jpg",1163,1247,false],"2048x2048":["https:\/\/www.megastitch.eu\/wp-content\/uploads\/2021\/11\/strom_iglu_frame_oci_ss-1.jpg",1163,1247,false],"ultp_layout_landscape_large":["https:\/\/www.megastitch.eu\/wp-content\/uploads\/2021\/11\/strom_iglu_frame_oci_ss-1-1163x800.jpg",1163,800,true],"ultp_layout_landscape":["https:\/\/www.megastitch.eu\/wp-content\/uploads\/2021\/11\/strom_iglu_frame_oci_ss-1-870x570.jpg",870,570,true],"ultp_layout_portrait":["https:\/\/www.megastitch.eu\/wp-content\/uploads\/2021\/11\/strom_iglu_frame_oci_ss-1-600x900.jpg",600,900,true],"ultp_layout_square":["https:\/\/www.megastitch.eu\/wp-content\/uploads\/2021\/11\/strom_iglu_frame_oci_ss-1-600x600.jpg",600,600,true],"molla_post-grid":["https:\/\/www.megastitch.eu\/wp-content\/uploads\/2021\/11\/strom_iglu_frame_oci_ss-1-400x267.jpg",400,267,true],"woocommerce_thumbnail":["https:\/\/www.megastitch.eu\/wp-content\/uploads\/2021\/11\/strom_iglu_frame_oci_ss-1-300x322.jpg",300,322,true],"woocommerce_single":["https:\/\/www.megastitch.eu\/wp-content\/uploads\/2021\/11\/strom_iglu_frame_oci_ss-1-600x643.jpg",600,643,true],"woocommerce_gallery_thumbnail":["https:\/\/www.megastitch.eu\/wp-content\/uploads\/2021\/11\/strom_iglu_frame_oci_ss-1-100x100.jpg",100,100,true]},"post_excerpt_stackable_v2":"<p data-pm-slice=\"1 1 []\">M\u00e1te radi origin\u00e1lne viano\u010dn\u00e9 ozdoby? Tak toto je jednozna\u010dne jedna z nich. Vy\u010darujte si rados\u0165 na Vianoce s tu\u010dniakom a jeho iglu.<\/p>\n<p>Autorka predlohy: <strong>M\u00e1ria Erbenov\u00e1\u00a0<\/strong><\/p>\n<p><strong>Po\u010det kr\u00ed\u017eikov: 45 x 54<\/strong><br \/>\n<strong>Rozmer l\u00e1tky: : 8.16 x 9.80 cm<\/strong><br \/>\n<strong>Po\u010det farieb:<\/strong> 18 farieb + 2 farby ob\u0161\u00edvania<\/p>\n","category_list_v2":"","author_info_v2":{"name":"","url":""},"comments_num_v2":"0 comments","uagb_featured_image_src":{"full":["https:\/\/www.megastitch.eu\/wp-content\/uploads\/2021\/11\/strom_iglu_frame_oci_ss-1.jpg",1163,1247,false],"thumbnail":["https:\/\/www.megastitch.eu\/wp-content\/uploads\/2021\/11\/strom_iglu_frame_oci_ss-1-150x150.jpg",150,150,true],"medium":["https:\/\/www.megastitch.eu\/wp-content\/uploads\/2021\/11\/strom_iglu_frame_oci_ss-1-280x300.jpg",280,300,true],"medium_large":["https:\/\/www.megastitch.eu\/wp-content\/uploads\/2021\/11\/strom_iglu_frame_oci_ss-1-768x823.jpg",768,823,true],"large":["https:\/\/www.megastitch.eu\/wp-content\/uploads\/2021\/11\/strom_iglu_frame_oci_ss-1-955x1024.jpg",955,1024,true],"1536x1536":["https:\/\/www.megastitch.eu\/wp-content\/uploads\/2021\/11\/strom_iglu_frame_oci_ss-1.jpg",1163,1247,false],"2048x2048":["https:\/\/www.megastitch.eu\/wp-content\/uploads\/2021\/11\/strom_iglu_frame_oci_ss-1.jpg",1163,1247,false],"ultp_layout_landscape_large":["https:\/\/www.megastitch.eu\/wp-content\/uploads\/2021\/11\/strom_iglu_frame_oci_ss-1-1163x800.jpg",1163,800,true],"ultp_layout_landscape":["https:\/\/www.megastitch.eu\/wp-content\/uploads\/2021\/11\/strom_iglu_frame_oci_ss-1-870x570.jpg",870,570,true],"ultp_layout_portrait":["https:\/\/www.megastitch.eu\/wp-content\/uploads\/2021\/11\/strom_iglu_frame_oci_ss-1-600x900.jpg",600,900,true],"ultp_layout_square":["https:\/\/www.megastitch.eu\/wp-content\/uploads\/2021\/11\/strom_iglu_frame_oci_ss-1-600x600.jpg",600,600,true],"molla_post-grid":["https:\/\/www.megastitch.eu\/wp-content\/uploads\/2021\/11\/strom_iglu_frame_oci_ss-1-400x267.jpg",400,267,true],"woocommerce_thumbnail":["https:\/\/www.megastitch.eu\/wp-content\/uploads\/2021\/11\/strom_iglu_frame_oci_ss-1-300x322.jpg",300,322,true],"woocommerce_single":["https:\/\/www.megastitch.eu\/wp-content\/uploads\/2021\/11\/strom_iglu_frame_oci_ss-1-600x643.jpg",600,643,true],"woocommerce_gallery_thumbnail":["https:\/\/www.megastitch.eu\/wp-content\/uploads\/2021\/11\/strom_iglu_frame_oci_ss-1-100x100.jpg",100,100,true]},"uagb_author_info":{"display_name":"monika","author_link":"https:\/\/www.megastitch.eu\/cs\/author\/"},"uagb_comment_info":0,"uagb_excerpt":"M\u00e1te radi origin\u00e1lne viano\u010dn\u00e9 ozdoby? Tak toto je jednozna\u010dne jedna z nich. Vy\u010darujte si rados\u0165 na Vianoce s tu\u010dniakom a jeho iglu. Autorka predlohy: M\u00e1ria Erbenov\u00e1\u00a0 Po\u010det kr\u00ed\u017eikov: 45 x 54 Rozmer l\u00e1tky: : 8.16 x 9.80 cm Po\u010det farieb: 18 farieb + 2 farby ob\u0161\u00edvania","_links":{"self":[{"href":"https:\/\/www.megastitch.eu\/cs\/wp-json\/wp\/v2\/product\/26646"}],"collection":[{"href":"https:\/\/www.megastitch.eu\/cs\/wp-json\/wp\/v2\/product"}],"about":[{"href":"https:\/\/www.megastitch.eu\/cs\/wp-json\/wp\/v2\/types\/product"}],"replies":[{"embeddable":true,"href":"https:\/\/www.megastitch.eu\/cs\/wp-json\/wp\/v2\/comments?post=26646"}],"wp:featuredmedia":[{"embeddable":true,"href":"https:\/\/www.megastitch.eu\/cs\/wp-json\/wp\/v2\/media\/26656"}],"wp:attachment":[{"href":"https:\/\/www.megastitch.eu\/cs\/wp-json\/wp\/v2\/media?parent=26646"}],"wp:term":[{"taxonomy":"product_cat","embeddable":true,"href":"https:\/\/www.megastitch.eu\/cs\/wp-json\/wp\/v2\/product_cat?post=26646"},{"taxonomy":"product_tag","embeddable":true,"href":"https:\/\/www.megastitch.eu\/cs\/wp-json\/wp\/v2\/product_tag?post=26646"}],"curies":[{"name":"wp","href":"https:\/\/api.w.org\/{rel}","templated":true}]}}