	{"id":26695,"date":"2021-12-14T17:40:12","date_gmt":"2021-12-14T16:40:12","guid":{"rendered":"https:\/\/www.megastitch.eu\/?post_type=product&#038;p=26695"},"modified":"2023-05-19T19:39:15","modified_gmt":"2023-05-19T17:39:15","slug":"uhniezdeny-v-rame","status":"publish","type":"product","link":"https:\/\/www.megastitch.eu\/cs\/obchod\/predlohy-na-vysivanie\/velke-predlohy\/uhniezdeny-v-rame\/","title":{"rendered":"Uhniezden\u00fd v r\u00e1me"},"content":{"rendered":"<div class=\"nolwrap\"><p>Autorka predlohy: <strong>M\u00e1ria Erbenov\u00e1&nbsp;<\/strong><\/p>\n<p>Autor ilustr\u00e1cie: <a title=\"Lyubov Klyueva\" href=\"https:\/\/vk.com\/public195515468\" target=\"_blank\" rel=\"noopener noreferrer\"><strong>Lyubov Klyueva<\/strong><\/a><\/p>\n<p>Inform\u00e1cie o predlohe:<\/p>\n<p><strong>Po\u010det kr\u00ed\u017eikov: 123 x 127<\/strong><br \/>\n<strong>Rozmer l\u00e1tky: 22.32 x 31.39<\/strong> <strong>cm<\/strong><br \/>\n<strong>L\u00e1tka: <\/strong>14 ct aida<strong><br \/>\nBavlnky: <\/strong>DMC<br \/>\n<strong>Po\u010det farieb:<\/strong> 71 farieb, 23 blenov a 6 farieb ob\u0161\u00edvania<br \/>\n<strong>Pou\u017eit\u00e9 techniky:<\/strong> kr\u00ed\u017eiky, ob\u0161\u00edvanie, franc\u00fazske uzl\u00edky<\/p>\n<h4>S\u00fabory na stiahnutie:<\/h4>\n<ul>\n<li><strong>pdf s\u00fabor<\/strong>\n<ul>\n<li>v \u010dierno-bielej verzii &#8211; s ob\u0161\u00edvan\u00edm a bez ob\u0161\u00edvania,<\/li>\n<li>vo farebnej verzii &#8211; s ob\u0161\u00edvan\u00edm a bez ob\u0161\u00edvania,<\/li>\n<li>zoznam po\u010dtu pou\u017eit\u00fdch vl\u00e1kien<\/li>\n<\/ul>\n<\/li>\n<li><strong>cssaga s\u00fabor<\/strong><\/li>\n<\/ul>\n<\/div>","protected":false},"excerpt":{"rendered":"<p data-pm-slice=\"1 1 []\">Preneste si k\u00fasok pr\u00edrody aj k v\u00e1m domov. Prostredn\u00edctvom \u010darovnej predlohy vt\u00e1\u010dika v hniezde, na sklonku letn\u00e9ho ve\u010dera, obklopen\u00e9ho no\u010dn\u00fdmi mot\u00fd\u013emi v z\u00e1hrade pod lamp\u00e1\u0161om. Jemn\u00e9 farby lahodiace oku a prepracovan\u00e9 detaily predlohy, dotvoria atmosf\u00e9ru v akomko\u013evek mieste, kde sa objavia.<\/p>\n<p>Autorka predlohy: <strong>M\u00e1ria Erbenov\u00e1&nbsp;<\/strong><\/p>\n<p>Autor ilustr\u00e1cie: <a href=\"https:\/\/vk.com\/public195515468\" target=\"_blank\" rel=\"noopener noreferrer\"><strong>Lyubov Klyueva<\/strong><\/a><\/p>\n<p><strong>Po\u010det kr\u00ed\u017eikov: 123 x 127<\/strong><br \/>\n<strong>Rozmer l\u00e1tky: : 22.32 x 31.39<\/strong> <strong>cm<\/strong><br \/>\n<strong>Po\u010det farieb:<\/strong> 71 farieb, 23 blenov a 6 farieb ob\u0161\u00edvania<\/p>\n","protected":false},"featured_media":26705,"comment_status":"open","ping_status":"closed","template":"","meta":{"_uag_custom_page_level_css":"","ngg_post_thumbnail":0},"product_cat":[257,131,247],"product_tag":[307,308,139,309,48,143,320],"aioseo_notices":[],"featured_image_urls":{"full":["https:\/\/www.megastitch.eu\/wp-content\/uploads\/2021\/12\/uhniezdeny-v-rame_frame_ss-scaled.jpg",2015,2560,false],"thumbnail":["https:\/\/www.megastitch.eu\/wp-content\/uploads\/2021\/12\/uhniezdeny-v-rame_frame_ss-150x150.jpg",150,150,true],"medium":["https:\/\/www.megastitch.eu\/wp-content\/uploads\/2021\/12\/uhniezdeny-v-rame_frame_ss-236x300.jpg",236,300,true],"medium_large":["https:\/\/www.megastitch.eu\/wp-content\/uploads\/2021\/12\/uhniezdeny-v-rame_frame_ss-768x976.jpg",768,976,true],"large":["https:\/\/www.megastitch.eu\/wp-content\/uploads\/2021\/12\/uhniezdeny-v-rame_frame_ss-806x1024.jpg",806,1024,true],"1536x1536":["https:\/\/www.megastitch.eu\/wp-content\/uploads\/2021\/12\/uhniezdeny-v-rame_frame_ss-1209x1536.jpg",1209,1536,true],"2048x2048":["https:\/\/www.megastitch.eu\/wp-content\/uploads\/2021\/12\/uhniezdeny-v-rame_frame_ss-1612x2048.jpg",1612,2048,true],"ultp_layout_landscape_large":["https:\/\/www.megastitch.eu\/wp-content\/uploads\/2021\/12\/uhniezdeny-v-rame_frame_ss-1200x800.jpg",1200,800,true],"ultp_layout_landscape":["https:\/\/www.megastitch.eu\/wp-content\/uploads\/2021\/12\/uhniezdeny-v-rame_frame_ss-870x570.jpg",870,570,true],"ultp_layout_portrait":["https:\/\/www.megastitch.eu\/wp-content\/uploads\/2021\/12\/uhniezdeny-v-rame_frame_ss-600x900.jpg",600,900,true],"ultp_layout_square":["https:\/\/www.megastitch.eu\/wp-content\/uploads\/2021\/12\/uhniezdeny-v-rame_frame_ss-600x600.jpg",600,600,true],"molla_post-grid":["https:\/\/www.megastitch.eu\/wp-content\/uploads\/2021\/12\/uhniezdeny-v-rame_frame_ss-400x267.jpg",400,267,true],"woocommerce_thumbnail":["https:\/\/www.megastitch.eu\/wp-content\/uploads\/2021\/12\/uhniezdeny-v-rame_frame_ss-scaled-300x381.jpg",300,381,true],"woocommerce_single":["https:\/\/www.megastitch.eu\/wp-content\/uploads\/2021\/12\/uhniezdeny-v-rame_frame_ss-600x762.jpg",600,762,true],"woocommerce_gallery_thumbnail":["https:\/\/www.megastitch.eu\/wp-content\/uploads\/2021\/12\/uhniezdeny-v-rame_frame_ss-scaled-100x100.jpg",100,100,true]},"post_excerpt_stackable":"<p data-pm-slice=\"1 1 []\">Preneste si k\u00fasok pr\u00edrody aj k v\u00e1m domov. Prostredn\u00edctvom \u010darovnej predlohy vt\u00e1\u010dika v hniezde, na sklonku letn\u00e9ho ve\u010dera, obklopen\u00e9ho no\u010dn\u00fdmi mot\u00fd\u013emi v z\u00e1hrade pod lamp\u00e1\u0161om. Jemn\u00e9 farby lahodiace oku a prepracovan\u00e9 detaily predlohy, dotvoria atmosf\u00e9ru v akomko\u013evek mieste, kde sa objavia.<\/p>\n<p>Autorka predlohy: <strong>M\u00e1ria Erbenov\u00e1&nbsp;<\/strong><\/p>\n<p>Autor ilustr\u00e1cie: <a href=\"https:\/\/vk.com\/public195515468\" target=\"_blank\" rel=\"noopener noreferrer\"><strong>Lyubov Klyueva<\/strong><\/a><\/p>\n<p><strong>Po\u010det kr\u00ed\u017eikov: 123 x 127<\/strong><br \/>\n<strong>Rozmer l\u00e1tky: : 22.32 x 31.39<\/strong> <strong>cm<\/strong><br \/>\n<strong>Po\u010det farieb:<\/strong> 71 farieb, 23 blenov a 6 farieb ob\u0161\u00edvania<\/p>\n","category_list":"","author_info":{"name":"","url":""},"comments_num":"0 comments","featured_image_urls_v2":{"full":["https:\/\/www.megastitch.eu\/wp-content\/uploads\/2021\/12\/uhniezdeny-v-rame_frame_ss-scaled.jpg",2015,2560,false],"thumbnail":["https:\/\/www.megastitch.eu\/wp-content\/uploads\/2021\/12\/uhniezdeny-v-rame_frame_ss-150x150.jpg",150,150,true],"medium":["https:\/\/www.megastitch.eu\/wp-content\/uploads\/2021\/12\/uhniezdeny-v-rame_frame_ss-236x300.jpg",236,300,true],"medium_large":["https:\/\/www.megastitch.eu\/wp-content\/uploads\/2021\/12\/uhniezdeny-v-rame_frame_ss-768x976.jpg",768,976,true],"large":["https:\/\/www.megastitch.eu\/wp-content\/uploads\/2021\/12\/uhniezdeny-v-rame_frame_ss-806x1024.jpg",806,1024,true],"1536x1536":["https:\/\/www.megastitch.eu\/wp-content\/uploads\/2021\/12\/uhniezdeny-v-rame_frame_ss-1209x1536.jpg",1209,1536,true],"2048x2048":["https:\/\/www.megastitch.eu\/wp-content\/uploads\/2021\/12\/uhniezdeny-v-rame_frame_ss-1612x2048.jpg",1612,2048,true],"ultp_layout_landscape_large":["https:\/\/www.megastitch.eu\/wp-content\/uploads\/2021\/12\/uhniezdeny-v-rame_frame_ss-1200x800.jpg",1200,800,true],"ultp_layout_landscape":["https:\/\/www.megastitch.eu\/wp-content\/uploads\/2021\/12\/uhniezdeny-v-rame_frame_ss-870x570.jpg",870,570,true],"ultp_layout_portrait":["https:\/\/www.megastitch.eu\/wp-content\/uploads\/2021\/12\/uhniezdeny-v-rame_frame_ss-600x900.jpg",600,900,true],"ultp_layout_square":["https:\/\/www.megastitch.eu\/wp-content\/uploads\/2021\/12\/uhniezdeny-v-rame_frame_ss-600x600.jpg",600,600,true],"molla_post-grid":["https:\/\/www.megastitch.eu\/wp-content\/uploads\/2021\/12\/uhniezdeny-v-rame_frame_ss-400x267.jpg",400,267,true],"woocommerce_thumbnail":["https:\/\/www.megastitch.eu\/wp-content\/uploads\/2021\/12\/uhniezdeny-v-rame_frame_ss-scaled-300x381.jpg",300,381,true],"woocommerce_single":["https:\/\/www.megastitch.eu\/wp-content\/uploads\/2021\/12\/uhniezdeny-v-rame_frame_ss-600x762.jpg",600,762,true],"woocommerce_gallery_thumbnail":["https:\/\/www.megastitch.eu\/wp-content\/uploads\/2021\/12\/uhniezdeny-v-rame_frame_ss-scaled-100x100.jpg",100,100,true]},"post_excerpt_stackable_v2":"<p data-pm-slice=\"1 1 []\">Preneste si k\u00fasok pr\u00edrody aj k v\u00e1m domov. Prostredn\u00edctvom \u010darovnej predlohy vt\u00e1\u010dika v hniezde, na sklonku letn\u00e9ho ve\u010dera, obklopen\u00e9ho no\u010dn\u00fdmi mot\u00fd\u013emi v z\u00e1hrade pod lamp\u00e1\u0161om. Jemn\u00e9 farby lahodiace oku a prepracovan\u00e9 detaily predlohy, dotvoria atmosf\u00e9ru v akomko\u013evek mieste, kde sa objavia.<\/p>\n<p>Autorka predlohy: <strong>M\u00e1ria Erbenov\u00e1&nbsp;<\/strong><\/p>\n<p>Autor ilustr\u00e1cie: <a href=\"https:\/\/vk.com\/public195515468\" target=\"_blank\" rel=\"noopener noreferrer\"><strong>Lyubov Klyueva<\/strong><\/a><\/p>\n<p><strong>Po\u010det kr\u00ed\u017eikov: 123 x 127<\/strong><br \/>\n<strong>Rozmer l\u00e1tky: : 22.32 x 31.39<\/strong> <strong>cm<\/strong><br \/>\n<strong>Po\u010det farieb:<\/strong> 71 farieb, 23 blenov a 6 farieb ob\u0161\u00edvania<\/p>\n","category_list_v2":"","author_info_v2":{"name":"","url":""},"comments_num_v2":"0 comments","uagb_featured_image_src":{"full":["https:\/\/www.megastitch.eu\/wp-content\/uploads\/2021\/12\/uhniezdeny-v-rame_frame_ss-scaled.jpg",2015,2560,false],"thumbnail":["https:\/\/www.megastitch.eu\/wp-content\/uploads\/2021\/12\/uhniezdeny-v-rame_frame_ss-150x150.jpg",150,150,true],"medium":["https:\/\/www.megastitch.eu\/wp-content\/uploads\/2021\/12\/uhniezdeny-v-rame_frame_ss-236x300.jpg",236,300,true],"medium_large":["https:\/\/www.megastitch.eu\/wp-content\/uploads\/2021\/12\/uhniezdeny-v-rame_frame_ss-768x976.jpg",768,976,true],"large":["https:\/\/www.megastitch.eu\/wp-content\/uploads\/2021\/12\/uhniezdeny-v-rame_frame_ss-806x1024.jpg",806,1024,true],"1536x1536":["https:\/\/www.megastitch.eu\/wp-content\/uploads\/2021\/12\/uhniezdeny-v-rame_frame_ss-1209x1536.jpg",1209,1536,true],"2048x2048":["https:\/\/www.megastitch.eu\/wp-content\/uploads\/2021\/12\/uhniezdeny-v-rame_frame_ss-1612x2048.jpg",1612,2048,true],"ultp_layout_landscape_large":["https:\/\/www.megastitch.eu\/wp-content\/uploads\/2021\/12\/uhniezdeny-v-rame_frame_ss-1200x800.jpg",1200,800,true],"ultp_layout_landscape":["https:\/\/www.megastitch.eu\/wp-content\/uploads\/2021\/12\/uhniezdeny-v-rame_frame_ss-870x570.jpg",870,570,true],"ultp_layout_portrait":["https:\/\/www.megastitch.eu\/wp-content\/uploads\/2021\/12\/uhniezdeny-v-rame_frame_ss-600x900.jpg",600,900,true],"ultp_layout_square":["https:\/\/www.megastitch.eu\/wp-content\/uploads\/2021\/12\/uhniezdeny-v-rame_frame_ss-600x600.jpg",600,600,true],"molla_post-grid":["https:\/\/www.megastitch.eu\/wp-content\/uploads\/2021\/12\/uhniezdeny-v-rame_frame_ss-400x267.jpg",400,267,true],"woocommerce_thumbnail":["https:\/\/www.megastitch.eu\/wp-content\/uploads\/2021\/12\/uhniezdeny-v-rame_frame_ss-scaled-300x381.jpg",300,381,true],"woocommerce_single":["https:\/\/www.megastitch.eu\/wp-content\/uploads\/2021\/12\/uhniezdeny-v-rame_frame_ss-600x762.jpg",600,762,true],"woocommerce_gallery_thumbnail":["https:\/\/www.megastitch.eu\/wp-content\/uploads\/2021\/12\/uhniezdeny-v-rame_frame_ss-scaled-100x100.jpg",100,100,true]},"uagb_author_info":{"display_name":"monika","author_link":"https:\/\/www.megastitch.eu\/cs\/author\/"},"uagb_comment_info":0,"uagb_excerpt":"Preneste si k\u00fasok pr\u00edrody aj k v\u00e1m domov. Prostredn\u00edctvom \u010darovnej predlohy vt\u00e1\u010dika v hniezde, na sklonku letn\u00e9ho ve\u010dera, obklopen\u00e9ho no\u010dn\u00fdmi mot\u00fd\u013emi v z\u00e1hrade pod lamp\u00e1\u0161om. Jemn\u00e9 farby lahodiace oku a prepracovan\u00e9 detaily predlohy, dotvoria atmosf\u00e9ru v akomko\u013evek mieste, kde sa objavia. Autorka predlohy: M\u00e1ria Erbenov\u00e1&nbsp; Autor ilustr\u00e1cie: Lyubov Klyueva Po\u010det kr\u00ed\u017eikov: 123 x 127 Rozmer&hellip;","_links":{"self":[{"href":"https:\/\/www.megastitch.eu\/cs\/wp-json\/wp\/v2\/product\/26695"}],"collection":[{"href":"https:\/\/www.megastitch.eu\/cs\/wp-json\/wp\/v2\/product"}],"about":[{"href":"https:\/\/www.megastitch.eu\/cs\/wp-json\/wp\/v2\/types\/product"}],"replies":[{"embeddable":true,"href":"https:\/\/www.megastitch.eu\/cs\/wp-json\/wp\/v2\/comments?post=26695"}],"wp:featuredmedia":[{"embeddable":true,"href":"https:\/\/www.megastitch.eu\/cs\/wp-json\/wp\/v2\/media\/26705"}],"wp:attachment":[{"href":"https:\/\/www.megastitch.eu\/cs\/wp-json\/wp\/v2\/media?parent=26695"}],"wp:term":[{"taxonomy":"product_cat","embeddable":true,"href":"https:\/\/www.megastitch.eu\/cs\/wp-json\/wp\/v2\/product_cat?post=26695"},{"taxonomy":"product_tag","embeddable":true,"href":"https:\/\/www.megastitch.eu\/cs\/wp-json\/wp\/v2\/product_tag?post=26695"}],"curies":[{"name":"wp","href":"https:\/\/api.w.org\/{rel}","templated":true}]}}