	{"id":26718,"date":"2021-12-24T18:16:34","date_gmt":"2021-12-24T17:16:34","guid":{"rendered":"https:\/\/www.megastitch.eu\/?post_type=product&#038;p=26718"},"modified":"2021-12-24T22:01:22","modified_gmt":"2021-12-24T21:01:22","slug":"betlehem","status":"publish","type":"product","link":"https:\/\/www.megastitch.eu\/cs\/obchod\/predlohy-na-vysivanie\/vianocne-predlohy\/betlehem\/","title":{"rendered":"Betlehem"},"content":{"rendered":"<div class=\"nolwrap\"><p>\u010carovn\u00fd Betlehem, miesto narodenia Je\u017ei\u0161ka. Jasn\u00e1 hviezda \u017eiariaca po\u010das zimnej noci, dokonale osvetl\u00ed jasli\u010dky a v\u0161etko v\u00f4kol. Nechajte hviezdu \u017eiari\u0165 aj u V\u00e1s prostredn\u00edctvom kr\u00e1snej predlohy. &nbsp;<\/p>\n<p>Autorka predlohy: <strong>M\u00e1ria Erbenov\u00e1&nbsp;<\/strong><\/p>\n<p>Inform\u00e1cie o predlohe:<\/p>\n<p><strong>Po\u010det kr\u00ed\u017eikov: 42 x 61<\/strong><br \/>\n<strong>Rozmer l\u00e1tky: : 7.62 x 11.07 cm<\/strong><br \/>\n<strong>L\u00e1tka: <\/strong>14 ct aida<strong><br \/>\nBavlnky: <\/strong>DMC<br \/>\n<strong>Po\u010det farieb:<\/strong> 15 farieb, 2 blendy a 3 farby ob\u0161\u00edvania&nbsp;<br \/>\n<strong>Pou\u017eit\u00e9 techniky:<\/strong> kr\u00ed\u017eiky, ob\u0161\u00edvanie<\/p>\n<h4>S\u00fabory na stiahnutie:<\/h4>\n<ul>\n<li><strong>pdf s\u00fabor<\/strong>\n<ul>\n<li>v \u010dierno-bielej verzii &#8211; s ob\u0161\u00edvan\u00edm a bez ob\u0161\u00edvania,<\/li>\n<li>vo farebnej verzii &#8211; s ob\u0161\u00edvan\u00edm a bez ob\u0161\u00edvania,<\/li>\n<li>zoznam po\u010dtu pou\u017eit\u00fdch vl\u00e1kien<\/li>\n<\/ul>\n<\/li>\n<\/ul>\n<\/div>","protected":false},"excerpt":{"rendered":"<p data-pm-slice=\"1 1 []\">\u010carovn\u00fd Betlehem, miesto narodenia Je\u017ei\u0161ka. Jasn\u00e1 hviezda \u017eiariaca po\u010das zimnej noci, dokonale osvetl\u00ed jasli\u010dky a v\u0161etko v\u00f4kol. Nechajte hviezdu \u017eiari\u0165 aj u V\u00e1s prostredn\u00edctvom kr\u00e1snej predlohy. &nbsp;<\/p>\n<p>Autorka predlohy: <strong>M\u00e1ria Erbenov\u00e1&nbsp;<\/strong><\/p>\n<p><strong>Po\u010det kr\u00ed\u017eikov: 42 x 61<\/strong><br \/>\n<strong>Rozmer l\u00e1tky: : 7.62 x 11.07 cm<\/strong><br \/>\n<strong>Po\u010det farieb:<\/strong> 15 farieb, 2 blendy a 3 farby ob\u0161\u00edvania&nbsp;<br \/>\n<strong>Pou\u017eit\u00e9 techniky:<\/strong> kr\u00ed\u017eiky, ob\u0161\u00edvanie<\/p>\n","protected":false},"featured_media":26719,"comment_status":"open","ping_status":"closed","template":"","meta":{"_uag_custom_page_level_css":"","ngg_post_thumbnail":0},"product_cat":[131,171],"product_tag":[48,144],"aioseo_notices":[],"featured_image_urls":{"full":["https:\/\/www.megastitch.eu\/wp-content\/uploads\/2021\/12\/Nativity_8_ss.jpg",528,756,false],"thumbnail":["https:\/\/www.megastitch.eu\/wp-content\/uploads\/2021\/12\/Nativity_8_ss-150x150.jpg",150,150,true],"medium":["https:\/\/www.megastitch.eu\/wp-content\/uploads\/2021\/12\/Nativity_8_ss-210x300.jpg",210,300,true],"medium_large":["https:\/\/www.megastitch.eu\/wp-content\/uploads\/2021\/12\/Nativity_8_ss.jpg",528,756,false],"large":["https:\/\/www.megastitch.eu\/wp-content\/uploads\/2021\/12\/Nativity_8_ss.jpg",528,756,false],"1536x1536":["https:\/\/www.megastitch.eu\/wp-content\/uploads\/2021\/12\/Nativity_8_ss.jpg",528,756,false],"2048x2048":["https:\/\/www.megastitch.eu\/wp-content\/uploads\/2021\/12\/Nativity_8_ss.jpg",528,756,false],"ultp_layout_landscape_large":["https:\/\/www.megastitch.eu\/wp-content\/uploads\/2021\/12\/Nativity_8_ss.jpg",528,756,false],"ultp_layout_landscape":["https:\/\/www.megastitch.eu\/wp-content\/uploads\/2021\/12\/Nativity_8_ss-528x570.jpg",528,570,true],"ultp_layout_portrait":["https:\/\/www.megastitch.eu\/wp-content\/uploads\/2021\/12\/Nativity_8_ss.jpg",528,756,false],"ultp_layout_square":["https:\/\/www.megastitch.eu\/wp-content\/uploads\/2021\/12\/Nativity_8_ss-528x600.jpg",528,600,true],"molla_post-grid":["https:\/\/www.megastitch.eu\/wp-content\/uploads\/2021\/12\/Nativity_8_ss-400x267.jpg",400,267,true],"woocommerce_thumbnail":["https:\/\/www.megastitch.eu\/wp-content\/uploads\/2021\/12\/Nativity_8_ss-300x430.jpg",300,430,true],"woocommerce_single":["https:\/\/www.megastitch.eu\/wp-content\/uploads\/2021\/12\/Nativity_8_ss.jpg",528,756,false],"woocommerce_gallery_thumbnail":["https:\/\/www.megastitch.eu\/wp-content\/uploads\/2021\/12\/Nativity_8_ss-100x100.jpg",100,100,true]},"post_excerpt_stackable":"<p data-pm-slice=\"1 1 []\">\u010carovn\u00fd Betlehem, miesto narodenia Je\u017ei\u0161ka. Jasn\u00e1 hviezda \u017eiariaca po\u010das zimnej noci, dokonale osvetl\u00ed jasli\u010dky a v\u0161etko v\u00f4kol. Nechajte hviezdu \u017eiari\u0165 aj u V\u00e1s prostredn\u00edctvom kr\u00e1snej predlohy. &nbsp;<\/p>\n<p>Autorka predlohy: <strong>M\u00e1ria Erbenov\u00e1&nbsp;<\/strong><\/p>\n<p><strong>Po\u010det kr\u00ed\u017eikov: 42 x 61<\/strong><br \/>\n<strong>Rozmer l\u00e1tky: : 7.62 x 11.07 cm<\/strong><br \/>\n<strong>Po\u010det farieb:<\/strong> 15 farieb, 2 blendy a 3 farby ob\u0161\u00edvania&nbsp;<br \/>\n<strong>Pou\u017eit\u00e9 techniky:<\/strong> kr\u00ed\u017eiky, ob\u0161\u00edvanie<\/p>\n","category_list":"","author_info":{"name":"","url":""},"comments_num":"0 comments","featured_image_urls_v2":{"full":["https:\/\/www.megastitch.eu\/wp-content\/uploads\/2021\/12\/Nativity_8_ss.jpg",528,756,false],"thumbnail":["https:\/\/www.megastitch.eu\/wp-content\/uploads\/2021\/12\/Nativity_8_ss-150x150.jpg",150,150,true],"medium":["https:\/\/www.megastitch.eu\/wp-content\/uploads\/2021\/12\/Nativity_8_ss-210x300.jpg",210,300,true],"medium_large":["https:\/\/www.megastitch.eu\/wp-content\/uploads\/2021\/12\/Nativity_8_ss.jpg",528,756,false],"large":["https:\/\/www.megastitch.eu\/wp-content\/uploads\/2021\/12\/Nativity_8_ss.jpg",528,756,false],"1536x1536":["https:\/\/www.megastitch.eu\/wp-content\/uploads\/2021\/12\/Nativity_8_ss.jpg",528,756,false],"2048x2048":["https:\/\/www.megastitch.eu\/wp-content\/uploads\/2021\/12\/Nativity_8_ss.jpg",528,756,false],"ultp_layout_landscape_large":["https:\/\/www.megastitch.eu\/wp-content\/uploads\/2021\/12\/Nativity_8_ss.jpg",528,756,false],"ultp_layout_landscape":["https:\/\/www.megastitch.eu\/wp-content\/uploads\/2021\/12\/Nativity_8_ss-528x570.jpg",528,570,true],"ultp_layout_portrait":["https:\/\/www.megastitch.eu\/wp-content\/uploads\/2021\/12\/Nativity_8_ss.jpg",528,756,false],"ultp_layout_square":["https:\/\/www.megastitch.eu\/wp-content\/uploads\/2021\/12\/Nativity_8_ss-528x600.jpg",528,600,true],"molla_post-grid":["https:\/\/www.megastitch.eu\/wp-content\/uploads\/2021\/12\/Nativity_8_ss-400x267.jpg",400,267,true],"woocommerce_thumbnail":["https:\/\/www.megastitch.eu\/wp-content\/uploads\/2021\/12\/Nativity_8_ss-300x430.jpg",300,430,true],"woocommerce_single":["https:\/\/www.megastitch.eu\/wp-content\/uploads\/2021\/12\/Nativity_8_ss.jpg",528,756,false],"woocommerce_gallery_thumbnail":["https:\/\/www.megastitch.eu\/wp-content\/uploads\/2021\/12\/Nativity_8_ss-100x100.jpg",100,100,true]},"post_excerpt_stackable_v2":"<p data-pm-slice=\"1 1 []\">\u010carovn\u00fd Betlehem, miesto narodenia Je\u017ei\u0161ka. Jasn\u00e1 hviezda \u017eiariaca po\u010das zimnej noci, dokonale osvetl\u00ed jasli\u010dky a v\u0161etko v\u00f4kol. Nechajte hviezdu \u017eiari\u0165 aj u V\u00e1s prostredn\u00edctvom kr\u00e1snej predlohy. &nbsp;<\/p>\n<p>Autorka predlohy: <strong>M\u00e1ria Erbenov\u00e1&nbsp;<\/strong><\/p>\n<p><strong>Po\u010det kr\u00ed\u017eikov: 42 x 61<\/strong><br \/>\n<strong>Rozmer l\u00e1tky: : 7.62 x 11.07 cm<\/strong><br \/>\n<strong>Po\u010det farieb:<\/strong> 15 farieb, 2 blendy a 3 farby ob\u0161\u00edvania&nbsp;<br \/>\n<strong>Pou\u017eit\u00e9 techniky:<\/strong> kr\u00ed\u017eiky, ob\u0161\u00edvanie<\/p>\n","category_list_v2":"","author_info_v2":{"name":"","url":""},"comments_num_v2":"0 comments","uagb_featured_image_src":{"full":["https:\/\/www.megastitch.eu\/wp-content\/uploads\/2021\/12\/Nativity_8_ss.jpg",528,756,false],"thumbnail":["https:\/\/www.megastitch.eu\/wp-content\/uploads\/2021\/12\/Nativity_8_ss-150x150.jpg",150,150,true],"medium":["https:\/\/www.megastitch.eu\/wp-content\/uploads\/2021\/12\/Nativity_8_ss-210x300.jpg",210,300,true],"medium_large":["https:\/\/www.megastitch.eu\/wp-content\/uploads\/2021\/12\/Nativity_8_ss.jpg",528,756,false],"large":["https:\/\/www.megastitch.eu\/wp-content\/uploads\/2021\/12\/Nativity_8_ss.jpg",528,756,false],"1536x1536":["https:\/\/www.megastitch.eu\/wp-content\/uploads\/2021\/12\/Nativity_8_ss.jpg",528,756,false],"2048x2048":["https:\/\/www.megastitch.eu\/wp-content\/uploads\/2021\/12\/Nativity_8_ss.jpg",528,756,false],"ultp_layout_landscape_large":["https:\/\/www.megastitch.eu\/wp-content\/uploads\/2021\/12\/Nativity_8_ss.jpg",528,756,false],"ultp_layout_landscape":["https:\/\/www.megastitch.eu\/wp-content\/uploads\/2021\/12\/Nativity_8_ss-528x570.jpg",528,570,true],"ultp_layout_portrait":["https:\/\/www.megastitch.eu\/wp-content\/uploads\/2021\/12\/Nativity_8_ss.jpg",528,756,false],"ultp_layout_square":["https:\/\/www.megastitch.eu\/wp-content\/uploads\/2021\/12\/Nativity_8_ss-528x600.jpg",528,600,true],"molla_post-grid":["https:\/\/www.megastitch.eu\/wp-content\/uploads\/2021\/12\/Nativity_8_ss-400x267.jpg",400,267,true],"woocommerce_thumbnail":["https:\/\/www.megastitch.eu\/wp-content\/uploads\/2021\/12\/Nativity_8_ss-300x430.jpg",300,430,true],"woocommerce_single":["https:\/\/www.megastitch.eu\/wp-content\/uploads\/2021\/12\/Nativity_8_ss.jpg",528,756,false],"woocommerce_gallery_thumbnail":["https:\/\/www.megastitch.eu\/wp-content\/uploads\/2021\/12\/Nativity_8_ss-100x100.jpg",100,100,true]},"uagb_author_info":{"display_name":"erbenova","author_link":"https:\/\/www.megastitch.eu\/cs\/author\/"},"uagb_comment_info":0,"uagb_excerpt":"\u010carovn\u00fd Betlehem, miesto narodenia Je\u017ei\u0161ka. Jasn\u00e1 hviezda \u017eiariaca po\u010das zimnej noci, dokonale osvetl\u00ed jasli\u010dky a v\u0161etko v\u00f4kol. Nechajte hviezdu \u017eiari\u0165 aj u V\u00e1s prostredn\u00edctvom kr\u00e1snej predlohy. &nbsp; Autorka predlohy: M\u00e1ria Erbenov\u00e1&nbsp; Po\u010det kr\u00ed\u017eikov: 42 x 61 Rozmer l\u00e1tky: : 7.62 x 11.07 cm Po\u010det farieb: 15 farieb, 2 blendy a 3 farby ob\u0161\u00edvania&nbsp; Pou\u017eit\u00e9 techniky:&hellip;","_links":{"self":[{"href":"https:\/\/www.megastitch.eu\/cs\/wp-json\/wp\/v2\/product\/26718"}],"collection":[{"href":"https:\/\/www.megastitch.eu\/cs\/wp-json\/wp\/v2\/product"}],"about":[{"href":"https:\/\/www.megastitch.eu\/cs\/wp-json\/wp\/v2\/types\/product"}],"replies":[{"embeddable":true,"href":"https:\/\/www.megastitch.eu\/cs\/wp-json\/wp\/v2\/comments?post=26718"}],"wp:featuredmedia":[{"embeddable":true,"href":"https:\/\/www.megastitch.eu\/cs\/wp-json\/wp\/v2\/media\/26719"}],"wp:attachment":[{"href":"https:\/\/www.megastitch.eu\/cs\/wp-json\/wp\/v2\/media?parent=26718"}],"wp:term":[{"taxonomy":"product_cat","embeddable":true,"href":"https:\/\/www.megastitch.eu\/cs\/wp-json\/wp\/v2\/product_cat?post=26718"},{"taxonomy":"product_tag","embeddable":true,"href":"https:\/\/www.megastitch.eu\/cs\/wp-json\/wp\/v2\/product_tag?post=26718"}],"curies":[{"name":"wp","href":"https:\/\/api.w.org\/{rel}","templated":true}]}}