	{"id":26726,"date":"2021-12-31T11:39:37","date_gmt":"2021-12-31T10:39:37","guid":{"rendered":"https:\/\/www.megastitch.eu\/?post_type=product&#038;p=26726"},"modified":"2022-12-17T12:25:21","modified_gmt":"2022-12-17T11:25:21","slug":"amanita-fly","status":"publish","type":"product","link":"https:\/\/www.megastitch.eu\/cs\/obchod\/predlohy-na-vysivanie\/stredne-predlohy\/amanita-fly\/","title":{"rendered":"Amanita fly"},"content":{"rendered":"<div class=\"nolwrap\"><p>Autorka predlohy: <strong>M\u00e1ria Erbenov\u00e1\u00a0<\/strong><\/p>\n<p>Inform\u00e1cie o predlohe:<\/p>\n<p><strong>Po\u010det kr\u00ed\u017eikov: 115 x 65<\/strong><br \/>\n<strong>Rozmer l\u00e1tky: : 20.86 x 11.79 cm\u00a0<\/strong><br \/>\n<strong>L\u00e1tka: <\/strong>14 ct aida<strong><br \/>\nBavlnky: <\/strong>DMC<br \/>\n<strong>Po\u010det farieb:<\/strong> 36 farieb, 10 blenov<br \/>\n<strong>Pou\u017eit\u00e9 techniky:<\/strong> kr\u00ed\u017eiky, ob\u0161\u00edvanie, franc\u00fazske uzl\u00edky<\/p>\n<h4>S\u00fabory na stiahnutie:<\/h4>\n<ul>\n<li><strong>pdf s\u00fabor<\/strong>\n<ul>\n<li>v \u010dierno-bielej verzii &#8211; s ob\u0161\u00edvan\u00edm a bez ob\u0161\u00edvania,<\/li>\n<li>vo farebnej verzii &#8211; s ob\u0161\u00edvan\u00edm a bez ob\u0161\u00edvania,<\/li>\n<li>zoznam po\u010dtu pou\u017eit\u00fdch vl\u00e1kien<\/li>\n<\/ul>\n<\/li>\n<li><strong>cssaga s\u00fabor<\/strong><\/li>\n<\/ul>\n<\/div>","protected":false},"excerpt":{"rendered":"<p>Harmonick\u00e9 stv\u00e1rnenie vt\u00e1\u010dika v hniezde,\u00a0 v\u00a0 prekr\u00e1snych farebn\u00fdch odtie\u0148och pohlad\u00ed ka\u017ed\u00fa du\u0161u. V u\u0161iach priam po\u010du\u0165 lahodn\u00fd \u0161tebot.\u00a0 V srdci,\u00a0 c\u00edti\u0165 pokoj a rados\u0165 vt\u00e1\u010dika samotn\u00e9ho.<\/p>\n<p>Autorka predlohy: <strong>M\u00e1ria Erbenov\u00e1\u00a0<\/strong><\/p>\n<p><strong>Po\u010det kr\u00ed\u017eikov: 115 x 65<\/strong><br \/>\n<strong>Rozmer l\u00e1tky: : 20.86 x 11.79 cm\u00a0<\/strong><br \/>\n<strong>Po\u010det farieb:<\/strong> 36 farieb, 10 blenov<\/p>\n","protected":false},"featured_media":26733,"comment_status":"open","ping_status":"closed","template":"","meta":{"_uag_custom_page_level_css":"","ngg_post_thumbnail":0},"product_cat":[131,138],"product_tag":[307,308,48,143],"aioseo_notices":[],"featured_image_urls":{"full":["https:\/\/www.megastitch.eu\/wp-content\/uploads\/2021\/12\/amanita_fly_frame_ss.jpg",2124,1524,false],"thumbnail":["https:\/\/www.megastitch.eu\/wp-content\/uploads\/2021\/12\/amanita_fly_frame_ss-150x150.jpg",150,150,true],"medium":["https:\/\/www.megastitch.eu\/wp-content\/uploads\/2021\/12\/amanita_fly_frame_ss-300x215.jpg",300,215,true],"medium_large":["https:\/\/www.megastitch.eu\/wp-content\/uploads\/2021\/12\/amanita_fly_frame_ss-768x551.jpg",768,551,true],"large":["https:\/\/www.megastitch.eu\/wp-content\/uploads\/2021\/12\/amanita_fly_frame_ss-1024x735.jpg",1024,735,true],"1536x1536":["https:\/\/www.megastitch.eu\/wp-content\/uploads\/2021\/12\/amanita_fly_frame_ss-1536x1102.jpg",1536,1102,true],"2048x2048":["https:\/\/www.megastitch.eu\/wp-content\/uploads\/2021\/12\/amanita_fly_frame_ss-2048x1469.jpg",2048,1469,true],"ultp_layout_landscape_large":["https:\/\/www.megastitch.eu\/wp-content\/uploads\/2021\/12\/amanita_fly_frame_ss-1200x800.jpg",1200,800,true],"ultp_layout_landscape":["https:\/\/www.megastitch.eu\/wp-content\/uploads\/2021\/12\/amanita_fly_frame_ss-870x570.jpg",870,570,true],"ultp_layout_portrait":["https:\/\/www.megastitch.eu\/wp-content\/uploads\/2021\/12\/amanita_fly_frame_ss-600x900.jpg",600,900,true],"ultp_layout_square":["https:\/\/www.megastitch.eu\/wp-content\/uploads\/2021\/12\/amanita_fly_frame_ss-600x600.jpg",600,600,true],"molla_post-grid":["https:\/\/www.megastitch.eu\/wp-content\/uploads\/2021\/12\/amanita_fly_frame_ss-400x267.jpg",400,267,true],"woocommerce_thumbnail":["https:\/\/www.megastitch.eu\/wp-content\/uploads\/2021\/12\/amanita_fly_frame_ss-300x215.jpg",300,215,true],"woocommerce_single":["https:\/\/www.megastitch.eu\/wp-content\/uploads\/2021\/12\/amanita_fly_frame_ss-600x431.jpg",600,431,true],"woocommerce_gallery_thumbnail":["https:\/\/www.megastitch.eu\/wp-content\/uploads\/2021\/12\/amanita_fly_frame_ss-100x100.jpg",100,100,true]},"post_excerpt_stackable":"<p>Harmonick\u00e9 stv\u00e1rnenie vt\u00e1\u010dika v hniezde,\u00a0 v\u00a0 prekr\u00e1snych farebn\u00fdch odtie\u0148och pohlad\u00ed ka\u017ed\u00fa du\u0161u. V u\u0161iach priam po\u010du\u0165 lahodn\u00fd \u0161tebot.\u00a0 V srdci,\u00a0 c\u00edti\u0165 pokoj a rados\u0165 vt\u00e1\u010dika samotn\u00e9ho.<\/p>\n<p>Autorka predlohy: <strong>M\u00e1ria Erbenov\u00e1\u00a0<\/strong><\/p>\n<p><strong>Po\u010det kr\u00ed\u017eikov: 115 x 65<\/strong><br \/>\n<strong>Rozmer l\u00e1tky: : 20.86 x 11.79 cm\u00a0<\/strong><br \/>\n<strong>Po\u010det farieb:<\/strong> 36 farieb, 10 blenov<\/p>\n","category_list":"","author_info":{"name":"","url":""},"comments_num":"0 comments","featured_image_urls_v2":{"full":["https:\/\/www.megastitch.eu\/wp-content\/uploads\/2021\/12\/amanita_fly_frame_ss.jpg",2124,1524,false],"thumbnail":["https:\/\/www.megastitch.eu\/wp-content\/uploads\/2021\/12\/amanita_fly_frame_ss-150x150.jpg",150,150,true],"medium":["https:\/\/www.megastitch.eu\/wp-content\/uploads\/2021\/12\/amanita_fly_frame_ss-300x215.jpg",300,215,true],"medium_large":["https:\/\/www.megastitch.eu\/wp-content\/uploads\/2021\/12\/amanita_fly_frame_ss-768x551.jpg",768,551,true],"large":["https:\/\/www.megastitch.eu\/wp-content\/uploads\/2021\/12\/amanita_fly_frame_ss-1024x735.jpg",1024,735,true],"1536x1536":["https:\/\/www.megastitch.eu\/wp-content\/uploads\/2021\/12\/amanita_fly_frame_ss-1536x1102.jpg",1536,1102,true],"2048x2048":["https:\/\/www.megastitch.eu\/wp-content\/uploads\/2021\/12\/amanita_fly_frame_ss-2048x1469.jpg",2048,1469,true],"ultp_layout_landscape_large":["https:\/\/www.megastitch.eu\/wp-content\/uploads\/2021\/12\/amanita_fly_frame_ss-1200x800.jpg",1200,800,true],"ultp_layout_landscape":["https:\/\/www.megastitch.eu\/wp-content\/uploads\/2021\/12\/amanita_fly_frame_ss-870x570.jpg",870,570,true],"ultp_layout_portrait":["https:\/\/www.megastitch.eu\/wp-content\/uploads\/2021\/12\/amanita_fly_frame_ss-600x900.jpg",600,900,true],"ultp_layout_square":["https:\/\/www.megastitch.eu\/wp-content\/uploads\/2021\/12\/amanita_fly_frame_ss-600x600.jpg",600,600,true],"molla_post-grid":["https:\/\/www.megastitch.eu\/wp-content\/uploads\/2021\/12\/amanita_fly_frame_ss-400x267.jpg",400,267,true],"woocommerce_thumbnail":["https:\/\/www.megastitch.eu\/wp-content\/uploads\/2021\/12\/amanita_fly_frame_ss-300x215.jpg",300,215,true],"woocommerce_single":["https:\/\/www.megastitch.eu\/wp-content\/uploads\/2021\/12\/amanita_fly_frame_ss-600x431.jpg",600,431,true],"woocommerce_gallery_thumbnail":["https:\/\/www.megastitch.eu\/wp-content\/uploads\/2021\/12\/amanita_fly_frame_ss-100x100.jpg",100,100,true]},"post_excerpt_stackable_v2":"<p>Harmonick\u00e9 stv\u00e1rnenie vt\u00e1\u010dika v hniezde,\u00a0 v\u00a0 prekr\u00e1snych farebn\u00fdch odtie\u0148och pohlad\u00ed ka\u017ed\u00fa du\u0161u. V u\u0161iach priam po\u010du\u0165 lahodn\u00fd \u0161tebot.\u00a0 V srdci,\u00a0 c\u00edti\u0165 pokoj a rados\u0165 vt\u00e1\u010dika samotn\u00e9ho.<\/p>\n<p>Autorka predlohy: <strong>M\u00e1ria Erbenov\u00e1\u00a0<\/strong><\/p>\n<p><strong>Po\u010det kr\u00ed\u017eikov: 115 x 65<\/strong><br \/>\n<strong>Rozmer l\u00e1tky: : 20.86 x 11.79 cm\u00a0<\/strong><br \/>\n<strong>Po\u010det farieb:<\/strong> 36 farieb, 10 blenov<\/p>\n","category_list_v2":"","author_info_v2":{"name":"","url":""},"comments_num_v2":"0 comments","uagb_featured_image_src":{"full":["https:\/\/www.megastitch.eu\/wp-content\/uploads\/2021\/12\/amanita_fly_frame_ss.jpg",2124,1524,false],"thumbnail":["https:\/\/www.megastitch.eu\/wp-content\/uploads\/2021\/12\/amanita_fly_frame_ss-150x150.jpg",150,150,true],"medium":["https:\/\/www.megastitch.eu\/wp-content\/uploads\/2021\/12\/amanita_fly_frame_ss-300x215.jpg",300,215,true],"medium_large":["https:\/\/www.megastitch.eu\/wp-content\/uploads\/2021\/12\/amanita_fly_frame_ss-768x551.jpg",768,551,true],"large":["https:\/\/www.megastitch.eu\/wp-content\/uploads\/2021\/12\/amanita_fly_frame_ss-1024x735.jpg",1024,735,true],"1536x1536":["https:\/\/www.megastitch.eu\/wp-content\/uploads\/2021\/12\/amanita_fly_frame_ss-1536x1102.jpg",1536,1102,true],"2048x2048":["https:\/\/www.megastitch.eu\/wp-content\/uploads\/2021\/12\/amanita_fly_frame_ss-2048x1469.jpg",2048,1469,true],"ultp_layout_landscape_large":["https:\/\/www.megastitch.eu\/wp-content\/uploads\/2021\/12\/amanita_fly_frame_ss-1200x800.jpg",1200,800,true],"ultp_layout_landscape":["https:\/\/www.megastitch.eu\/wp-content\/uploads\/2021\/12\/amanita_fly_frame_ss-870x570.jpg",870,570,true],"ultp_layout_portrait":["https:\/\/www.megastitch.eu\/wp-content\/uploads\/2021\/12\/amanita_fly_frame_ss-600x900.jpg",600,900,true],"ultp_layout_square":["https:\/\/www.megastitch.eu\/wp-content\/uploads\/2021\/12\/amanita_fly_frame_ss-600x600.jpg",600,600,true],"molla_post-grid":["https:\/\/www.megastitch.eu\/wp-content\/uploads\/2021\/12\/amanita_fly_frame_ss-400x267.jpg",400,267,true],"woocommerce_thumbnail":["https:\/\/www.megastitch.eu\/wp-content\/uploads\/2021\/12\/amanita_fly_frame_ss-300x215.jpg",300,215,true],"woocommerce_single":["https:\/\/www.megastitch.eu\/wp-content\/uploads\/2021\/12\/amanita_fly_frame_ss-600x431.jpg",600,431,true],"woocommerce_gallery_thumbnail":["https:\/\/www.megastitch.eu\/wp-content\/uploads\/2021\/12\/amanita_fly_frame_ss-100x100.jpg",100,100,true]},"uagb_author_info":{"display_name":"monika","author_link":"https:\/\/www.megastitch.eu\/cs\/author\/"},"uagb_comment_info":0,"uagb_excerpt":"Harmonick\u00e9 stv\u00e1rnenie vt\u00e1\u010dika v hniezde,\u00a0 v\u00a0 prekr\u00e1snych farebn\u00fdch odtie\u0148och pohlad\u00ed ka\u017ed\u00fa du\u0161u. V u\u0161iach priam po\u010du\u0165 lahodn\u00fd \u0161tebot.\u00a0 V srdci,\u00a0 c\u00edti\u0165 pokoj a rados\u0165 vt\u00e1\u010dika samotn\u00e9ho. Autorka predlohy: M\u00e1ria Erbenov\u00e1\u00a0 Po\u010det kr\u00ed\u017eikov: 115 x 65 Rozmer l\u00e1tky: : 20.86 x 11.79 cm\u00a0 Po\u010det farieb: 36 farieb, 10 blenov","_links":{"self":[{"href":"https:\/\/www.megastitch.eu\/cs\/wp-json\/wp\/v2\/product\/26726"}],"collection":[{"href":"https:\/\/www.megastitch.eu\/cs\/wp-json\/wp\/v2\/product"}],"about":[{"href":"https:\/\/www.megastitch.eu\/cs\/wp-json\/wp\/v2\/types\/product"}],"replies":[{"embeddable":true,"href":"https:\/\/www.megastitch.eu\/cs\/wp-json\/wp\/v2\/comments?post=26726"}],"wp:featuredmedia":[{"embeddable":true,"href":"https:\/\/www.megastitch.eu\/cs\/wp-json\/wp\/v2\/media\/26733"}],"wp:attachment":[{"href":"https:\/\/www.megastitch.eu\/cs\/wp-json\/wp\/v2\/media?parent=26726"}],"wp:term":[{"taxonomy":"product_cat","embeddable":true,"href":"https:\/\/www.megastitch.eu\/cs\/wp-json\/wp\/v2\/product_cat?post=26726"},{"taxonomy":"product_tag","embeddable":true,"href":"https:\/\/www.megastitch.eu\/cs\/wp-json\/wp\/v2\/product_tag?post=26726"}],"curies":[{"name":"wp","href":"https:\/\/api.w.org\/{rel}","templated":true}]}}