	{"id":26738,"date":"2022-01-05T19:33:41","date_gmt":"2022-01-05T18:33:41","guid":{"rendered":"https:\/\/www.megastitch.eu\/?post_type=product&#038;p=26738"},"modified":"2023-05-19T19:38:39","modified_gmt":"2023-05-19T17:38:39","slug":"hra-s-vetrom","status":"publish","type":"product","link":"https:\/\/www.megastitch.eu\/cs\/obchod\/predlohy-na-vysivanie\/male-predlohy\/hra-s-vetrom\/","title":{"rendered":"Hra s vetrom"},"content":{"rendered":"<div class=\"nolwrap\"><p>Autorka predlohy: <strong>M\u00e1ria Erbenov\u00e1&nbsp;<\/strong><\/p>\n<p>Inform\u00e1cie o predlohe:<\/p>\n<p><strong>Po\u010det kr\u00ed\u017eikov: 49 x 39<\/strong><br \/>\n<strong>Rozmer l\u00e1tky: 8.89 x 7.08 cm<\/strong><br \/>\n<strong>L\u00e1tka: <\/strong>14 ct aida<strong><br \/>\nBavlnky: <\/strong>DMC<br \/>\n<strong>Po\u010det farieb:<\/strong> 20 farieb, 2 blendy<br \/>\n<strong>Pou\u017eit\u00e9 techniky:<\/strong> kr\u00ed\u017eiky, ob\u0161\u00edvanie, franc\u00fazske uzl\u00edky<\/p>\n<h4>S\u00fabory na stiahnutie:<\/h4>\n<ul>\n<li><strong>pdf s\u00fabor<\/strong>\n<ul>\n<li>v \u010dierno-bielej verzii &#8211; s ob\u0161\u00edvan\u00edm a bez ob\u0161\u00edvania,<\/li>\n<li>vo farebnej verzii &#8211; s ob\u0161\u00edvan\u00edm a bez ob\u0161\u00edvania,<\/li>\n<li>zoznam po\u010dtu pou\u017eit\u00fdch vl\u00e1kien<\/li>\n<\/ul>\n<\/li>\n<li><strong>cssaga s\u00fabor<\/strong><\/li>\n<\/ul>\n<\/div>","protected":false},"excerpt":{"rendered":"<p>Detsk\u00e1 rados\u0165 a bezstarostnos\u0165 vo vesel\u00fdch farb\u00e1ch jarnej rozkvitnutej pr\u00edrody. Pridajte sa k zajkovi a jeho hre prostredn\u00edctvom veselej predlohy.<\/p>\n<p>Autorka predlohy: <strong>M\u00e1ria Erbenov\u00e1&nbsp;<\/strong><\/p>\n<p><strong>Po\u010det kr\u00ed\u017eikov: 49 x 39<\/strong><br \/>\n<strong>Rozmer l\u00e1tky: 8.89 x 7.08 cm<\/strong><br \/>\n<strong>Po\u010det farieb:<\/strong> 20 farieb, 2 blendy<\/p>\n","protected":false},"featured_media":26745,"comment_status":"open","ping_status":"closed","template":"","meta":{"_uag_custom_page_level_css":"","ngg_post_thumbnail":0},"product_cat":[243,257,134,131],"product_tag":[319,256,139,48,136,255],"aioseo_notices":[],"featured_image_urls":{"full":["https:\/\/www.megastitch.eu\/wp-content\/uploads\/2022\/01\/playing_with_the_wind_whbg_big_frame_ss.png",1331,1211,false],"thumbnail":["https:\/\/www.megastitch.eu\/wp-content\/uploads\/2022\/01\/playing_with_the_wind_whbg_big_frame_ss-150x150.png",150,150,true],"medium":["https:\/\/www.megastitch.eu\/wp-content\/uploads\/2022\/01\/playing_with_the_wind_whbg_big_frame_ss-300x273.png",300,273,true],"medium_large":["https:\/\/www.megastitch.eu\/wp-content\/uploads\/2022\/01\/playing_with_the_wind_whbg_big_frame_ss-768x699.png",768,699,true],"large":["https:\/\/www.megastitch.eu\/wp-content\/uploads\/2022\/01\/playing_with_the_wind_whbg_big_frame_ss-1024x932.png",1024,932,true],"1536x1536":["https:\/\/www.megastitch.eu\/wp-content\/uploads\/2022\/01\/playing_with_the_wind_whbg_big_frame_ss.png",1331,1211,false],"2048x2048":["https:\/\/www.megastitch.eu\/wp-content\/uploads\/2022\/01\/playing_with_the_wind_whbg_big_frame_ss.png",1331,1211,false],"ultp_layout_landscape_large":["https:\/\/www.megastitch.eu\/wp-content\/uploads\/2022\/01\/playing_with_the_wind_whbg_big_frame_ss-1200x800.png",1200,800,true],"ultp_layout_landscape":["https:\/\/www.megastitch.eu\/wp-content\/uploads\/2022\/01\/playing_with_the_wind_whbg_big_frame_ss-870x570.png",870,570,true],"ultp_layout_portrait":["https:\/\/www.megastitch.eu\/wp-content\/uploads\/2022\/01\/playing_with_the_wind_whbg_big_frame_ss-600x900.png",600,900,true],"ultp_layout_square":["https:\/\/www.megastitch.eu\/wp-content\/uploads\/2022\/01\/playing_with_the_wind_whbg_big_frame_ss-600x600.png",600,600,true],"molla_post-grid":["https:\/\/www.megastitch.eu\/wp-content\/uploads\/2022\/01\/playing_with_the_wind_whbg_big_frame_ss-400x267.png",400,267,true],"woocommerce_thumbnail":["https:\/\/www.megastitch.eu\/wp-content\/uploads\/2022\/01\/playing_with_the_wind_whbg_big_frame_ss-300x273.png",300,273,true],"woocommerce_single":["https:\/\/www.megastitch.eu\/wp-content\/uploads\/2022\/01\/playing_with_the_wind_whbg_big_frame_ss-600x546.png",600,546,true],"woocommerce_gallery_thumbnail":["https:\/\/www.megastitch.eu\/wp-content\/uploads\/2022\/01\/playing_with_the_wind_whbg_big_frame_ss-100x100.png",100,100,true]},"post_excerpt_stackable":"<p>Detsk\u00e1 rados\u0165 a bezstarostnos\u0165 vo vesel\u00fdch farb\u00e1ch jarnej rozkvitnutej pr\u00edrody. Pridajte sa k zajkovi a jeho hre prostredn\u00edctvom veselej predlohy.<\/p>\n<p>Autorka predlohy: <strong>M\u00e1ria Erbenov\u00e1&nbsp;<\/strong><\/p>\n<p><strong>Po\u010det kr\u00ed\u017eikov: 49 x 39<\/strong><br \/>\n<strong>Rozmer l\u00e1tky: 8.89 x 7.08 cm<\/strong><br \/>\n<strong>Po\u010det farieb:<\/strong> 20 farieb, 2 blendy<\/p>\n","category_list":"","author_info":{"name":"","url":""},"comments_num":"0 comments","featured_image_urls_v2":{"full":["https:\/\/www.megastitch.eu\/wp-content\/uploads\/2022\/01\/playing_with_the_wind_whbg_big_frame_ss.png",1331,1211,false],"thumbnail":["https:\/\/www.megastitch.eu\/wp-content\/uploads\/2022\/01\/playing_with_the_wind_whbg_big_frame_ss-150x150.png",150,150,true],"medium":["https:\/\/www.megastitch.eu\/wp-content\/uploads\/2022\/01\/playing_with_the_wind_whbg_big_frame_ss-300x273.png",300,273,true],"medium_large":["https:\/\/www.megastitch.eu\/wp-content\/uploads\/2022\/01\/playing_with_the_wind_whbg_big_frame_ss-768x699.png",768,699,true],"large":["https:\/\/www.megastitch.eu\/wp-content\/uploads\/2022\/01\/playing_with_the_wind_whbg_big_frame_ss-1024x932.png",1024,932,true],"1536x1536":["https:\/\/www.megastitch.eu\/wp-content\/uploads\/2022\/01\/playing_with_the_wind_whbg_big_frame_ss.png",1331,1211,false],"2048x2048":["https:\/\/www.megastitch.eu\/wp-content\/uploads\/2022\/01\/playing_with_the_wind_whbg_big_frame_ss.png",1331,1211,false],"ultp_layout_landscape_large":["https:\/\/www.megastitch.eu\/wp-content\/uploads\/2022\/01\/playing_with_the_wind_whbg_big_frame_ss-1200x800.png",1200,800,true],"ultp_layout_landscape":["https:\/\/www.megastitch.eu\/wp-content\/uploads\/2022\/01\/playing_with_the_wind_whbg_big_frame_ss-870x570.png",870,570,true],"ultp_layout_portrait":["https:\/\/www.megastitch.eu\/wp-content\/uploads\/2022\/01\/playing_with_the_wind_whbg_big_frame_ss-600x900.png",600,900,true],"ultp_layout_square":["https:\/\/www.megastitch.eu\/wp-content\/uploads\/2022\/01\/playing_with_the_wind_whbg_big_frame_ss-600x600.png",600,600,true],"molla_post-grid":["https:\/\/www.megastitch.eu\/wp-content\/uploads\/2022\/01\/playing_with_the_wind_whbg_big_frame_ss-400x267.png",400,267,true],"woocommerce_thumbnail":["https:\/\/www.megastitch.eu\/wp-content\/uploads\/2022\/01\/playing_with_the_wind_whbg_big_frame_ss-300x273.png",300,273,true],"woocommerce_single":["https:\/\/www.megastitch.eu\/wp-content\/uploads\/2022\/01\/playing_with_the_wind_whbg_big_frame_ss-600x546.png",600,546,true],"woocommerce_gallery_thumbnail":["https:\/\/www.megastitch.eu\/wp-content\/uploads\/2022\/01\/playing_with_the_wind_whbg_big_frame_ss-100x100.png",100,100,true]},"post_excerpt_stackable_v2":"<p>Detsk\u00e1 rados\u0165 a bezstarostnos\u0165 vo vesel\u00fdch farb\u00e1ch jarnej rozkvitnutej pr\u00edrody. Pridajte sa k zajkovi a jeho hre prostredn\u00edctvom veselej predlohy.<\/p>\n<p>Autorka predlohy: <strong>M\u00e1ria Erbenov\u00e1&nbsp;<\/strong><\/p>\n<p><strong>Po\u010det kr\u00ed\u017eikov: 49 x 39<\/strong><br \/>\n<strong>Rozmer l\u00e1tky: 8.89 x 7.08 cm<\/strong><br \/>\n<strong>Po\u010det farieb:<\/strong> 20 farieb, 2 blendy<\/p>\n","category_list_v2":"","author_info_v2":{"name":"","url":""},"comments_num_v2":"0 comments","uagb_featured_image_src":{"full":["https:\/\/www.megastitch.eu\/wp-content\/uploads\/2022\/01\/playing_with_the_wind_whbg_big_frame_ss.png",1331,1211,false],"thumbnail":["https:\/\/www.megastitch.eu\/wp-content\/uploads\/2022\/01\/playing_with_the_wind_whbg_big_frame_ss-150x150.png",150,150,true],"medium":["https:\/\/www.megastitch.eu\/wp-content\/uploads\/2022\/01\/playing_with_the_wind_whbg_big_frame_ss-300x273.png",300,273,true],"medium_large":["https:\/\/www.megastitch.eu\/wp-content\/uploads\/2022\/01\/playing_with_the_wind_whbg_big_frame_ss-768x699.png",768,699,true],"large":["https:\/\/www.megastitch.eu\/wp-content\/uploads\/2022\/01\/playing_with_the_wind_whbg_big_frame_ss-1024x932.png",1024,932,true],"1536x1536":["https:\/\/www.megastitch.eu\/wp-content\/uploads\/2022\/01\/playing_with_the_wind_whbg_big_frame_ss.png",1331,1211,false],"2048x2048":["https:\/\/www.megastitch.eu\/wp-content\/uploads\/2022\/01\/playing_with_the_wind_whbg_big_frame_ss.png",1331,1211,false],"ultp_layout_landscape_large":["https:\/\/www.megastitch.eu\/wp-content\/uploads\/2022\/01\/playing_with_the_wind_whbg_big_frame_ss-1200x800.png",1200,800,true],"ultp_layout_landscape":["https:\/\/www.megastitch.eu\/wp-content\/uploads\/2022\/01\/playing_with_the_wind_whbg_big_frame_ss-870x570.png",870,570,true],"ultp_layout_portrait":["https:\/\/www.megastitch.eu\/wp-content\/uploads\/2022\/01\/playing_with_the_wind_whbg_big_frame_ss-600x900.png",600,900,true],"ultp_layout_square":["https:\/\/www.megastitch.eu\/wp-content\/uploads\/2022\/01\/playing_with_the_wind_whbg_big_frame_ss-600x600.png",600,600,true],"molla_post-grid":["https:\/\/www.megastitch.eu\/wp-content\/uploads\/2022\/01\/playing_with_the_wind_whbg_big_frame_ss-400x267.png",400,267,true],"woocommerce_thumbnail":["https:\/\/www.megastitch.eu\/wp-content\/uploads\/2022\/01\/playing_with_the_wind_whbg_big_frame_ss-300x273.png",300,273,true],"woocommerce_single":["https:\/\/www.megastitch.eu\/wp-content\/uploads\/2022\/01\/playing_with_the_wind_whbg_big_frame_ss-600x546.png",600,546,true],"woocommerce_gallery_thumbnail":["https:\/\/www.megastitch.eu\/wp-content\/uploads\/2022\/01\/playing_with_the_wind_whbg_big_frame_ss-100x100.png",100,100,true]},"uagb_author_info":{"display_name":"monika","author_link":"https:\/\/www.megastitch.eu\/cs\/author\/"},"uagb_comment_info":0,"uagb_excerpt":"Detsk\u00e1 rados\u0165 a bezstarostnos\u0165 vo vesel\u00fdch farb\u00e1ch jarnej rozkvitnutej pr\u00edrody. Pridajte sa k zajkovi a jeho hre prostredn\u00edctvom veselej predlohy. Autorka predlohy: M\u00e1ria Erbenov\u00e1&nbsp; Po\u010det kr\u00ed\u017eikov: 49 x 39 Rozmer l\u00e1tky: 8.89 x 7.08 cm Po\u010det farieb: 20 farieb, 2 blendy","_links":{"self":[{"href":"https:\/\/www.megastitch.eu\/cs\/wp-json\/wp\/v2\/product\/26738"}],"collection":[{"href":"https:\/\/www.megastitch.eu\/cs\/wp-json\/wp\/v2\/product"}],"about":[{"href":"https:\/\/www.megastitch.eu\/cs\/wp-json\/wp\/v2\/types\/product"}],"replies":[{"embeddable":true,"href":"https:\/\/www.megastitch.eu\/cs\/wp-json\/wp\/v2\/comments?post=26738"}],"wp:featuredmedia":[{"embeddable":true,"href":"https:\/\/www.megastitch.eu\/cs\/wp-json\/wp\/v2\/media\/26745"}],"wp:attachment":[{"href":"https:\/\/www.megastitch.eu\/cs\/wp-json\/wp\/v2\/media?parent=26738"}],"wp:term":[{"taxonomy":"product_cat","embeddable":true,"href":"https:\/\/www.megastitch.eu\/cs\/wp-json\/wp\/v2\/product_cat?post=26738"},{"taxonomy":"product_tag","embeddable":true,"href":"https:\/\/www.megastitch.eu\/cs\/wp-json\/wp\/v2\/product_tag?post=26738"}],"curies":[{"name":"wp","href":"https:\/\/api.w.org\/{rel}","templated":true}]}}