	{"id":26758,"date":"2022-02-08T11:16:14","date_gmt":"2022-02-08T10:16:14","guid":{"rendered":"https:\/\/www.megastitch.eu\/?post_type=product&#038;p=26758"},"modified":"2025-03-07T16:27:00","modified_gmt":"2025-03-07T15:27:00","slug":"cinska-ruza","status":"publish","type":"product","link":"https:\/\/www.megastitch.eu\/cs\/obchod\/predlohy-na-vysivanie\/male-predlohy\/cinska-ruza\/","title":{"rendered":"\u010c\u00ednska ru\u017ea"},"content":{"rendered":"<div class=\"nolwrap\"><p>Jar, tepl\u00e9 l\u00fa\u010de slnka, rozkvitnut\u00e9 kvety&#8230; Obdobie, ktor\u00e9 sn\u00e1\u010f miluje ka\u017ed\u00fd. Pr\u00e1ve jar bola in\u0161pir\u00e1ciou na predlohu Ibi\u0161teka, v jeho dokonal\u00fdch farb\u00e1ch. Majest\u00e1tny, no z\u00e1rove\u0148 jemn\u00fd a ne\u017en\u00fd, pln\u00fd novej sily. Je zasaden\u00fd do \u010d\u00edslice 8, ktor\u00e1 symbolizuje 8.marec De\u0148 \u017eien. Darujte t\u00fato kr\u00e1snu predlohu ako prejav \u00facty, va\u0161im drah\u00fdm \u017een\u00e1m. Ka\u017ed\u00e1 si zasl\u00fa\u017ei kvet aby kvitla aj ona sama.<\/p>\n<p>Autorka predlohy: <strong>M\u00e1ria Erbenov\u00e1&nbsp;<\/strong><\/p>\n<p>Inform\u00e1cie o predlohe:<\/p>\n<p><strong>Po\u010det kr\u00ed\u017eikov: 35 x 57<\/strong><br \/>\n<strong>Rozmer l\u00e1tky: 6.35 x 10.34 cm<\/strong><br \/>\n<strong>L\u00e1tka: <\/strong>14 ct aida<strong><br \/>\nBavlnky: <\/strong>DMC<br \/>\n<strong>Po\u010det farieb:<\/strong> 22 farieb, 3 blendy<br \/>\n<strong>Pou\u017eit\u00e9 techniky:<\/strong> kr\u00ed\u017eiky, ob\u0161\u00edvanie, franc\u00fazske uzl\u00edky<\/p>\n<h4>S\u00fabory na stiahnutie:<\/h4>\n<ul>\n<li><strong>pdf s\u00fabor<\/strong>\n<ul>\n<li>v \u010dierno-bielej verzii &#8211; s ob\u0161\u00edvan\u00edm a bez ob\u0161\u00edvania,<\/li>\n<li>vo farebnej verzii &#8211; s ob\u0161\u00edvan\u00edm a bez ob\u0161\u00edvania,<\/li>\n<li>zoznam po\u010dtu pou\u017eit\u00fdch vl\u00e1kien<\/li>\n<\/ul>\n<\/li>\n<li><strong>cssaga s\u00fabor<\/strong><\/li>\n<\/ul>\n<\/div>","protected":false},"excerpt":{"rendered":"<p>Milujete rozkvitnut\u00e9 kvety? Ibi\u0161tek vo v\u00fdrazn\u00fdch farb\u00e1ch s rados\u0165ou ozdob\u00ed a obohat\u00ed, ka\u017ed\u00fa v\u00fd\u0161ivkov\u00fa z\u00e1hradu. Vznikol z re\u00e1lneho kvietku ako vo\u013en\u00e1 tvorba.<\/p>\n<p>Autorka predlohy: <strong>M\u00e1ria Erbenov\u00e1&nbsp;<\/strong><\/p>\n<p><strong>Po\u010det kr\u00ed\u017eikov: 35 x 57<\/strong><br \/>\n<strong>Rozmer l\u00e1tky: 6.35 x 10.34 cm<\/strong><br \/>\n<strong>Po\u010det farieb:<\/strong> 22 farieb, 3 blendy<\/p>\n","protected":false},"featured_media":26765,"comment_status":"open","ping_status":"closed","template":"","meta":{"_uag_custom_page_level_css":"","ngg_post_thumbnail":0},"product_cat":[257,134,131,212],"product_tag":[319,344,256,139,378,48,208,136],"aioseo_notices":[],"featured_image_urls":{"full":["https:\/\/www.megastitch.eu\/wp-content\/uploads\/2022\/02\/hibiscus_frame_ss.jpg",1043,1307,false],"thumbnail":["https:\/\/www.megastitch.eu\/wp-content\/uploads\/2022\/02\/hibiscus_frame_ss-150x150.jpg",150,150,true],"medium":["https:\/\/www.megastitch.eu\/wp-content\/uploads\/2022\/02\/hibiscus_frame_ss-239x300.jpg",239,300,true],"medium_large":["https:\/\/www.megastitch.eu\/wp-content\/uploads\/2022\/02\/hibiscus_frame_ss-768x962.jpg",768,962,true],"large":["https:\/\/www.megastitch.eu\/wp-content\/uploads\/2022\/02\/hibiscus_frame_ss-817x1024.jpg",817,1024,true],"1536x1536":["https:\/\/www.megastitch.eu\/wp-content\/uploads\/2022\/02\/hibiscus_frame_ss.jpg",1043,1307,false],"2048x2048":["https:\/\/www.megastitch.eu\/wp-content\/uploads\/2022\/02\/hibiscus_frame_ss.jpg",1043,1307,false],"ultp_layout_landscape_large":["https:\/\/www.megastitch.eu\/wp-content\/uploads\/2022\/02\/hibiscus_frame_ss-1043x800.jpg",1043,800,true],"ultp_layout_landscape":["https:\/\/www.megastitch.eu\/wp-content\/uploads\/2022\/02\/hibiscus_frame_ss-870x570.jpg",870,570,true],"ultp_layout_portrait":["https:\/\/www.megastitch.eu\/wp-content\/uploads\/2022\/02\/hibiscus_frame_ss-600x900.jpg",600,900,true],"ultp_layout_square":["https:\/\/www.megastitch.eu\/wp-content\/uploads\/2022\/02\/hibiscus_frame_ss-600x600.jpg",600,600,true],"molla_post-grid":["https:\/\/www.megastitch.eu\/wp-content\/uploads\/2022\/02\/hibiscus_frame_ss-400x267.jpg",400,267,true],"woocommerce_thumbnail":["https:\/\/www.megastitch.eu\/wp-content\/uploads\/2022\/02\/hibiscus_frame_ss-300x376.jpg",300,376,true],"woocommerce_single":["https:\/\/www.megastitch.eu\/wp-content\/uploads\/2022\/02\/hibiscus_frame_ss-600x752.jpg",600,752,true],"woocommerce_gallery_thumbnail":["https:\/\/www.megastitch.eu\/wp-content\/uploads\/2022\/02\/hibiscus_frame_ss-100x100.jpg",100,100,true]},"post_excerpt_stackable":"<p>Milujete rozkvitnut\u00e9 kvety? Ibi\u0161tek vo v\u00fdrazn\u00fdch farb\u00e1ch s rados\u0165ou ozdob\u00ed a obohat\u00ed, ka\u017ed\u00fa v\u00fd\u0161ivkov\u00fa z\u00e1hradu. Vznikol z re\u00e1lneho kvietku ako vo\u013en\u00e1 tvorba.<\/p>\n<p>Autorka predlohy: <strong>M\u00e1ria Erbenov\u00e1&nbsp;<\/strong><\/p>\n<p><strong>Po\u010det kr\u00ed\u017eikov: 35 x 57<\/strong><br \/>\n<strong>Rozmer l\u00e1tky: 6.35 x 10.34 cm<\/strong><br \/>\n<strong>Po\u010det farieb:<\/strong> 22 farieb, 3 blendy<\/p>\n","category_list":"","author_info":{"name":"","url":""},"comments_num":"0 comments","featured_image_urls_v2":{"full":["https:\/\/www.megastitch.eu\/wp-content\/uploads\/2022\/02\/hibiscus_frame_ss.jpg",1043,1307,false],"thumbnail":["https:\/\/www.megastitch.eu\/wp-content\/uploads\/2022\/02\/hibiscus_frame_ss-150x150.jpg",150,150,true],"medium":["https:\/\/www.megastitch.eu\/wp-content\/uploads\/2022\/02\/hibiscus_frame_ss-239x300.jpg",239,300,true],"medium_large":["https:\/\/www.megastitch.eu\/wp-content\/uploads\/2022\/02\/hibiscus_frame_ss-768x962.jpg",768,962,true],"large":["https:\/\/www.megastitch.eu\/wp-content\/uploads\/2022\/02\/hibiscus_frame_ss-817x1024.jpg",817,1024,true],"1536x1536":["https:\/\/www.megastitch.eu\/wp-content\/uploads\/2022\/02\/hibiscus_frame_ss.jpg",1043,1307,false],"2048x2048":["https:\/\/www.megastitch.eu\/wp-content\/uploads\/2022\/02\/hibiscus_frame_ss.jpg",1043,1307,false],"ultp_layout_landscape_large":["https:\/\/www.megastitch.eu\/wp-content\/uploads\/2022\/02\/hibiscus_frame_ss-1043x800.jpg",1043,800,true],"ultp_layout_landscape":["https:\/\/www.megastitch.eu\/wp-content\/uploads\/2022\/02\/hibiscus_frame_ss-870x570.jpg",870,570,true],"ultp_layout_portrait":["https:\/\/www.megastitch.eu\/wp-content\/uploads\/2022\/02\/hibiscus_frame_ss-600x900.jpg",600,900,true],"ultp_layout_square":["https:\/\/www.megastitch.eu\/wp-content\/uploads\/2022\/02\/hibiscus_frame_ss-600x600.jpg",600,600,true],"molla_post-grid":["https:\/\/www.megastitch.eu\/wp-content\/uploads\/2022\/02\/hibiscus_frame_ss-400x267.jpg",400,267,true],"woocommerce_thumbnail":["https:\/\/www.megastitch.eu\/wp-content\/uploads\/2022\/02\/hibiscus_frame_ss-300x376.jpg",300,376,true],"woocommerce_single":["https:\/\/www.megastitch.eu\/wp-content\/uploads\/2022\/02\/hibiscus_frame_ss-600x752.jpg",600,752,true],"woocommerce_gallery_thumbnail":["https:\/\/www.megastitch.eu\/wp-content\/uploads\/2022\/02\/hibiscus_frame_ss-100x100.jpg",100,100,true]},"post_excerpt_stackable_v2":"<p>Milujete rozkvitnut\u00e9 kvety? Ibi\u0161tek vo v\u00fdrazn\u00fdch farb\u00e1ch s rados\u0165ou ozdob\u00ed a obohat\u00ed, ka\u017ed\u00fa v\u00fd\u0161ivkov\u00fa z\u00e1hradu. Vznikol z re\u00e1lneho kvietku ako vo\u013en\u00e1 tvorba.<\/p>\n<p>Autorka predlohy: <strong>M\u00e1ria Erbenov\u00e1&nbsp;<\/strong><\/p>\n<p><strong>Po\u010det kr\u00ed\u017eikov: 35 x 57<\/strong><br \/>\n<strong>Rozmer l\u00e1tky: 6.35 x 10.34 cm<\/strong><br \/>\n<strong>Po\u010det farieb:<\/strong> 22 farieb, 3 blendy<\/p>\n","category_list_v2":"","author_info_v2":{"name":"","url":""},"comments_num_v2":"0 comments","uagb_featured_image_src":{"full":["https:\/\/www.megastitch.eu\/wp-content\/uploads\/2022\/02\/hibiscus_frame_ss.jpg",1043,1307,false],"thumbnail":["https:\/\/www.megastitch.eu\/wp-content\/uploads\/2022\/02\/hibiscus_frame_ss-150x150.jpg",150,150,true],"medium":["https:\/\/www.megastitch.eu\/wp-content\/uploads\/2022\/02\/hibiscus_frame_ss-239x300.jpg",239,300,true],"medium_large":["https:\/\/www.megastitch.eu\/wp-content\/uploads\/2022\/02\/hibiscus_frame_ss-768x962.jpg",768,962,true],"large":["https:\/\/www.megastitch.eu\/wp-content\/uploads\/2022\/02\/hibiscus_frame_ss-817x1024.jpg",817,1024,true],"1536x1536":["https:\/\/www.megastitch.eu\/wp-content\/uploads\/2022\/02\/hibiscus_frame_ss.jpg",1043,1307,false],"2048x2048":["https:\/\/www.megastitch.eu\/wp-content\/uploads\/2022\/02\/hibiscus_frame_ss.jpg",1043,1307,false],"ultp_layout_landscape_large":["https:\/\/www.megastitch.eu\/wp-content\/uploads\/2022\/02\/hibiscus_frame_ss-1043x800.jpg",1043,800,true],"ultp_layout_landscape":["https:\/\/www.megastitch.eu\/wp-content\/uploads\/2022\/02\/hibiscus_frame_ss-870x570.jpg",870,570,true],"ultp_layout_portrait":["https:\/\/www.megastitch.eu\/wp-content\/uploads\/2022\/02\/hibiscus_frame_ss-600x900.jpg",600,900,true],"ultp_layout_square":["https:\/\/www.megastitch.eu\/wp-content\/uploads\/2022\/02\/hibiscus_frame_ss-600x600.jpg",600,600,true],"molla_post-grid":["https:\/\/www.megastitch.eu\/wp-content\/uploads\/2022\/02\/hibiscus_frame_ss-400x267.jpg",400,267,true],"woocommerce_thumbnail":["https:\/\/www.megastitch.eu\/wp-content\/uploads\/2022\/02\/hibiscus_frame_ss-300x376.jpg",300,376,true],"woocommerce_single":["https:\/\/www.megastitch.eu\/wp-content\/uploads\/2022\/02\/hibiscus_frame_ss-600x752.jpg",600,752,true],"woocommerce_gallery_thumbnail":["https:\/\/www.megastitch.eu\/wp-content\/uploads\/2022\/02\/hibiscus_frame_ss-100x100.jpg",100,100,true]},"uagb_author_info":{"display_name":"erbenova","author_link":"https:\/\/www.megastitch.eu\/cs\/author\/"},"uagb_comment_info":0,"uagb_excerpt":"Milujete rozkvitnut\u00e9 kvety? Ibi\u0161tek vo v\u00fdrazn\u00fdch farb\u00e1ch s rados\u0165ou ozdob\u00ed a obohat\u00ed, ka\u017ed\u00fa v\u00fd\u0161ivkov\u00fa z\u00e1hradu. Vznikol z re\u00e1lneho kvietku ako vo\u013en\u00e1 tvorba. Autorka predlohy: M\u00e1ria Erbenov\u00e1&nbsp; Po\u010det kr\u00ed\u017eikov: 35 x 57 Rozmer l\u00e1tky: 6.35 x 10.34 cm Po\u010det farieb: 22 farieb, 3 blendy","_links":{"self":[{"href":"https:\/\/www.megastitch.eu\/cs\/wp-json\/wp\/v2\/product\/26758"}],"collection":[{"href":"https:\/\/www.megastitch.eu\/cs\/wp-json\/wp\/v2\/product"}],"about":[{"href":"https:\/\/www.megastitch.eu\/cs\/wp-json\/wp\/v2\/types\/product"}],"replies":[{"embeddable":true,"href":"https:\/\/www.megastitch.eu\/cs\/wp-json\/wp\/v2\/comments?post=26758"}],"wp:featuredmedia":[{"embeddable":true,"href":"https:\/\/www.megastitch.eu\/cs\/wp-json\/wp\/v2\/media\/26765"}],"wp:attachment":[{"href":"https:\/\/www.megastitch.eu\/cs\/wp-json\/wp\/v2\/media?parent=26758"}],"wp:term":[{"taxonomy":"product_cat","embeddable":true,"href":"https:\/\/www.megastitch.eu\/cs\/wp-json\/wp\/v2\/product_cat?post=26758"},{"taxonomy":"product_tag","embeddable":true,"href":"https:\/\/www.megastitch.eu\/cs\/wp-json\/wp\/v2\/product_tag?post=26758"}],"curies":[{"name":"wp","href":"https:\/\/api.w.org\/{rel}","templated":true}]}}