	{"id":26789,"date":"2022-02-11T15:21:21","date_gmt":"2022-02-11T14:21:21","guid":{"rendered":"https:\/\/www.megastitch.eu\/?post_type=product&#038;p=26789"},"modified":"2023-10-30T19:21:58","modified_gmt":"2023-10-30T18:21:58","slug":"zvonceky","status":"publish","type":"product","link":"https:\/\/www.megastitch.eu\/cs\/obchod\/predlohy-na-vysivanie\/male-predlohy\/zvonceky\/","title":{"rendered":"Zvon\u010deky"},"content":{"rendered":"<div class=\"nolwrap\"><p>Zvuk zvon\u010dekov si \u010dasto sp\u00e1jame s dar\u010dekmi. Cink-cink, detsk\u00e9 o\u010di sa roz\u017eiaria, dar\u010deky s\u00fa pod strom\u010dekom. Ich skuto\u010dn\u00e1 symbolika je v\u0161ak in\u00e1. Cinkaj\u00face zvon\u010deky maj\u00fa privies\u0165 ove\u010dky sp\u00e4\u0165 k st\u00e1du, tak ako n\u00e1s Boh vedie spr\u00e1vnou cestou. Zvonenie zvon\u010dekov tie\u017e chr\u00e1ni srdce pred chamtivos\u0165ou a lakomos\u0165ou. Pripom\u00ednaj\u00fa n\u00e1m, \u017ee najd\u00f4le\u017eitej\u0161ou je \u013eudsk\u00e1 du\u0161a a l\u00e1ska. Nech u\u017e si zvon\u010deky sp\u00e1jate s \u010d\u00edmko\u013evek, prostredn\u00edctvom kr\u00e1snej predlohy nimi m\u00f4\u017eete pote\u0161i\u0165 du\u0161u a s l\u00e1skou obdarova\u0165 bl\u00edzkych.<\/p>\n<p>Autor ilustr\u00e1cie: <a title=\"Illustrator: Ilya Petruk\" href=\"https:\/\/www.instagram.com\/ilya_petruk\/\" target=\"_blank\" rel=\"noopener noreferrer\">Ilya Petruk<\/a><\/p>\n<p>Autorka predlohy: <strong>M\u00e1ria Erbenov\u00e1\u00a0<\/strong><\/p>\n<h4>Inform\u00e1cie o predlohe:<\/h4>\n<p><strong>Po\u010det kr\u00ed\u017eikov: 63 x 48<\/strong><br \/>\n<strong>Rozmer l\u00e1tky: 11.43 x 8.71 cm<\/strong><br \/>\n<strong>L\u00e1tka<\/strong>: 14 ct biela aida<br \/>\n<strong>Bavlnky: <\/strong>DMC<br \/>\n<strong>Po\u010det farieb: <\/strong>19 + 1 blend (mie\u0161an\u00e9 farby)<br \/>\n<strong>Pou\u017eit\u00e9 techniky:<\/strong> kr\u00ed\u017eiky, ob\u0161\u00edvanie<\/p>\n<h4>S\u00fabory na stiahnutie:<\/h4>\n<ul>\n<li><strong>pdf s\u00fabor<\/strong>\n<ul>\n<li>v \u010dierno-bielej verzii &#8211; s ob\u0161\u00edvan\u00edm a bez ob\u0161\u00edvania,<\/li>\n<li>vo farebnej verzii &#8211; s ob\u0161\u00edvan\u00edm a bez ob\u0161\u00edvania<\/li>\n<\/ul>\n<\/li>\n<li><strong>cssaga s\u00fabor<\/strong><\/li>\n<\/ul>\n<\/div>","protected":false},"excerpt":{"rendered":"<p><span style=\"font-weight: 400\">Zvuk zvon\u010dekov pripom\u00edna dar\u010deky. Chr\u00e1ni srdce pred chamtivos\u0165ou a lakomos\u0165ou. Pripom\u00edna n\u00e1m hodnotu du\u0161e a l\u00e1sky. Darujte si l\u00e1sku kr\u00e1snou predlohou. <\/span><\/p>\n<h4>Inform\u00e1cie o predlohe:<\/h4>\n<p><strong>Po\u010det kr\u00ed\u017eikov: 63 x 48<\/strong><br \/>\n<strong>Rozmer l\u00e1tky: 11.43 x 8.71 cm<\/strong><br \/>\n<strong>L\u00e1tka<\/strong>: 14 ct biela Aida<br \/>\n<strong>Bavlnky: <\/strong>DMC<br \/>\n<strong>Po\u010det farieb: <\/strong>19 + 1 blend (mie\u0161an\u00e9 farby)<br \/>\n<strong>Pou\u017eit\u00e9 techniky:<\/strong> kr\u00ed\u017eiky, ob\u0161\u00edvanie<\/p>\n","protected":false},"featured_media":26792,"comment_status":"open","ping_status":"closed","template":"","meta":{"_uag_custom_page_level_css":"","ngg_post_thumbnail":0},"product_cat":[134,131,171],"product_tag":[258,250,245,46],"aioseo_notices":[],"featured_image_urls":{"full":["https:\/\/www.megastitch.eu\/wp-content\/uploads\/2022\/02\/zvonceky_frame_ss-1.jpg",1344,1344,false],"thumbnail":["https:\/\/www.megastitch.eu\/wp-content\/uploads\/2022\/02\/zvonceky_frame_ss-1-150x150.jpg",150,150,true],"medium":["https:\/\/www.megastitch.eu\/wp-content\/uploads\/2022\/02\/zvonceky_frame_ss-1-300x300.jpg",300,300,true],"medium_large":["https:\/\/www.megastitch.eu\/wp-content\/uploads\/2022\/02\/zvonceky_frame_ss-1-768x768.jpg",768,768,true],"large":["https:\/\/www.megastitch.eu\/wp-content\/uploads\/2022\/02\/zvonceky_frame_ss-1-1024x1024.jpg",1024,1024,true],"1536x1536":["https:\/\/www.megastitch.eu\/wp-content\/uploads\/2022\/02\/zvonceky_frame_ss-1.jpg",1344,1344,false],"2048x2048":["https:\/\/www.megastitch.eu\/wp-content\/uploads\/2022\/02\/zvonceky_frame_ss-1.jpg",1344,1344,false],"ultp_layout_landscape_large":["https:\/\/www.megastitch.eu\/wp-content\/uploads\/2022\/02\/zvonceky_frame_ss-1-1200x800.jpg",1200,800,true],"ultp_layout_landscape":["https:\/\/www.megastitch.eu\/wp-content\/uploads\/2022\/02\/zvonceky_frame_ss-1-870x570.jpg",870,570,true],"ultp_layout_portrait":["https:\/\/www.megastitch.eu\/wp-content\/uploads\/2022\/02\/zvonceky_frame_ss-1-600x900.jpg",600,900,true],"ultp_layout_square":["https:\/\/www.megastitch.eu\/wp-content\/uploads\/2022\/02\/zvonceky_frame_ss-1-600x600.jpg",600,600,true],"molla_post-grid":["https:\/\/www.megastitch.eu\/wp-content\/uploads\/2022\/02\/zvonceky_frame_ss-1-400x267.jpg",400,267,true],"woocommerce_thumbnail":["https:\/\/www.megastitch.eu\/wp-content\/uploads\/2022\/02\/zvonceky_frame_ss-1-300x300.jpg",300,300,true],"woocommerce_single":["https:\/\/www.megastitch.eu\/wp-content\/uploads\/2022\/02\/zvonceky_frame_ss-1-600x600.jpg",600,600,true],"woocommerce_gallery_thumbnail":["https:\/\/www.megastitch.eu\/wp-content\/uploads\/2022\/02\/zvonceky_frame_ss-1-100x100.jpg",100,100,true]},"post_excerpt_stackable":"<p><span style=\"font-weight: 400\">Zvuk zvon\u010dekov pripom\u00edna dar\u010deky. Chr\u00e1ni srdce pred chamtivos\u0165ou a lakomos\u0165ou. Pripom\u00edna n\u00e1m hodnotu du\u0161e a l\u00e1sky. Darujte si l\u00e1sku kr\u00e1snou predlohou. <\/span><\/p>\n<h4>Inform\u00e1cie o predlohe:<\/h4>\n<p><strong>Po\u010det kr\u00ed\u017eikov: 63 x 48<\/strong><br \/>\n<strong>Rozmer l\u00e1tky: 11.43 x 8.71 cm<\/strong><br \/>\n<strong>L\u00e1tka<\/strong>: 14 ct biela Aida<br \/>\n<strong>Bavlnky: <\/strong>DMC<br \/>\n<strong>Po\u010det farieb: <\/strong>19 + 1 blend (mie\u0161an\u00e9 farby)<br \/>\n<strong>Pou\u017eit\u00e9 techniky:<\/strong> kr\u00ed\u017eiky, ob\u0161\u00edvanie<\/p>\n","category_list":"","author_info":{"name":"","url":""},"comments_num":"0 comments","featured_image_urls_v2":{"full":["https:\/\/www.megastitch.eu\/wp-content\/uploads\/2022\/02\/zvonceky_frame_ss-1.jpg",1344,1344,false],"thumbnail":["https:\/\/www.megastitch.eu\/wp-content\/uploads\/2022\/02\/zvonceky_frame_ss-1-150x150.jpg",150,150,true],"medium":["https:\/\/www.megastitch.eu\/wp-content\/uploads\/2022\/02\/zvonceky_frame_ss-1-300x300.jpg",300,300,true],"medium_large":["https:\/\/www.megastitch.eu\/wp-content\/uploads\/2022\/02\/zvonceky_frame_ss-1-768x768.jpg",768,768,true],"large":["https:\/\/www.megastitch.eu\/wp-content\/uploads\/2022\/02\/zvonceky_frame_ss-1-1024x1024.jpg",1024,1024,true],"1536x1536":["https:\/\/www.megastitch.eu\/wp-content\/uploads\/2022\/02\/zvonceky_frame_ss-1.jpg",1344,1344,false],"2048x2048":["https:\/\/www.megastitch.eu\/wp-content\/uploads\/2022\/02\/zvonceky_frame_ss-1.jpg",1344,1344,false],"ultp_layout_landscape_large":["https:\/\/www.megastitch.eu\/wp-content\/uploads\/2022\/02\/zvonceky_frame_ss-1-1200x800.jpg",1200,800,true],"ultp_layout_landscape":["https:\/\/www.megastitch.eu\/wp-content\/uploads\/2022\/02\/zvonceky_frame_ss-1-870x570.jpg",870,570,true],"ultp_layout_portrait":["https:\/\/www.megastitch.eu\/wp-content\/uploads\/2022\/02\/zvonceky_frame_ss-1-600x900.jpg",600,900,true],"ultp_layout_square":["https:\/\/www.megastitch.eu\/wp-content\/uploads\/2022\/02\/zvonceky_frame_ss-1-600x600.jpg",600,600,true],"molla_post-grid":["https:\/\/www.megastitch.eu\/wp-content\/uploads\/2022\/02\/zvonceky_frame_ss-1-400x267.jpg",400,267,true],"woocommerce_thumbnail":["https:\/\/www.megastitch.eu\/wp-content\/uploads\/2022\/02\/zvonceky_frame_ss-1-300x300.jpg",300,300,true],"woocommerce_single":["https:\/\/www.megastitch.eu\/wp-content\/uploads\/2022\/02\/zvonceky_frame_ss-1-600x600.jpg",600,600,true],"woocommerce_gallery_thumbnail":["https:\/\/www.megastitch.eu\/wp-content\/uploads\/2022\/02\/zvonceky_frame_ss-1-100x100.jpg",100,100,true]},"post_excerpt_stackable_v2":"<p><span style=\"font-weight: 400\">Zvuk zvon\u010dekov pripom\u00edna dar\u010deky. Chr\u00e1ni srdce pred chamtivos\u0165ou a lakomos\u0165ou. Pripom\u00edna n\u00e1m hodnotu du\u0161e a l\u00e1sky. Darujte si l\u00e1sku kr\u00e1snou predlohou. <\/span><\/p>\n<h4>Inform\u00e1cie o predlohe:<\/h4>\n<p><strong>Po\u010det kr\u00ed\u017eikov: 63 x 48<\/strong><br \/>\n<strong>Rozmer l\u00e1tky: 11.43 x 8.71 cm<\/strong><br \/>\n<strong>L\u00e1tka<\/strong>: 14 ct biela Aida<br \/>\n<strong>Bavlnky: <\/strong>DMC<br \/>\n<strong>Po\u010det farieb: <\/strong>19 + 1 blend (mie\u0161an\u00e9 farby)<br \/>\n<strong>Pou\u017eit\u00e9 techniky:<\/strong> kr\u00ed\u017eiky, ob\u0161\u00edvanie<\/p>\n","category_list_v2":"","author_info_v2":{"name":"","url":""},"comments_num_v2":"0 comments","uagb_featured_image_src":{"full":["https:\/\/www.megastitch.eu\/wp-content\/uploads\/2022\/02\/zvonceky_frame_ss-1.jpg",1344,1344,false],"thumbnail":["https:\/\/www.megastitch.eu\/wp-content\/uploads\/2022\/02\/zvonceky_frame_ss-1-150x150.jpg",150,150,true],"medium":["https:\/\/www.megastitch.eu\/wp-content\/uploads\/2022\/02\/zvonceky_frame_ss-1-300x300.jpg",300,300,true],"medium_large":["https:\/\/www.megastitch.eu\/wp-content\/uploads\/2022\/02\/zvonceky_frame_ss-1-768x768.jpg",768,768,true],"large":["https:\/\/www.megastitch.eu\/wp-content\/uploads\/2022\/02\/zvonceky_frame_ss-1-1024x1024.jpg",1024,1024,true],"1536x1536":["https:\/\/www.megastitch.eu\/wp-content\/uploads\/2022\/02\/zvonceky_frame_ss-1.jpg",1344,1344,false],"2048x2048":["https:\/\/www.megastitch.eu\/wp-content\/uploads\/2022\/02\/zvonceky_frame_ss-1.jpg",1344,1344,false],"ultp_layout_landscape_large":["https:\/\/www.megastitch.eu\/wp-content\/uploads\/2022\/02\/zvonceky_frame_ss-1-1200x800.jpg",1200,800,true],"ultp_layout_landscape":["https:\/\/www.megastitch.eu\/wp-content\/uploads\/2022\/02\/zvonceky_frame_ss-1-870x570.jpg",870,570,true],"ultp_layout_portrait":["https:\/\/www.megastitch.eu\/wp-content\/uploads\/2022\/02\/zvonceky_frame_ss-1-600x900.jpg",600,900,true],"ultp_layout_square":["https:\/\/www.megastitch.eu\/wp-content\/uploads\/2022\/02\/zvonceky_frame_ss-1-600x600.jpg",600,600,true],"molla_post-grid":["https:\/\/www.megastitch.eu\/wp-content\/uploads\/2022\/02\/zvonceky_frame_ss-1-400x267.jpg",400,267,true],"woocommerce_thumbnail":["https:\/\/www.megastitch.eu\/wp-content\/uploads\/2022\/02\/zvonceky_frame_ss-1-300x300.jpg",300,300,true],"woocommerce_single":["https:\/\/www.megastitch.eu\/wp-content\/uploads\/2022\/02\/zvonceky_frame_ss-1-600x600.jpg",600,600,true],"woocommerce_gallery_thumbnail":["https:\/\/www.megastitch.eu\/wp-content\/uploads\/2022\/02\/zvonceky_frame_ss-1-100x100.jpg",100,100,true]},"uagb_author_info":{"display_name":"pagacova","author_link":"https:\/\/www.megastitch.eu\/cs\/author\/"},"uagb_comment_info":0,"uagb_excerpt":"Zvuk zvon\u010dekov pripom\u00edna dar\u010deky. Chr\u00e1ni srdce pred chamtivos\u0165ou a lakomos\u0165ou. Pripom\u00edna n\u00e1m hodnotu du\u0161e a l\u00e1sky. Darujte si l\u00e1sku kr\u00e1snou predlohou. Inform\u00e1cie o predlohe: Po\u010det kr\u00ed\u017eikov: 63 x 48 Rozmer l\u00e1tky: 11.43 x 8.71 cm L\u00e1tka: 14 ct biela Aida Bavlnky: DMC Po\u010det farieb: 19 + 1 blend (mie\u0161an\u00e9 farby) Pou\u017eit\u00e9 techniky: kr\u00ed\u017eiky, ob\u0161\u00edvanie","_links":{"self":[{"href":"https:\/\/www.megastitch.eu\/cs\/wp-json\/wp\/v2\/product\/26789"}],"collection":[{"href":"https:\/\/www.megastitch.eu\/cs\/wp-json\/wp\/v2\/product"}],"about":[{"href":"https:\/\/www.megastitch.eu\/cs\/wp-json\/wp\/v2\/types\/product"}],"replies":[{"embeddable":true,"href":"https:\/\/www.megastitch.eu\/cs\/wp-json\/wp\/v2\/comments?post=26789"}],"wp:featuredmedia":[{"embeddable":true,"href":"https:\/\/www.megastitch.eu\/cs\/wp-json\/wp\/v2\/media\/26792"}],"wp:attachment":[{"href":"https:\/\/www.megastitch.eu\/cs\/wp-json\/wp\/v2\/media?parent=26789"}],"wp:term":[{"taxonomy":"product_cat","embeddable":true,"href":"https:\/\/www.megastitch.eu\/cs\/wp-json\/wp\/v2\/product_cat?post=26789"},{"taxonomy":"product_tag","embeddable":true,"href":"https:\/\/www.megastitch.eu\/cs\/wp-json\/wp\/v2\/product_tag?post=26789"}],"curies":[{"name":"wp","href":"https:\/\/api.w.org\/{rel}","templated":true}]}}