	{"id":26845,"date":"2022-02-21T16:06:37","date_gmt":"2022-02-21T15:06:37","guid":{"rendered":"https:\/\/www.megastitch.eu\/?post_type=product&#038;p=26845"},"modified":"2023-08-13T00:05:42","modified_gmt":"2023-08-12T22:05:42","slug":"plastova-podlozka-na-vysivanie-vzor-vianocne-gule","status":"publish","type":"product","link":"https:\/\/www.megastitch.eu\/cs\/obchod\/podklady-na-vysivanie\/plastove-podklady-na-vysivanie\/plastova-podlozka-na-vysivanie-vzor-vianocne-gule\/","title":{"rendered":"Plastov\u00e1 podlo\u017eka na vy\u0161\u00edvanie, vzor Viano\u010dn\u00e9 gule"},"content":{"rendered":"<div class=\"nolwrap\"><p>Viano\u010dn\u00fd strom\u010dek je stredobodom viano\u010dnej atmosf\u00e9ry. \u010castokr\u00e1t s\u00fa ozdoby dedi\u010dstvom nieko\u013ek\u00fdch gener\u00e1ci\u00ed. Pomocou podlo\u017eiek v tvare viano\u010dnej gule a jedine\u010dn\u00fdch mot\u00edvov na predloh\u00e1ch k nim, si vy\u010darujete netradi\u010dn\u00e9 a nad\u010dasov\u00e9 viano\u010dn\u00e9 ozdoby. Bud\u00fa n\u00e1dhernou spomienkou, ktor\u00e1 prostredn\u00edctvom nich pretrv\u00e1 po cel\u00e9 veky. Zadn\u00fa stranu tvor\u00ed biela pls\u0165.<\/p>\n<p><strong>Materi\u00e1l:<\/strong> plast 3 mm.<br \/>\nZadn\u00e1 strana pre materi\u00e1l: pls\u0165.<\/p>\n<p><strong>Rozmery<\/strong>: 10 x 11 cm.<\/p>\n<p><strong>Po\u010det kr\u00ed\u017eikov: 54 x 61<\/strong><\/p>\n<p>Zak\u00fapte si predlohy zo s\u00e9rie <a href=\"https:\/\/www.megastitch.eu\/znacka-produktu\/vianocne-gule\/\">Viano\u010dn\u00e9 gule<\/a>, ktor\u00e9 s\u00fa vytvoren\u00e9 \u0161peci\u00e1lne pre tento podklad.<\/p>\n<\/div>","protected":false},"excerpt":{"rendered":"<p><span style=\"font-weight: 400\">Plastov\u00e1 podlo\u017eka na vy\u0161\u00edvanie dod\u00e1 va\u0161ej v\u00fd\u0161ivke neodolate\u013en\u00fd \u0161arm a re\u00e1lny vzh\u013ead. Vy\u0161ite predlohu viano\u010dn\u00fdch g\u00fa\u013e na plastov\u00fd podklad.<br \/>\n<\/span><\/p>\n<p><strong>Materi\u00e1l:<\/strong> plast 2 mm.<br \/>\nZadn\u00e1 strana pre materi\u00e1l: pls\u0165.<\/p>\n","protected":false},"featured_media":26847,"comment_status":"open","ping_status":"closed","template":"","meta":{"_uag_custom_page_level_css":"","ngg_post_thumbnail":0},"product_cat":[275],"product_tag":[46,246],"aioseo_notices":[],"featured_image_urls":{"full":["https:\/\/www.megastitch.eu\/wp-content\/uploads\/2022\/02\/plastove-gule-sm-ms.jpg",1000,1333,false],"thumbnail":["https:\/\/www.megastitch.eu\/wp-content\/uploads\/2022\/02\/plastove-gule-sm-ms-150x150.jpg",150,150,true],"medium":["https:\/\/www.megastitch.eu\/wp-content\/uploads\/2022\/02\/plastove-gule-sm-ms-225x300.jpg",225,300,true],"medium_large":["https:\/\/www.megastitch.eu\/wp-content\/uploads\/2022\/02\/plastove-gule-sm-ms-768x1024.jpg",768,1024,true],"large":["https:\/\/www.megastitch.eu\/wp-content\/uploads\/2022\/02\/plastove-gule-sm-ms-768x1024.jpg",768,1024,true],"1536x1536":["https:\/\/www.megastitch.eu\/wp-content\/uploads\/2022\/02\/plastove-gule-sm-ms.jpg",1000,1333,false],"2048x2048":["https:\/\/www.megastitch.eu\/wp-content\/uploads\/2022\/02\/plastove-gule-sm-ms.jpg",1000,1333,false],"ultp_layout_landscape_large":["https:\/\/www.megastitch.eu\/wp-content\/uploads\/2022\/02\/plastove-gule-sm-ms-1000x800.jpg",1000,800,true],"ultp_layout_landscape":["https:\/\/www.megastitch.eu\/wp-content\/uploads\/2022\/02\/plastove-gule-sm-ms-870x570.jpg",870,570,true],"ultp_layout_portrait":["https:\/\/www.megastitch.eu\/wp-content\/uploads\/2022\/02\/plastove-gule-sm-ms-600x900.jpg",600,900,true],"ultp_layout_square":["https:\/\/www.megastitch.eu\/wp-content\/uploads\/2022\/02\/plastove-gule-sm-ms-600x600.jpg",600,600,true],"molla_post-grid":["https:\/\/www.megastitch.eu\/wp-content\/uploads\/2022\/02\/plastove-gule-sm-ms-400x267.jpg",400,267,true],"woocommerce_thumbnail":["https:\/\/www.megastitch.eu\/wp-content\/uploads\/2022\/02\/plastove-gule-sm-ms-300x400.jpg",300,400,true],"woocommerce_single":["https:\/\/www.megastitch.eu\/wp-content\/uploads\/2022\/02\/plastove-gule-sm-ms-600x800.jpg",600,800,true],"woocommerce_gallery_thumbnail":["https:\/\/www.megastitch.eu\/wp-content\/uploads\/2022\/02\/plastove-gule-sm-ms-100x100.jpg",100,100,true]},"post_excerpt_stackable":"<p><span style=\"font-weight: 400\">Plastov\u00e1 podlo\u017eka na vy\u0161\u00edvanie dod\u00e1 va\u0161ej v\u00fd\u0161ivke neodolate\u013en\u00fd \u0161arm a re\u00e1lny vzh\u013ead. Vy\u0161ite predlohu viano\u010dn\u00fdch g\u00fa\u013e na plastov\u00fd podklad.<br \/>\n<\/span><\/p>\n<p><strong>Materi\u00e1l:<\/strong> plast 2 mm.<br \/>\nZadn\u00e1 strana pre materi\u00e1l: pls\u0165.<\/p>\n","category_list":"","author_info":{"name":"","url":""},"comments_num":"0 comments","featured_image_urls_v2":{"full":["https:\/\/www.megastitch.eu\/wp-content\/uploads\/2022\/02\/plastove-gule-sm-ms.jpg",1000,1333,false],"thumbnail":["https:\/\/www.megastitch.eu\/wp-content\/uploads\/2022\/02\/plastove-gule-sm-ms-150x150.jpg",150,150,true],"medium":["https:\/\/www.megastitch.eu\/wp-content\/uploads\/2022\/02\/plastove-gule-sm-ms-225x300.jpg",225,300,true],"medium_large":["https:\/\/www.megastitch.eu\/wp-content\/uploads\/2022\/02\/plastove-gule-sm-ms-768x1024.jpg",768,1024,true],"large":["https:\/\/www.megastitch.eu\/wp-content\/uploads\/2022\/02\/plastove-gule-sm-ms-768x1024.jpg",768,1024,true],"1536x1536":["https:\/\/www.megastitch.eu\/wp-content\/uploads\/2022\/02\/plastove-gule-sm-ms.jpg",1000,1333,false],"2048x2048":["https:\/\/www.megastitch.eu\/wp-content\/uploads\/2022\/02\/plastove-gule-sm-ms.jpg",1000,1333,false],"ultp_layout_landscape_large":["https:\/\/www.megastitch.eu\/wp-content\/uploads\/2022\/02\/plastove-gule-sm-ms-1000x800.jpg",1000,800,true],"ultp_layout_landscape":["https:\/\/www.megastitch.eu\/wp-content\/uploads\/2022\/02\/plastove-gule-sm-ms-870x570.jpg",870,570,true],"ultp_layout_portrait":["https:\/\/www.megastitch.eu\/wp-content\/uploads\/2022\/02\/plastove-gule-sm-ms-600x900.jpg",600,900,true],"ultp_layout_square":["https:\/\/www.megastitch.eu\/wp-content\/uploads\/2022\/02\/plastove-gule-sm-ms-600x600.jpg",600,600,true],"molla_post-grid":["https:\/\/www.megastitch.eu\/wp-content\/uploads\/2022\/02\/plastove-gule-sm-ms-400x267.jpg",400,267,true],"woocommerce_thumbnail":["https:\/\/www.megastitch.eu\/wp-content\/uploads\/2022\/02\/plastove-gule-sm-ms-300x400.jpg",300,400,true],"woocommerce_single":["https:\/\/www.megastitch.eu\/wp-content\/uploads\/2022\/02\/plastove-gule-sm-ms-600x800.jpg",600,800,true],"woocommerce_gallery_thumbnail":["https:\/\/www.megastitch.eu\/wp-content\/uploads\/2022\/02\/plastove-gule-sm-ms-100x100.jpg",100,100,true]},"post_excerpt_stackable_v2":"<p><span style=\"font-weight: 400\">Plastov\u00e1 podlo\u017eka na vy\u0161\u00edvanie dod\u00e1 va\u0161ej v\u00fd\u0161ivke neodolate\u013en\u00fd \u0161arm a re\u00e1lny vzh\u013ead. Vy\u0161ite predlohu viano\u010dn\u00fdch g\u00fa\u013e na plastov\u00fd podklad.<br \/>\n<\/span><\/p>\n<p><strong>Materi\u00e1l:<\/strong> plast 2 mm.<br \/>\nZadn\u00e1 strana pre materi\u00e1l: pls\u0165.<\/p>\n","category_list_v2":"","author_info_v2":{"name":"","url":""},"comments_num_v2":"0 comments","uagb_featured_image_src":{"full":["https:\/\/www.megastitch.eu\/wp-content\/uploads\/2022\/02\/plastove-gule-sm-ms.jpg",1000,1333,false],"thumbnail":["https:\/\/www.megastitch.eu\/wp-content\/uploads\/2022\/02\/plastove-gule-sm-ms-150x150.jpg",150,150,true],"medium":["https:\/\/www.megastitch.eu\/wp-content\/uploads\/2022\/02\/plastove-gule-sm-ms-225x300.jpg",225,300,true],"medium_large":["https:\/\/www.megastitch.eu\/wp-content\/uploads\/2022\/02\/plastove-gule-sm-ms-768x1024.jpg",768,1024,true],"large":["https:\/\/www.megastitch.eu\/wp-content\/uploads\/2022\/02\/plastove-gule-sm-ms-768x1024.jpg",768,1024,true],"1536x1536":["https:\/\/www.megastitch.eu\/wp-content\/uploads\/2022\/02\/plastove-gule-sm-ms.jpg",1000,1333,false],"2048x2048":["https:\/\/www.megastitch.eu\/wp-content\/uploads\/2022\/02\/plastove-gule-sm-ms.jpg",1000,1333,false],"ultp_layout_landscape_large":["https:\/\/www.megastitch.eu\/wp-content\/uploads\/2022\/02\/plastove-gule-sm-ms-1000x800.jpg",1000,800,true],"ultp_layout_landscape":["https:\/\/www.megastitch.eu\/wp-content\/uploads\/2022\/02\/plastove-gule-sm-ms-870x570.jpg",870,570,true],"ultp_layout_portrait":["https:\/\/www.megastitch.eu\/wp-content\/uploads\/2022\/02\/plastove-gule-sm-ms-600x900.jpg",600,900,true],"ultp_layout_square":["https:\/\/www.megastitch.eu\/wp-content\/uploads\/2022\/02\/plastove-gule-sm-ms-600x600.jpg",600,600,true],"molla_post-grid":["https:\/\/www.megastitch.eu\/wp-content\/uploads\/2022\/02\/plastove-gule-sm-ms-400x267.jpg",400,267,true],"woocommerce_thumbnail":["https:\/\/www.megastitch.eu\/wp-content\/uploads\/2022\/02\/plastove-gule-sm-ms-300x400.jpg",300,400,true],"woocommerce_single":["https:\/\/www.megastitch.eu\/wp-content\/uploads\/2022\/02\/plastove-gule-sm-ms-600x800.jpg",600,800,true],"woocommerce_gallery_thumbnail":["https:\/\/www.megastitch.eu\/wp-content\/uploads\/2022\/02\/plastove-gule-sm-ms-100x100.jpg",100,100,true]},"uagb_author_info":{"display_name":"erbenova","author_link":"https:\/\/www.megastitch.eu\/cs\/author\/"},"uagb_comment_info":0,"uagb_excerpt":"Plastov\u00e1 podlo\u017eka na vy\u0161\u00edvanie dod\u00e1 va\u0161ej v\u00fd\u0161ivke neodolate\u013en\u00fd \u0161arm a re\u00e1lny vzh\u013ead. Vy\u0161ite predlohu viano\u010dn\u00fdch g\u00fa\u013e na plastov\u00fd podklad. Materi\u00e1l: plast 2 mm. Zadn\u00e1 strana pre materi\u00e1l: pls\u0165.","_links":{"self":[{"href":"https:\/\/www.megastitch.eu\/cs\/wp-json\/wp\/v2\/product\/26845"}],"collection":[{"href":"https:\/\/www.megastitch.eu\/cs\/wp-json\/wp\/v2\/product"}],"about":[{"href":"https:\/\/www.megastitch.eu\/cs\/wp-json\/wp\/v2\/types\/product"}],"replies":[{"embeddable":true,"href":"https:\/\/www.megastitch.eu\/cs\/wp-json\/wp\/v2\/comments?post=26845"}],"wp:featuredmedia":[{"embeddable":true,"href":"https:\/\/www.megastitch.eu\/cs\/wp-json\/wp\/v2\/media\/26847"}],"wp:attachment":[{"href":"https:\/\/www.megastitch.eu\/cs\/wp-json\/wp\/v2\/media?parent=26845"}],"wp:term":[{"taxonomy":"product_cat","embeddable":true,"href":"https:\/\/www.megastitch.eu\/cs\/wp-json\/wp\/v2\/product_cat?post=26845"},{"taxonomy":"product_tag","embeddable":true,"href":"https:\/\/www.megastitch.eu\/cs\/wp-json\/wp\/v2\/product_tag?post=26845"}],"curies":[{"name":"wp","href":"https:\/\/api.w.org\/{rel}","templated":true}]}}