	{"id":26889,"date":"2022-02-21T18:08:29","date_gmt":"2022-02-21T17:08:29","guid":{"rendered":"https:\/\/www.megastitch.eu\/?post_type=product&#038;p=26889"},"modified":"2022-12-17T15:43:02","modified_gmt":"2022-12-17T14:43:02","slug":"dreveny-set-babika-ihelnicek","status":"publish","type":"product","link":"https:\/\/www.megastitch.eu\/cs\/obchod\/podklady-na-vysivanie\/drevene-podklady-na-vysivanie\/dreveny-set-babika-ihelnicek\/","title":{"rendered":"Dreven\u00fd set b\u00e1bika \/+iheln\u00ed\u010dek\/"},"content":{"rendered":"<div class=\"nolwrap\"><p>Ve\u013emi vydaren\u00fd, hrav\u00fd, dreven\u00fd set vhodn\u00fd nielen pre mal\u00e9 vy\u0161\u00edva\u010dky. M\u00f4\u017ee sa sta\u0165 dekor\u00e1ciou vo va\u0161om domove, pr\u00edpadne darom pre mal\u00fa sle\u010dnu ako hra\u010dka. S\u00fa\u010das\u0165ou sady je podstavec, b\u00e1bika, 2 podlo\u017eky na \u0161aty, pls\u0165, magnety a iheln\u00ed\u010dek . Ke\u010f u\u017e sa v\u00e1m farba \u0161iat zunuje, vy\u0161ijete si nov\u00fd vzor a \u0161aty vymen\u00edte. B\u00e1bika m\u00e1 rozmer 22,5 x 10 cm a priemer podlo\u017eky je 9 cm.<\/p>\n<p>L\u00edcna strana ur\u010den\u00e1 na vy\u0161\u00edvanie je t\u00e1 s v\u00e4\u010d\u0161\u00edmi dierkami.<\/p>\n<p><strong>Materi\u00e1l:<\/strong> preglejka 3 mm.<br \/>\nZadn\u00e1 strana pre materi\u00e1l: pls\u0165.<\/p>\n<p><strong>Rozmery:<\/strong><\/p>\n<p><strong>Po\u010det kr\u00ed\u017eikov:&nbsp; 49 x 80<br \/>\n<\/strong><\/p>\n<p>Zak\u00fapte si predlohu <a href=\"https:\/\/www.megastitch.eu\/kategoria-produktu\/predlohy-na-vysivanie\/male-predlohy\/\">\u0160aty pre b\u00e1biku,<\/a> ktor\u00e1 je vytvoren\u00e1 \u0161peci\u00e1lne pre tento podklad.<\/p>\n<\/div>","protected":false},"excerpt":{"rendered":"<p><span style=\"font-weight: 400\">N\u00e1dhern\u00fd dreven\u00fd set pote\u0161\u00ed nielen mal\u00e9 vy\u0161\u00edva\u010dky. Oble\u010dte svoju b\u00e1biku do kr\u00e1snych \u0161iat a ke\u010f sa v\u00e1m zunuj\u00fa, vy\u0161ijete a oble\u010diete jej \u010fal\u0161ie.<\/span><\/p>\n<p><strong>Materi\u00e1l:<\/strong> preglejka 3 mm.<br \/>\nZadn\u00e1 strana pre materi\u00e1l: pls\u0165.<\/p>\n<p>&nbsp;<\/p>\n","protected":false},"featured_media":26931,"comment_status":"open","ping_status":"closed","template":"","meta":{"_uag_custom_page_level_css":"","ngg_post_thumbnail":0},"product_cat":[230],"product_tag":[236,276],"aioseo_notices":[],"featured_image_urls":{"full":["https:\/\/www.megastitch.eu\/wp-content\/uploads\/2022\/02\/babika_set_ihelnicek-scaled.jpg",2560,1920,false],"thumbnail":["https:\/\/www.megastitch.eu\/wp-content\/uploads\/2022\/02\/babika_set_ihelnicek-150x150.jpg",150,150,true],"medium":["https:\/\/www.megastitch.eu\/wp-content\/uploads\/2022\/02\/babika_set_ihelnicek-300x225.jpg",300,225,true],"medium_large":["https:\/\/www.megastitch.eu\/wp-content\/uploads\/2022\/02\/babika_set_ihelnicek-768x576.jpg",768,576,true],"large":["https:\/\/www.megastitch.eu\/wp-content\/uploads\/2022\/02\/babika_set_ihelnicek-1024x768.jpg",1024,768,true],"1536x1536":["https:\/\/www.megastitch.eu\/wp-content\/uploads\/2022\/02\/babika_set_ihelnicek-1536x1152.jpg",1536,1152,true],"2048x2048":["https:\/\/www.megastitch.eu\/wp-content\/uploads\/2022\/02\/babika_set_ihelnicek-2048x1536.jpg",2048,1536,true],"ultp_layout_landscape_large":["https:\/\/www.megastitch.eu\/wp-content\/uploads\/2022\/02\/babika_set_ihelnicek-1200x800.jpg",1200,800,true],"ultp_layout_landscape":["https:\/\/www.megastitch.eu\/wp-content\/uploads\/2022\/02\/babika_set_ihelnicek-870x570.jpg",870,570,true],"ultp_layout_portrait":["https:\/\/www.megastitch.eu\/wp-content\/uploads\/2022\/02\/babika_set_ihelnicek-600x900.jpg",600,900,true],"ultp_layout_square":["https:\/\/www.megastitch.eu\/wp-content\/uploads\/2022\/02\/babika_set_ihelnicek-600x600.jpg",600,600,true],"molla_post-grid":["https:\/\/www.megastitch.eu\/wp-content\/uploads\/2022\/02\/babika_set_ihelnicek-400x267.jpg",400,267,true],"woocommerce_thumbnail":["https:\/\/www.megastitch.eu\/wp-content\/uploads\/2022\/02\/babika_set_ihelnicek-scaled-300x225.jpg",300,225,true],"woocommerce_single":["https:\/\/www.megastitch.eu\/wp-content\/uploads\/2022\/02\/babika_set_ihelnicek-600x450.jpg",600,450,true],"woocommerce_gallery_thumbnail":["https:\/\/www.megastitch.eu\/wp-content\/uploads\/2022\/02\/babika_set_ihelnicek-scaled-100x100.jpg",100,100,true]},"post_excerpt_stackable":"<p><span style=\"font-weight: 400\">N\u00e1dhern\u00fd dreven\u00fd set pote\u0161\u00ed nielen mal\u00e9 vy\u0161\u00edva\u010dky. Oble\u010dte svoju b\u00e1biku do kr\u00e1snych \u0161iat a ke\u010f sa v\u00e1m zunuj\u00fa, vy\u0161ijete a oble\u010diete jej \u010fal\u0161ie.<\/span><\/p>\n<p><strong>Materi\u00e1l:<\/strong> preglejka 3 mm.<br \/>\nZadn\u00e1 strana pre materi\u00e1l: pls\u0165.<\/p>\n<p>&nbsp;<\/p>\n","category_list":"","author_info":{"name":"","url":""},"comments_num":"0 comments","featured_image_urls_v2":{"full":["https:\/\/www.megastitch.eu\/wp-content\/uploads\/2022\/02\/babika_set_ihelnicek-scaled.jpg",2560,1920,false],"thumbnail":["https:\/\/www.megastitch.eu\/wp-content\/uploads\/2022\/02\/babika_set_ihelnicek-150x150.jpg",150,150,true],"medium":["https:\/\/www.megastitch.eu\/wp-content\/uploads\/2022\/02\/babika_set_ihelnicek-300x225.jpg",300,225,true],"medium_large":["https:\/\/www.megastitch.eu\/wp-content\/uploads\/2022\/02\/babika_set_ihelnicek-768x576.jpg",768,576,true],"large":["https:\/\/www.megastitch.eu\/wp-content\/uploads\/2022\/02\/babika_set_ihelnicek-1024x768.jpg",1024,768,true],"1536x1536":["https:\/\/www.megastitch.eu\/wp-content\/uploads\/2022\/02\/babika_set_ihelnicek-1536x1152.jpg",1536,1152,true],"2048x2048":["https:\/\/www.megastitch.eu\/wp-content\/uploads\/2022\/02\/babika_set_ihelnicek-2048x1536.jpg",2048,1536,true],"ultp_layout_landscape_large":["https:\/\/www.megastitch.eu\/wp-content\/uploads\/2022\/02\/babika_set_ihelnicek-1200x800.jpg",1200,800,true],"ultp_layout_landscape":["https:\/\/www.megastitch.eu\/wp-content\/uploads\/2022\/02\/babika_set_ihelnicek-870x570.jpg",870,570,true],"ultp_layout_portrait":["https:\/\/www.megastitch.eu\/wp-content\/uploads\/2022\/02\/babika_set_ihelnicek-600x900.jpg",600,900,true],"ultp_layout_square":["https:\/\/www.megastitch.eu\/wp-content\/uploads\/2022\/02\/babika_set_ihelnicek-600x600.jpg",600,600,true],"molla_post-grid":["https:\/\/www.megastitch.eu\/wp-content\/uploads\/2022\/02\/babika_set_ihelnicek-400x267.jpg",400,267,true],"woocommerce_thumbnail":["https:\/\/www.megastitch.eu\/wp-content\/uploads\/2022\/02\/babika_set_ihelnicek-scaled-300x225.jpg",300,225,true],"woocommerce_single":["https:\/\/www.megastitch.eu\/wp-content\/uploads\/2022\/02\/babika_set_ihelnicek-600x450.jpg",600,450,true],"woocommerce_gallery_thumbnail":["https:\/\/www.megastitch.eu\/wp-content\/uploads\/2022\/02\/babika_set_ihelnicek-scaled-100x100.jpg",100,100,true]},"post_excerpt_stackable_v2":"<p><span style=\"font-weight: 400\">N\u00e1dhern\u00fd dreven\u00fd set pote\u0161\u00ed nielen mal\u00e9 vy\u0161\u00edva\u010dky. Oble\u010dte svoju b\u00e1biku do kr\u00e1snych \u0161iat a ke\u010f sa v\u00e1m zunuj\u00fa, vy\u0161ijete a oble\u010diete jej \u010fal\u0161ie.<\/span><\/p>\n<p><strong>Materi\u00e1l:<\/strong> preglejka 3 mm.<br \/>\nZadn\u00e1 strana pre materi\u00e1l: pls\u0165.<\/p>\n<p>&nbsp;<\/p>\n","category_list_v2":"","author_info_v2":{"name":"","url":""},"comments_num_v2":"0 comments","uagb_featured_image_src":{"full":["https:\/\/www.megastitch.eu\/wp-content\/uploads\/2022\/02\/babika_set_ihelnicek-scaled.jpg",2560,1920,false],"thumbnail":["https:\/\/www.megastitch.eu\/wp-content\/uploads\/2022\/02\/babika_set_ihelnicek-150x150.jpg",150,150,true],"medium":["https:\/\/www.megastitch.eu\/wp-content\/uploads\/2022\/02\/babika_set_ihelnicek-300x225.jpg",300,225,true],"medium_large":["https:\/\/www.megastitch.eu\/wp-content\/uploads\/2022\/02\/babika_set_ihelnicek-768x576.jpg",768,576,true],"large":["https:\/\/www.megastitch.eu\/wp-content\/uploads\/2022\/02\/babika_set_ihelnicek-1024x768.jpg",1024,768,true],"1536x1536":["https:\/\/www.megastitch.eu\/wp-content\/uploads\/2022\/02\/babika_set_ihelnicek-1536x1152.jpg",1536,1152,true],"2048x2048":["https:\/\/www.megastitch.eu\/wp-content\/uploads\/2022\/02\/babika_set_ihelnicek-2048x1536.jpg",2048,1536,true],"ultp_layout_landscape_large":["https:\/\/www.megastitch.eu\/wp-content\/uploads\/2022\/02\/babika_set_ihelnicek-1200x800.jpg",1200,800,true],"ultp_layout_landscape":["https:\/\/www.megastitch.eu\/wp-content\/uploads\/2022\/02\/babika_set_ihelnicek-870x570.jpg",870,570,true],"ultp_layout_portrait":["https:\/\/www.megastitch.eu\/wp-content\/uploads\/2022\/02\/babika_set_ihelnicek-600x900.jpg",600,900,true],"ultp_layout_square":["https:\/\/www.megastitch.eu\/wp-content\/uploads\/2022\/02\/babika_set_ihelnicek-600x600.jpg",600,600,true],"molla_post-grid":["https:\/\/www.megastitch.eu\/wp-content\/uploads\/2022\/02\/babika_set_ihelnicek-400x267.jpg",400,267,true],"woocommerce_thumbnail":["https:\/\/www.megastitch.eu\/wp-content\/uploads\/2022\/02\/babika_set_ihelnicek-scaled-300x225.jpg",300,225,true],"woocommerce_single":["https:\/\/www.megastitch.eu\/wp-content\/uploads\/2022\/02\/babika_set_ihelnicek-600x450.jpg",600,450,true],"woocommerce_gallery_thumbnail":["https:\/\/www.megastitch.eu\/wp-content\/uploads\/2022\/02\/babika_set_ihelnicek-scaled-100x100.jpg",100,100,true]},"uagb_author_info":{"display_name":"pagacova","author_link":"https:\/\/www.megastitch.eu\/cs\/author\/"},"uagb_comment_info":0,"uagb_excerpt":"N\u00e1dhern\u00fd dreven\u00fd set pote\u0161\u00ed nielen mal\u00e9 vy\u0161\u00edva\u010dky. Oble\u010dte svoju b\u00e1biku do kr\u00e1snych \u0161iat a ke\u010f sa v\u00e1m zunuj\u00fa, vy\u0161ijete a oble\u010diete jej \u010fal\u0161ie. Materi\u00e1l: preglejka 3 mm. Zadn\u00e1 strana pre materi\u00e1l: pls\u0165. &nbsp;","_links":{"self":[{"href":"https:\/\/www.megastitch.eu\/cs\/wp-json\/wp\/v2\/product\/26889"}],"collection":[{"href":"https:\/\/www.megastitch.eu\/cs\/wp-json\/wp\/v2\/product"}],"about":[{"href":"https:\/\/www.megastitch.eu\/cs\/wp-json\/wp\/v2\/types\/product"}],"replies":[{"embeddable":true,"href":"https:\/\/www.megastitch.eu\/cs\/wp-json\/wp\/v2\/comments?post=26889"}],"wp:featuredmedia":[{"embeddable":true,"href":"https:\/\/www.megastitch.eu\/cs\/wp-json\/wp\/v2\/media\/26931"}],"wp:attachment":[{"href":"https:\/\/www.megastitch.eu\/cs\/wp-json\/wp\/v2\/media?parent=26889"}],"wp:term":[{"taxonomy":"product_cat","embeddable":true,"href":"https:\/\/www.megastitch.eu\/cs\/wp-json\/wp\/v2\/product_cat?post=26889"},{"taxonomy":"product_tag","embeddable":true,"href":"https:\/\/www.megastitch.eu\/cs\/wp-json\/wp\/v2\/product_tag?post=26889"}],"curies":[{"name":"wp","href":"https:\/\/api.w.org\/{rel}","templated":true}]}}