	{"id":26919,"date":"2022-02-22T13:37:22","date_gmt":"2022-02-22T12:37:22","guid":{"rendered":"https:\/\/www.megastitch.eu\/?post_type=product&#038;p=26919"},"modified":"2025-11-09T08:50:07","modified_gmt":"2025-11-09T07:50:07","slug":"podlozka-na-vysivanie-vzor-klucova-dierka","status":"publish","type":"product","link":"https:\/\/www.megastitch.eu\/cs\/obchod\/podklady-na-vysivanie\/drevene-podklady-na-vysivanie\/podlozka-na-vysivanie-vzor-klucova-dierka\/","title":{"rendered":"Podlo\u017eka na vy\u0161\u00edvanie, vzor K\u013e\u00fa\u010dov\u00e1 dierka"},"content":{"rendered":"<div class=\"nolwrap\"><p>K\u013e\u00fa\u010dov\u00e1 dierka. Na prv\u00fd poh\u013ead oby\u010dajn\u00e1 a nezauj\u00edmav\u00e1. Ke\u010f sa v\u0161ak pribl\u00ed\u017eite a nazriete dnu, objav\u00edte nov\u00fd svet pln\u00fd tajomstiev. Odhal\u00ed v\u00e1m len mal\u00fa \u010das\u0165 obrazu. Zvy\u0161ok sc\u00e9ny zostane skryt\u00fd, k\u00fdm neotvor\u00edte dvere. Nechajte va\u0161e ruky vy\u0161\u00edva\u0165 z\u00e1hady, ktor\u00e9 skr\u00fdva dreven\u00e1 podlo\u017eka v tvare k\u013e\u00fa\u010dovej dierky. Plsten\u00fd podklad je v smotanovej farbe. L\u00edcna strana ur\u010den\u00e1 na vy\u0161\u00edvanie je t\u00e1 s v\u00e4\u010d\u0161\u00edmi dierkami.<\/p>\n<p>Dreven\u00e1 podlo\u017eka na vy\u0161\u00edvanie, vzor K\u013e\u00fa\u010dov\u00e1 dierka<\/p>\n<p><strong>Materi\u00e1l:<\/strong> preglejka 3 mm.<br \/>\nZadn\u00e1 strana pre materi\u00e1l: pls\u0165.<\/p>\n<p><strong>Rozmery:<br \/>\n<\/strong><\/p>\n<p><strong>Po\u010det kr\u00ed\u017eikov: 30 x 53<\/strong><\/p>\n<p>Zak\u00fapte si predlohu <a href=\"https:\/\/www.megastitch.eu\/obchod\/predlohy-na-vysivanie\/male-predlohy\/zlty-vtacik-v-klucovej-dierke\/\">\u017dlt\u00fd vt\u00e1\u010dik v k\u013e\u00fa\u010dovej dierke, <\/a>ktor\u00e1 je vytvoren\u00e1 \u0161peci\u00e1lne pre tento podklad.<\/p>\n<\/div>","protected":false},"excerpt":{"rendered":"<p><span style=\"font-weight: 400\">Dreven\u00fd podklad dod\u00e1 va\u0161ej v\u00fd\u0161ivke neodolate\u013en\u00fd \u0161arm a re\u00e1lny vzh\u013ead.&nbsp;<\/span><\/p>\n<p><strong>Materi\u00e1l:<\/strong> preglejka 3 mm.<br \/>\nZadn\u00e1 strana pre materi\u00e1l: pls\u0165.<\/p>\n<p>&nbsp;<\/p>\n","protected":false},"featured_media":26920,"comment_status":"open","ping_status":"closed","template":"","meta":{"_uag_custom_page_level_css":"","ngg_post_thumbnail":0},"product_cat":[230],"product_tag":[236,276],"aioseo_notices":[],"featured_image_urls":{"full":["https:\/\/www.megastitch.eu\/wp-content\/uploads\/2022\/02\/klucova-dierka-sm.jpg",1000,1333,false],"thumbnail":["https:\/\/www.megastitch.eu\/wp-content\/uploads\/2022\/02\/klucova-dierka-sm-150x150.jpg",150,150,true],"medium":["https:\/\/www.megastitch.eu\/wp-content\/uploads\/2022\/02\/klucova-dierka-sm-225x300.jpg",225,300,true],"medium_large":["https:\/\/www.megastitch.eu\/wp-content\/uploads\/2022\/02\/klucova-dierka-sm-768x1024.jpg",768,1024,true],"large":["https:\/\/www.megastitch.eu\/wp-content\/uploads\/2022\/02\/klucova-dierka-sm-768x1024.jpg",768,1024,true],"1536x1536":["https:\/\/www.megastitch.eu\/wp-content\/uploads\/2022\/02\/klucova-dierka-sm.jpg",1000,1333,false],"2048x2048":["https:\/\/www.megastitch.eu\/wp-content\/uploads\/2022\/02\/klucova-dierka-sm.jpg",1000,1333,false],"ultp_layout_landscape_large":["https:\/\/www.megastitch.eu\/wp-content\/uploads\/2022\/02\/klucova-dierka-sm-1000x800.jpg",1000,800,true],"ultp_layout_landscape":["https:\/\/www.megastitch.eu\/wp-content\/uploads\/2022\/02\/klucova-dierka-sm-870x570.jpg",870,570,true],"ultp_layout_portrait":["https:\/\/www.megastitch.eu\/wp-content\/uploads\/2022\/02\/klucova-dierka-sm-600x900.jpg",600,900,true],"ultp_layout_square":["https:\/\/www.megastitch.eu\/wp-content\/uploads\/2022\/02\/klucova-dierka-sm-600x600.jpg",600,600,true],"molla_post-grid":["https:\/\/www.megastitch.eu\/wp-content\/uploads\/2022\/02\/klucova-dierka-sm-400x267.jpg",400,267,true],"woocommerce_thumbnail":["https:\/\/www.megastitch.eu\/wp-content\/uploads\/2022\/02\/klucova-dierka-sm-300x400.jpg",300,400,true],"woocommerce_single":["https:\/\/www.megastitch.eu\/wp-content\/uploads\/2022\/02\/klucova-dierka-sm-600x800.jpg",600,800,true],"woocommerce_gallery_thumbnail":["https:\/\/www.megastitch.eu\/wp-content\/uploads\/2022\/02\/klucova-dierka-sm-100x100.jpg",100,100,true]},"post_excerpt_stackable":"<p><span style=\"font-weight: 400\">Dreven\u00fd podklad dod\u00e1 va\u0161ej v\u00fd\u0161ivke neodolate\u013en\u00fd \u0161arm a re\u00e1lny vzh\u013ead.&nbsp;<\/span><\/p>\n<p><strong>Materi\u00e1l:<\/strong> preglejka 3 mm.<br \/>\nZadn\u00e1 strana pre materi\u00e1l: pls\u0165.<\/p>\n<p>&nbsp;<\/p>\n","category_list":"","author_info":{"name":"","url":""},"comments_num":"0 comments","featured_image_urls_v2":{"full":["https:\/\/www.megastitch.eu\/wp-content\/uploads\/2022\/02\/klucova-dierka-sm.jpg",1000,1333,false],"thumbnail":["https:\/\/www.megastitch.eu\/wp-content\/uploads\/2022\/02\/klucova-dierka-sm-150x150.jpg",150,150,true],"medium":["https:\/\/www.megastitch.eu\/wp-content\/uploads\/2022\/02\/klucova-dierka-sm-225x300.jpg",225,300,true],"medium_large":["https:\/\/www.megastitch.eu\/wp-content\/uploads\/2022\/02\/klucova-dierka-sm-768x1024.jpg",768,1024,true],"large":["https:\/\/www.megastitch.eu\/wp-content\/uploads\/2022\/02\/klucova-dierka-sm-768x1024.jpg",768,1024,true],"1536x1536":["https:\/\/www.megastitch.eu\/wp-content\/uploads\/2022\/02\/klucova-dierka-sm.jpg",1000,1333,false],"2048x2048":["https:\/\/www.megastitch.eu\/wp-content\/uploads\/2022\/02\/klucova-dierka-sm.jpg",1000,1333,false],"ultp_layout_landscape_large":["https:\/\/www.megastitch.eu\/wp-content\/uploads\/2022\/02\/klucova-dierka-sm-1000x800.jpg",1000,800,true],"ultp_layout_landscape":["https:\/\/www.megastitch.eu\/wp-content\/uploads\/2022\/02\/klucova-dierka-sm-870x570.jpg",870,570,true],"ultp_layout_portrait":["https:\/\/www.megastitch.eu\/wp-content\/uploads\/2022\/02\/klucova-dierka-sm-600x900.jpg",600,900,true],"ultp_layout_square":["https:\/\/www.megastitch.eu\/wp-content\/uploads\/2022\/02\/klucova-dierka-sm-600x600.jpg",600,600,true],"molla_post-grid":["https:\/\/www.megastitch.eu\/wp-content\/uploads\/2022\/02\/klucova-dierka-sm-400x267.jpg",400,267,true],"woocommerce_thumbnail":["https:\/\/www.megastitch.eu\/wp-content\/uploads\/2022\/02\/klucova-dierka-sm-300x400.jpg",300,400,true],"woocommerce_single":["https:\/\/www.megastitch.eu\/wp-content\/uploads\/2022\/02\/klucova-dierka-sm-600x800.jpg",600,800,true],"woocommerce_gallery_thumbnail":["https:\/\/www.megastitch.eu\/wp-content\/uploads\/2022\/02\/klucova-dierka-sm-100x100.jpg",100,100,true]},"post_excerpt_stackable_v2":"<p><span style=\"font-weight: 400\">Dreven\u00fd podklad dod\u00e1 va\u0161ej v\u00fd\u0161ivke neodolate\u013en\u00fd \u0161arm a re\u00e1lny vzh\u013ead.&nbsp;<\/span><\/p>\n<p><strong>Materi\u00e1l:<\/strong> preglejka 3 mm.<br \/>\nZadn\u00e1 strana pre materi\u00e1l: pls\u0165.<\/p>\n<p>&nbsp;<\/p>\n","category_list_v2":"","author_info_v2":{"name":"","url":""},"comments_num_v2":"0 comments","uagb_featured_image_src":{"full":["https:\/\/www.megastitch.eu\/wp-content\/uploads\/2022\/02\/klucova-dierka-sm.jpg",1000,1333,false],"thumbnail":["https:\/\/www.megastitch.eu\/wp-content\/uploads\/2022\/02\/klucova-dierka-sm-150x150.jpg",150,150,true],"medium":["https:\/\/www.megastitch.eu\/wp-content\/uploads\/2022\/02\/klucova-dierka-sm-225x300.jpg",225,300,true],"medium_large":["https:\/\/www.megastitch.eu\/wp-content\/uploads\/2022\/02\/klucova-dierka-sm-768x1024.jpg",768,1024,true],"large":["https:\/\/www.megastitch.eu\/wp-content\/uploads\/2022\/02\/klucova-dierka-sm-768x1024.jpg",768,1024,true],"1536x1536":["https:\/\/www.megastitch.eu\/wp-content\/uploads\/2022\/02\/klucova-dierka-sm.jpg",1000,1333,false],"2048x2048":["https:\/\/www.megastitch.eu\/wp-content\/uploads\/2022\/02\/klucova-dierka-sm.jpg",1000,1333,false],"ultp_layout_landscape_large":["https:\/\/www.megastitch.eu\/wp-content\/uploads\/2022\/02\/klucova-dierka-sm-1000x800.jpg",1000,800,true],"ultp_layout_landscape":["https:\/\/www.megastitch.eu\/wp-content\/uploads\/2022\/02\/klucova-dierka-sm-870x570.jpg",870,570,true],"ultp_layout_portrait":["https:\/\/www.megastitch.eu\/wp-content\/uploads\/2022\/02\/klucova-dierka-sm-600x900.jpg",600,900,true],"ultp_layout_square":["https:\/\/www.megastitch.eu\/wp-content\/uploads\/2022\/02\/klucova-dierka-sm-600x600.jpg",600,600,true],"molla_post-grid":["https:\/\/www.megastitch.eu\/wp-content\/uploads\/2022\/02\/klucova-dierka-sm-400x267.jpg",400,267,true],"woocommerce_thumbnail":["https:\/\/www.megastitch.eu\/wp-content\/uploads\/2022\/02\/klucova-dierka-sm-300x400.jpg",300,400,true],"woocommerce_single":["https:\/\/www.megastitch.eu\/wp-content\/uploads\/2022\/02\/klucova-dierka-sm-600x800.jpg",600,800,true],"woocommerce_gallery_thumbnail":["https:\/\/www.megastitch.eu\/wp-content\/uploads\/2022\/02\/klucova-dierka-sm-100x100.jpg",100,100,true]},"uagb_author_info":{"display_name":"monika","author_link":"https:\/\/www.megastitch.eu\/cs\/author\/"},"uagb_comment_info":0,"uagb_excerpt":"Dreven\u00fd podklad dod\u00e1 va\u0161ej v\u00fd\u0161ivke neodolate\u013en\u00fd \u0161arm a re\u00e1lny vzh\u013ead.&nbsp; Materi\u00e1l: preglejka 3 mm. Zadn\u00e1 strana pre materi\u00e1l: pls\u0165. &nbsp;","_links":{"self":[{"href":"https:\/\/www.megastitch.eu\/cs\/wp-json\/wp\/v2\/product\/26919"}],"collection":[{"href":"https:\/\/www.megastitch.eu\/cs\/wp-json\/wp\/v2\/product"}],"about":[{"href":"https:\/\/www.megastitch.eu\/cs\/wp-json\/wp\/v2\/types\/product"}],"replies":[{"embeddable":true,"href":"https:\/\/www.megastitch.eu\/cs\/wp-json\/wp\/v2\/comments?post=26919"}],"wp:featuredmedia":[{"embeddable":true,"href":"https:\/\/www.megastitch.eu\/cs\/wp-json\/wp\/v2\/media\/26920"}],"wp:attachment":[{"href":"https:\/\/www.megastitch.eu\/cs\/wp-json\/wp\/v2\/media?parent=26919"}],"wp:term":[{"taxonomy":"product_cat","embeddable":true,"href":"https:\/\/www.megastitch.eu\/cs\/wp-json\/wp\/v2\/product_cat?post=26919"},{"taxonomy":"product_tag","embeddable":true,"href":"https:\/\/www.megastitch.eu\/cs\/wp-json\/wp\/v2\/product_tag?post=26919"}],"curies":[{"name":"wp","href":"https:\/\/api.w.org\/{rel}","templated":true}]}}