	{"id":26923,"date":"2022-02-22T13:47:15","date_gmt":"2022-02-22T12:47:15","guid":{"rendered":"https:\/\/www.megastitch.eu\/?post_type=product&#038;p=26923"},"modified":"2023-05-27T18:14:56","modified_gmt":"2023-05-27T16:14:56","slug":"organizer-na-bavlnky-kruh","status":"publish","type":"product","link":"https:\/\/www.megastitch.eu\/cs\/obchod\/doplnky-k-vysivaniu\/organizery-na-bavlnky\/organizer-na-bavlnky-kruh\/","title":{"rendered":"Organiz\u00e9r na bavlnky &#8211; Kruh"},"content":{"rendered":"<div class=\"nolwrap\"><p>U\u017e \u017eiadne zamotan\u00e9 bavlnky. Dreven\u00fd organiz\u00e9r v\u00e1m u\u0161etr\u00ed mnoho stresu, energie a \u010dasu, ktor\u00fd by ste u\u017e d\u00e1vno mohli venova\u0165 vy\u0161\u00edvaniu. A \u010do je najlep\u0161ie? Stred organiz\u00e9ra si m\u00f4\u017eete vy\u0161i\u0165 pod\u013ea svojich predst\u00e1v a fant\u00e1zie. Zo zadnej strany m\u00e1 kr\u00e1snu, jemn\u00fa pls\u0165 pieskovej farby. L\u00edcna strana ur\u010den\u00e1 na vy\u0161\u00edvanie je t\u00e1 s v\u00e4\u010d\u0161\u00edmi dierkami.<\/p>\n<p>Materi\u00e1l: drevo<br \/>\nHr\u00fabka: 2 mm<br \/>\nPriemer: 12 cm<br \/>\nPriemer kruhu na vy\u0161itie: 7 cm<\/p>\n<\/div>","protected":false},"excerpt":{"rendered":"<p>Vy\u0161\u00edvanie bez zamotan\u00fdch bavlniek a tr\u00e9ningu trpezlivosti, \u013eahko docielite pomocou dreven\u00e9ho organiz\u00e9ra.<\/p>\n","protected":false},"featured_media":26924,"comment_status":"open","ping_status":"closed","template":"","meta":{"_uag_custom_page_level_css":"","ngg_post_thumbnail":0},"product_cat":[15,239],"product_tag":[237],"aioseo_notices":[],"featured_image_urls":{"full":["https:\/\/www.megastitch.eu\/wp-content\/uploads\/2022\/02\/kruhovy-organizer-na-bavlnky.jpg",1000,1333,false],"thumbnail":["https:\/\/www.megastitch.eu\/wp-content\/uploads\/2022\/02\/kruhovy-organizer-na-bavlnky-150x150.jpg",150,150,true],"medium":["https:\/\/www.megastitch.eu\/wp-content\/uploads\/2022\/02\/kruhovy-organizer-na-bavlnky-225x300.jpg",225,300,true],"medium_large":["https:\/\/www.megastitch.eu\/wp-content\/uploads\/2022\/02\/kruhovy-organizer-na-bavlnky-768x1024.jpg",768,1024,true],"large":["https:\/\/www.megastitch.eu\/wp-content\/uploads\/2022\/02\/kruhovy-organizer-na-bavlnky-768x1024.jpg",768,1024,true],"1536x1536":["https:\/\/www.megastitch.eu\/wp-content\/uploads\/2022\/02\/kruhovy-organizer-na-bavlnky.jpg",1000,1333,false],"2048x2048":["https:\/\/www.megastitch.eu\/wp-content\/uploads\/2022\/02\/kruhovy-organizer-na-bavlnky.jpg",1000,1333,false],"ultp_layout_landscape_large":["https:\/\/www.megastitch.eu\/wp-content\/uploads\/2022\/02\/kruhovy-organizer-na-bavlnky-1000x800.jpg",1000,800,true],"ultp_layout_landscape":["https:\/\/www.megastitch.eu\/wp-content\/uploads\/2022\/02\/kruhovy-organizer-na-bavlnky-870x570.jpg",870,570,true],"ultp_layout_portrait":["https:\/\/www.megastitch.eu\/wp-content\/uploads\/2022\/02\/kruhovy-organizer-na-bavlnky-600x900.jpg",600,900,true],"ultp_layout_square":["https:\/\/www.megastitch.eu\/wp-content\/uploads\/2022\/02\/kruhovy-organizer-na-bavlnky-600x600.jpg",600,600,true],"molla_post-grid":["https:\/\/www.megastitch.eu\/wp-content\/uploads\/2022\/02\/kruhovy-organizer-na-bavlnky-400x267.jpg",400,267,true],"woocommerce_thumbnail":["https:\/\/www.megastitch.eu\/wp-content\/uploads\/2022\/02\/kruhovy-organizer-na-bavlnky-300x400.jpg",300,400,true],"woocommerce_single":["https:\/\/www.megastitch.eu\/wp-content\/uploads\/2022\/02\/kruhovy-organizer-na-bavlnky-600x800.jpg",600,800,true],"woocommerce_gallery_thumbnail":["https:\/\/www.megastitch.eu\/wp-content\/uploads\/2022\/02\/kruhovy-organizer-na-bavlnky-100x100.jpg",100,100,true]},"post_excerpt_stackable":"<p>Vy\u0161\u00edvanie bez zamotan\u00fdch bavlniek a tr\u00e9ningu trpezlivosti, \u013eahko docielite pomocou dreven\u00e9ho organiz\u00e9ra.<\/p>\n","category_list":"","author_info":{"name":"","url":""},"comments_num":"0 comments","featured_image_urls_v2":{"full":["https:\/\/www.megastitch.eu\/wp-content\/uploads\/2022\/02\/kruhovy-organizer-na-bavlnky.jpg",1000,1333,false],"thumbnail":["https:\/\/www.megastitch.eu\/wp-content\/uploads\/2022\/02\/kruhovy-organizer-na-bavlnky-150x150.jpg",150,150,true],"medium":["https:\/\/www.megastitch.eu\/wp-content\/uploads\/2022\/02\/kruhovy-organizer-na-bavlnky-225x300.jpg",225,300,true],"medium_large":["https:\/\/www.megastitch.eu\/wp-content\/uploads\/2022\/02\/kruhovy-organizer-na-bavlnky-768x1024.jpg",768,1024,true],"large":["https:\/\/www.megastitch.eu\/wp-content\/uploads\/2022\/02\/kruhovy-organizer-na-bavlnky-768x1024.jpg",768,1024,true],"1536x1536":["https:\/\/www.megastitch.eu\/wp-content\/uploads\/2022\/02\/kruhovy-organizer-na-bavlnky.jpg",1000,1333,false],"2048x2048":["https:\/\/www.megastitch.eu\/wp-content\/uploads\/2022\/02\/kruhovy-organizer-na-bavlnky.jpg",1000,1333,false],"ultp_layout_landscape_large":["https:\/\/www.megastitch.eu\/wp-content\/uploads\/2022\/02\/kruhovy-organizer-na-bavlnky-1000x800.jpg",1000,800,true],"ultp_layout_landscape":["https:\/\/www.megastitch.eu\/wp-content\/uploads\/2022\/02\/kruhovy-organizer-na-bavlnky-870x570.jpg",870,570,true],"ultp_layout_portrait":["https:\/\/www.megastitch.eu\/wp-content\/uploads\/2022\/02\/kruhovy-organizer-na-bavlnky-600x900.jpg",600,900,true],"ultp_layout_square":["https:\/\/www.megastitch.eu\/wp-content\/uploads\/2022\/02\/kruhovy-organizer-na-bavlnky-600x600.jpg",600,600,true],"molla_post-grid":["https:\/\/www.megastitch.eu\/wp-content\/uploads\/2022\/02\/kruhovy-organizer-na-bavlnky-400x267.jpg",400,267,true],"woocommerce_thumbnail":["https:\/\/www.megastitch.eu\/wp-content\/uploads\/2022\/02\/kruhovy-organizer-na-bavlnky-300x400.jpg",300,400,true],"woocommerce_single":["https:\/\/www.megastitch.eu\/wp-content\/uploads\/2022\/02\/kruhovy-organizer-na-bavlnky-600x800.jpg",600,800,true],"woocommerce_gallery_thumbnail":["https:\/\/www.megastitch.eu\/wp-content\/uploads\/2022\/02\/kruhovy-organizer-na-bavlnky-100x100.jpg",100,100,true]},"post_excerpt_stackable_v2":"<p>Vy\u0161\u00edvanie bez zamotan\u00fdch bavlniek a tr\u00e9ningu trpezlivosti, \u013eahko docielite pomocou dreven\u00e9ho organiz\u00e9ra.<\/p>\n","category_list_v2":"","author_info_v2":{"name":"","url":""},"comments_num_v2":"0 comments","uagb_featured_image_src":{"full":["https:\/\/www.megastitch.eu\/wp-content\/uploads\/2022\/02\/kruhovy-organizer-na-bavlnky.jpg",1000,1333,false],"thumbnail":["https:\/\/www.megastitch.eu\/wp-content\/uploads\/2022\/02\/kruhovy-organizer-na-bavlnky-150x150.jpg",150,150,true],"medium":["https:\/\/www.megastitch.eu\/wp-content\/uploads\/2022\/02\/kruhovy-organizer-na-bavlnky-225x300.jpg",225,300,true],"medium_large":["https:\/\/www.megastitch.eu\/wp-content\/uploads\/2022\/02\/kruhovy-organizer-na-bavlnky-768x1024.jpg",768,1024,true],"large":["https:\/\/www.megastitch.eu\/wp-content\/uploads\/2022\/02\/kruhovy-organizer-na-bavlnky-768x1024.jpg",768,1024,true],"1536x1536":["https:\/\/www.megastitch.eu\/wp-content\/uploads\/2022\/02\/kruhovy-organizer-na-bavlnky.jpg",1000,1333,false],"2048x2048":["https:\/\/www.megastitch.eu\/wp-content\/uploads\/2022\/02\/kruhovy-organizer-na-bavlnky.jpg",1000,1333,false],"ultp_layout_landscape_large":["https:\/\/www.megastitch.eu\/wp-content\/uploads\/2022\/02\/kruhovy-organizer-na-bavlnky-1000x800.jpg",1000,800,true],"ultp_layout_landscape":["https:\/\/www.megastitch.eu\/wp-content\/uploads\/2022\/02\/kruhovy-organizer-na-bavlnky-870x570.jpg",870,570,true],"ultp_layout_portrait":["https:\/\/www.megastitch.eu\/wp-content\/uploads\/2022\/02\/kruhovy-organizer-na-bavlnky-600x900.jpg",600,900,true],"ultp_layout_square":["https:\/\/www.megastitch.eu\/wp-content\/uploads\/2022\/02\/kruhovy-organizer-na-bavlnky-600x600.jpg",600,600,true],"molla_post-grid":["https:\/\/www.megastitch.eu\/wp-content\/uploads\/2022\/02\/kruhovy-organizer-na-bavlnky-400x267.jpg",400,267,true],"woocommerce_thumbnail":["https:\/\/www.megastitch.eu\/wp-content\/uploads\/2022\/02\/kruhovy-organizer-na-bavlnky-300x400.jpg",300,400,true],"woocommerce_single":["https:\/\/www.megastitch.eu\/wp-content\/uploads\/2022\/02\/kruhovy-organizer-na-bavlnky-600x800.jpg",600,800,true],"woocommerce_gallery_thumbnail":["https:\/\/www.megastitch.eu\/wp-content\/uploads\/2022\/02\/kruhovy-organizer-na-bavlnky-100x100.jpg",100,100,true]},"uagb_author_info":{"display_name":"monika","author_link":"https:\/\/www.megastitch.eu\/cs\/author\/"},"uagb_comment_info":0,"uagb_excerpt":"Vy\u0161\u00edvanie bez zamotan\u00fdch bavlniek a tr\u00e9ningu trpezlivosti, \u013eahko docielite pomocou dreven\u00e9ho organiz\u00e9ra.","_links":{"self":[{"href":"https:\/\/www.megastitch.eu\/cs\/wp-json\/wp\/v2\/product\/26923"}],"collection":[{"href":"https:\/\/www.megastitch.eu\/cs\/wp-json\/wp\/v2\/product"}],"about":[{"href":"https:\/\/www.megastitch.eu\/cs\/wp-json\/wp\/v2\/types\/product"}],"replies":[{"embeddable":true,"href":"https:\/\/www.megastitch.eu\/cs\/wp-json\/wp\/v2\/comments?post=26923"}],"wp:featuredmedia":[{"embeddable":true,"href":"https:\/\/www.megastitch.eu\/cs\/wp-json\/wp\/v2\/media\/26924"}],"wp:attachment":[{"href":"https:\/\/www.megastitch.eu\/cs\/wp-json\/wp\/v2\/media?parent=26923"}],"wp:term":[{"taxonomy":"product_cat","embeddable":true,"href":"https:\/\/www.megastitch.eu\/cs\/wp-json\/wp\/v2\/product_cat?post=26923"},{"taxonomy":"product_tag","embeddable":true,"href":"https:\/\/www.megastitch.eu\/cs\/wp-json\/wp\/v2\/product_tag?post=26923"}],"curies":[{"name":"wp","href":"https:\/\/api.w.org\/{rel}","templated":true}]}}