	{"id":26949,"date":"2022-03-10T14:53:36","date_gmt":"2022-03-10T13:53:36","guid":{"rendered":"https:\/\/www.megastitch.eu\/?post_type=product&#038;p=26949"},"modified":"2025-03-07T16:28:39","modified_gmt":"2025-03-07T15:28:39","slug":"podlozka-na-vysivanie-vzor-osmicka","status":"publish","type":"product","link":"https:\/\/www.megastitch.eu\/cs\/obchod\/podklady-na-vysivanie\/drevene-podklady-na-vysivanie\/podlozka-na-vysivanie-vzor-osmicka\/","title":{"rendered":"Podlo\u017eka na vy\u0161\u00edvanie, vzor Osmi\u010dka"},"content":{"rendered":"<div class=\"nolwrap\"><p>Osmi\u010dka je symbolom nekone\u010dna a ve\u010dn\u00e9ho kolobehu \u017eivota. Pod\u013ea numerol\u00f3gie , tie\u017e \u010d\u00edslom osudu, rovnov\u00e1hy a spravodlivosti. Fant\u00e1zii sa medze neklad\u00fa.&nbsp; \u010c\u00edslica 8 tie\u017e symbolizuje <strong>8.marec &#8211; De\u0148 \u017eien<\/strong>.<\/p>\n<p>Dreven\u00fd podklad m\u00f4\u017eete pou\u017ei\u0165 ako \u010d\u00edslo, kruhy alebo postavi\u010dku. Pom\u00f4\u017ee va\u0161e v\u00fd\u0161ivky uchova\u0165 pre \u010fal\u0161ie gener\u00e1cie a zostan\u00fa tak ve\u010dn\u00e9. Plsten\u00fd podklad je v pieskovej alebo tyrkysovej farbe. Podklad obsahuje aj podstavec, aby sa va\u0161e diela mohli vyn\u00edma\u0165 kdeko\u013evek.<\/p>\n<p>L\u00edcna strana ur\u010den\u00e1 na vy\u0161\u00edvanie je t\u00e1 s v\u00e4\u010d\u0161\u00edmi dierkami.<\/p>\n<p>Dreven\u00e1 podlo\u017eka na vy\u0161\u00edvanie, vzor Osmi\u010dka<\/p>\n<p><strong>Materi\u00e1l:<\/strong> preglejka 3 mm.<br \/>\nZadn\u00e1 strana pre materi\u00e1l: pls\u0165.<\/p>\n<p><strong>Rozmery:<br \/>\n<\/strong><\/p>\n<p><strong>Po\u010det kr\u00ed\u017eikov: 35 x 57<\/strong><\/p>\n<p>Zak\u00fapte si predlohu <a href=\"https:\/\/www.megastitch.eu\/obchod\/predlohy-na-vysivanie\/male-predlohy\/cinska-ruza\/\">\u010c\u00ednska ru\u017ea, <\/a>ktor\u00e1 je vytvoren\u00e1 \u0161peci\u00e1lne pre tento podklad.<\/p>\n<\/div>","protected":false},"excerpt":{"rendered":"<p><span style=\"font-weight: 400\">Dreven\u00fd podklad dod\u00e1 va\u0161ej v\u00fd\u0161ivke neodolate\u013en\u00fd \u0161arm a re\u00e1lny vzh\u013ead.&nbsp;<\/span><\/p>\n<p><strong>Materi\u00e1l:<\/strong> preglejka 3 mm.<br \/>\nZadn\u00e1 strana pre materi\u00e1l: pls\u0165.<\/p>\n<p>&nbsp;<\/p>\n","protected":false},"featured_media":26958,"comment_status":"open","ping_status":"closed","template":"","meta":{"_uag_custom_page_level_css":"","ngg_post_thumbnail":0},"product_cat":[230],"product_tag":[236,378,276],"aioseo_notices":[],"featured_image_urls":{"full":["https:\/\/www.megastitch.eu\/wp-content\/uploads\/2022\/03\/osmicky_sm_ms.jpg",1500,1125,false],"thumbnail":["https:\/\/www.megastitch.eu\/wp-content\/uploads\/2022\/03\/osmicky_sm_ms-150x150.jpg",150,150,true],"medium":["https:\/\/www.megastitch.eu\/wp-content\/uploads\/2022\/03\/osmicky_sm_ms-300x225.jpg",300,225,true],"medium_large":["https:\/\/www.megastitch.eu\/wp-content\/uploads\/2022\/03\/osmicky_sm_ms-768x576.jpg",768,576,true],"large":["https:\/\/www.megastitch.eu\/wp-content\/uploads\/2022\/03\/osmicky_sm_ms-1024x768.jpg",1024,768,true],"1536x1536":["https:\/\/www.megastitch.eu\/wp-content\/uploads\/2022\/03\/osmicky_sm_ms.jpg",1500,1125,false],"2048x2048":["https:\/\/www.megastitch.eu\/wp-content\/uploads\/2022\/03\/osmicky_sm_ms.jpg",1500,1125,false],"ultp_layout_landscape_large":["https:\/\/www.megastitch.eu\/wp-content\/uploads\/2022\/03\/osmicky_sm_ms-1200x800.jpg",1200,800,true],"ultp_layout_landscape":["https:\/\/www.megastitch.eu\/wp-content\/uploads\/2022\/03\/osmicky_sm_ms-870x570.jpg",870,570,true],"ultp_layout_portrait":["https:\/\/www.megastitch.eu\/wp-content\/uploads\/2022\/03\/osmicky_sm_ms-600x900.jpg",600,900,true],"ultp_layout_square":["https:\/\/www.megastitch.eu\/wp-content\/uploads\/2022\/03\/osmicky_sm_ms-600x600.jpg",600,600,true],"molla_post-grid":["https:\/\/www.megastitch.eu\/wp-content\/uploads\/2022\/03\/osmicky_sm_ms-400x267.jpg",400,267,true],"woocommerce_thumbnail":["https:\/\/www.megastitch.eu\/wp-content\/uploads\/2022\/03\/osmicky_sm_ms-300x225.jpg",300,225,true],"woocommerce_single":["https:\/\/www.megastitch.eu\/wp-content\/uploads\/2022\/03\/osmicky_sm_ms-600x450.jpg",600,450,true],"woocommerce_gallery_thumbnail":["https:\/\/www.megastitch.eu\/wp-content\/uploads\/2022\/03\/osmicky_sm_ms-100x100.jpg",100,100,true]},"post_excerpt_stackable":"<p><span style=\"font-weight: 400\">Dreven\u00fd podklad dod\u00e1 va\u0161ej v\u00fd\u0161ivke neodolate\u013en\u00fd \u0161arm a re\u00e1lny vzh\u013ead.&nbsp;<\/span><\/p>\n<p><strong>Materi\u00e1l:<\/strong> preglejka 3 mm.<br \/>\nZadn\u00e1 strana pre materi\u00e1l: pls\u0165.<\/p>\n<p>&nbsp;<\/p>\n","category_list":"","author_info":{"name":"","url":""},"comments_num":"0 comments","featured_image_urls_v2":{"full":["https:\/\/www.megastitch.eu\/wp-content\/uploads\/2022\/03\/osmicky_sm_ms.jpg",1500,1125,false],"thumbnail":["https:\/\/www.megastitch.eu\/wp-content\/uploads\/2022\/03\/osmicky_sm_ms-150x150.jpg",150,150,true],"medium":["https:\/\/www.megastitch.eu\/wp-content\/uploads\/2022\/03\/osmicky_sm_ms-300x225.jpg",300,225,true],"medium_large":["https:\/\/www.megastitch.eu\/wp-content\/uploads\/2022\/03\/osmicky_sm_ms-768x576.jpg",768,576,true],"large":["https:\/\/www.megastitch.eu\/wp-content\/uploads\/2022\/03\/osmicky_sm_ms-1024x768.jpg",1024,768,true],"1536x1536":["https:\/\/www.megastitch.eu\/wp-content\/uploads\/2022\/03\/osmicky_sm_ms.jpg",1500,1125,false],"2048x2048":["https:\/\/www.megastitch.eu\/wp-content\/uploads\/2022\/03\/osmicky_sm_ms.jpg",1500,1125,false],"ultp_layout_landscape_large":["https:\/\/www.megastitch.eu\/wp-content\/uploads\/2022\/03\/osmicky_sm_ms-1200x800.jpg",1200,800,true],"ultp_layout_landscape":["https:\/\/www.megastitch.eu\/wp-content\/uploads\/2022\/03\/osmicky_sm_ms-870x570.jpg",870,570,true],"ultp_layout_portrait":["https:\/\/www.megastitch.eu\/wp-content\/uploads\/2022\/03\/osmicky_sm_ms-600x900.jpg",600,900,true],"ultp_layout_square":["https:\/\/www.megastitch.eu\/wp-content\/uploads\/2022\/03\/osmicky_sm_ms-600x600.jpg",600,600,true],"molla_post-grid":["https:\/\/www.megastitch.eu\/wp-content\/uploads\/2022\/03\/osmicky_sm_ms-400x267.jpg",400,267,true],"woocommerce_thumbnail":["https:\/\/www.megastitch.eu\/wp-content\/uploads\/2022\/03\/osmicky_sm_ms-300x225.jpg",300,225,true],"woocommerce_single":["https:\/\/www.megastitch.eu\/wp-content\/uploads\/2022\/03\/osmicky_sm_ms-600x450.jpg",600,450,true],"woocommerce_gallery_thumbnail":["https:\/\/www.megastitch.eu\/wp-content\/uploads\/2022\/03\/osmicky_sm_ms-100x100.jpg",100,100,true]},"post_excerpt_stackable_v2":"<p><span style=\"font-weight: 400\">Dreven\u00fd podklad dod\u00e1 va\u0161ej v\u00fd\u0161ivke neodolate\u013en\u00fd \u0161arm a re\u00e1lny vzh\u013ead.&nbsp;<\/span><\/p>\n<p><strong>Materi\u00e1l:<\/strong> preglejka 3 mm.<br \/>\nZadn\u00e1 strana pre materi\u00e1l: pls\u0165.<\/p>\n<p>&nbsp;<\/p>\n","category_list_v2":"","author_info_v2":{"name":"","url":""},"comments_num_v2":"0 comments","uagb_featured_image_src":{"full":["https:\/\/www.megastitch.eu\/wp-content\/uploads\/2022\/03\/osmicky_sm_ms.jpg",1500,1125,false],"thumbnail":["https:\/\/www.megastitch.eu\/wp-content\/uploads\/2022\/03\/osmicky_sm_ms-150x150.jpg",150,150,true],"medium":["https:\/\/www.megastitch.eu\/wp-content\/uploads\/2022\/03\/osmicky_sm_ms-300x225.jpg",300,225,true],"medium_large":["https:\/\/www.megastitch.eu\/wp-content\/uploads\/2022\/03\/osmicky_sm_ms-768x576.jpg",768,576,true],"large":["https:\/\/www.megastitch.eu\/wp-content\/uploads\/2022\/03\/osmicky_sm_ms-1024x768.jpg",1024,768,true],"1536x1536":["https:\/\/www.megastitch.eu\/wp-content\/uploads\/2022\/03\/osmicky_sm_ms.jpg",1500,1125,false],"2048x2048":["https:\/\/www.megastitch.eu\/wp-content\/uploads\/2022\/03\/osmicky_sm_ms.jpg",1500,1125,false],"ultp_layout_landscape_large":["https:\/\/www.megastitch.eu\/wp-content\/uploads\/2022\/03\/osmicky_sm_ms-1200x800.jpg",1200,800,true],"ultp_layout_landscape":["https:\/\/www.megastitch.eu\/wp-content\/uploads\/2022\/03\/osmicky_sm_ms-870x570.jpg",870,570,true],"ultp_layout_portrait":["https:\/\/www.megastitch.eu\/wp-content\/uploads\/2022\/03\/osmicky_sm_ms-600x900.jpg",600,900,true],"ultp_layout_square":["https:\/\/www.megastitch.eu\/wp-content\/uploads\/2022\/03\/osmicky_sm_ms-600x600.jpg",600,600,true],"molla_post-grid":["https:\/\/www.megastitch.eu\/wp-content\/uploads\/2022\/03\/osmicky_sm_ms-400x267.jpg",400,267,true],"woocommerce_thumbnail":["https:\/\/www.megastitch.eu\/wp-content\/uploads\/2022\/03\/osmicky_sm_ms-300x225.jpg",300,225,true],"woocommerce_single":["https:\/\/www.megastitch.eu\/wp-content\/uploads\/2022\/03\/osmicky_sm_ms-600x450.jpg",600,450,true],"woocommerce_gallery_thumbnail":["https:\/\/www.megastitch.eu\/wp-content\/uploads\/2022\/03\/osmicky_sm_ms-100x100.jpg",100,100,true]},"uagb_author_info":{"display_name":"pagacova","author_link":"https:\/\/www.megastitch.eu\/cs\/author\/"},"uagb_comment_info":0,"uagb_excerpt":"Dreven\u00fd podklad dod\u00e1 va\u0161ej v\u00fd\u0161ivke neodolate\u013en\u00fd \u0161arm a re\u00e1lny vzh\u013ead.&nbsp; Materi\u00e1l: preglejka 3 mm. Zadn\u00e1 strana pre materi\u00e1l: pls\u0165. &nbsp;","_links":{"self":[{"href":"https:\/\/www.megastitch.eu\/cs\/wp-json\/wp\/v2\/product\/26949"}],"collection":[{"href":"https:\/\/www.megastitch.eu\/cs\/wp-json\/wp\/v2\/product"}],"about":[{"href":"https:\/\/www.megastitch.eu\/cs\/wp-json\/wp\/v2\/types\/product"}],"replies":[{"embeddable":true,"href":"https:\/\/www.megastitch.eu\/cs\/wp-json\/wp\/v2\/comments?post=26949"}],"wp:featuredmedia":[{"embeddable":true,"href":"https:\/\/www.megastitch.eu\/cs\/wp-json\/wp\/v2\/media\/26958"}],"wp:attachment":[{"href":"https:\/\/www.megastitch.eu\/cs\/wp-json\/wp\/v2\/media?parent=26949"}],"wp:term":[{"taxonomy":"product_cat","embeddable":true,"href":"https:\/\/www.megastitch.eu\/cs\/wp-json\/wp\/v2\/product_cat?post=26949"},{"taxonomy":"product_tag","embeddable":true,"href":"https:\/\/www.megastitch.eu\/cs\/wp-json\/wp\/v2\/product_tag?post=26949"}],"curies":[{"name":"wp","href":"https:\/\/api.w.org\/{rel}","templated":true}]}}