	{"id":26969,"date":"2022-04-07T12:40:53","date_gmt":"2022-04-07T10:40:53","guid":{"rendered":"https:\/\/www.megastitch.eu\/?post_type=product&#038;p=26969"},"modified":"2023-04-07T17:35:55","modified_gmt":"2023-04-07T15:35:55","slug":"velkonocne-kuriatko","status":"publish","type":"product","link":"https:\/\/www.megastitch.eu\/cs\/obchod\/predlohy-na-vysivanie\/male-predlohy\/velkonocne-kuriatko\/","title":{"rendered":"Ve\u013ekono\u010dn\u00e9 kuriatko"},"content":{"rendered":"<div class=\"nolwrap\"><p>Nik vari neohl\u00e1si pr\u00edchod jari dokonalej\u0161ie ako mal\u00e9 \u017eltu\u010dk\u00e9 kuriatka, svoj\u00edm \u0161tebotav\u00fdm p\u00edpan\u00edm. Priam po\u010dujem ako s rados\u0165ou mal\u00fd posol jari p\u00edpa: Vy\u0161i si ma&#8230;Vy\u0161i si ma&#8230;<\/p>\n<p>Nad\u0161ene m\u00e1va kr\u00eddelkami, aby sa \u010do najr\u00fdchlej\u0161ie dostalo von z farebnej ve\u013ekono\u010dnej \u0161krupiny a mohlo za\u010da\u0165 sk\u00fama\u0165 svet. Pridajte si ho k va\u0161im ve\u013ekono\u010dn\u00fdm v\u00fd\u0161ivk\u00e1m a nechajte sa strhn\u00fa\u0165 jeho rados\u0165ou zo \u017eivota.<\/p>\n<p>Autorka predlohy: <strong>M\u00e1ria Erbenov\u00e1\u00a0<\/strong><\/p>\n<h4>Inform\u00e1cie o predlohe:<\/h4>\n<p><strong>Po\u010det kr\u00ed\u017eikov: 22 x 31<\/strong><br \/>\n<strong>Rozmer l\u00e1tky: 3.99 x 5.62 cm<\/strong><br \/>\n<strong>L\u00e1tka<\/strong>: 14 ct biela aida<br \/>\n<strong>Bavlnky: <\/strong>DMC<br \/>\n<strong>Po\u010det farieb: <\/strong>17 + 3 blendy, fialov\u00e1 15+1 blend<br \/>\n<strong>Pou\u017eit\u00e9 techniky:<\/strong> kr\u00ed\u017eiky, ob\u0161\u00edvanie<\/p>\n<h4>S\u00fabory na stiahnutie:<\/h4>\n<ul>\n<li><strong>pdf s\u00fabor<\/strong>\n<ul>\n<li>v \u010dierno-bielej verzii &#8211; s ob\u0161\u00edvan\u00edm a bez ob\u0161\u00edvania,<\/li>\n<li>vo farebnej verzii &#8211; s ob\u0161\u00edvan\u00edm a bez ob\u0161\u00edvania<\/li>\n<\/ul>\n<\/li>\n<li><strong>cssaga s\u00fabor<\/strong><\/li>\n<\/ul>\n<\/div>","protected":false},"excerpt":{"rendered":"<p><span style=\"font-weight: 400\">Mal\u00fd posol jari, \u017elt\u00e9 kuriatko vo ve\u013ekono\u010dnom vaj\u00ed\u010dku. Ne\u00fanavne m\u00e1va kr\u00eddlami, aby r\u00fdchlo doletelo k v\u00e1m.<\/span><\/p>\n<h4>Inform\u00e1cie o predlohe:<\/h4>\n<p><strong>Po\u010det kr\u00ed\u017eikov: 22 x 31<\/strong><br \/>\n<strong>Rozmer l\u00e1tky: 3.99 x 5.62 cm<\/strong><br \/>\n<strong>L\u00e1tka<\/strong>: 14 ct biela Aida<br \/>\n<strong>Bavlnky: <\/strong>DMC<br \/>\n<strong>Po\u010det farieb: <\/strong>17 + 3 blendy (mie\u0161an\u00e9 farby), fialov\u00e1 15 +1 blend<br \/>\n<strong>Pou\u017eit\u00e9 techniky:<\/strong> kr\u00ed\u017eiky, ob\u0161\u00edvanie<\/p>\n","protected":false},"featured_media":27002,"comment_status":"open","ping_status":"closed","template":"","meta":{"_uag_custom_page_level_css":"","ngg_post_thumbnail":0},"product_cat":[134,113,131,141],"product_tag":[152,285,357,47,143],"aioseo_notices":[],"featured_image_urls":{"full":["https:\/\/www.megastitch.eu\/wp-content\/uploads\/2022\/04\/kuriatko_frame_ss-e1649933871497.jpg",900,1009,false],"thumbnail":["https:\/\/www.megastitch.eu\/wp-content\/uploads\/2022\/04\/kuriatko_frame_ss-150x150.jpg",150,150,true],"medium":["https:\/\/www.megastitch.eu\/wp-content\/uploads\/2022\/04\/kuriatko_frame_ss-268x300.jpg",268,300,true],"medium_large":["https:\/\/www.megastitch.eu\/wp-content\/uploads\/2022\/04\/kuriatko_frame_ss-768x861.jpg",768,861,true],"large":["https:\/\/www.megastitch.eu\/wp-content\/uploads\/2022\/04\/kuriatko_frame_ss-914x1024.jpg",914,1024,true],"1536x1536":["https:\/\/www.megastitch.eu\/wp-content\/uploads\/2022\/04\/kuriatko_frame_ss-e1649933871497.jpg",900,1009,false],"2048x2048":["https:\/\/www.megastitch.eu\/wp-content\/uploads\/2022\/04\/kuriatko_frame_ss-e1649933871497.jpg",900,1009,false],"ultp_layout_landscape_large":["https:\/\/www.megastitch.eu\/wp-content\/uploads\/2022\/04\/kuriatko_frame_ss-1183x800.jpg",1183,800,true],"ultp_layout_landscape":["https:\/\/www.megastitch.eu\/wp-content\/uploads\/2022\/04\/kuriatko_frame_ss-870x570.jpg",870,570,true],"ultp_layout_portrait":["https:\/\/www.megastitch.eu\/wp-content\/uploads\/2022\/04\/kuriatko_frame_ss-600x900.jpg",600,900,true],"ultp_layout_square":["https:\/\/www.megastitch.eu\/wp-content\/uploads\/2022\/04\/kuriatko_frame_ss-600x600.jpg",600,600,true],"molla_post-grid":["https:\/\/www.megastitch.eu\/wp-content\/uploads\/2022\/04\/kuriatko_frame_ss-400x267.jpg",400,267,true],"woocommerce_thumbnail":["https:\/\/www.megastitch.eu\/wp-content\/uploads\/2022\/04\/kuriatko_frame_ss-e1649933871497-300x336.jpg",300,336,true],"woocommerce_single":["https:\/\/www.megastitch.eu\/wp-content\/uploads\/2022\/04\/kuriatko_frame_ss-600x673.jpg",600,673,true],"woocommerce_gallery_thumbnail":["https:\/\/www.megastitch.eu\/wp-content\/uploads\/2022\/04\/kuriatko_frame_ss-e1649933871497-100x100.jpg",100,100,true]},"post_excerpt_stackable":"<p><span style=\"font-weight: 400\">Mal\u00fd posol jari, \u017elt\u00e9 kuriatko vo ve\u013ekono\u010dnom vaj\u00ed\u010dku. Ne\u00fanavne m\u00e1va kr\u00eddlami, aby r\u00fdchlo doletelo k v\u00e1m.<\/span><\/p>\n<h4>Inform\u00e1cie o predlohe:<\/h4>\n<p><strong>Po\u010det kr\u00ed\u017eikov: 22 x 31<\/strong><br \/>\n<strong>Rozmer l\u00e1tky: 3.99 x 5.62 cm<\/strong><br \/>\n<strong>L\u00e1tka<\/strong>: 14 ct biela Aida<br \/>\n<strong>Bavlnky: <\/strong>DMC<br \/>\n<strong>Po\u010det farieb: <\/strong>17 + 3 blendy (mie\u0161an\u00e9 farby), fialov\u00e1 15 +1 blend<br \/>\n<strong>Pou\u017eit\u00e9 techniky:<\/strong> kr\u00ed\u017eiky, ob\u0161\u00edvanie<\/p>\n","category_list":"","author_info":{"name":"","url":""},"comments_num":"0 comments","featured_image_urls_v2":{"full":["https:\/\/www.megastitch.eu\/wp-content\/uploads\/2022\/04\/kuriatko_frame_ss-e1649933871497.jpg",900,1009,false],"thumbnail":["https:\/\/www.megastitch.eu\/wp-content\/uploads\/2022\/04\/kuriatko_frame_ss-150x150.jpg",150,150,true],"medium":["https:\/\/www.megastitch.eu\/wp-content\/uploads\/2022\/04\/kuriatko_frame_ss-268x300.jpg",268,300,true],"medium_large":["https:\/\/www.megastitch.eu\/wp-content\/uploads\/2022\/04\/kuriatko_frame_ss-768x861.jpg",768,861,true],"large":["https:\/\/www.megastitch.eu\/wp-content\/uploads\/2022\/04\/kuriatko_frame_ss-914x1024.jpg",914,1024,true],"1536x1536":["https:\/\/www.megastitch.eu\/wp-content\/uploads\/2022\/04\/kuriatko_frame_ss-e1649933871497.jpg",900,1009,false],"2048x2048":["https:\/\/www.megastitch.eu\/wp-content\/uploads\/2022\/04\/kuriatko_frame_ss-e1649933871497.jpg",900,1009,false],"ultp_layout_landscape_large":["https:\/\/www.megastitch.eu\/wp-content\/uploads\/2022\/04\/kuriatko_frame_ss-1183x800.jpg",1183,800,true],"ultp_layout_landscape":["https:\/\/www.megastitch.eu\/wp-content\/uploads\/2022\/04\/kuriatko_frame_ss-870x570.jpg",870,570,true],"ultp_layout_portrait":["https:\/\/www.megastitch.eu\/wp-content\/uploads\/2022\/04\/kuriatko_frame_ss-600x900.jpg",600,900,true],"ultp_layout_square":["https:\/\/www.megastitch.eu\/wp-content\/uploads\/2022\/04\/kuriatko_frame_ss-600x600.jpg",600,600,true],"molla_post-grid":["https:\/\/www.megastitch.eu\/wp-content\/uploads\/2022\/04\/kuriatko_frame_ss-400x267.jpg",400,267,true],"woocommerce_thumbnail":["https:\/\/www.megastitch.eu\/wp-content\/uploads\/2022\/04\/kuriatko_frame_ss-e1649933871497-300x336.jpg",300,336,true],"woocommerce_single":["https:\/\/www.megastitch.eu\/wp-content\/uploads\/2022\/04\/kuriatko_frame_ss-600x673.jpg",600,673,true],"woocommerce_gallery_thumbnail":["https:\/\/www.megastitch.eu\/wp-content\/uploads\/2022\/04\/kuriatko_frame_ss-e1649933871497-100x100.jpg",100,100,true]},"post_excerpt_stackable_v2":"<p><span style=\"font-weight: 400\">Mal\u00fd posol jari, \u017elt\u00e9 kuriatko vo ve\u013ekono\u010dnom vaj\u00ed\u010dku. Ne\u00fanavne m\u00e1va kr\u00eddlami, aby r\u00fdchlo doletelo k v\u00e1m.<\/span><\/p>\n<h4>Inform\u00e1cie o predlohe:<\/h4>\n<p><strong>Po\u010det kr\u00ed\u017eikov: 22 x 31<\/strong><br \/>\n<strong>Rozmer l\u00e1tky: 3.99 x 5.62 cm<\/strong><br \/>\n<strong>L\u00e1tka<\/strong>: 14 ct biela Aida<br \/>\n<strong>Bavlnky: <\/strong>DMC<br \/>\n<strong>Po\u010det farieb: <\/strong>17 + 3 blendy (mie\u0161an\u00e9 farby), fialov\u00e1 15 +1 blend<br \/>\n<strong>Pou\u017eit\u00e9 techniky:<\/strong> kr\u00ed\u017eiky, ob\u0161\u00edvanie<\/p>\n","category_list_v2":"","author_info_v2":{"name":"","url":""},"comments_num_v2":"0 comments","uagb_featured_image_src":{"full":["https:\/\/www.megastitch.eu\/wp-content\/uploads\/2022\/04\/kuriatko_frame_ss-e1649933871497.jpg",900,1009,false],"thumbnail":["https:\/\/www.megastitch.eu\/wp-content\/uploads\/2022\/04\/kuriatko_frame_ss-150x150.jpg",150,150,true],"medium":["https:\/\/www.megastitch.eu\/wp-content\/uploads\/2022\/04\/kuriatko_frame_ss-268x300.jpg",268,300,true],"medium_large":["https:\/\/www.megastitch.eu\/wp-content\/uploads\/2022\/04\/kuriatko_frame_ss-768x861.jpg",768,861,true],"large":["https:\/\/www.megastitch.eu\/wp-content\/uploads\/2022\/04\/kuriatko_frame_ss-914x1024.jpg",914,1024,true],"1536x1536":["https:\/\/www.megastitch.eu\/wp-content\/uploads\/2022\/04\/kuriatko_frame_ss-e1649933871497.jpg",900,1009,false],"2048x2048":["https:\/\/www.megastitch.eu\/wp-content\/uploads\/2022\/04\/kuriatko_frame_ss-e1649933871497.jpg",900,1009,false],"ultp_layout_landscape_large":["https:\/\/www.megastitch.eu\/wp-content\/uploads\/2022\/04\/kuriatko_frame_ss-1183x800.jpg",1183,800,true],"ultp_layout_landscape":["https:\/\/www.megastitch.eu\/wp-content\/uploads\/2022\/04\/kuriatko_frame_ss-870x570.jpg",870,570,true],"ultp_layout_portrait":["https:\/\/www.megastitch.eu\/wp-content\/uploads\/2022\/04\/kuriatko_frame_ss-600x900.jpg",600,900,true],"ultp_layout_square":["https:\/\/www.megastitch.eu\/wp-content\/uploads\/2022\/04\/kuriatko_frame_ss-600x600.jpg",600,600,true],"molla_post-grid":["https:\/\/www.megastitch.eu\/wp-content\/uploads\/2022\/04\/kuriatko_frame_ss-400x267.jpg",400,267,true],"woocommerce_thumbnail":["https:\/\/www.megastitch.eu\/wp-content\/uploads\/2022\/04\/kuriatko_frame_ss-e1649933871497-300x336.jpg",300,336,true],"woocommerce_single":["https:\/\/www.megastitch.eu\/wp-content\/uploads\/2022\/04\/kuriatko_frame_ss-600x673.jpg",600,673,true],"woocommerce_gallery_thumbnail":["https:\/\/www.megastitch.eu\/wp-content\/uploads\/2022\/04\/kuriatko_frame_ss-e1649933871497-100x100.jpg",100,100,true]},"uagb_author_info":{"display_name":"pagacova","author_link":"https:\/\/www.megastitch.eu\/cs\/author\/"},"uagb_comment_info":0,"uagb_excerpt":"Mal\u00fd posol jari, \u017elt\u00e9 kuriatko vo ve\u013ekono\u010dnom vaj\u00ed\u010dku. Ne\u00fanavne m\u00e1va kr\u00eddlami, aby r\u00fdchlo doletelo k v\u00e1m. Inform\u00e1cie o predlohe: Po\u010det kr\u00ed\u017eikov: 22 x 31 Rozmer l\u00e1tky: 3.99 x 5.62 cm L\u00e1tka: 14 ct biela Aida Bavlnky: DMC Po\u010det farieb: 17 + 3 blendy (mie\u0161an\u00e9 farby), fialov\u00e1 15 +1 blend Pou\u017eit\u00e9 techniky: kr\u00ed\u017eiky, ob\u0161\u00edvanie","_links":{"self":[{"href":"https:\/\/www.megastitch.eu\/cs\/wp-json\/wp\/v2\/product\/26969"}],"collection":[{"href":"https:\/\/www.megastitch.eu\/cs\/wp-json\/wp\/v2\/product"}],"about":[{"href":"https:\/\/www.megastitch.eu\/cs\/wp-json\/wp\/v2\/types\/product"}],"replies":[{"embeddable":true,"href":"https:\/\/www.megastitch.eu\/cs\/wp-json\/wp\/v2\/comments?post=26969"}],"wp:featuredmedia":[{"embeddable":true,"href":"https:\/\/www.megastitch.eu\/cs\/wp-json\/wp\/v2\/media\/27002"}],"wp:attachment":[{"href":"https:\/\/www.megastitch.eu\/cs\/wp-json\/wp\/v2\/media?parent=26969"}],"wp:term":[{"taxonomy":"product_cat","embeddable":true,"href":"https:\/\/www.megastitch.eu\/cs\/wp-json\/wp\/v2\/product_cat?post=26969"},{"taxonomy":"product_tag","embeddable":true,"href":"https:\/\/www.megastitch.eu\/cs\/wp-json\/wp\/v2\/product_tag?post=26969"}],"curies":[{"name":"wp","href":"https:\/\/api.w.org\/{rel}","templated":true}]}}