	{"id":26970,"date":"2022-04-07T12:35:09","date_gmt":"2022-04-07T10:35:09","guid":{"rendered":"https:\/\/www.megastitch.eu\/?post_type=product&#038;p=26970"},"modified":"2024-05-25T16:21:56","modified_gmt":"2024-05-25T14:21:56","slug":"morske-prasiatko","status":"publish","type":"product","link":"https:\/\/www.megastitch.eu\/cs\/obchod\/predlohy-na-vysivanie\/stredne-predlohy\/morske-prasiatko\/","title":{"rendered":"Morsk\u00e9 prasiatko"},"content":{"rendered":"<div class=\"nolwrap\"><p>Kto by v detstve net\u00fa\u017eil po malom zvieracom kamar\u00e1tovi? Aby sa mu mohol vyrozpr\u00e1va\u0165, upokoji\u0165 sa hladen\u00edm jeho ko\u017e\u00fa\u0161ku. \u010castokr\u00e1t si on\u00fa t\u00fa\u017ebu nesieme a\u017e do dospelosti.<\/p>\n<p>Zah\u013ea\u010fte sa do o\u010d\u00ed mor\u010da\u0165a aspo\u0148 na chv\u00ed\u013eu. Ur\u010dite si z\u00edska va\u0161e srdce svoj\u00edm \u0161ibalsk\u00fdm poh\u013eadom. Vy\u0161\u00edvajte predlohu hu\u0148at\u00e9ho chlp\u00e1\u010dika a v spomienkach sa preneste k pocitu hladenia hebk\u00e9ho ko\u017e\u00fa\u0161ku.<\/p>\n<p>Priv\u00edtajte doma nov\u00e9ho \u010dlena aspo\u0148 v podobe hotovej v\u00fd\u0161ivky. Netreba ho k\u0155mi\u0165, ani po \u0148om upratova\u0165.<\/p>\n<p>Autor ilustr\u00e1cie:\u00a0<a title=\"Illustrator: Galya Kharkovskaya\" href=\"https:\/\/www.instagram.com\/bezeba1\/\" target=\"_blank\" rel=\"noopener noreferrer\">Galya Kharkovskaya<\/a><\/p>\n<p>Autorka predlohy: <strong>M\u00e1ria Erbenov\u00e1\u00a0<\/strong><\/p>\n<h4>Inform\u00e1cie o predlohe:<\/h4>\n<p><strong>Po\u010det kr\u00ed\u017eikov: 60 x 74<\/strong><br \/>\n<strong>Rozmer l\u00e1tky: 10.89 x 13.43 cm<\/strong><br \/>\n<strong>L\u00e1tka<\/strong>: 14 ct\u00a0 aida<br \/>\n<strong>Bavlnky: <\/strong>DMC<br \/>\n<strong>Po\u010det farieb: <\/strong>31 + 7 blendov<br \/>\n<strong>Pou\u017eit\u00e9 techniky:<\/strong> kr\u00ed\u017eiky, polkr\u00ed\u017eiky, ob\u0161\u00edvanie, franc\u00fazke uzl\u00edky<\/p>\n<h4>S\u00fabory na stiahnutie:<\/h4>\n<ul>\n<li><strong>pdf s\u00fabor<\/strong>\n<ul>\n<li>v \u010dierno-bielej verzii &#8211; s ob\u0161\u00edvan\u00edm a bez ob\u0161\u00edvania,<\/li>\n<li>vo farebnej verzii &#8211; s ob\u0161\u00edvan\u00edm a bez ob\u0161\u00edvania<\/li>\n<\/ul>\n<\/li>\n<li><strong>cssaga s\u00fabor<\/strong><\/li>\n<\/ul>\n<\/div>","protected":false},"excerpt":{"rendered":"<p><span style=\"font-weight: 400\">Rozko\u0161n\u00e1 predloha hu\u0148at\u00e9ho chlp\u00e1\u010da so \u0161ibalsk\u00fdm poh\u013eadom. Dovo\u013ete mor\u010da\u0165u, aby si v\u00e1s z\u00edskalo.<\/span><\/p>\n<h4>Inform\u00e1cie o predlohe:<\/h4>\n<p><strong>Po\u010det kr\u00ed\u017eikov: 60 x 74<\/strong><br \/>\n<strong>Rozmer l\u00e1tky: 10.89 x 13.43 cm<\/strong><br \/>\n<strong>L\u00e1tka<\/strong>: 14 ct\u00a0 Aida<br \/>\n<strong>Bavlnky: <\/strong>DMC<br \/>\n<strong>Po\u010det farieb: <\/strong>31 + 7 blendov<br \/>\n<strong>Pou\u017eit\u00e9 techniky:<\/strong> kr\u00ed\u017eiky, polkr\u00ed\u017eiky, ob\u0161\u00edvanie, franc\u00fazske uzl\u00edky<\/p>\n","protected":false},"featured_media":26978,"comment_status":"open","ping_status":"closed","template":"","meta":{"_uag_custom_page_level_css":"","ngg_post_thumbnail":0},"product_cat":[243,113,131,138],"product_tag":[45,318,290,211,227,48,151],"aioseo_notices":[],"featured_image_urls":{"full":["https:\/\/www.megastitch.eu\/wp-content\/uploads\/2022\/04\/guinea_pig_frame_ss-e1649842052891.jpg",870,979,false],"thumbnail":["https:\/\/www.megastitch.eu\/wp-content\/uploads\/2022\/04\/guinea_pig_frame_ss-150x150.jpg",150,150,true],"medium":["https:\/\/www.megastitch.eu\/wp-content\/uploads\/2022\/04\/guinea_pig_frame_ss-267x300.jpg",267,300,true],"medium_large":["https:\/\/www.megastitch.eu\/wp-content\/uploads\/2022\/04\/guinea_pig_frame_ss-768x864.jpg",768,864,true],"large":["https:\/\/www.megastitch.eu\/wp-content\/uploads\/2022\/04\/guinea_pig_frame_ss-910x1024.jpg",910,1024,true],"1536x1536":["https:\/\/www.megastitch.eu\/wp-content\/uploads\/2022\/04\/guinea_pig_frame_ss-e1649842052891.jpg",870,979,false],"2048x2048":["https:\/\/www.megastitch.eu\/wp-content\/uploads\/2022\/04\/guinea_pig_frame_ss-e1649842052891.jpg",870,979,false],"ultp_layout_landscape_large":["https:\/\/www.megastitch.eu\/wp-content\/uploads\/2022\/04\/guinea_pig_frame_ss-1200x800.jpg",1200,800,true],"ultp_layout_landscape":["https:\/\/www.megastitch.eu\/wp-content\/uploads\/2022\/04\/guinea_pig_frame_ss-870x570.jpg",870,570,true],"ultp_layout_portrait":["https:\/\/www.megastitch.eu\/wp-content\/uploads\/2022\/04\/guinea_pig_frame_ss-600x900.jpg",600,900,true],"ultp_layout_square":["https:\/\/www.megastitch.eu\/wp-content\/uploads\/2022\/04\/guinea_pig_frame_ss-600x600.jpg",600,600,true],"molla_post-grid":["https:\/\/www.megastitch.eu\/wp-content\/uploads\/2022\/04\/guinea_pig_frame_ss-400x267.jpg",400,267,true],"woocommerce_thumbnail":["https:\/\/www.megastitch.eu\/wp-content\/uploads\/2022\/04\/guinea_pig_frame_ss-e1649842052891-300x338.jpg",300,338,true],"woocommerce_single":["https:\/\/www.megastitch.eu\/wp-content\/uploads\/2022\/04\/guinea_pig_frame_ss-600x675.jpg",600,675,true],"woocommerce_gallery_thumbnail":["https:\/\/www.megastitch.eu\/wp-content\/uploads\/2022\/04\/guinea_pig_frame_ss-e1649842052891-100x100.jpg",100,100,true]},"post_excerpt_stackable":"<p><span style=\"font-weight: 400\">Rozko\u0161n\u00e1 predloha hu\u0148at\u00e9ho chlp\u00e1\u010da so \u0161ibalsk\u00fdm poh\u013eadom. Dovo\u013ete mor\u010da\u0165u, aby si v\u00e1s z\u00edskalo.<\/span><\/p>\n<h4>Inform\u00e1cie o predlohe:<\/h4>\n<p><strong>Po\u010det kr\u00ed\u017eikov: 60 x 74<\/strong><br \/>\n<strong>Rozmer l\u00e1tky: 10.89 x 13.43 cm<\/strong><br \/>\n<strong>L\u00e1tka<\/strong>: 14 ct\u00a0 Aida<br \/>\n<strong>Bavlnky: <\/strong>DMC<br \/>\n<strong>Po\u010det farieb: <\/strong>31 + 7 blendov<br \/>\n<strong>Pou\u017eit\u00e9 techniky:<\/strong> kr\u00ed\u017eiky, polkr\u00ed\u017eiky, ob\u0161\u00edvanie, franc\u00fazske uzl\u00edky<\/p>\n","category_list":"","author_info":{"name":"","url":""},"comments_num":"0 comments","featured_image_urls_v2":{"full":["https:\/\/www.megastitch.eu\/wp-content\/uploads\/2022\/04\/guinea_pig_frame_ss-e1649842052891.jpg",870,979,false],"thumbnail":["https:\/\/www.megastitch.eu\/wp-content\/uploads\/2022\/04\/guinea_pig_frame_ss-150x150.jpg",150,150,true],"medium":["https:\/\/www.megastitch.eu\/wp-content\/uploads\/2022\/04\/guinea_pig_frame_ss-267x300.jpg",267,300,true],"medium_large":["https:\/\/www.megastitch.eu\/wp-content\/uploads\/2022\/04\/guinea_pig_frame_ss-768x864.jpg",768,864,true],"large":["https:\/\/www.megastitch.eu\/wp-content\/uploads\/2022\/04\/guinea_pig_frame_ss-910x1024.jpg",910,1024,true],"1536x1536":["https:\/\/www.megastitch.eu\/wp-content\/uploads\/2022\/04\/guinea_pig_frame_ss-e1649842052891.jpg",870,979,false],"2048x2048":["https:\/\/www.megastitch.eu\/wp-content\/uploads\/2022\/04\/guinea_pig_frame_ss-e1649842052891.jpg",870,979,false],"ultp_layout_landscape_large":["https:\/\/www.megastitch.eu\/wp-content\/uploads\/2022\/04\/guinea_pig_frame_ss-1200x800.jpg",1200,800,true],"ultp_layout_landscape":["https:\/\/www.megastitch.eu\/wp-content\/uploads\/2022\/04\/guinea_pig_frame_ss-870x570.jpg",870,570,true],"ultp_layout_portrait":["https:\/\/www.megastitch.eu\/wp-content\/uploads\/2022\/04\/guinea_pig_frame_ss-600x900.jpg",600,900,true],"ultp_layout_square":["https:\/\/www.megastitch.eu\/wp-content\/uploads\/2022\/04\/guinea_pig_frame_ss-600x600.jpg",600,600,true],"molla_post-grid":["https:\/\/www.megastitch.eu\/wp-content\/uploads\/2022\/04\/guinea_pig_frame_ss-400x267.jpg",400,267,true],"woocommerce_thumbnail":["https:\/\/www.megastitch.eu\/wp-content\/uploads\/2022\/04\/guinea_pig_frame_ss-e1649842052891-300x338.jpg",300,338,true],"woocommerce_single":["https:\/\/www.megastitch.eu\/wp-content\/uploads\/2022\/04\/guinea_pig_frame_ss-600x675.jpg",600,675,true],"woocommerce_gallery_thumbnail":["https:\/\/www.megastitch.eu\/wp-content\/uploads\/2022\/04\/guinea_pig_frame_ss-e1649842052891-100x100.jpg",100,100,true]},"post_excerpt_stackable_v2":"<p><span style=\"font-weight: 400\">Rozko\u0161n\u00e1 predloha hu\u0148at\u00e9ho chlp\u00e1\u010da so \u0161ibalsk\u00fdm poh\u013eadom. Dovo\u013ete mor\u010da\u0165u, aby si v\u00e1s z\u00edskalo.<\/span><\/p>\n<h4>Inform\u00e1cie o predlohe:<\/h4>\n<p><strong>Po\u010det kr\u00ed\u017eikov: 60 x 74<\/strong><br \/>\n<strong>Rozmer l\u00e1tky: 10.89 x 13.43 cm<\/strong><br \/>\n<strong>L\u00e1tka<\/strong>: 14 ct\u00a0 Aida<br \/>\n<strong>Bavlnky: <\/strong>DMC<br \/>\n<strong>Po\u010det farieb: <\/strong>31 + 7 blendov<br \/>\n<strong>Pou\u017eit\u00e9 techniky:<\/strong> kr\u00ed\u017eiky, polkr\u00ed\u017eiky, ob\u0161\u00edvanie, franc\u00fazske uzl\u00edky<\/p>\n","category_list_v2":"","author_info_v2":{"name":"","url":""},"comments_num_v2":"0 comments","uagb_featured_image_src":{"full":["https:\/\/www.megastitch.eu\/wp-content\/uploads\/2022\/04\/guinea_pig_frame_ss-e1649842052891.jpg",870,979,false],"thumbnail":["https:\/\/www.megastitch.eu\/wp-content\/uploads\/2022\/04\/guinea_pig_frame_ss-150x150.jpg",150,150,true],"medium":["https:\/\/www.megastitch.eu\/wp-content\/uploads\/2022\/04\/guinea_pig_frame_ss-267x300.jpg",267,300,true],"medium_large":["https:\/\/www.megastitch.eu\/wp-content\/uploads\/2022\/04\/guinea_pig_frame_ss-768x864.jpg",768,864,true],"large":["https:\/\/www.megastitch.eu\/wp-content\/uploads\/2022\/04\/guinea_pig_frame_ss-910x1024.jpg",910,1024,true],"1536x1536":["https:\/\/www.megastitch.eu\/wp-content\/uploads\/2022\/04\/guinea_pig_frame_ss-e1649842052891.jpg",870,979,false],"2048x2048":["https:\/\/www.megastitch.eu\/wp-content\/uploads\/2022\/04\/guinea_pig_frame_ss-e1649842052891.jpg",870,979,false],"ultp_layout_landscape_large":["https:\/\/www.megastitch.eu\/wp-content\/uploads\/2022\/04\/guinea_pig_frame_ss-1200x800.jpg",1200,800,true],"ultp_layout_landscape":["https:\/\/www.megastitch.eu\/wp-content\/uploads\/2022\/04\/guinea_pig_frame_ss-870x570.jpg",870,570,true],"ultp_layout_portrait":["https:\/\/www.megastitch.eu\/wp-content\/uploads\/2022\/04\/guinea_pig_frame_ss-600x900.jpg",600,900,true],"ultp_layout_square":["https:\/\/www.megastitch.eu\/wp-content\/uploads\/2022\/04\/guinea_pig_frame_ss-600x600.jpg",600,600,true],"molla_post-grid":["https:\/\/www.megastitch.eu\/wp-content\/uploads\/2022\/04\/guinea_pig_frame_ss-400x267.jpg",400,267,true],"woocommerce_thumbnail":["https:\/\/www.megastitch.eu\/wp-content\/uploads\/2022\/04\/guinea_pig_frame_ss-e1649842052891-300x338.jpg",300,338,true],"woocommerce_single":["https:\/\/www.megastitch.eu\/wp-content\/uploads\/2022\/04\/guinea_pig_frame_ss-600x675.jpg",600,675,true],"woocommerce_gallery_thumbnail":["https:\/\/www.megastitch.eu\/wp-content\/uploads\/2022\/04\/guinea_pig_frame_ss-e1649842052891-100x100.jpg",100,100,true]},"uagb_author_info":{"display_name":"pagacova","author_link":"https:\/\/www.megastitch.eu\/cs\/author\/"},"uagb_comment_info":0,"uagb_excerpt":"Rozko\u0161n\u00e1 predloha hu\u0148at\u00e9ho chlp\u00e1\u010da so \u0161ibalsk\u00fdm poh\u013eadom. Dovo\u013ete mor\u010da\u0165u, aby si v\u00e1s z\u00edskalo. Inform\u00e1cie o predlohe: Po\u010det kr\u00ed\u017eikov: 60 x 74 Rozmer l\u00e1tky: 10.89 x 13.43 cm L\u00e1tka: 14 ct\u00a0 Aida Bavlnky: DMC Po\u010det farieb: 31 + 7 blendov Pou\u017eit\u00e9 techniky: kr\u00ed\u017eiky, polkr\u00ed\u017eiky, ob\u0161\u00edvanie, franc\u00fazske uzl\u00edky","_links":{"self":[{"href":"https:\/\/www.megastitch.eu\/cs\/wp-json\/wp\/v2\/product\/26970"}],"collection":[{"href":"https:\/\/www.megastitch.eu\/cs\/wp-json\/wp\/v2\/product"}],"about":[{"href":"https:\/\/www.megastitch.eu\/cs\/wp-json\/wp\/v2\/types\/product"}],"replies":[{"embeddable":true,"href":"https:\/\/www.megastitch.eu\/cs\/wp-json\/wp\/v2\/comments?post=26970"}],"wp:featuredmedia":[{"embeddable":true,"href":"https:\/\/www.megastitch.eu\/cs\/wp-json\/wp\/v2\/media\/26978"}],"wp:attachment":[{"href":"https:\/\/www.megastitch.eu\/cs\/wp-json\/wp\/v2\/media?parent=26970"}],"wp:term":[{"taxonomy":"product_cat","embeddable":true,"href":"https:\/\/www.megastitch.eu\/cs\/wp-json\/wp\/v2\/product_cat?post=26970"},{"taxonomy":"product_tag","embeddable":true,"href":"https:\/\/www.megastitch.eu\/cs\/wp-json\/wp\/v2\/product_tag?post=26970"}],"curies":[{"name":"wp","href":"https:\/\/api.w.org\/{rel}","templated":true}]}}