	{"id":27021,"date":"2022-04-30T22:30:28","date_gmt":"2022-04-30T20:30:28","guid":{"rendered":"https:\/\/www.megastitch.eu\/?post_type=product&#038;p=27021"},"modified":"2023-08-01T13:56:03","modified_gmt":"2023-08-01T11:56:03","slug":"sen-o-mori-vzorkovnik-skriatok","status":"publish","type":"product","link":"https:\/\/www.megastitch.eu\/cs\/obchod\/predlohy-na-vysivanie\/stredne-predlohy\/sen-o-mori-vzorkovnik-skriatok\/","title":{"rendered":"Sen o mori &#8211; vzorkovn\u00edk \u0161kriatok"},"content":{"rendered":"<div class=\"nolwrap\"><p>Vzorkovn\u00edk \u0161kriatka s morskou tematikou, presne vystihuje to, \u010do my dospel\u00fd obdivujeme na de\u0165och. Hrav\u00fa predstavivos\u0165 bez hran\u00edc.<\/p>\n<p>Diev\u010datko &#8211; \u0161kriatok je napriek zime, vo svojej fant\u00e1zii, kapit\u00e1nkou lode na mori. Na svojej ceste stret\u00e1va ve\u013erybu a mnoho nov\u00fdch kamar\u00e1tov. Vydajte sa spolu s \u0148ou na plavbu a u\u017eite si z\u00e1bavu bez hran\u00edc. Tancujte s hviezdicou a riasami, spoznajte dom morsk\u00e9ho raka.<\/p>\n<p>Dovo\u013ete si by\u0165 na chv\u00ed\u013eu znovu bezstarostn\u00fdm die\u0165a\u0165om. Aspo\u0148 pokia\u013e si vy\u0161ijete predlohu.<\/p>\n<p>Autor ilustr\u00e1cie: <a title=\"Illustrator: Irina Racoon\" href=\"https:\/\/www.instagram.com\/raccoon_irina\/\" target=\"_blank\" rel=\"noopener noreferrer\">Irina Raccoon<\/a><\/p>\n<p>Autorka predlohy: <strong>M\u00e1ria Erbenov\u00e1\u00a0<\/strong><\/p>\n<h4>Inform\u00e1cie o predlohe:<\/h4>\n<p><strong>Po\u010det kr\u00ed\u017eikov: 134 x 96<\/strong><br \/>\n<strong>Rozmer l\u00e1tky: 24.31 x 17.42 cm<\/strong><br \/>\n<strong>L\u00e1tka<\/strong>: 14 ct\u00a0 aida<br \/>\n<strong>Bavlnky: <\/strong>DMC<br \/>\n<strong>Po\u010det farieb: <\/strong>57+ 20 blendov<br \/>\n<strong>Pou\u017eit\u00e9 techniky:<\/strong> kr\u00ed\u017eiky, polkr\u00ed\u017eiky, ob\u0161\u00edvanie, franc\u00fazke uzl\u00edky<\/p>\n<h4>S\u00fabory na stiahnutie:<\/h4>\n<ul>\n<li><strong>pdf s\u00fabor<\/strong>\n<ul>\n<li>v \u010dierno-bielej verzii &#8211; s ob\u0161\u00edvan\u00edm a bez ob\u0161\u00edvania,<\/li>\n<li>vo farebnej verzii &#8211; s ob\u0161\u00edvan\u00edm a bez ob\u0161\u00edvania<\/li>\n<\/ul>\n<\/li>\n<li><strong>cssaga s\u00fabor<\/strong><\/li>\n<\/ul>\n<\/div>","protected":false},"excerpt":{"rendered":"<h4>Hrav\u00fd vzorkovn\u00edk diev\u010datko &#8211; \u0161kriatok v \u017eiariv\u00fdch farb\u00e1ch s morskou tematikou.<\/h4>\n<p><strong>Po\u010det kr\u00ed\u017eikov: 134 x 96<\/strong><br \/>\n<strong>Rozmer l\u00e1tky: 24.31 x 17.42 cm<\/strong><br \/>\n<strong>L\u00e1tka<\/strong>: 14 ct\u00a0 Aida<br \/>\n<strong>Bavlnky: <\/strong>DMC<br \/>\n<strong>Po\u010det farieb: <\/strong>57+ 20 blendov<br \/>\n<strong>Pou\u017eit\u00e9 techniky:<\/strong> kr\u00ed\u017eiky, polkr\u00ed\u017eiky, ob\u0161\u00edvanie, franc\u00fazske uzl\u00edky<\/p>\n","protected":false},"featured_media":27042,"comment_status":"open","ping_status":"closed","template":"","meta":{"_uag_custom_page_level_css":"","ngg_post_thumbnail":0},"product_cat":[243,113,131,138],"product_tag":[289,318,248,294,227,296,293,299,295,292],"aioseo_notices":[],"featured_image_urls":{"full":["https:\/\/www.megastitch.eu\/wp-content\/uploads\/2022\/04\/sea_sampler_frame_2_ss-e1651430628996.jpg",960,773,false],"thumbnail":["https:\/\/www.megastitch.eu\/wp-content\/uploads\/2022\/04\/sea_sampler_frame_2_ss-150x150.jpg",150,150,true],"medium":["https:\/\/www.megastitch.eu\/wp-content\/uploads\/2022\/04\/sea_sampler_frame_2_ss-300x242.jpg",300,242,true],"medium_large":["https:\/\/www.megastitch.eu\/wp-content\/uploads\/2022\/04\/sea_sampler_frame_2_ss-768x619.jpg",768,619,true],"large":["https:\/\/www.megastitch.eu\/wp-content\/uploads\/2022\/04\/sea_sampler_frame_2_ss-1024x825.jpg",1024,825,true],"1536x1536":["https:\/\/www.megastitch.eu\/wp-content\/uploads\/2022\/04\/sea_sampler_frame_2_ss-1536x1237.jpg",1536,1237,true],"2048x2048":["https:\/\/www.megastitch.eu\/wp-content\/uploads\/2022\/04\/sea_sampler_frame_2_ss-e1651430628996.jpg",960,773,false],"ultp_layout_landscape_large":["https:\/\/www.megastitch.eu\/wp-content\/uploads\/2022\/04\/sea_sampler_frame_2_ss-1200x800.jpg",1200,800,true],"ultp_layout_landscape":["https:\/\/www.megastitch.eu\/wp-content\/uploads\/2022\/04\/sea_sampler_frame_2_ss-870x570.jpg",870,570,true],"ultp_layout_portrait":["https:\/\/www.megastitch.eu\/wp-content\/uploads\/2022\/04\/sea_sampler_frame_2_ss-600x900.jpg",600,900,true],"ultp_layout_square":["https:\/\/www.megastitch.eu\/wp-content\/uploads\/2022\/04\/sea_sampler_frame_2_ss-600x600.jpg",600,600,true],"molla_post-grid":["https:\/\/www.megastitch.eu\/wp-content\/uploads\/2022\/04\/sea_sampler_frame_2_ss-400x267.jpg",400,267,true],"woocommerce_thumbnail":["https:\/\/www.megastitch.eu\/wp-content\/uploads\/2022\/04\/sea_sampler_frame_2_ss-e1651430628996-300x242.jpg",300,242,true],"woocommerce_single":["https:\/\/www.megastitch.eu\/wp-content\/uploads\/2022\/04\/sea_sampler_frame_2_ss-600x483.jpg",600,483,true],"woocommerce_gallery_thumbnail":["https:\/\/www.megastitch.eu\/wp-content\/uploads\/2022\/04\/sea_sampler_frame_2_ss-e1651430628996-100x100.jpg",100,100,true]},"post_excerpt_stackable":"<h4>Hrav\u00fd vzorkovn\u00edk diev\u010datko &#8211; \u0161kriatok v \u017eiariv\u00fdch farb\u00e1ch s morskou tematikou.<\/h4>\n<p><strong>Po\u010det kr\u00ed\u017eikov: 134 x 96<\/strong><br \/>\n<strong>Rozmer l\u00e1tky: 24.31 x 17.42 cm<\/strong><br \/>\n<strong>L\u00e1tka<\/strong>: 14 ct\u00a0 Aida<br \/>\n<strong>Bavlnky: <\/strong>DMC<br \/>\n<strong>Po\u010det farieb: <\/strong>57+ 20 blendov<br \/>\n<strong>Pou\u017eit\u00e9 techniky:<\/strong> kr\u00ed\u017eiky, polkr\u00ed\u017eiky, ob\u0161\u00edvanie, franc\u00fazske uzl\u00edky<\/p>\n","category_list":"","author_info":{"name":"","url":""},"comments_num":"0 comments","featured_image_urls_v2":{"full":["https:\/\/www.megastitch.eu\/wp-content\/uploads\/2022\/04\/sea_sampler_frame_2_ss-e1651430628996.jpg",960,773,false],"thumbnail":["https:\/\/www.megastitch.eu\/wp-content\/uploads\/2022\/04\/sea_sampler_frame_2_ss-150x150.jpg",150,150,true],"medium":["https:\/\/www.megastitch.eu\/wp-content\/uploads\/2022\/04\/sea_sampler_frame_2_ss-300x242.jpg",300,242,true],"medium_large":["https:\/\/www.megastitch.eu\/wp-content\/uploads\/2022\/04\/sea_sampler_frame_2_ss-768x619.jpg",768,619,true],"large":["https:\/\/www.megastitch.eu\/wp-content\/uploads\/2022\/04\/sea_sampler_frame_2_ss-1024x825.jpg",1024,825,true],"1536x1536":["https:\/\/www.megastitch.eu\/wp-content\/uploads\/2022\/04\/sea_sampler_frame_2_ss-1536x1237.jpg",1536,1237,true],"2048x2048":["https:\/\/www.megastitch.eu\/wp-content\/uploads\/2022\/04\/sea_sampler_frame_2_ss-e1651430628996.jpg",960,773,false],"ultp_layout_landscape_large":["https:\/\/www.megastitch.eu\/wp-content\/uploads\/2022\/04\/sea_sampler_frame_2_ss-1200x800.jpg",1200,800,true],"ultp_layout_landscape":["https:\/\/www.megastitch.eu\/wp-content\/uploads\/2022\/04\/sea_sampler_frame_2_ss-870x570.jpg",870,570,true],"ultp_layout_portrait":["https:\/\/www.megastitch.eu\/wp-content\/uploads\/2022\/04\/sea_sampler_frame_2_ss-600x900.jpg",600,900,true],"ultp_layout_square":["https:\/\/www.megastitch.eu\/wp-content\/uploads\/2022\/04\/sea_sampler_frame_2_ss-600x600.jpg",600,600,true],"molla_post-grid":["https:\/\/www.megastitch.eu\/wp-content\/uploads\/2022\/04\/sea_sampler_frame_2_ss-400x267.jpg",400,267,true],"woocommerce_thumbnail":["https:\/\/www.megastitch.eu\/wp-content\/uploads\/2022\/04\/sea_sampler_frame_2_ss-e1651430628996-300x242.jpg",300,242,true],"woocommerce_single":["https:\/\/www.megastitch.eu\/wp-content\/uploads\/2022\/04\/sea_sampler_frame_2_ss-600x483.jpg",600,483,true],"woocommerce_gallery_thumbnail":["https:\/\/www.megastitch.eu\/wp-content\/uploads\/2022\/04\/sea_sampler_frame_2_ss-e1651430628996-100x100.jpg",100,100,true]},"post_excerpt_stackable_v2":"<h4>Hrav\u00fd vzorkovn\u00edk diev\u010datko &#8211; \u0161kriatok v \u017eiariv\u00fdch farb\u00e1ch s morskou tematikou.<\/h4>\n<p><strong>Po\u010det kr\u00ed\u017eikov: 134 x 96<\/strong><br \/>\n<strong>Rozmer l\u00e1tky: 24.31 x 17.42 cm<\/strong><br \/>\n<strong>L\u00e1tka<\/strong>: 14 ct\u00a0 Aida<br \/>\n<strong>Bavlnky: <\/strong>DMC<br \/>\n<strong>Po\u010det farieb: <\/strong>57+ 20 blendov<br \/>\n<strong>Pou\u017eit\u00e9 techniky:<\/strong> kr\u00ed\u017eiky, polkr\u00ed\u017eiky, ob\u0161\u00edvanie, franc\u00fazske uzl\u00edky<\/p>\n","category_list_v2":"","author_info_v2":{"name":"","url":""},"comments_num_v2":"0 comments","uagb_featured_image_src":{"full":["https:\/\/www.megastitch.eu\/wp-content\/uploads\/2022\/04\/sea_sampler_frame_2_ss-e1651430628996.jpg",960,773,false],"thumbnail":["https:\/\/www.megastitch.eu\/wp-content\/uploads\/2022\/04\/sea_sampler_frame_2_ss-150x150.jpg",150,150,true],"medium":["https:\/\/www.megastitch.eu\/wp-content\/uploads\/2022\/04\/sea_sampler_frame_2_ss-300x242.jpg",300,242,true],"medium_large":["https:\/\/www.megastitch.eu\/wp-content\/uploads\/2022\/04\/sea_sampler_frame_2_ss-768x619.jpg",768,619,true],"large":["https:\/\/www.megastitch.eu\/wp-content\/uploads\/2022\/04\/sea_sampler_frame_2_ss-1024x825.jpg",1024,825,true],"1536x1536":["https:\/\/www.megastitch.eu\/wp-content\/uploads\/2022\/04\/sea_sampler_frame_2_ss-1536x1237.jpg",1536,1237,true],"2048x2048":["https:\/\/www.megastitch.eu\/wp-content\/uploads\/2022\/04\/sea_sampler_frame_2_ss-e1651430628996.jpg",960,773,false],"ultp_layout_landscape_large":["https:\/\/www.megastitch.eu\/wp-content\/uploads\/2022\/04\/sea_sampler_frame_2_ss-1200x800.jpg",1200,800,true],"ultp_layout_landscape":["https:\/\/www.megastitch.eu\/wp-content\/uploads\/2022\/04\/sea_sampler_frame_2_ss-870x570.jpg",870,570,true],"ultp_layout_portrait":["https:\/\/www.megastitch.eu\/wp-content\/uploads\/2022\/04\/sea_sampler_frame_2_ss-600x900.jpg",600,900,true],"ultp_layout_square":["https:\/\/www.megastitch.eu\/wp-content\/uploads\/2022\/04\/sea_sampler_frame_2_ss-600x600.jpg",600,600,true],"molla_post-grid":["https:\/\/www.megastitch.eu\/wp-content\/uploads\/2022\/04\/sea_sampler_frame_2_ss-400x267.jpg",400,267,true],"woocommerce_thumbnail":["https:\/\/www.megastitch.eu\/wp-content\/uploads\/2022\/04\/sea_sampler_frame_2_ss-e1651430628996-300x242.jpg",300,242,true],"woocommerce_single":["https:\/\/www.megastitch.eu\/wp-content\/uploads\/2022\/04\/sea_sampler_frame_2_ss-600x483.jpg",600,483,true],"woocommerce_gallery_thumbnail":["https:\/\/www.megastitch.eu\/wp-content\/uploads\/2022\/04\/sea_sampler_frame_2_ss-e1651430628996-100x100.jpg",100,100,true]},"uagb_author_info":{"display_name":"pagacova","author_link":"https:\/\/www.megastitch.eu\/cs\/author\/"},"uagb_comment_info":0,"uagb_excerpt":"Hrav\u00fd vzorkovn\u00edk diev\u010datko - \u0161kriatok v \u017eiariv\u00fdch farb\u00e1ch s morskou tematikou. Po\u010det kr\u00ed\u017eikov: 134 x 96 Rozmer l\u00e1tky: 24.31 x 17.42 cm L\u00e1tka: 14 ct\u00a0 Aida Bavlnky: DMC Po\u010det farieb: 57+ 20 blendov Pou\u017eit\u00e9 techniky: kr\u00ed\u017eiky, polkr\u00ed\u017eiky, ob\u0161\u00edvanie, franc\u00fazske uzl\u00edky","_links":{"self":[{"href":"https:\/\/www.megastitch.eu\/cs\/wp-json\/wp\/v2\/product\/27021"}],"collection":[{"href":"https:\/\/www.megastitch.eu\/cs\/wp-json\/wp\/v2\/product"}],"about":[{"href":"https:\/\/www.megastitch.eu\/cs\/wp-json\/wp\/v2\/types\/product"}],"replies":[{"embeddable":true,"href":"https:\/\/www.megastitch.eu\/cs\/wp-json\/wp\/v2\/comments?post=27021"}],"wp:featuredmedia":[{"embeddable":true,"href":"https:\/\/www.megastitch.eu\/cs\/wp-json\/wp\/v2\/media\/27042"}],"wp:attachment":[{"href":"https:\/\/www.megastitch.eu\/cs\/wp-json\/wp\/v2\/media?parent=27021"}],"wp:term":[{"taxonomy":"product_cat","embeddable":true,"href":"https:\/\/www.megastitch.eu\/cs\/wp-json\/wp\/v2\/product_cat?post=27021"},{"taxonomy":"product_tag","embeddable":true,"href":"https:\/\/www.megastitch.eu\/cs\/wp-json\/wp\/v2\/product_tag?post=27021"}],"curies":[{"name":"wp","href":"https:\/\/api.w.org\/{rel}","templated":true}]}}