	{"id":27024,"date":"2022-04-30T22:59:16","date_gmt":"2022-04-30T20:59:16","guid":{"rendered":"https:\/\/www.megastitch.eu\/?post_type=product&#038;p=27024"},"modified":"2023-08-01T13:55:46","modified_gmt":"2023-08-01T11:55:46","slug":"jesenny-mlyn","status":"publish","type":"product","link":"https:\/\/www.megastitch.eu\/cs\/obchod\/predlohy-na-vysivanie\/velke-predlohy\/jesenny-mlyn\/","title":{"rendered":"Jesenn\u00fd mlyn"},"content":{"rendered":"<div class=\"nolwrap\"><p class=\"Standard\" style=\"margin-bottom: 0cm\">Nechajte sa zl\u00e1ka\u0165 n\u00e1dhernou atmosf\u00e9rou jesennej pr\u00edrody.<\/p>\n<p class=\"Standard\" style=\"margin-bottom: 0cm\">\u017dblnkot vody a rytmick\u00fd klepot vodn\u00e9ho mlyna spr\u00edjemn\u00ed prech\u00e1dzku po m\u00f3le. S pokojom v du\u0161i sledujte div\u00e9 husi. Slobodne si poletuj\u00fa a u\u017e\u00edvaj\u00fa posledn\u00e9 chv\u00edle, k\u00fdm odletia na juh. Posledn\u00e9 tepl\u00e9 l\u00fa\u010de slnka hrej\u00fa va\u0161u tv\u00e1r.<\/p>\n<p class=\"Standard\" style=\"margin-bottom: 0cm\">Vy\u0161\u00edvajte t\u00fato predlohu a nechajte sa un\u00e1\u0161a\u0165 pocitom \u013eahkosti a pokoja.<\/p>\n<p>Autor ilustr\u00e1cie: <a title=\"Illustrator: Oksana Nikitina\" href=\"https:\/\/vk.com\/id355504195\" target=\"_blank\" rel=\"noopener noreferrer\">Oksana Nikitina<\/a><\/p>\n<p>Autorka predlohy: <strong>M\u00e1ria Erbenov\u00e1&nbsp;<\/strong><\/p>\n<h4>Inform\u00e1cie o predlohe:<\/h4>\n<p><strong>Po\u010det kr\u00ed\u017eikov: 123 x 190<\/strong><\/p>\n<p><strong>Rozmer l\u00e1tky: 22.32 x 34.47 cm<\/strong><br \/>\n<strong>L\u00e1tka<\/strong>: 14 ct&nbsp; aida<br \/>\n<strong>Bavlnky: <\/strong>DMC<br \/>\n<strong>Po\u010det farieb: <\/strong>65 + 24 blendov<br \/>\n<strong>Pou\u017eit\u00e9 techniky:<\/strong> kr\u00ed\u017eiky, polkr\u00ed\u017eiky, ob\u0161\u00edvanie, franc\u00fazke uzl\u00edky<\/p>\n<h4>S\u00fabory na stiahnutie:<\/h4>\n<ul>\n<li><strong>pdf s\u00fabor<\/strong>\n<ul>\n<li>v \u010dierno-bielej verzii &#8211; s ob\u0161\u00edvan\u00edm a bez ob\u0161\u00edvania,<\/li>\n<li>vo farebnej verzii &#8211; s ob\u0161\u00edvan\u00edm a bez ob\u0161\u00edvania<\/li>\n<\/ul>\n<\/li>\n<li><strong>cssaga s\u00fabor<\/strong><\/li>\n<\/ul>\n<\/div>","protected":false},"excerpt":{"rendered":"<h4>Nad\u010dasov\u00e1 predloha malebn\u00e9ho vodn\u00e9ho mlyna a div\u00fdch hus\u00ed zasaden\u00e1 do \u010darovnej jesennej pr\u00edrody<\/h4>\n<p><strong>Po\u010det kr\u00ed\u017eikov: 123 x 190<\/strong><br \/>\n<strong>Rozmer l\u00e1tky: 22.32 x 34.47 cm<\/strong><br \/>\n<strong>L\u00e1tka<\/strong>: 14 ct&nbsp; Aida<br \/>\n<strong>Bavlnky: <\/strong>DMC<br \/>\n<strong>Po\u010det farieb: <\/strong>65 + 24 blendov<br \/>\n<strong>Pou\u017eit\u00e9 techniky:<\/strong> kr\u00ed\u017eiky, polkr\u00ed\u017eiky, ob\u0161\u00edvanie, franc\u00fazske uzl\u00edky<\/p>\n","protected":false},"featured_media":27056,"comment_status":"open","ping_status":"closed","template":"","meta":{"_uag_custom_page_level_css":"","ngg_post_thumbnail":0},"product_cat":[131,247],"product_tag":[289,297,318,310,250,48,311,298,143],"aioseo_notices":[],"featured_image_urls":{"full":["https:\/\/www.megastitch.eu\/wp-content\/uploads\/2022\/04\/autumn_mill_frame_ss.jpg",661,930,false],"thumbnail":["https:\/\/www.megastitch.eu\/wp-content\/uploads\/2022\/04\/autumn_mill_frame_ss-150x150.jpg",150,150,true],"medium":["https:\/\/www.megastitch.eu\/wp-content\/uploads\/2022\/04\/autumn_mill_frame_ss-213x300.jpg",213,300,true],"medium_large":["https:\/\/www.megastitch.eu\/wp-content\/uploads\/2022\/04\/autumn_mill_frame_ss.jpg",661,930,false],"large":["https:\/\/www.megastitch.eu\/wp-content\/uploads\/2022\/04\/autumn_mill_frame_ss.jpg",661,930,false],"1536x1536":["https:\/\/www.megastitch.eu\/wp-content\/uploads\/2022\/04\/autumn_mill_frame_ss.jpg",661,930,false],"2048x2048":["https:\/\/www.megastitch.eu\/wp-content\/uploads\/2022\/04\/autumn_mill_frame_ss.jpg",661,930,false],"ultp_layout_landscape_large":["https:\/\/www.megastitch.eu\/wp-content\/uploads\/2022\/04\/autumn_mill_frame_ss-661x800.jpg",661,800,true],"ultp_layout_landscape":["https:\/\/www.megastitch.eu\/wp-content\/uploads\/2022\/04\/autumn_mill_frame_ss-661x570.jpg",661,570,true],"ultp_layout_portrait":["https:\/\/www.megastitch.eu\/wp-content\/uploads\/2022\/04\/autumn_mill_frame_ss-600x900.jpg",600,900,true],"ultp_layout_square":["https:\/\/www.megastitch.eu\/wp-content\/uploads\/2022\/04\/autumn_mill_frame_ss-600x600.jpg",600,600,true],"molla_post-grid":["https:\/\/www.megastitch.eu\/wp-content\/uploads\/2022\/04\/autumn_mill_frame_ss-400x267.jpg",400,267,true],"woocommerce_thumbnail":["https:\/\/www.megastitch.eu\/wp-content\/uploads\/2022\/04\/autumn_mill_frame_ss-300x422.jpg",300,422,true],"woocommerce_single":["https:\/\/www.megastitch.eu\/wp-content\/uploads\/2022\/04\/autumn_mill_frame_ss-600x844.jpg",600,844,true],"woocommerce_gallery_thumbnail":["https:\/\/www.megastitch.eu\/wp-content\/uploads\/2022\/04\/autumn_mill_frame_ss-100x100.jpg",100,100,true]},"post_excerpt_stackable":"<h4>Nad\u010dasov\u00e1 predloha malebn\u00e9ho vodn\u00e9ho mlyna a div\u00fdch hus\u00ed zasaden\u00e1 do \u010darovnej jesennej pr\u00edrody<\/h4>\n<p><strong>Po\u010det kr\u00ed\u017eikov: 123 x 190<\/strong><br \/>\n<strong>Rozmer l\u00e1tky: 22.32 x 34.47 cm<\/strong><br \/>\n<strong>L\u00e1tka<\/strong>: 14 ct&nbsp; Aida<br \/>\n<strong>Bavlnky: <\/strong>DMC<br \/>\n<strong>Po\u010det farieb: <\/strong>65 + 24 blendov<br \/>\n<strong>Pou\u017eit\u00e9 techniky:<\/strong> kr\u00ed\u017eiky, polkr\u00ed\u017eiky, ob\u0161\u00edvanie, franc\u00fazske uzl\u00edky<\/p>\n","category_list":"","author_info":{"name":"","url":""},"comments_num":"0 comments","featured_image_urls_v2":{"full":["https:\/\/www.megastitch.eu\/wp-content\/uploads\/2022\/04\/autumn_mill_frame_ss.jpg",661,930,false],"thumbnail":["https:\/\/www.megastitch.eu\/wp-content\/uploads\/2022\/04\/autumn_mill_frame_ss-150x150.jpg",150,150,true],"medium":["https:\/\/www.megastitch.eu\/wp-content\/uploads\/2022\/04\/autumn_mill_frame_ss-213x300.jpg",213,300,true],"medium_large":["https:\/\/www.megastitch.eu\/wp-content\/uploads\/2022\/04\/autumn_mill_frame_ss.jpg",661,930,false],"large":["https:\/\/www.megastitch.eu\/wp-content\/uploads\/2022\/04\/autumn_mill_frame_ss.jpg",661,930,false],"1536x1536":["https:\/\/www.megastitch.eu\/wp-content\/uploads\/2022\/04\/autumn_mill_frame_ss.jpg",661,930,false],"2048x2048":["https:\/\/www.megastitch.eu\/wp-content\/uploads\/2022\/04\/autumn_mill_frame_ss.jpg",661,930,false],"ultp_layout_landscape_large":["https:\/\/www.megastitch.eu\/wp-content\/uploads\/2022\/04\/autumn_mill_frame_ss-661x800.jpg",661,800,true],"ultp_layout_landscape":["https:\/\/www.megastitch.eu\/wp-content\/uploads\/2022\/04\/autumn_mill_frame_ss-661x570.jpg",661,570,true],"ultp_layout_portrait":["https:\/\/www.megastitch.eu\/wp-content\/uploads\/2022\/04\/autumn_mill_frame_ss-600x900.jpg",600,900,true],"ultp_layout_square":["https:\/\/www.megastitch.eu\/wp-content\/uploads\/2022\/04\/autumn_mill_frame_ss-600x600.jpg",600,600,true],"molla_post-grid":["https:\/\/www.megastitch.eu\/wp-content\/uploads\/2022\/04\/autumn_mill_frame_ss-400x267.jpg",400,267,true],"woocommerce_thumbnail":["https:\/\/www.megastitch.eu\/wp-content\/uploads\/2022\/04\/autumn_mill_frame_ss-300x422.jpg",300,422,true],"woocommerce_single":["https:\/\/www.megastitch.eu\/wp-content\/uploads\/2022\/04\/autumn_mill_frame_ss-600x844.jpg",600,844,true],"woocommerce_gallery_thumbnail":["https:\/\/www.megastitch.eu\/wp-content\/uploads\/2022\/04\/autumn_mill_frame_ss-100x100.jpg",100,100,true]},"post_excerpt_stackable_v2":"<h4>Nad\u010dasov\u00e1 predloha malebn\u00e9ho vodn\u00e9ho mlyna a div\u00fdch hus\u00ed zasaden\u00e1 do \u010darovnej jesennej pr\u00edrody<\/h4>\n<p><strong>Po\u010det kr\u00ed\u017eikov: 123 x 190<\/strong><br \/>\n<strong>Rozmer l\u00e1tky: 22.32 x 34.47 cm<\/strong><br \/>\n<strong>L\u00e1tka<\/strong>: 14 ct&nbsp; Aida<br \/>\n<strong>Bavlnky: <\/strong>DMC<br \/>\n<strong>Po\u010det farieb: <\/strong>65 + 24 blendov<br \/>\n<strong>Pou\u017eit\u00e9 techniky:<\/strong> kr\u00ed\u017eiky, polkr\u00ed\u017eiky, ob\u0161\u00edvanie, franc\u00fazske uzl\u00edky<\/p>\n","category_list_v2":"","author_info_v2":{"name":"","url":""},"comments_num_v2":"0 comments","uagb_featured_image_src":{"full":["https:\/\/www.megastitch.eu\/wp-content\/uploads\/2022\/04\/autumn_mill_frame_ss.jpg",661,930,false],"thumbnail":["https:\/\/www.megastitch.eu\/wp-content\/uploads\/2022\/04\/autumn_mill_frame_ss-150x150.jpg",150,150,true],"medium":["https:\/\/www.megastitch.eu\/wp-content\/uploads\/2022\/04\/autumn_mill_frame_ss-213x300.jpg",213,300,true],"medium_large":["https:\/\/www.megastitch.eu\/wp-content\/uploads\/2022\/04\/autumn_mill_frame_ss.jpg",661,930,false],"large":["https:\/\/www.megastitch.eu\/wp-content\/uploads\/2022\/04\/autumn_mill_frame_ss.jpg",661,930,false],"1536x1536":["https:\/\/www.megastitch.eu\/wp-content\/uploads\/2022\/04\/autumn_mill_frame_ss.jpg",661,930,false],"2048x2048":["https:\/\/www.megastitch.eu\/wp-content\/uploads\/2022\/04\/autumn_mill_frame_ss.jpg",661,930,false],"ultp_layout_landscape_large":["https:\/\/www.megastitch.eu\/wp-content\/uploads\/2022\/04\/autumn_mill_frame_ss-661x800.jpg",661,800,true],"ultp_layout_landscape":["https:\/\/www.megastitch.eu\/wp-content\/uploads\/2022\/04\/autumn_mill_frame_ss-661x570.jpg",661,570,true],"ultp_layout_portrait":["https:\/\/www.megastitch.eu\/wp-content\/uploads\/2022\/04\/autumn_mill_frame_ss-600x900.jpg",600,900,true],"ultp_layout_square":["https:\/\/www.megastitch.eu\/wp-content\/uploads\/2022\/04\/autumn_mill_frame_ss-600x600.jpg",600,600,true],"molla_post-grid":["https:\/\/www.megastitch.eu\/wp-content\/uploads\/2022\/04\/autumn_mill_frame_ss-400x267.jpg",400,267,true],"woocommerce_thumbnail":["https:\/\/www.megastitch.eu\/wp-content\/uploads\/2022\/04\/autumn_mill_frame_ss-300x422.jpg",300,422,true],"woocommerce_single":["https:\/\/www.megastitch.eu\/wp-content\/uploads\/2022\/04\/autumn_mill_frame_ss-600x844.jpg",600,844,true],"woocommerce_gallery_thumbnail":["https:\/\/www.megastitch.eu\/wp-content\/uploads\/2022\/04\/autumn_mill_frame_ss-100x100.jpg",100,100,true]},"uagb_author_info":{"display_name":"pagacova","author_link":"https:\/\/www.megastitch.eu\/cs\/author\/"},"uagb_comment_info":0,"uagb_excerpt":"Nad\u010dasov\u00e1 predloha malebn\u00e9ho vodn\u00e9ho mlyna a div\u00fdch hus\u00ed zasaden\u00e1 do \u010darovnej jesennej pr\u00edrody Po\u010det kr\u00ed\u017eikov: 123 x 190 Rozmer l\u00e1tky: 22.32 x 34.47 cm L\u00e1tka: 14 ct&nbsp; Aida Bavlnky: DMC Po\u010det farieb: 65 + 24 blendov Pou\u017eit\u00e9 techniky: kr\u00ed\u017eiky, polkr\u00ed\u017eiky, ob\u0161\u00edvanie, franc\u00fazske uzl\u00edky","_links":{"self":[{"href":"https:\/\/www.megastitch.eu\/cs\/wp-json\/wp\/v2\/product\/27024"}],"collection":[{"href":"https:\/\/www.megastitch.eu\/cs\/wp-json\/wp\/v2\/product"}],"about":[{"href":"https:\/\/www.megastitch.eu\/cs\/wp-json\/wp\/v2\/types\/product"}],"replies":[{"embeddable":true,"href":"https:\/\/www.megastitch.eu\/cs\/wp-json\/wp\/v2\/comments?post=27024"}],"wp:featuredmedia":[{"embeddable":true,"href":"https:\/\/www.megastitch.eu\/cs\/wp-json\/wp\/v2\/media\/27056"}],"wp:attachment":[{"href":"https:\/\/www.megastitch.eu\/cs\/wp-json\/wp\/v2\/media?parent=27024"}],"wp:term":[{"taxonomy":"product_cat","embeddable":true,"href":"https:\/\/www.megastitch.eu\/cs\/wp-json\/wp\/v2\/product_cat?post=27024"},{"taxonomy":"product_tag","embeddable":true,"href":"https:\/\/www.megastitch.eu\/cs\/wp-json\/wp\/v2\/product_tag?post=27024"}],"curies":[{"name":"wp","href":"https:\/\/api.w.org\/{rel}","templated":true}]}}