	{"id":27099,"date":"2022-09-02T11:09:32","date_gmt":"2022-09-02T09:09:32","guid":{"rendered":"https:\/\/www.megastitch.eu\/?post_type=product&#038;p=27099"},"modified":"2022-09-02T22:27:19","modified_gmt":"2022-09-02T20:27:19","slug":"zalubeni-zajkovia","status":"publish","type":"product","link":"https:\/\/www.megastitch.eu\/cs\/obchod\/predlohy-na-vysivanie\/stredne-predlohy\/zalubeni-zajkovia\/","title":{"rendered":"Za\u013e\u00faben\u00ed zajkovia"},"content":{"rendered":"<div class=\"nolwrap\"><p class=\"Standard\" style=\"margin-bottom: 0cm\">\u010co n\u00e1m prinesie v\u00e4\u010d\u0161\u00ed pocit naplnenia ako ne\u017en\u00e9 objatie pln\u00e9 d\u00f4very a odovzdanosti?<\/p>\n<p class=\"Standard\" style=\"margin-bottom: 0cm\">M\u00e4kk\u00e9 n\u00e1ru\u010die milovanej osoby, v ktorom sa na chv\u00ed\u013eo\u010dku ukryjeme pred cel\u00fdm svetom. L\u00e1ska m\u00e1 mnoho pod\u00f4b, je v\u0161ak to najcennej\u0161ie \u010do v \u017eivote m\u00f4\u017eeme n\u00e1js\u0165. Zajkovia u\u017e na\u0161li jeden druh\u00e9ho. A ja im t\u00fa l\u00e1sku z cel\u00e9ho srdie\u010dka \u017eel\u00e1m.<\/p>\n<p class=\"Standard\" style=\"margin-bottom: 0cm\">Darujte aj vy svojim bl\u00edzkym objatie pln\u00e9 l\u00e1sky spolu s romantickou v\u00fd\u0161ivkou.<\/p>\n<p>Autor ilustr\u00e1cie:\u00a0<a title=\"Illustrator: Irina Nikolina\" href=\"https:\/\/www.instagram.com\/melriss_stitch\/\" target=\"_blank\" rel=\"noopener noreferrer\">Irina Nikolina<\/a><\/p>\n<p>Autorka predlohy: <strong>M\u00e1ria Erbenov\u00e1\u00a0<\/strong><\/p>\n<h4>Inform\u00e1cie o predlohe:<\/h4>\n<p><strong>Po\u010det kr\u00ed\u017eikov: 85 x 59<br \/>\n<\/strong><\/p>\n<p><strong>Rozmer l\u00e1tky: 15.42 x 10.70 cm<\/strong><br \/>\n<strong>L\u00e1tka<\/strong>: 14 ct\u00a0 aida<br \/>\n<strong>Bavlnky: <\/strong>DMC<br \/>\n<strong>Po\u010det farieb: <\/strong>19 + 4 blendy<br \/>\n<strong>Pou\u017eit\u00e9 techniky:<\/strong> kr\u00ed\u017eiky, ob\u0161\u00edvanie, franc\u00fazke uzl\u00edky<\/p>\n<h4>S\u00fabory na stiahnutie:<\/h4>\n<ul>\n<li><strong>pdf s\u00fabor<\/strong>\n<ul>\n<li>v \u010dierno-bielej verzii &#8211; s ob\u0161\u00edvan\u00edm a bez ob\u0161\u00edvania,<\/li>\n<li>vo farebnej verzii &#8211; s ob\u0161\u00edvan\u00edm a bez ob\u0161\u00edvania<\/li>\n<\/ul>\n<\/li>\n<li><strong>cssaga s\u00fabor<\/strong><\/li>\n<\/ul>\n<\/div>","protected":false},"excerpt":{"rendered":"<h4>Romantick\u00fd obr\u00e1zok pln\u00fd l\u00e1sky. Rozko\u0161n\u00ed m\u00e4ku\u010dk\u00ed zajkovia v pastelov\u00fdch farb\u00e1ch jej maj\u00fa dos\u0165 aj na rozd\u00e1vanie.<\/h4>\n<p><strong>Po\u010det kr\u00ed\u017eikov: 85 x 59<\/strong><br \/>\n<strong>Rozmer l\u00e1tky: 15.42 x 10.70 cm<\/strong><br \/>\n<strong>L\u00e1tka<\/strong>: 14 ct\u00a0 Aida<br \/>\n<strong>Bavlnky: <\/strong>DMC<br \/>\n<strong>Po\u010det farieb: <\/strong>19 + 4 blendy<br \/>\n<strong>Pou\u017eit\u00e9 techniky:<\/strong> kr\u00ed\u017eiky, ob\u0161\u00edvanie, franc\u00fazske uzl\u00edky<\/p>\n","protected":false},"featured_media":27100,"comment_status":"open","ping_status":"closed","template":"","meta":{"_uag_custom_page_level_css":"","ngg_post_thumbnail":0},"product_cat":[131,138,212],"product_tag":[152,210,227,232,296,48,303,208,47,304,151],"aioseo_notices":[],"featured_image_urls":{"full":["https:\/\/www.megastitch.eu\/wp-content\/uploads\/2022\/09\/love_bunnies_frame_ss_small1.jpg",1200,946,false],"thumbnail":["https:\/\/www.megastitch.eu\/wp-content\/uploads\/2022\/09\/love_bunnies_frame_ss_small1-150x150.jpg",150,150,true],"medium":["https:\/\/www.megastitch.eu\/wp-content\/uploads\/2022\/09\/love_bunnies_frame_ss_small1-300x237.jpg",300,237,true],"medium_large":["https:\/\/www.megastitch.eu\/wp-content\/uploads\/2022\/09\/love_bunnies_frame_ss_small1-768x605.jpg",768,605,true],"large":["https:\/\/www.megastitch.eu\/wp-content\/uploads\/2022\/09\/love_bunnies_frame_ss_small1-1024x807.jpg",1024,807,true],"1536x1536":["https:\/\/www.megastitch.eu\/wp-content\/uploads\/2022\/09\/love_bunnies_frame_ss_small1.jpg",1200,946,false],"2048x2048":["https:\/\/www.megastitch.eu\/wp-content\/uploads\/2022\/09\/love_bunnies_frame_ss_small1.jpg",1200,946,false],"ultp_layout_landscape_large":["https:\/\/www.megastitch.eu\/wp-content\/uploads\/2022\/09\/love_bunnies_frame_ss_small1-1200x800.jpg",1200,800,true],"ultp_layout_landscape":["https:\/\/www.megastitch.eu\/wp-content\/uploads\/2022\/09\/love_bunnies_frame_ss_small1-870x570.jpg",870,570,true],"ultp_layout_portrait":["https:\/\/www.megastitch.eu\/wp-content\/uploads\/2022\/09\/love_bunnies_frame_ss_small1-600x900.jpg",600,900,true],"ultp_layout_square":["https:\/\/www.megastitch.eu\/wp-content\/uploads\/2022\/09\/love_bunnies_frame_ss_small1-600x600.jpg",600,600,true],"molla_post-grid":["https:\/\/www.megastitch.eu\/wp-content\/uploads\/2022\/09\/love_bunnies_frame_ss_small1-400x267.jpg",400,267,true],"woocommerce_thumbnail":["https:\/\/www.megastitch.eu\/wp-content\/uploads\/2022\/09\/love_bunnies_frame_ss_small1-300x237.jpg",300,237,true],"woocommerce_single":["https:\/\/www.megastitch.eu\/wp-content\/uploads\/2022\/09\/love_bunnies_frame_ss_small1-600x473.jpg",600,473,true],"woocommerce_gallery_thumbnail":["https:\/\/www.megastitch.eu\/wp-content\/uploads\/2022\/09\/love_bunnies_frame_ss_small1-100x100.jpg",100,100,true]},"post_excerpt_stackable":"<h4>Romantick\u00fd obr\u00e1zok pln\u00fd l\u00e1sky. Rozko\u0161n\u00ed m\u00e4ku\u010dk\u00ed zajkovia v pastelov\u00fdch farb\u00e1ch jej maj\u00fa dos\u0165 aj na rozd\u00e1vanie.<\/h4>\n<p><strong>Po\u010det kr\u00ed\u017eikov: 85 x 59<\/strong><br \/>\n<strong>Rozmer l\u00e1tky: 15.42 x 10.70 cm<\/strong><br \/>\n<strong>L\u00e1tka<\/strong>: 14 ct\u00a0 Aida<br \/>\n<strong>Bavlnky: <\/strong>DMC<br \/>\n<strong>Po\u010det farieb: <\/strong>19 + 4 blendy<br \/>\n<strong>Pou\u017eit\u00e9 techniky:<\/strong> kr\u00ed\u017eiky, ob\u0161\u00edvanie, franc\u00fazske uzl\u00edky<\/p>\n","category_list":"","author_info":{"name":"","url":""},"comments_num":"0 comments","featured_image_urls_v2":{"full":["https:\/\/www.megastitch.eu\/wp-content\/uploads\/2022\/09\/love_bunnies_frame_ss_small1.jpg",1200,946,false],"thumbnail":["https:\/\/www.megastitch.eu\/wp-content\/uploads\/2022\/09\/love_bunnies_frame_ss_small1-150x150.jpg",150,150,true],"medium":["https:\/\/www.megastitch.eu\/wp-content\/uploads\/2022\/09\/love_bunnies_frame_ss_small1-300x237.jpg",300,237,true],"medium_large":["https:\/\/www.megastitch.eu\/wp-content\/uploads\/2022\/09\/love_bunnies_frame_ss_small1-768x605.jpg",768,605,true],"large":["https:\/\/www.megastitch.eu\/wp-content\/uploads\/2022\/09\/love_bunnies_frame_ss_small1-1024x807.jpg",1024,807,true],"1536x1536":["https:\/\/www.megastitch.eu\/wp-content\/uploads\/2022\/09\/love_bunnies_frame_ss_small1.jpg",1200,946,false],"2048x2048":["https:\/\/www.megastitch.eu\/wp-content\/uploads\/2022\/09\/love_bunnies_frame_ss_small1.jpg",1200,946,false],"ultp_layout_landscape_large":["https:\/\/www.megastitch.eu\/wp-content\/uploads\/2022\/09\/love_bunnies_frame_ss_small1-1200x800.jpg",1200,800,true],"ultp_layout_landscape":["https:\/\/www.megastitch.eu\/wp-content\/uploads\/2022\/09\/love_bunnies_frame_ss_small1-870x570.jpg",870,570,true],"ultp_layout_portrait":["https:\/\/www.megastitch.eu\/wp-content\/uploads\/2022\/09\/love_bunnies_frame_ss_small1-600x900.jpg",600,900,true],"ultp_layout_square":["https:\/\/www.megastitch.eu\/wp-content\/uploads\/2022\/09\/love_bunnies_frame_ss_small1-600x600.jpg",600,600,true],"molla_post-grid":["https:\/\/www.megastitch.eu\/wp-content\/uploads\/2022\/09\/love_bunnies_frame_ss_small1-400x267.jpg",400,267,true],"woocommerce_thumbnail":["https:\/\/www.megastitch.eu\/wp-content\/uploads\/2022\/09\/love_bunnies_frame_ss_small1-300x237.jpg",300,237,true],"woocommerce_single":["https:\/\/www.megastitch.eu\/wp-content\/uploads\/2022\/09\/love_bunnies_frame_ss_small1-600x473.jpg",600,473,true],"woocommerce_gallery_thumbnail":["https:\/\/www.megastitch.eu\/wp-content\/uploads\/2022\/09\/love_bunnies_frame_ss_small1-100x100.jpg",100,100,true]},"post_excerpt_stackable_v2":"<h4>Romantick\u00fd obr\u00e1zok pln\u00fd l\u00e1sky. Rozko\u0161n\u00ed m\u00e4ku\u010dk\u00ed zajkovia v pastelov\u00fdch farb\u00e1ch jej maj\u00fa dos\u0165 aj na rozd\u00e1vanie.<\/h4>\n<p><strong>Po\u010det kr\u00ed\u017eikov: 85 x 59<\/strong><br \/>\n<strong>Rozmer l\u00e1tky: 15.42 x 10.70 cm<\/strong><br \/>\n<strong>L\u00e1tka<\/strong>: 14 ct\u00a0 Aida<br \/>\n<strong>Bavlnky: <\/strong>DMC<br \/>\n<strong>Po\u010det farieb: <\/strong>19 + 4 blendy<br \/>\n<strong>Pou\u017eit\u00e9 techniky:<\/strong> kr\u00ed\u017eiky, ob\u0161\u00edvanie, franc\u00fazske uzl\u00edky<\/p>\n","category_list_v2":"","author_info_v2":{"name":"","url":""},"comments_num_v2":"0 comments","uagb_featured_image_src":{"full":["https:\/\/www.megastitch.eu\/wp-content\/uploads\/2022\/09\/love_bunnies_frame_ss_small1.jpg",1200,946,false],"thumbnail":["https:\/\/www.megastitch.eu\/wp-content\/uploads\/2022\/09\/love_bunnies_frame_ss_small1-150x150.jpg",150,150,true],"medium":["https:\/\/www.megastitch.eu\/wp-content\/uploads\/2022\/09\/love_bunnies_frame_ss_small1-300x237.jpg",300,237,true],"medium_large":["https:\/\/www.megastitch.eu\/wp-content\/uploads\/2022\/09\/love_bunnies_frame_ss_small1-768x605.jpg",768,605,true],"large":["https:\/\/www.megastitch.eu\/wp-content\/uploads\/2022\/09\/love_bunnies_frame_ss_small1-1024x807.jpg",1024,807,true],"1536x1536":["https:\/\/www.megastitch.eu\/wp-content\/uploads\/2022\/09\/love_bunnies_frame_ss_small1.jpg",1200,946,false],"2048x2048":["https:\/\/www.megastitch.eu\/wp-content\/uploads\/2022\/09\/love_bunnies_frame_ss_small1.jpg",1200,946,false],"ultp_layout_landscape_large":["https:\/\/www.megastitch.eu\/wp-content\/uploads\/2022\/09\/love_bunnies_frame_ss_small1-1200x800.jpg",1200,800,true],"ultp_layout_landscape":["https:\/\/www.megastitch.eu\/wp-content\/uploads\/2022\/09\/love_bunnies_frame_ss_small1-870x570.jpg",870,570,true],"ultp_layout_portrait":["https:\/\/www.megastitch.eu\/wp-content\/uploads\/2022\/09\/love_bunnies_frame_ss_small1-600x900.jpg",600,900,true],"ultp_layout_square":["https:\/\/www.megastitch.eu\/wp-content\/uploads\/2022\/09\/love_bunnies_frame_ss_small1-600x600.jpg",600,600,true],"molla_post-grid":["https:\/\/www.megastitch.eu\/wp-content\/uploads\/2022\/09\/love_bunnies_frame_ss_small1-400x267.jpg",400,267,true],"woocommerce_thumbnail":["https:\/\/www.megastitch.eu\/wp-content\/uploads\/2022\/09\/love_bunnies_frame_ss_small1-300x237.jpg",300,237,true],"woocommerce_single":["https:\/\/www.megastitch.eu\/wp-content\/uploads\/2022\/09\/love_bunnies_frame_ss_small1-600x473.jpg",600,473,true],"woocommerce_gallery_thumbnail":["https:\/\/www.megastitch.eu\/wp-content\/uploads\/2022\/09\/love_bunnies_frame_ss_small1-100x100.jpg",100,100,true]},"uagb_author_info":{"display_name":"pagacova","author_link":"https:\/\/www.megastitch.eu\/cs\/author\/"},"uagb_comment_info":0,"uagb_excerpt":"Romantick\u00fd obr\u00e1zok pln\u00fd l\u00e1sky. Rozko\u0161n\u00ed m\u00e4ku\u010dk\u00ed zajkovia v pastelov\u00fdch farb\u00e1ch jej maj\u00fa dos\u0165 aj na rozd\u00e1vanie. Po\u010det kr\u00ed\u017eikov: 85 x 59 Rozmer l\u00e1tky: 15.42 x 10.70 cm L\u00e1tka: 14 ct\u00a0 Aida Bavlnky: DMC Po\u010det farieb: 19 + 4 blendy Pou\u017eit\u00e9 techniky: kr\u00ed\u017eiky, ob\u0161\u00edvanie, franc\u00fazske uzl\u00edky","_links":{"self":[{"href":"https:\/\/www.megastitch.eu\/cs\/wp-json\/wp\/v2\/product\/27099"}],"collection":[{"href":"https:\/\/www.megastitch.eu\/cs\/wp-json\/wp\/v2\/product"}],"about":[{"href":"https:\/\/www.megastitch.eu\/cs\/wp-json\/wp\/v2\/types\/product"}],"replies":[{"embeddable":true,"href":"https:\/\/www.megastitch.eu\/cs\/wp-json\/wp\/v2\/comments?post=27099"}],"wp:featuredmedia":[{"embeddable":true,"href":"https:\/\/www.megastitch.eu\/cs\/wp-json\/wp\/v2\/media\/27100"}],"wp:attachment":[{"href":"https:\/\/www.megastitch.eu\/cs\/wp-json\/wp\/v2\/media?parent=27099"}],"wp:term":[{"taxonomy":"product_cat","embeddable":true,"href":"https:\/\/www.megastitch.eu\/cs\/wp-json\/wp\/v2\/product_cat?post=27099"},{"taxonomy":"product_tag","embeddable":true,"href":"https:\/\/www.megastitch.eu\/cs\/wp-json\/wp\/v2\/product_tag?post=27099"}],"curies":[{"name":"wp","href":"https:\/\/api.w.org\/{rel}","templated":true}]}}