	{"id":27653,"date":"2022-11-21T11:28:22","date_gmt":"2022-11-21T10:28:22","guid":{"rendered":"https:\/\/www.megastitch.eu\/?post_type=product&#038;p=27653"},"modified":"2023-05-19T19:36:58","modified_gmt":"2023-05-19T17:36:58","slug":"pribehy-sibirskej-macky","status":"publish","type":"product","link":"https:\/\/www.megastitch.eu\/cs\/obchod\/predlohy-na-vysivanie\/stredne-predlohy\/pribehy-sibirskej-macky\/","title":{"rendered":"Pr\u00edbehy sib\u00edrskej ma\u010dky"},"content":{"rendered":"<div class=\"nolwrap\"><p>Kto by dok\u00e1zal odola\u0165 tomu prosebn\u00e9mu poh\u013eadu? Nie, nie\u2026 Dnes sa u\u017e kniha \u00a0\u010d\u00edta\u0165 nebude. Sib\u00edrskej ma\u010dke sa u\u017e zunoval v\u00fdh\u013ead z\u00a0okna. Nezost\u00e1va v\u00e1m ni\u010d in\u00e9, len sa jej chv\u00ed\u013eu venova\u0165.<\/p>\n<p>Urobte si zasl\u00fa\u017een\u00fa pauzu, pri jej vy\u0161\u00edvan\u00ed. \u00a0Je to naozaj vydaren\u00e1 predloha v\u00a0jemn\u00fdch farb\u00e1ch, \u00a0pln\u00e1 detailov.<\/p>\n<p>Autor ilustr\u00e1cie: <a title=\"Illustrator: Oksana Nikitina\" href=\"https:\/\/vk.com\/id355504195\" target=\"_blank\" rel=\"noopener\">Oksana Nikitina<\/a><\/p>\n<p>Autorka predlohy: <strong>M\u00e1ria Erbenov\u00e1\u00a0<\/strong><\/p>\n<h4>Inform\u00e1cie o predlohe:<\/h4>\n<p><strong>Po\u010det kr\u00ed\u017eikov: 76 x 111<br \/>\n<\/strong><\/p>\n<p><strong>Rozmer l\u00e1tky:<\/strong> 13.79 x 20.14 cm<br \/>\n<strong>L\u00e1tka<\/strong>: 14 ct\u00a0 aida<br \/>\n<strong>Bavlnky: <\/strong>DMC<br \/>\n<strong>Po\u010det farieb: <\/strong>47\u00a0+ 9 blendov<br \/>\n<strong>Pou\u017eit\u00e9 techniky:<\/strong> kr\u00ed\u017eiky, polkr\u00ed\u017eiky, ob\u0161\u00edvanie,<\/p>\n<h4>S\u00fabory na stiahnutie:<\/h4>\n<ul>\n<li><strong>pdf s\u00fabor<\/strong>\n<ul>\n<li>v \u010dierno-bielej verzii &#8211; s ob\u0161\u00edvan\u00edm a bez ob\u0161\u00edvania,<\/li>\n<li>vo farebnej verzii &#8211; s ob\u0161\u00edvan\u00edm a bez ob\u0161\u00edvania<\/li>\n<\/ul>\n<\/li>\n<li><strong>cssaga s\u00fabor<\/strong><\/li>\n<\/ul>\n<\/div>","protected":false},"excerpt":{"rendered":"<h4>Skvostn\u00e1 predloha ma\u010dky v\u00a0okne, pln\u00e1 zaujimav\u00fdch detailov. Bezpe\u010dn\u00e1 aj pre \u00a0alergikov.<\/h4>\n<p><strong>Po\u010det kr\u00ed\u017eikov: 76 x 111<\/strong><br \/>\n<strong>Rozmer l\u00e1tky: 13.79 x 20.14 cm<\/strong><br \/>\n<strong>L\u00e1tka<\/strong>: 14 ct\u00a0 Aida<br \/>\n<strong>Bavlnky: <\/strong>DMC<br \/>\n<strong>Po\u010det farieb: <\/strong>47\u00a0+ 9 blendov<br \/>\n<strong>Pou\u017eit\u00e9 techniky:<\/strong> kr\u00ed\u017eiky, polkr\u00ed\u017eiky, \u00a0ob\u0161\u00edvanie<\/p>\n","protected":false},"featured_media":27659,"comment_status":"open","ping_status":"closed","template":"","meta":{"_uag_custom_page_level_css":"","ngg_post_thumbnail":0},"product_cat":[257,131,138],"product_tag":[45,139,324,320,151],"aioseo_notices":[],"featured_image_urls":{"full":["https:\/\/www.megastitch.eu\/wp-content\/uploads\/2022\/11\/tales_of_siberian_cat_frame_ss.jpg",729,924,false],"thumbnail":["https:\/\/www.megastitch.eu\/wp-content\/uploads\/2022\/11\/tales_of_siberian_cat_frame_ss-150x150.jpg",150,150,true],"medium":["https:\/\/www.megastitch.eu\/wp-content\/uploads\/2022\/11\/tales_of_siberian_cat_frame_ss-237x300.jpg",237,300,true],"medium_large":["https:\/\/www.megastitch.eu\/wp-content\/uploads\/2022\/11\/tales_of_siberian_cat_frame_ss.jpg",729,924,false],"large":["https:\/\/www.megastitch.eu\/wp-content\/uploads\/2022\/11\/tales_of_siberian_cat_frame_ss.jpg",729,924,false],"1536x1536":["https:\/\/www.megastitch.eu\/wp-content\/uploads\/2022\/11\/tales_of_siberian_cat_frame_ss.jpg",729,924,false],"2048x2048":["https:\/\/www.megastitch.eu\/wp-content\/uploads\/2022\/11\/tales_of_siberian_cat_frame_ss.jpg",729,924,false],"ultp_layout_landscape_large":["https:\/\/www.megastitch.eu\/wp-content\/uploads\/2022\/11\/tales_of_siberian_cat_frame_ss-729x800.jpg",729,800,true],"ultp_layout_landscape":["https:\/\/www.megastitch.eu\/wp-content\/uploads\/2022\/11\/tales_of_siberian_cat_frame_ss-729x570.jpg",729,570,true],"ultp_layout_portrait":["https:\/\/www.megastitch.eu\/wp-content\/uploads\/2022\/11\/tales_of_siberian_cat_frame_ss-600x900.jpg",600,900,true],"ultp_layout_square":["https:\/\/www.megastitch.eu\/wp-content\/uploads\/2022\/11\/tales_of_siberian_cat_frame_ss-600x600.jpg",600,600,true],"molla_post-grid":["https:\/\/www.megastitch.eu\/wp-content\/uploads\/2022\/11\/tales_of_siberian_cat_frame_ss-400x267.jpg",400,267,true],"woocommerce_thumbnail":["https:\/\/www.megastitch.eu\/wp-content\/uploads\/2022\/11\/tales_of_siberian_cat_frame_ss-300x380.jpg",300,380,true],"woocommerce_single":["https:\/\/www.megastitch.eu\/wp-content\/uploads\/2022\/11\/tales_of_siberian_cat_frame_ss-600x760.jpg",600,760,true],"woocommerce_gallery_thumbnail":["https:\/\/www.megastitch.eu\/wp-content\/uploads\/2022\/11\/tales_of_siberian_cat_frame_ss-100x100.jpg",100,100,true]},"post_excerpt_stackable":"<h4>Skvostn\u00e1 predloha ma\u010dky v\u00a0okne, pln\u00e1 zaujimav\u00fdch detailov. Bezpe\u010dn\u00e1 aj pre \u00a0alergikov.<\/h4>\n<p><strong>Po\u010det kr\u00ed\u017eikov: 76 x 111<\/strong><br \/>\n<strong>Rozmer l\u00e1tky: 13.79 x 20.14 cm<\/strong><br \/>\n<strong>L\u00e1tka<\/strong>: 14 ct\u00a0 Aida<br \/>\n<strong>Bavlnky: <\/strong>DMC<br \/>\n<strong>Po\u010det farieb: <\/strong>47\u00a0+ 9 blendov<br \/>\n<strong>Pou\u017eit\u00e9 techniky:<\/strong> kr\u00ed\u017eiky, polkr\u00ed\u017eiky, \u00a0ob\u0161\u00edvanie<\/p>\n","category_list":"","author_info":{"name":"","url":""},"comments_num":"0 comments","featured_image_urls_v2":{"full":["https:\/\/www.megastitch.eu\/wp-content\/uploads\/2022\/11\/tales_of_siberian_cat_frame_ss.jpg",729,924,false],"thumbnail":["https:\/\/www.megastitch.eu\/wp-content\/uploads\/2022\/11\/tales_of_siberian_cat_frame_ss-150x150.jpg",150,150,true],"medium":["https:\/\/www.megastitch.eu\/wp-content\/uploads\/2022\/11\/tales_of_siberian_cat_frame_ss-237x300.jpg",237,300,true],"medium_large":["https:\/\/www.megastitch.eu\/wp-content\/uploads\/2022\/11\/tales_of_siberian_cat_frame_ss.jpg",729,924,false],"large":["https:\/\/www.megastitch.eu\/wp-content\/uploads\/2022\/11\/tales_of_siberian_cat_frame_ss.jpg",729,924,false],"1536x1536":["https:\/\/www.megastitch.eu\/wp-content\/uploads\/2022\/11\/tales_of_siberian_cat_frame_ss.jpg",729,924,false],"2048x2048":["https:\/\/www.megastitch.eu\/wp-content\/uploads\/2022\/11\/tales_of_siberian_cat_frame_ss.jpg",729,924,false],"ultp_layout_landscape_large":["https:\/\/www.megastitch.eu\/wp-content\/uploads\/2022\/11\/tales_of_siberian_cat_frame_ss-729x800.jpg",729,800,true],"ultp_layout_landscape":["https:\/\/www.megastitch.eu\/wp-content\/uploads\/2022\/11\/tales_of_siberian_cat_frame_ss-729x570.jpg",729,570,true],"ultp_layout_portrait":["https:\/\/www.megastitch.eu\/wp-content\/uploads\/2022\/11\/tales_of_siberian_cat_frame_ss-600x900.jpg",600,900,true],"ultp_layout_square":["https:\/\/www.megastitch.eu\/wp-content\/uploads\/2022\/11\/tales_of_siberian_cat_frame_ss-600x600.jpg",600,600,true],"molla_post-grid":["https:\/\/www.megastitch.eu\/wp-content\/uploads\/2022\/11\/tales_of_siberian_cat_frame_ss-400x267.jpg",400,267,true],"woocommerce_thumbnail":["https:\/\/www.megastitch.eu\/wp-content\/uploads\/2022\/11\/tales_of_siberian_cat_frame_ss-300x380.jpg",300,380,true],"woocommerce_single":["https:\/\/www.megastitch.eu\/wp-content\/uploads\/2022\/11\/tales_of_siberian_cat_frame_ss-600x760.jpg",600,760,true],"woocommerce_gallery_thumbnail":["https:\/\/www.megastitch.eu\/wp-content\/uploads\/2022\/11\/tales_of_siberian_cat_frame_ss-100x100.jpg",100,100,true]},"post_excerpt_stackable_v2":"<h4>Skvostn\u00e1 predloha ma\u010dky v\u00a0okne, pln\u00e1 zaujimav\u00fdch detailov. Bezpe\u010dn\u00e1 aj pre \u00a0alergikov.<\/h4>\n<p><strong>Po\u010det kr\u00ed\u017eikov: 76 x 111<\/strong><br \/>\n<strong>Rozmer l\u00e1tky: 13.79 x 20.14 cm<\/strong><br \/>\n<strong>L\u00e1tka<\/strong>: 14 ct\u00a0 Aida<br \/>\n<strong>Bavlnky: <\/strong>DMC<br \/>\n<strong>Po\u010det farieb: <\/strong>47\u00a0+ 9 blendov<br \/>\n<strong>Pou\u017eit\u00e9 techniky:<\/strong> kr\u00ed\u017eiky, polkr\u00ed\u017eiky, \u00a0ob\u0161\u00edvanie<\/p>\n","category_list_v2":"","author_info_v2":{"name":"","url":""},"comments_num_v2":"0 comments","uagb_featured_image_src":{"full":["https:\/\/www.megastitch.eu\/wp-content\/uploads\/2022\/11\/tales_of_siberian_cat_frame_ss.jpg",729,924,false],"thumbnail":["https:\/\/www.megastitch.eu\/wp-content\/uploads\/2022\/11\/tales_of_siberian_cat_frame_ss-150x150.jpg",150,150,true],"medium":["https:\/\/www.megastitch.eu\/wp-content\/uploads\/2022\/11\/tales_of_siberian_cat_frame_ss-237x300.jpg",237,300,true],"medium_large":["https:\/\/www.megastitch.eu\/wp-content\/uploads\/2022\/11\/tales_of_siberian_cat_frame_ss.jpg",729,924,false],"large":["https:\/\/www.megastitch.eu\/wp-content\/uploads\/2022\/11\/tales_of_siberian_cat_frame_ss.jpg",729,924,false],"1536x1536":["https:\/\/www.megastitch.eu\/wp-content\/uploads\/2022\/11\/tales_of_siberian_cat_frame_ss.jpg",729,924,false],"2048x2048":["https:\/\/www.megastitch.eu\/wp-content\/uploads\/2022\/11\/tales_of_siberian_cat_frame_ss.jpg",729,924,false],"ultp_layout_landscape_large":["https:\/\/www.megastitch.eu\/wp-content\/uploads\/2022\/11\/tales_of_siberian_cat_frame_ss-729x800.jpg",729,800,true],"ultp_layout_landscape":["https:\/\/www.megastitch.eu\/wp-content\/uploads\/2022\/11\/tales_of_siberian_cat_frame_ss-729x570.jpg",729,570,true],"ultp_layout_portrait":["https:\/\/www.megastitch.eu\/wp-content\/uploads\/2022\/11\/tales_of_siberian_cat_frame_ss-600x900.jpg",600,900,true],"ultp_layout_square":["https:\/\/www.megastitch.eu\/wp-content\/uploads\/2022\/11\/tales_of_siberian_cat_frame_ss-600x600.jpg",600,600,true],"molla_post-grid":["https:\/\/www.megastitch.eu\/wp-content\/uploads\/2022\/11\/tales_of_siberian_cat_frame_ss-400x267.jpg",400,267,true],"woocommerce_thumbnail":["https:\/\/www.megastitch.eu\/wp-content\/uploads\/2022\/11\/tales_of_siberian_cat_frame_ss-300x380.jpg",300,380,true],"woocommerce_single":["https:\/\/www.megastitch.eu\/wp-content\/uploads\/2022\/11\/tales_of_siberian_cat_frame_ss-600x760.jpg",600,760,true],"woocommerce_gallery_thumbnail":["https:\/\/www.megastitch.eu\/wp-content\/uploads\/2022\/11\/tales_of_siberian_cat_frame_ss-100x100.jpg",100,100,true]},"uagb_author_info":{"display_name":"pagacova","author_link":"https:\/\/www.megastitch.eu\/cs\/author\/"},"uagb_comment_info":0,"uagb_excerpt":"Skvostn\u00e1 predloha ma\u010dky v\u00a0okne, pln\u00e1 zaujimav\u00fdch detailov. Bezpe\u010dn\u00e1 aj pre \u00a0alergikov. Po\u010det kr\u00ed\u017eikov: 76 x 111 Rozmer l\u00e1tky: 13.79 x 20.14 cm L\u00e1tka: 14 ct\u00a0 Aida Bavlnky: DMC Po\u010det farieb: 47\u00a0+ 9 blendov Pou\u017eit\u00e9 techniky: kr\u00ed\u017eiky, polkr\u00ed\u017eiky, \u00a0ob\u0161\u00edvanie","_links":{"self":[{"href":"https:\/\/www.megastitch.eu\/cs\/wp-json\/wp\/v2\/product\/27653"}],"collection":[{"href":"https:\/\/www.megastitch.eu\/cs\/wp-json\/wp\/v2\/product"}],"about":[{"href":"https:\/\/www.megastitch.eu\/cs\/wp-json\/wp\/v2\/types\/product"}],"replies":[{"embeddable":true,"href":"https:\/\/www.megastitch.eu\/cs\/wp-json\/wp\/v2\/comments?post=27653"}],"wp:featuredmedia":[{"embeddable":true,"href":"https:\/\/www.megastitch.eu\/cs\/wp-json\/wp\/v2\/media\/27659"}],"wp:attachment":[{"href":"https:\/\/www.megastitch.eu\/cs\/wp-json\/wp\/v2\/media?parent=27653"}],"wp:term":[{"taxonomy":"product_cat","embeddable":true,"href":"https:\/\/www.megastitch.eu\/cs\/wp-json\/wp\/v2\/product_cat?post=27653"},{"taxonomy":"product_tag","embeddable":true,"href":"https:\/\/www.megastitch.eu\/cs\/wp-json\/wp\/v2\/product_tag?post=27653"}],"curies":[{"name":"wp","href":"https:\/\/api.w.org\/{rel}","templated":true}]}}