	{"id":27696,"date":"2022-12-02T17:57:57","date_gmt":"2022-12-02T16:57:57","guid":{"rendered":"https:\/\/www.megastitch.eu\/?post_type=product&#038;p=27696"},"modified":"2023-09-14T11:27:00","modified_gmt":"2023-09-14T09:27:00","slug":"jesenne-fotenie-s-mackou","status":"publish","type":"product","link":"https:\/\/www.megastitch.eu\/cs\/obchod\/predlohy-na-vysivanie\/stredne-predlohy\/jesenne-fotenie-s-mackou\/","title":{"rendered":"Jesenn\u00e9 fotenie s ma\u010dkou"},"content":{"rendered":"<div class=\"nolwrap\"><p>\u201e Kto je \u010fal\u0161\u00ed na rade?\u201c \u00a0Ma\u010dka so \u0161ibalsk\u00fdm \u00fasmevom v\u00e1m urob\u00ed t\u00fa najkraj\u0161iu fotografiu. Jessenn\u00e1 pr\u00edroda vo svojej \u017eiarivej kr\u00e1se, je priam ide\u00e1lnym pozad\u00edm.<\/p>\n<div class=\"BlockStoryStructure-header\"><\/div>\n<div class=\"BlockStoryStructure-body\">\n<div class=\"TruncatedRichText\">\n<div class=\"RichText TruncatedRichText-richText\">Ur\u010dite si ju vy\u0161ite. Poh\u013ead na \u0148u v\u00e1m v\u017edy vy\u010dar\u00ed \u00fasmev na tv\u00e1ri.<\/div>\n<\/div>\n<\/div>\n<p>Autor ilustr\u00e1cie: <a title=\"Illustrator: Oksana Nikitina\" href=\"https:\/\/vk.com\/id355504195\" target=\"_blank\" rel=\"noopener\">Oksana Nikitina<\/a><\/p>\n<p>Autorka predlohy: <strong>M\u00e1ria Erbenov\u00e1\u00a0<\/strong><\/p>\n<h4>Inform\u00e1cie o predlohe:<\/h4>\n<p><strong>Po\u010det kr\u00ed\u017eikov: 142 x 125<br \/>\n<\/strong><\/p>\n<p><strong>Rozmer l\u00e1tky:<\/strong>\u00a025.76 x 22.68 cm<br \/>\n<strong>L\u00e1tka<\/strong>: 14 ct\u00a0 aida<br \/>\n<strong>Bavlnky: <\/strong>DMC<br \/>\n<strong>Po\u010det farieb: <\/strong>61\u00a0+ 13 blendov<br \/>\n<strong>Pou\u017eit\u00e9 techniky:<\/strong> kr\u00ed\u017eiky, polkr\u00ed\u017eiky, ob\u0161\u00edvanie, franc\u00fazske uzl\u00edky<\/p>\n<h4>S\u00fabory na stiahnutie:<\/h4>\n<ul>\n<li><strong>pdf s\u00fabor<\/strong>\n<ul>\n<li>v \u010dierno-bielej verzii &#8211; s ob\u0161\u00edvan\u00edm a bez ob\u0161\u00edvania,<\/li>\n<li>vo farebnej verzii &#8211; s ob\u0161\u00edvan\u00edm a bez ob\u0161\u00edvania<\/li>\n<\/ul>\n<\/li>\n<li><strong>cssaga s\u00fabor<\/strong><\/li>\n<\/ul>\n<\/div>","protected":false},"excerpt":{"rendered":"<h4>Predloha ma\u010dky fotografky v\u00a0z\u00e1plave \u017eiariv\u00fdch farieb jesene.<\/h4>\n<p><strong>Po\u010det kr\u00ed\u017eikov: 142 x 125<\/strong><br \/>\n<strong>Rozmer l\u00e1tky: 25.76 x 22.68 cm<\/strong><br \/>\n<strong>L\u00e1tka<\/strong>: 14 ct\u00a0 Aida<br \/>\n<strong>Bavlnky: <\/strong>DMC<br \/>\n<strong>Po\u010det farieb: <\/strong>61\u00a0+ 13 blendov<br \/>\n<strong>Pou\u017eit\u00e9 techniky:<\/strong> kr\u00ed\u017eiky, polkr\u00ed\u017eiky, \u00a0ob\u0161\u00edvanie, franc\u00fazske uzl\u00edky<\/p>\n","protected":false},"featured_media":27701,"comment_status":"open","ping_status":"closed","template":"","meta":{"_uag_custom_page_level_css":"","ngg_post_thumbnail":0},"product_cat":[131,138],"product_tag":[45,318,250,324,151],"aioseo_notices":[],"featured_image_urls":{"full":["https:\/\/www.megastitch.eu\/wp-content\/uploads\/2022\/12\/autumn_photo_shoot_frame_1000_ss.jpg",1000,916,false],"thumbnail":["https:\/\/www.megastitch.eu\/wp-content\/uploads\/2022\/12\/autumn_photo_shoot_frame_1000_ss-150x150.jpg",150,150,true],"medium":["https:\/\/www.megastitch.eu\/wp-content\/uploads\/2022\/12\/autumn_photo_shoot_frame_1000_ss-300x275.jpg",300,275,true],"medium_large":["https:\/\/www.megastitch.eu\/wp-content\/uploads\/2022\/12\/autumn_photo_shoot_frame_1000_ss-768x703.jpg",768,703,true],"large":["https:\/\/www.megastitch.eu\/wp-content\/uploads\/2022\/12\/autumn_photo_shoot_frame_1000_ss.jpg",1000,916,false],"1536x1536":["https:\/\/www.megastitch.eu\/wp-content\/uploads\/2022\/12\/autumn_photo_shoot_frame_1000_ss.jpg",1000,916,false],"2048x2048":["https:\/\/www.megastitch.eu\/wp-content\/uploads\/2022\/12\/autumn_photo_shoot_frame_1000_ss.jpg",1000,916,false],"ultp_layout_landscape_large":["https:\/\/www.megastitch.eu\/wp-content\/uploads\/2022\/12\/autumn_photo_shoot_frame_1000_ss-1000x800.jpg",1000,800,true],"ultp_layout_landscape":["https:\/\/www.megastitch.eu\/wp-content\/uploads\/2022\/12\/autumn_photo_shoot_frame_1000_ss-870x570.jpg",870,570,true],"ultp_layout_portrait":["https:\/\/www.megastitch.eu\/wp-content\/uploads\/2022\/12\/autumn_photo_shoot_frame_1000_ss-600x900.jpg",600,900,true],"ultp_layout_square":["https:\/\/www.megastitch.eu\/wp-content\/uploads\/2022\/12\/autumn_photo_shoot_frame_1000_ss-600x600.jpg",600,600,true],"molla_post-grid":["https:\/\/www.megastitch.eu\/wp-content\/uploads\/2022\/12\/autumn_photo_shoot_frame_1000_ss-400x267.jpg",400,267,true],"woocommerce_thumbnail":["https:\/\/www.megastitch.eu\/wp-content\/uploads\/2022\/12\/autumn_photo_shoot_frame_1000_ss-300x275.jpg",300,275,true],"woocommerce_single":["https:\/\/www.megastitch.eu\/wp-content\/uploads\/2022\/12\/autumn_photo_shoot_frame_1000_ss-600x550.jpg",600,550,true],"woocommerce_gallery_thumbnail":["https:\/\/www.megastitch.eu\/wp-content\/uploads\/2022\/12\/autumn_photo_shoot_frame_1000_ss-100x100.jpg",100,100,true]},"post_excerpt_stackable":"<h4>Predloha ma\u010dky fotografky v\u00a0z\u00e1plave \u017eiariv\u00fdch farieb jesene.<\/h4>\n<p><strong>Po\u010det kr\u00ed\u017eikov: 142 x 125<\/strong><br \/>\n<strong>Rozmer l\u00e1tky: 25.76 x 22.68 cm<\/strong><br \/>\n<strong>L\u00e1tka<\/strong>: 14 ct\u00a0 Aida<br \/>\n<strong>Bavlnky: <\/strong>DMC<br \/>\n<strong>Po\u010det farieb: <\/strong>61\u00a0+ 13 blendov<br \/>\n<strong>Pou\u017eit\u00e9 techniky:<\/strong> kr\u00ed\u017eiky, polkr\u00ed\u017eiky, \u00a0ob\u0161\u00edvanie, franc\u00fazske uzl\u00edky<\/p>\n","category_list":"","author_info":{"name":"","url":""},"comments_num":"0 comments","featured_image_urls_v2":{"full":["https:\/\/www.megastitch.eu\/wp-content\/uploads\/2022\/12\/autumn_photo_shoot_frame_1000_ss.jpg",1000,916,false],"thumbnail":["https:\/\/www.megastitch.eu\/wp-content\/uploads\/2022\/12\/autumn_photo_shoot_frame_1000_ss-150x150.jpg",150,150,true],"medium":["https:\/\/www.megastitch.eu\/wp-content\/uploads\/2022\/12\/autumn_photo_shoot_frame_1000_ss-300x275.jpg",300,275,true],"medium_large":["https:\/\/www.megastitch.eu\/wp-content\/uploads\/2022\/12\/autumn_photo_shoot_frame_1000_ss-768x703.jpg",768,703,true],"large":["https:\/\/www.megastitch.eu\/wp-content\/uploads\/2022\/12\/autumn_photo_shoot_frame_1000_ss.jpg",1000,916,false],"1536x1536":["https:\/\/www.megastitch.eu\/wp-content\/uploads\/2022\/12\/autumn_photo_shoot_frame_1000_ss.jpg",1000,916,false],"2048x2048":["https:\/\/www.megastitch.eu\/wp-content\/uploads\/2022\/12\/autumn_photo_shoot_frame_1000_ss.jpg",1000,916,false],"ultp_layout_landscape_large":["https:\/\/www.megastitch.eu\/wp-content\/uploads\/2022\/12\/autumn_photo_shoot_frame_1000_ss-1000x800.jpg",1000,800,true],"ultp_layout_landscape":["https:\/\/www.megastitch.eu\/wp-content\/uploads\/2022\/12\/autumn_photo_shoot_frame_1000_ss-870x570.jpg",870,570,true],"ultp_layout_portrait":["https:\/\/www.megastitch.eu\/wp-content\/uploads\/2022\/12\/autumn_photo_shoot_frame_1000_ss-600x900.jpg",600,900,true],"ultp_layout_square":["https:\/\/www.megastitch.eu\/wp-content\/uploads\/2022\/12\/autumn_photo_shoot_frame_1000_ss-600x600.jpg",600,600,true],"molla_post-grid":["https:\/\/www.megastitch.eu\/wp-content\/uploads\/2022\/12\/autumn_photo_shoot_frame_1000_ss-400x267.jpg",400,267,true],"woocommerce_thumbnail":["https:\/\/www.megastitch.eu\/wp-content\/uploads\/2022\/12\/autumn_photo_shoot_frame_1000_ss-300x275.jpg",300,275,true],"woocommerce_single":["https:\/\/www.megastitch.eu\/wp-content\/uploads\/2022\/12\/autumn_photo_shoot_frame_1000_ss-600x550.jpg",600,550,true],"woocommerce_gallery_thumbnail":["https:\/\/www.megastitch.eu\/wp-content\/uploads\/2022\/12\/autumn_photo_shoot_frame_1000_ss-100x100.jpg",100,100,true]},"post_excerpt_stackable_v2":"<h4>Predloha ma\u010dky fotografky v\u00a0z\u00e1plave \u017eiariv\u00fdch farieb jesene.<\/h4>\n<p><strong>Po\u010det kr\u00ed\u017eikov: 142 x 125<\/strong><br \/>\n<strong>Rozmer l\u00e1tky: 25.76 x 22.68 cm<\/strong><br \/>\n<strong>L\u00e1tka<\/strong>: 14 ct\u00a0 Aida<br \/>\n<strong>Bavlnky: <\/strong>DMC<br \/>\n<strong>Po\u010det farieb: <\/strong>61\u00a0+ 13 blendov<br \/>\n<strong>Pou\u017eit\u00e9 techniky:<\/strong> kr\u00ed\u017eiky, polkr\u00ed\u017eiky, \u00a0ob\u0161\u00edvanie, franc\u00fazske uzl\u00edky<\/p>\n","category_list_v2":"","author_info_v2":{"name":"","url":""},"comments_num_v2":"0 comments","uagb_featured_image_src":{"full":["https:\/\/www.megastitch.eu\/wp-content\/uploads\/2022\/12\/autumn_photo_shoot_frame_1000_ss.jpg",1000,916,false],"thumbnail":["https:\/\/www.megastitch.eu\/wp-content\/uploads\/2022\/12\/autumn_photo_shoot_frame_1000_ss-150x150.jpg",150,150,true],"medium":["https:\/\/www.megastitch.eu\/wp-content\/uploads\/2022\/12\/autumn_photo_shoot_frame_1000_ss-300x275.jpg",300,275,true],"medium_large":["https:\/\/www.megastitch.eu\/wp-content\/uploads\/2022\/12\/autumn_photo_shoot_frame_1000_ss-768x703.jpg",768,703,true],"large":["https:\/\/www.megastitch.eu\/wp-content\/uploads\/2022\/12\/autumn_photo_shoot_frame_1000_ss.jpg",1000,916,false],"1536x1536":["https:\/\/www.megastitch.eu\/wp-content\/uploads\/2022\/12\/autumn_photo_shoot_frame_1000_ss.jpg",1000,916,false],"2048x2048":["https:\/\/www.megastitch.eu\/wp-content\/uploads\/2022\/12\/autumn_photo_shoot_frame_1000_ss.jpg",1000,916,false],"ultp_layout_landscape_large":["https:\/\/www.megastitch.eu\/wp-content\/uploads\/2022\/12\/autumn_photo_shoot_frame_1000_ss-1000x800.jpg",1000,800,true],"ultp_layout_landscape":["https:\/\/www.megastitch.eu\/wp-content\/uploads\/2022\/12\/autumn_photo_shoot_frame_1000_ss-870x570.jpg",870,570,true],"ultp_layout_portrait":["https:\/\/www.megastitch.eu\/wp-content\/uploads\/2022\/12\/autumn_photo_shoot_frame_1000_ss-600x900.jpg",600,900,true],"ultp_layout_square":["https:\/\/www.megastitch.eu\/wp-content\/uploads\/2022\/12\/autumn_photo_shoot_frame_1000_ss-600x600.jpg",600,600,true],"molla_post-grid":["https:\/\/www.megastitch.eu\/wp-content\/uploads\/2022\/12\/autumn_photo_shoot_frame_1000_ss-400x267.jpg",400,267,true],"woocommerce_thumbnail":["https:\/\/www.megastitch.eu\/wp-content\/uploads\/2022\/12\/autumn_photo_shoot_frame_1000_ss-300x275.jpg",300,275,true],"woocommerce_single":["https:\/\/www.megastitch.eu\/wp-content\/uploads\/2022\/12\/autumn_photo_shoot_frame_1000_ss-600x550.jpg",600,550,true],"woocommerce_gallery_thumbnail":["https:\/\/www.megastitch.eu\/wp-content\/uploads\/2022\/12\/autumn_photo_shoot_frame_1000_ss-100x100.jpg",100,100,true]},"uagb_author_info":{"display_name":"pagacova","author_link":"https:\/\/www.megastitch.eu\/cs\/author\/"},"uagb_comment_info":0,"uagb_excerpt":"Predloha ma\u010dky fotografky v\u00a0z\u00e1plave \u017eiariv\u00fdch farieb jesene. Po\u010det kr\u00ed\u017eikov: 142 x 125 Rozmer l\u00e1tky: 25.76 x 22.68 cm L\u00e1tka: 14 ct\u00a0 Aida Bavlnky: DMC Po\u010det farieb: 61\u00a0+ 13 blendov Pou\u017eit\u00e9 techniky: kr\u00ed\u017eiky, polkr\u00ed\u017eiky, \u00a0ob\u0161\u00edvanie, franc\u00fazske uzl\u00edky","_links":{"self":[{"href":"https:\/\/www.megastitch.eu\/cs\/wp-json\/wp\/v2\/product\/27696"}],"collection":[{"href":"https:\/\/www.megastitch.eu\/cs\/wp-json\/wp\/v2\/product"}],"about":[{"href":"https:\/\/www.megastitch.eu\/cs\/wp-json\/wp\/v2\/types\/product"}],"replies":[{"embeddable":true,"href":"https:\/\/www.megastitch.eu\/cs\/wp-json\/wp\/v2\/comments?post=27696"}],"wp:featuredmedia":[{"embeddable":true,"href":"https:\/\/www.megastitch.eu\/cs\/wp-json\/wp\/v2\/media\/27701"}],"wp:attachment":[{"href":"https:\/\/www.megastitch.eu\/cs\/wp-json\/wp\/v2\/media?parent=27696"}],"wp:term":[{"taxonomy":"product_cat","embeddable":true,"href":"https:\/\/www.megastitch.eu\/cs\/wp-json\/wp\/v2\/product_cat?post=27696"},{"taxonomy":"product_tag","embeddable":true,"href":"https:\/\/www.megastitch.eu\/cs\/wp-json\/wp\/v2\/product_tag?post=27696"}],"curies":[{"name":"wp","href":"https:\/\/api.w.org\/{rel}","templated":true}]}}