	{"id":27703,"date":"2022-12-03T13:05:31","date_gmt":"2022-12-03T12:05:31","guid":{"rendered":"https:\/\/www.megastitch.eu\/?post_type=product&#038;p=27703"},"modified":"2023-05-19T19:36:37","modified_gmt":"2023-05-19T17:36:37","slug":"dary-jesene","status":"publish","type":"product","link":"https:\/\/www.megastitch.eu\/cs\/obchod\/predlohy-na-vysivanie\/stredne-predlohy\/dary-jesene\/","title":{"rendered":"Dary jesene"},"content":{"rendered":"<div class=\"nolwrap\"><p>Z\u00e1hrada je relaxom, no ob\u010das aj poriadnou drinou. Niektor\u00e9 semienka, kr\u00e1sne dozrej\u00fa a in\u00fdm sa naopak nedar\u00ed. Pr\u00e1ve to je \u017eivot, vo v\u0161etk\u00fdch svojich odtie\u0148och.<\/p>\n<p>V\u00fd\u0161ivka bohatej \u00farody, v\u00e1m to pripomenie zaka\u017ed\u00fdm, ke\u010f na nej spo\u010diniete poh\u013eadom.<\/p>\n<p>Autor ilustr\u00e1cie: <a title=\"Illustrator: M\u00e1ria Amelchenko\" href=\"https:\/\/www.instagram.com\/mariya_amelchenk\/\" target=\"_blank\" rel=\"noopener\">Maria Amelchenko<\/a><\/p>\n<p>Autorka predlohy: <strong>M\u00e1ria Erbenov\u00e1\u00a0<\/strong><\/p>\n<h4>Inform\u00e1cie o predlohe:<\/h4>\n<p><strong>Po\u010det kr\u00ed\u017eikov: 122 x 135<br \/>\n<\/strong><\/p>\n<p><strong>Rozmer l\u00e1tky:<\/strong>\u00a022.13 x 24.49 cm<br \/>\n<strong>L\u00e1tka<\/strong>: 14 ct\u00a0 aida<br \/>\n<strong>Bavlnky: <\/strong>DMC<br \/>\n<strong>Po\u010det farieb: <\/strong>47\u00a0+ 7 blendov<br \/>\n<strong>Pou\u017eit\u00e9 techniky:<\/strong> kr\u00ed\u017eiky, polkr\u00ed\u017eiky, ob\u0161\u00edvanie, franc\u00fazske uzl\u00edky<\/p>\n<h4>S\u00fabory na stiahnutie:<\/h4>\n<ul>\n<li><strong>pdf s\u00fabor<\/strong>\n<ul>\n<li>v \u010dierno-bielej verzii &#8211; s ob\u0161\u00edvan\u00edm a bez ob\u0161\u00edvania,<\/li>\n<li>vo farebnej verzii &#8211; s ob\u0161\u00edvan\u00edm a bez ob\u0161\u00edvania<\/li>\n<\/ul>\n<\/li>\n<li><strong>cssaga s\u00fabor<\/strong><\/li>\n<\/ul>\n<\/div>","protected":false},"excerpt":{"rendered":"<p>Predloha jesenneho z\u00e1ti\u0161ia. Bohat\u00e1 \u00faroda je odmenou a darom z\u00e1rove\u0148.<\/p>\n<p><strong>Po\u010det kr\u00ed\u017eikov: 122 x 135<\/strong><br \/>\n<strong>Rozmer l\u00e1tky: 22.13 x 24.49 cm<\/strong><br \/>\n<strong>L\u00e1tka<\/strong>: 14 ct\u00a0 Aida<br \/>\n<strong>Bavlnky: <\/strong>DMC<br \/>\n<strong>Po\u010det farieb: <\/strong>47\u00a0+ 7 blendov<br \/>\n<strong>Pou\u017eit\u00e9 techniky:<\/strong> kr\u00ed\u017eiky, polkr\u00ed\u017eiky, \u00a0ob\u0161\u00edvanie, franc\u00fazske uzl\u00edky<\/p>\n","protected":false},"featured_media":27716,"comment_status":"open","ping_status":"closed","template":"","meta":{"_uag_custom_page_level_css":"","ngg_post_thumbnail":0},"product_cat":[257,131,138],"product_tag":[318,250,139,48,219,286],"aioseo_notices":[],"featured_image_urls":{"full":["https:\/\/www.megastitch.eu\/wp-content\/uploads\/2022\/12\/the_gifts_of_autumn_frame_big_ss_sm_1500.jpg",798,852,false],"thumbnail":["https:\/\/www.megastitch.eu\/wp-content\/uploads\/2022\/12\/the_gifts_of_autumn_frame_big_ss_sm_1500-150x150.jpg",150,150,true],"medium":["https:\/\/www.megastitch.eu\/wp-content\/uploads\/2022\/12\/the_gifts_of_autumn_frame_big_ss_sm_1500-281x300.jpg",281,300,true],"medium_large":["https:\/\/www.megastitch.eu\/wp-content\/uploads\/2022\/12\/the_gifts_of_autumn_frame_big_ss_sm_1500-768x820.jpg",768,820,true],"large":["https:\/\/www.megastitch.eu\/wp-content\/uploads\/2022\/12\/the_gifts_of_autumn_frame_big_ss_sm_1500.jpg",798,852,false],"1536x1536":["https:\/\/www.megastitch.eu\/wp-content\/uploads\/2022\/12\/the_gifts_of_autumn_frame_big_ss_sm_1500.jpg",798,852,false],"2048x2048":["https:\/\/www.megastitch.eu\/wp-content\/uploads\/2022\/12\/the_gifts_of_autumn_frame_big_ss_sm_1500.jpg",798,852,false],"ultp_layout_landscape_large":["https:\/\/www.megastitch.eu\/wp-content\/uploads\/2022\/12\/the_gifts_of_autumn_frame_big_ss_sm_1500-798x800.jpg",798,800,true],"ultp_layout_landscape":["https:\/\/www.megastitch.eu\/wp-content\/uploads\/2022\/12\/the_gifts_of_autumn_frame_big_ss_sm_1500-798x570.jpg",798,570,true],"ultp_layout_portrait":["https:\/\/www.megastitch.eu\/wp-content\/uploads\/2022\/12\/the_gifts_of_autumn_frame_big_ss_sm_1500-600x852.jpg",600,852,true],"ultp_layout_square":["https:\/\/www.megastitch.eu\/wp-content\/uploads\/2022\/12\/the_gifts_of_autumn_frame_big_ss_sm_1500-600x600.jpg",600,600,true],"molla_post-grid":["https:\/\/www.megastitch.eu\/wp-content\/uploads\/2022\/12\/the_gifts_of_autumn_frame_big_ss_sm_1500-400x267.jpg",400,267,true],"woocommerce_thumbnail":["https:\/\/www.megastitch.eu\/wp-content\/uploads\/2022\/12\/the_gifts_of_autumn_frame_big_ss_sm_1500-300x320.jpg",300,320,true],"woocommerce_single":["https:\/\/www.megastitch.eu\/wp-content\/uploads\/2022\/12\/the_gifts_of_autumn_frame_big_ss_sm_1500-600x641.jpg",600,641,true],"woocommerce_gallery_thumbnail":["https:\/\/www.megastitch.eu\/wp-content\/uploads\/2022\/12\/the_gifts_of_autumn_frame_big_ss_sm_1500-100x100.jpg",100,100,true]},"post_excerpt_stackable":"<p>Predloha jesenneho z\u00e1ti\u0161ia. Bohat\u00e1 \u00faroda je odmenou a darom z\u00e1rove\u0148.<\/p>\n<p><strong>Po\u010det kr\u00ed\u017eikov: 122 x 135<\/strong><br \/>\n<strong>Rozmer l\u00e1tky: 22.13 x 24.49 cm<\/strong><br \/>\n<strong>L\u00e1tka<\/strong>: 14 ct\u00a0 Aida<br \/>\n<strong>Bavlnky: <\/strong>DMC<br \/>\n<strong>Po\u010det farieb: <\/strong>47\u00a0+ 7 blendov<br \/>\n<strong>Pou\u017eit\u00e9 techniky:<\/strong> kr\u00ed\u017eiky, polkr\u00ed\u017eiky, \u00a0ob\u0161\u00edvanie, franc\u00fazske uzl\u00edky<\/p>\n","category_list":"","author_info":{"name":"","url":""},"comments_num":"0 comments","featured_image_urls_v2":{"full":["https:\/\/www.megastitch.eu\/wp-content\/uploads\/2022\/12\/the_gifts_of_autumn_frame_big_ss_sm_1500.jpg",798,852,false],"thumbnail":["https:\/\/www.megastitch.eu\/wp-content\/uploads\/2022\/12\/the_gifts_of_autumn_frame_big_ss_sm_1500-150x150.jpg",150,150,true],"medium":["https:\/\/www.megastitch.eu\/wp-content\/uploads\/2022\/12\/the_gifts_of_autumn_frame_big_ss_sm_1500-281x300.jpg",281,300,true],"medium_large":["https:\/\/www.megastitch.eu\/wp-content\/uploads\/2022\/12\/the_gifts_of_autumn_frame_big_ss_sm_1500-768x820.jpg",768,820,true],"large":["https:\/\/www.megastitch.eu\/wp-content\/uploads\/2022\/12\/the_gifts_of_autumn_frame_big_ss_sm_1500.jpg",798,852,false],"1536x1536":["https:\/\/www.megastitch.eu\/wp-content\/uploads\/2022\/12\/the_gifts_of_autumn_frame_big_ss_sm_1500.jpg",798,852,false],"2048x2048":["https:\/\/www.megastitch.eu\/wp-content\/uploads\/2022\/12\/the_gifts_of_autumn_frame_big_ss_sm_1500.jpg",798,852,false],"ultp_layout_landscape_large":["https:\/\/www.megastitch.eu\/wp-content\/uploads\/2022\/12\/the_gifts_of_autumn_frame_big_ss_sm_1500-798x800.jpg",798,800,true],"ultp_layout_landscape":["https:\/\/www.megastitch.eu\/wp-content\/uploads\/2022\/12\/the_gifts_of_autumn_frame_big_ss_sm_1500-798x570.jpg",798,570,true],"ultp_layout_portrait":["https:\/\/www.megastitch.eu\/wp-content\/uploads\/2022\/12\/the_gifts_of_autumn_frame_big_ss_sm_1500-600x852.jpg",600,852,true],"ultp_layout_square":["https:\/\/www.megastitch.eu\/wp-content\/uploads\/2022\/12\/the_gifts_of_autumn_frame_big_ss_sm_1500-600x600.jpg",600,600,true],"molla_post-grid":["https:\/\/www.megastitch.eu\/wp-content\/uploads\/2022\/12\/the_gifts_of_autumn_frame_big_ss_sm_1500-400x267.jpg",400,267,true],"woocommerce_thumbnail":["https:\/\/www.megastitch.eu\/wp-content\/uploads\/2022\/12\/the_gifts_of_autumn_frame_big_ss_sm_1500-300x320.jpg",300,320,true],"woocommerce_single":["https:\/\/www.megastitch.eu\/wp-content\/uploads\/2022\/12\/the_gifts_of_autumn_frame_big_ss_sm_1500-600x641.jpg",600,641,true],"woocommerce_gallery_thumbnail":["https:\/\/www.megastitch.eu\/wp-content\/uploads\/2022\/12\/the_gifts_of_autumn_frame_big_ss_sm_1500-100x100.jpg",100,100,true]},"post_excerpt_stackable_v2":"<p>Predloha jesenneho z\u00e1ti\u0161ia. Bohat\u00e1 \u00faroda je odmenou a darom z\u00e1rove\u0148.<\/p>\n<p><strong>Po\u010det kr\u00ed\u017eikov: 122 x 135<\/strong><br \/>\n<strong>Rozmer l\u00e1tky: 22.13 x 24.49 cm<\/strong><br \/>\n<strong>L\u00e1tka<\/strong>: 14 ct\u00a0 Aida<br \/>\n<strong>Bavlnky: <\/strong>DMC<br \/>\n<strong>Po\u010det farieb: <\/strong>47\u00a0+ 7 blendov<br \/>\n<strong>Pou\u017eit\u00e9 techniky:<\/strong> kr\u00ed\u017eiky, polkr\u00ed\u017eiky, \u00a0ob\u0161\u00edvanie, franc\u00fazske uzl\u00edky<\/p>\n","category_list_v2":"","author_info_v2":{"name":"","url":""},"comments_num_v2":"0 comments","uagb_featured_image_src":{"full":["https:\/\/www.megastitch.eu\/wp-content\/uploads\/2022\/12\/the_gifts_of_autumn_frame_big_ss_sm_1500.jpg",798,852,false],"thumbnail":["https:\/\/www.megastitch.eu\/wp-content\/uploads\/2022\/12\/the_gifts_of_autumn_frame_big_ss_sm_1500-150x150.jpg",150,150,true],"medium":["https:\/\/www.megastitch.eu\/wp-content\/uploads\/2022\/12\/the_gifts_of_autumn_frame_big_ss_sm_1500-281x300.jpg",281,300,true],"medium_large":["https:\/\/www.megastitch.eu\/wp-content\/uploads\/2022\/12\/the_gifts_of_autumn_frame_big_ss_sm_1500-768x820.jpg",768,820,true],"large":["https:\/\/www.megastitch.eu\/wp-content\/uploads\/2022\/12\/the_gifts_of_autumn_frame_big_ss_sm_1500.jpg",798,852,false],"1536x1536":["https:\/\/www.megastitch.eu\/wp-content\/uploads\/2022\/12\/the_gifts_of_autumn_frame_big_ss_sm_1500.jpg",798,852,false],"2048x2048":["https:\/\/www.megastitch.eu\/wp-content\/uploads\/2022\/12\/the_gifts_of_autumn_frame_big_ss_sm_1500.jpg",798,852,false],"ultp_layout_landscape_large":["https:\/\/www.megastitch.eu\/wp-content\/uploads\/2022\/12\/the_gifts_of_autumn_frame_big_ss_sm_1500-798x800.jpg",798,800,true],"ultp_layout_landscape":["https:\/\/www.megastitch.eu\/wp-content\/uploads\/2022\/12\/the_gifts_of_autumn_frame_big_ss_sm_1500-798x570.jpg",798,570,true],"ultp_layout_portrait":["https:\/\/www.megastitch.eu\/wp-content\/uploads\/2022\/12\/the_gifts_of_autumn_frame_big_ss_sm_1500-600x852.jpg",600,852,true],"ultp_layout_square":["https:\/\/www.megastitch.eu\/wp-content\/uploads\/2022\/12\/the_gifts_of_autumn_frame_big_ss_sm_1500-600x600.jpg",600,600,true],"molla_post-grid":["https:\/\/www.megastitch.eu\/wp-content\/uploads\/2022\/12\/the_gifts_of_autumn_frame_big_ss_sm_1500-400x267.jpg",400,267,true],"woocommerce_thumbnail":["https:\/\/www.megastitch.eu\/wp-content\/uploads\/2022\/12\/the_gifts_of_autumn_frame_big_ss_sm_1500-300x320.jpg",300,320,true],"woocommerce_single":["https:\/\/www.megastitch.eu\/wp-content\/uploads\/2022\/12\/the_gifts_of_autumn_frame_big_ss_sm_1500-600x641.jpg",600,641,true],"woocommerce_gallery_thumbnail":["https:\/\/www.megastitch.eu\/wp-content\/uploads\/2022\/12\/the_gifts_of_autumn_frame_big_ss_sm_1500-100x100.jpg",100,100,true]},"uagb_author_info":{"display_name":"pagacova","author_link":"https:\/\/www.megastitch.eu\/cs\/author\/"},"uagb_comment_info":0,"uagb_excerpt":"Predloha jesenneho z\u00e1ti\u0161ia. Bohat\u00e1 \u00faroda je odmenou a darom z\u00e1rove\u0148. Po\u010det kr\u00ed\u017eikov: 122 x 135 Rozmer l\u00e1tky: 22.13 x 24.49 cm L\u00e1tka: 14 ct\u00a0 Aida Bavlnky: DMC Po\u010det farieb: 47\u00a0+ 7 blendov Pou\u017eit\u00e9 techniky: kr\u00ed\u017eiky, polkr\u00ed\u017eiky, \u00a0ob\u0161\u00edvanie, franc\u00fazske uzl\u00edky","_links":{"self":[{"href":"https:\/\/www.megastitch.eu\/cs\/wp-json\/wp\/v2\/product\/27703"}],"collection":[{"href":"https:\/\/www.megastitch.eu\/cs\/wp-json\/wp\/v2\/product"}],"about":[{"href":"https:\/\/www.megastitch.eu\/cs\/wp-json\/wp\/v2\/types\/product"}],"replies":[{"embeddable":true,"href":"https:\/\/www.megastitch.eu\/cs\/wp-json\/wp\/v2\/comments?post=27703"}],"wp:featuredmedia":[{"embeddable":true,"href":"https:\/\/www.megastitch.eu\/cs\/wp-json\/wp\/v2\/media\/27716"}],"wp:attachment":[{"href":"https:\/\/www.megastitch.eu\/cs\/wp-json\/wp\/v2\/media?parent=27703"}],"wp:term":[{"taxonomy":"product_cat","embeddable":true,"href":"https:\/\/www.megastitch.eu\/cs\/wp-json\/wp\/v2\/product_cat?post=27703"},{"taxonomy":"product_tag","embeddable":true,"href":"https:\/\/www.megastitch.eu\/cs\/wp-json\/wp\/v2\/product_tag?post=27703"}],"curies":[{"name":"wp","href":"https:\/\/api.w.org\/{rel}","templated":true}]}}