	{"id":27727,"date":"2023-04-07T11:20:40","date_gmt":"2023-04-07T09:20:40","guid":{"rendered":"https:\/\/www.megastitch.eu\/?post_type=product&#038;p=27727"},"modified":"2023-04-07T19:52:50","modified_gmt":"2023-04-07T17:52:50","slug":"mini-vtacik-robin","status":"publish","type":"product","link":"https:\/\/www.megastitch.eu\/cs\/obchod\/predlohy-na-vysivanie\/stredne-predlohy\/mini-vtacik-robin\/","title":{"rendered":"Mini vt\u00e1\u010dik Robin"},"content":{"rendered":"<div class=\"nolwrap\"><p>Ako n\u00e1dherne sa preb\u00fadza pri speve vt\u00e1\u010dikov. Srdce n\u00e1m posko\u010d\u00ed rados\u0165ou a&nbsp;na tv\u00e1ri sa objav\u00ed ospal\u00fd \u00fasmev. Je sn\u00e1\u010f lep\u0161\u00ed sp\u00f4sob ako za\u010da\u0165 de\u0148? Ke\u010f pozorujem \u010dervienku z&nbsp;predlohy, akoby som ju po\u010dula. Mal\u00fd odv\u00e1\u017eny vt\u00e1\u010dik sa k&nbsp;n\u00e1m vracia po zime, aby znovu rozohrial na\u0161e srdcia kr\u00e1snou pies\u0148ou.<\/p>\n<p>Pokojn\u00fa a&nbsp;&nbsp;rados\u0165ou \u017eiariacu tv\u00e1r prinesie aj v\u00e1m, k\u00fdm dokon\u010d\u00edte v\u00fd\u0161ivku. Rados\u0165 sa e\u0161te zn\u00e1sob\u00ed ak ju niekomu darujete, alebo si \u0148ou vyzdob\u00edte pr\u00edbytok.<\/p>\n<p>Predloha je n\u00e1ro\u010dnej\u0161ia a vhodn\u00e1 pre trpezliv\u00e9 povahy.<\/p>\n<p>Autorka predlohy: <strong>M\u00e1ria Erbenov\u00e1&nbsp;<\/strong><\/p>\n<h4>Inform\u00e1cie o predlohe:<\/h4>\n<p><strong>Po\u010det kr\u00ed\u017eikov: 125 x 87<br \/>\n<\/strong><\/p>\n<p><strong>Rozmer l\u00e1tky:<\/strong>&nbsp;22.68 x 15.78 cm<br \/>\n<strong>L\u00e1tka<\/strong>: 14 ct&nbsp; aida<br \/>\n<strong>Bavlnky: <\/strong>DMC<br \/>\n<strong>Po\u010det farieb: <\/strong>33&nbsp;+ 10 blendov + 15 farieb pre ob\u0161\u00edvanie<br \/>\n<strong>Pou\u017eit\u00e9 techniky:<\/strong> kr\u00ed\u017eiky, ob\u0161\u00edvanie<\/p>\n<h4>S\u00fabory na stiahnutie:<\/h4>\n<ul>\n<li><strong>pdf s\u00fabor<\/strong>\n<ul>\n<li>v \u010dierno-bielej verzii &#8211; s ob\u0161\u00edvan\u00edm a bez ob\u0161\u00edvania,<\/li>\n<li>vo farebnej verzii &#8211; s ob\u0161\u00edvan\u00edm a bez ob\u0161\u00edvania<\/li>\n<\/ul>\n<\/li>\n<li><strong>cssaga s\u00fabor<\/strong><\/li>\n<\/ul>\n<\/div>","protected":false},"excerpt":{"rendered":"<p>Vt\u00e1\u010dik robin, spokojne odpo\u010d\u00edva na kon\u00e1ri a&nbsp; h\u013ead\u00e1 komu by spr\u00edjemnil de\u0148. Si to ty?<\/p>\n<p><strong>Po\u010det kr\u00ed\u017eikov: 125 x 87<\/strong><br \/>\n<strong>Rozmer l\u00e1tky: 22.68 x 15.78 cm<\/strong><br \/>\n<strong>L\u00e1tka<\/strong>: 14 ct&nbsp; Aida<br \/>\n<strong>Bavlnky: <\/strong>DMC<br \/>\n<strong>Po\u010det farieb: <\/strong>33&nbsp;+ 10 blendov + 15 farieb pre ob\u0161\u00edvanie<br \/>\n<strong>Pou\u017eit\u00e9 techniky:<\/strong> kr\u00ed\u017eiky, &nbsp;ob\u0161\u00edvanie<\/p>\n","protected":false},"featured_media":28469,"comment_status":"open","ping_status":"closed","template":"","meta":{"_uag_custom_page_level_css":"","ngg_post_thumbnail":0},"product_cat":[131,138],"product_tag":[250,48,143,254,122],"aioseo_notices":[],"featured_image_urls":{"full":["https:\/\/www.megastitch.eu\/wp-content\/uploads\/2022\/12\/mini_bird_robin_frame_ss_sm_web.jpg",1400,1142,false],"thumbnail":["https:\/\/www.megastitch.eu\/wp-content\/uploads\/2022\/12\/mini_bird_robin_frame_ss_sm_web-150x150.jpg",150,150,true],"medium":["https:\/\/www.megastitch.eu\/wp-content\/uploads\/2022\/12\/mini_bird_robin_frame_ss_sm_web-300x245.jpg",300,245,true],"medium_large":["https:\/\/www.megastitch.eu\/wp-content\/uploads\/2022\/12\/mini_bird_robin_frame_ss_sm_web-768x626.jpg",768,626,true],"large":["https:\/\/www.megastitch.eu\/wp-content\/uploads\/2022\/12\/mini_bird_robin_frame_ss_sm_web-1024x835.jpg",1024,835,true],"1536x1536":["https:\/\/www.megastitch.eu\/wp-content\/uploads\/2022\/12\/mini_bird_robin_frame_ss_sm_web.jpg",1400,1142,false],"2048x2048":["https:\/\/www.megastitch.eu\/wp-content\/uploads\/2022\/12\/mini_bird_robin_frame_ss_sm_web.jpg",1400,1142,false],"ultp_layout_landscape_large":["https:\/\/www.megastitch.eu\/wp-content\/uploads\/2022\/12\/mini_bird_robin_frame_ss_sm_web-1200x800.jpg",1200,800,true],"ultp_layout_landscape":["https:\/\/www.megastitch.eu\/wp-content\/uploads\/2022\/12\/mini_bird_robin_frame_ss_sm_web-870x570.jpg",870,570,true],"ultp_layout_portrait":["https:\/\/www.megastitch.eu\/wp-content\/uploads\/2022\/12\/mini_bird_robin_frame_ss_sm_web-600x900.jpg",600,900,true],"ultp_layout_square":["https:\/\/www.megastitch.eu\/wp-content\/uploads\/2022\/12\/mini_bird_robin_frame_ss_sm_web-600x600.jpg",600,600,true],"molla_post-grid":["https:\/\/www.megastitch.eu\/wp-content\/uploads\/2022\/12\/mini_bird_robin_frame_ss_sm_web-400x267.jpg",400,267,true],"woocommerce_thumbnail":["https:\/\/www.megastitch.eu\/wp-content\/uploads\/2022\/12\/mini_bird_robin_frame_ss_sm_web-300x245.jpg",300,245,true],"woocommerce_single":["https:\/\/www.megastitch.eu\/wp-content\/uploads\/2022\/12\/mini_bird_robin_frame_ss_sm_web-600x489.jpg",600,489,true],"woocommerce_gallery_thumbnail":["https:\/\/www.megastitch.eu\/wp-content\/uploads\/2022\/12\/mini_bird_robin_frame_ss_sm_web-100x100.jpg",100,100,true]},"post_excerpt_stackable":"<p>Vt\u00e1\u010dik robin, spokojne odpo\u010d\u00edva na kon\u00e1ri a&nbsp; h\u013ead\u00e1 komu by spr\u00edjemnil de\u0148. Si to ty?<\/p>\n<p><strong>Po\u010det kr\u00ed\u017eikov: 125 x 87<\/strong><br \/>\n<strong>Rozmer l\u00e1tky: 22.68 x 15.78 cm<\/strong><br \/>\n<strong>L\u00e1tka<\/strong>: 14 ct&nbsp; Aida<br \/>\n<strong>Bavlnky: <\/strong>DMC<br \/>\n<strong>Po\u010det farieb: <\/strong>33&nbsp;+ 10 blendov + 15 farieb pre ob\u0161\u00edvanie<br \/>\n<strong>Pou\u017eit\u00e9 techniky:<\/strong> kr\u00ed\u017eiky, &nbsp;ob\u0161\u00edvanie<\/p>\n","category_list":"","author_info":{"name":"","url":""},"comments_num":"0 comments","featured_image_urls_v2":{"full":["https:\/\/www.megastitch.eu\/wp-content\/uploads\/2022\/12\/mini_bird_robin_frame_ss_sm_web.jpg",1400,1142,false],"thumbnail":["https:\/\/www.megastitch.eu\/wp-content\/uploads\/2022\/12\/mini_bird_robin_frame_ss_sm_web-150x150.jpg",150,150,true],"medium":["https:\/\/www.megastitch.eu\/wp-content\/uploads\/2022\/12\/mini_bird_robin_frame_ss_sm_web-300x245.jpg",300,245,true],"medium_large":["https:\/\/www.megastitch.eu\/wp-content\/uploads\/2022\/12\/mini_bird_robin_frame_ss_sm_web-768x626.jpg",768,626,true],"large":["https:\/\/www.megastitch.eu\/wp-content\/uploads\/2022\/12\/mini_bird_robin_frame_ss_sm_web-1024x835.jpg",1024,835,true],"1536x1536":["https:\/\/www.megastitch.eu\/wp-content\/uploads\/2022\/12\/mini_bird_robin_frame_ss_sm_web.jpg",1400,1142,false],"2048x2048":["https:\/\/www.megastitch.eu\/wp-content\/uploads\/2022\/12\/mini_bird_robin_frame_ss_sm_web.jpg",1400,1142,false],"ultp_layout_landscape_large":["https:\/\/www.megastitch.eu\/wp-content\/uploads\/2022\/12\/mini_bird_robin_frame_ss_sm_web-1200x800.jpg",1200,800,true],"ultp_layout_landscape":["https:\/\/www.megastitch.eu\/wp-content\/uploads\/2022\/12\/mini_bird_robin_frame_ss_sm_web-870x570.jpg",870,570,true],"ultp_layout_portrait":["https:\/\/www.megastitch.eu\/wp-content\/uploads\/2022\/12\/mini_bird_robin_frame_ss_sm_web-600x900.jpg",600,900,true],"ultp_layout_square":["https:\/\/www.megastitch.eu\/wp-content\/uploads\/2022\/12\/mini_bird_robin_frame_ss_sm_web-600x600.jpg",600,600,true],"molla_post-grid":["https:\/\/www.megastitch.eu\/wp-content\/uploads\/2022\/12\/mini_bird_robin_frame_ss_sm_web-400x267.jpg",400,267,true],"woocommerce_thumbnail":["https:\/\/www.megastitch.eu\/wp-content\/uploads\/2022\/12\/mini_bird_robin_frame_ss_sm_web-300x245.jpg",300,245,true],"woocommerce_single":["https:\/\/www.megastitch.eu\/wp-content\/uploads\/2022\/12\/mini_bird_robin_frame_ss_sm_web-600x489.jpg",600,489,true],"woocommerce_gallery_thumbnail":["https:\/\/www.megastitch.eu\/wp-content\/uploads\/2022\/12\/mini_bird_robin_frame_ss_sm_web-100x100.jpg",100,100,true]},"post_excerpt_stackable_v2":"<p>Vt\u00e1\u010dik robin, spokojne odpo\u010d\u00edva na kon\u00e1ri a&nbsp; h\u013ead\u00e1 komu by spr\u00edjemnil de\u0148. Si to ty?<\/p>\n<p><strong>Po\u010det kr\u00ed\u017eikov: 125 x 87<\/strong><br \/>\n<strong>Rozmer l\u00e1tky: 22.68 x 15.78 cm<\/strong><br \/>\n<strong>L\u00e1tka<\/strong>: 14 ct&nbsp; Aida<br \/>\n<strong>Bavlnky: <\/strong>DMC<br \/>\n<strong>Po\u010det farieb: <\/strong>33&nbsp;+ 10 blendov + 15 farieb pre ob\u0161\u00edvanie<br \/>\n<strong>Pou\u017eit\u00e9 techniky:<\/strong> kr\u00ed\u017eiky, &nbsp;ob\u0161\u00edvanie<\/p>\n","category_list_v2":"","author_info_v2":{"name":"","url":""},"comments_num_v2":"0 comments","uagb_featured_image_src":{"full":["https:\/\/www.megastitch.eu\/wp-content\/uploads\/2022\/12\/mini_bird_robin_frame_ss_sm_web.jpg",1400,1142,false],"thumbnail":["https:\/\/www.megastitch.eu\/wp-content\/uploads\/2022\/12\/mini_bird_robin_frame_ss_sm_web-150x150.jpg",150,150,true],"medium":["https:\/\/www.megastitch.eu\/wp-content\/uploads\/2022\/12\/mini_bird_robin_frame_ss_sm_web-300x245.jpg",300,245,true],"medium_large":["https:\/\/www.megastitch.eu\/wp-content\/uploads\/2022\/12\/mini_bird_robin_frame_ss_sm_web-768x626.jpg",768,626,true],"large":["https:\/\/www.megastitch.eu\/wp-content\/uploads\/2022\/12\/mini_bird_robin_frame_ss_sm_web-1024x835.jpg",1024,835,true],"1536x1536":["https:\/\/www.megastitch.eu\/wp-content\/uploads\/2022\/12\/mini_bird_robin_frame_ss_sm_web.jpg",1400,1142,false],"2048x2048":["https:\/\/www.megastitch.eu\/wp-content\/uploads\/2022\/12\/mini_bird_robin_frame_ss_sm_web.jpg",1400,1142,false],"ultp_layout_landscape_large":["https:\/\/www.megastitch.eu\/wp-content\/uploads\/2022\/12\/mini_bird_robin_frame_ss_sm_web-1200x800.jpg",1200,800,true],"ultp_layout_landscape":["https:\/\/www.megastitch.eu\/wp-content\/uploads\/2022\/12\/mini_bird_robin_frame_ss_sm_web-870x570.jpg",870,570,true],"ultp_layout_portrait":["https:\/\/www.megastitch.eu\/wp-content\/uploads\/2022\/12\/mini_bird_robin_frame_ss_sm_web-600x900.jpg",600,900,true],"ultp_layout_square":["https:\/\/www.megastitch.eu\/wp-content\/uploads\/2022\/12\/mini_bird_robin_frame_ss_sm_web-600x600.jpg",600,600,true],"molla_post-grid":["https:\/\/www.megastitch.eu\/wp-content\/uploads\/2022\/12\/mini_bird_robin_frame_ss_sm_web-400x267.jpg",400,267,true],"woocommerce_thumbnail":["https:\/\/www.megastitch.eu\/wp-content\/uploads\/2022\/12\/mini_bird_robin_frame_ss_sm_web-300x245.jpg",300,245,true],"woocommerce_single":["https:\/\/www.megastitch.eu\/wp-content\/uploads\/2022\/12\/mini_bird_robin_frame_ss_sm_web-600x489.jpg",600,489,true],"woocommerce_gallery_thumbnail":["https:\/\/www.megastitch.eu\/wp-content\/uploads\/2022\/12\/mini_bird_robin_frame_ss_sm_web-100x100.jpg",100,100,true]},"uagb_author_info":{"display_name":"pagacova","author_link":"https:\/\/www.megastitch.eu\/cs\/author\/"},"uagb_comment_info":0,"uagb_excerpt":"Vt\u00e1\u010dik robin, spokojne odpo\u010d\u00edva na kon\u00e1ri a&nbsp; h\u013ead\u00e1 komu by spr\u00edjemnil de\u0148. Si to ty? Po\u010det kr\u00ed\u017eikov: 125 x 87 Rozmer l\u00e1tky: 22.68 x 15.78 cm L\u00e1tka: 14 ct&nbsp; Aida Bavlnky: DMC Po\u010det farieb: 33&nbsp;+ 10 blendov + 15 farieb pre ob\u0161\u00edvanie Pou\u017eit\u00e9 techniky: kr\u00ed\u017eiky, &nbsp;ob\u0161\u00edvanie","_links":{"self":[{"href":"https:\/\/www.megastitch.eu\/cs\/wp-json\/wp\/v2\/product\/27727"}],"collection":[{"href":"https:\/\/www.megastitch.eu\/cs\/wp-json\/wp\/v2\/product"}],"about":[{"href":"https:\/\/www.megastitch.eu\/cs\/wp-json\/wp\/v2\/types\/product"}],"replies":[{"embeddable":true,"href":"https:\/\/www.megastitch.eu\/cs\/wp-json\/wp\/v2\/comments?post=27727"}],"wp:featuredmedia":[{"embeddable":true,"href":"https:\/\/www.megastitch.eu\/cs\/wp-json\/wp\/v2\/media\/28469"}],"wp:attachment":[{"href":"https:\/\/www.megastitch.eu\/cs\/wp-json\/wp\/v2\/media?parent=27727"}],"wp:term":[{"taxonomy":"product_cat","embeddable":true,"href":"https:\/\/www.megastitch.eu\/cs\/wp-json\/wp\/v2\/product_cat?post=27727"},{"taxonomy":"product_tag","embeddable":true,"href":"https:\/\/www.megastitch.eu\/cs\/wp-json\/wp\/v2\/product_tag?post=27727"}],"curies":[{"name":"wp","href":"https:\/\/api.w.org\/{rel}","templated":true}]}}