	{"id":28226,"date":"2023-01-19T11:48:22","date_gmt":"2023-01-19T10:48:22","guid":{"rendered":"https:\/\/www.megastitch.eu\/obchod\/nezaraden\u00e9\/cerveno-zlte-ruze\/"},"modified":"2025-05-27T09:34:06","modified_gmt":"2025-05-27T07:34:06","slug":"cerveno-zlte-ruze","status":"publish","type":"product","link":"https:\/\/www.megastitch.eu\/cs\/obchod\/magnetky\/rastliny\/kvety\/cerveno-zlte-ruze\/","title":{"rendered":"\u010cerveno \u017elt\u00e9 ru\u017ee"},"content":{"rendered":"<div class=\"nolwrap\"><p>Pozn\u00e1te rozpr\u00e1vku o \u0160\u00edpkovej Ru\u017eenke? Sudi\u010dka jej predur\u010dila smutn\u00fd osud. Pichla sa do prsta a zaspala s cel\u00fdm z\u00e1mkom, na 100 rokov. <\/p>\n<p>S magnetickou\u00a0ihelni\u010dkou, s n\u00e1dhern\u00fdm rozpr\u00e1vkov\u00fdm mot\u00edvom ru\u017ee, sa v\u00e1m to nestane. Ihly zostan\u00fa na mieste a va\u0161e prsty v bezpe\u010d\u00ed.<\/p>\n<\/div>","protected":false},"excerpt":{"rendered":"<p>Magnetka na ihly s mot\u00edvom jemnej ru\u017ee, je vern\u00fdm ochrancom. Udr\u017e\u00ed ihly v\u017edy na svojom mieste.<\/p>\n","protected":false},"featured_media":28227,"comment_status":"closed","ping_status":"closed","template":"","meta":{"_uag_custom_page_level_css":"","ngg_post_thumbnail":0},"product_cat":[42,19,41],"product_tag":[139,48],"aioseo_notices":[],"featured_image_urls":{"full":["https:\/\/www.megastitch.eu\/wp-content\/uploads\/2023\/01\/cerveno_zlte_ruze.png",600,600,false],"thumbnail":["https:\/\/www.megastitch.eu\/wp-content\/uploads\/2023\/01\/cerveno_zlte_ruze-150x150.png",150,150,true],"medium":["https:\/\/www.megastitch.eu\/wp-content\/uploads\/2023\/01\/cerveno_zlte_ruze-300x300.png",300,300,true],"medium_large":["https:\/\/www.megastitch.eu\/wp-content\/uploads\/2023\/01\/cerveno_zlte_ruze.png",600,600,false],"large":["https:\/\/www.megastitch.eu\/wp-content\/uploads\/2023\/01\/cerveno_zlte_ruze.png",600,600,false],"1536x1536":["https:\/\/www.megastitch.eu\/wp-content\/uploads\/2023\/01\/cerveno_zlte_ruze.png",600,600,false],"2048x2048":["https:\/\/www.megastitch.eu\/wp-content\/uploads\/2023\/01\/cerveno_zlte_ruze.png",600,600,false],"ultp_layout_landscape_large":["https:\/\/www.megastitch.eu\/wp-content\/uploads\/2023\/01\/cerveno_zlte_ruze.png",600,600,false],"ultp_layout_landscape":["https:\/\/www.megastitch.eu\/wp-content\/uploads\/2023\/01\/cerveno_zlte_ruze-600x570.png",600,570,true],"ultp_layout_portrait":["https:\/\/www.megastitch.eu\/wp-content\/uploads\/2023\/01\/cerveno_zlte_ruze.png",600,600,false],"ultp_layout_square":["https:\/\/www.megastitch.eu\/wp-content\/uploads\/2023\/01\/cerveno_zlte_ruze.png",600,600,false],"molla_post-grid":["https:\/\/www.megastitch.eu\/wp-content\/uploads\/2023\/01\/cerveno_zlte_ruze-400x267.png",400,267,true],"woocommerce_thumbnail":["https:\/\/www.megastitch.eu\/wp-content\/uploads\/2023\/01\/cerveno_zlte_ruze-300x300.png",300,300,true],"woocommerce_single":["https:\/\/www.megastitch.eu\/wp-content\/uploads\/2023\/01\/cerveno_zlte_ruze.png",600,600,false],"woocommerce_gallery_thumbnail":["https:\/\/www.megastitch.eu\/wp-content\/uploads\/2023\/01\/cerveno_zlte_ruze-100x100.png",100,100,true]},"post_excerpt_stackable":"<p>Magnetka na ihly s mot\u00edvom jemnej ru\u017ee, je vern\u00fdm ochrancom. Udr\u017e\u00ed ihly v\u017edy na svojom mieste.<\/p>\n","category_list":"","author_info":{"name":"","url":""},"comments_num":"0 comments","featured_image_urls_v2":{"full":["https:\/\/www.megastitch.eu\/wp-content\/uploads\/2023\/01\/cerveno_zlte_ruze.png",600,600,false],"thumbnail":["https:\/\/www.megastitch.eu\/wp-content\/uploads\/2023\/01\/cerveno_zlte_ruze-150x150.png",150,150,true],"medium":["https:\/\/www.megastitch.eu\/wp-content\/uploads\/2023\/01\/cerveno_zlte_ruze-300x300.png",300,300,true],"medium_large":["https:\/\/www.megastitch.eu\/wp-content\/uploads\/2023\/01\/cerveno_zlte_ruze.png",600,600,false],"large":["https:\/\/www.megastitch.eu\/wp-content\/uploads\/2023\/01\/cerveno_zlte_ruze.png",600,600,false],"1536x1536":["https:\/\/www.megastitch.eu\/wp-content\/uploads\/2023\/01\/cerveno_zlte_ruze.png",600,600,false],"2048x2048":["https:\/\/www.megastitch.eu\/wp-content\/uploads\/2023\/01\/cerveno_zlte_ruze.png",600,600,false],"ultp_layout_landscape_large":["https:\/\/www.megastitch.eu\/wp-content\/uploads\/2023\/01\/cerveno_zlte_ruze.png",600,600,false],"ultp_layout_landscape":["https:\/\/www.megastitch.eu\/wp-content\/uploads\/2023\/01\/cerveno_zlte_ruze-600x570.png",600,570,true],"ultp_layout_portrait":["https:\/\/www.megastitch.eu\/wp-content\/uploads\/2023\/01\/cerveno_zlte_ruze.png",600,600,false],"ultp_layout_square":["https:\/\/www.megastitch.eu\/wp-content\/uploads\/2023\/01\/cerveno_zlte_ruze.png",600,600,false],"molla_post-grid":["https:\/\/www.megastitch.eu\/wp-content\/uploads\/2023\/01\/cerveno_zlte_ruze-400x267.png",400,267,true],"woocommerce_thumbnail":["https:\/\/www.megastitch.eu\/wp-content\/uploads\/2023\/01\/cerveno_zlte_ruze-300x300.png",300,300,true],"woocommerce_single":["https:\/\/www.megastitch.eu\/wp-content\/uploads\/2023\/01\/cerveno_zlte_ruze.png",600,600,false],"woocommerce_gallery_thumbnail":["https:\/\/www.megastitch.eu\/wp-content\/uploads\/2023\/01\/cerveno_zlte_ruze-100x100.png",100,100,true]},"post_excerpt_stackable_v2":"<p>Magnetka na ihly s mot\u00edvom jemnej ru\u017ee, je vern\u00fdm ochrancom. Udr\u017e\u00ed ihly v\u017edy na svojom mieste.<\/p>\n","category_list_v2":"","author_info_v2":{"name":"","url":""},"comments_num_v2":"0 comments","uagb_featured_image_src":{"full":["https:\/\/www.megastitch.eu\/wp-content\/uploads\/2023\/01\/cerveno_zlte_ruze.png",600,600,false],"thumbnail":["https:\/\/www.megastitch.eu\/wp-content\/uploads\/2023\/01\/cerveno_zlte_ruze-150x150.png",150,150,true],"medium":["https:\/\/www.megastitch.eu\/wp-content\/uploads\/2023\/01\/cerveno_zlte_ruze-300x300.png",300,300,true],"medium_large":["https:\/\/www.megastitch.eu\/wp-content\/uploads\/2023\/01\/cerveno_zlte_ruze.png",600,600,false],"large":["https:\/\/www.megastitch.eu\/wp-content\/uploads\/2023\/01\/cerveno_zlte_ruze.png",600,600,false],"1536x1536":["https:\/\/www.megastitch.eu\/wp-content\/uploads\/2023\/01\/cerveno_zlte_ruze.png",600,600,false],"2048x2048":["https:\/\/www.megastitch.eu\/wp-content\/uploads\/2023\/01\/cerveno_zlte_ruze.png",600,600,false],"ultp_layout_landscape_large":["https:\/\/www.megastitch.eu\/wp-content\/uploads\/2023\/01\/cerveno_zlte_ruze.png",600,600,false],"ultp_layout_landscape":["https:\/\/www.megastitch.eu\/wp-content\/uploads\/2023\/01\/cerveno_zlte_ruze-600x570.png",600,570,true],"ultp_layout_portrait":["https:\/\/www.megastitch.eu\/wp-content\/uploads\/2023\/01\/cerveno_zlte_ruze.png",600,600,false],"ultp_layout_square":["https:\/\/www.megastitch.eu\/wp-content\/uploads\/2023\/01\/cerveno_zlte_ruze.png",600,600,false],"molla_post-grid":["https:\/\/www.megastitch.eu\/wp-content\/uploads\/2023\/01\/cerveno_zlte_ruze-400x267.png",400,267,true],"woocommerce_thumbnail":["https:\/\/www.megastitch.eu\/wp-content\/uploads\/2023\/01\/cerveno_zlte_ruze-300x300.png",300,300,true],"woocommerce_single":["https:\/\/www.megastitch.eu\/wp-content\/uploads\/2023\/01\/cerveno_zlte_ruze.png",600,600,false],"woocommerce_gallery_thumbnail":["https:\/\/www.megastitch.eu\/wp-content\/uploads\/2023\/01\/cerveno_zlte_ruze-100x100.png",100,100,true]},"uagb_author_info":{"display_name":"erbenova","author_link":"https:\/\/www.megastitch.eu\/cs\/author\/"},"uagb_comment_info":0,"uagb_excerpt":"Magnetka na ihly s mot\u00edvom jemnej ru\u017ee, je vern\u00fdm ochrancom. Udr\u017e\u00ed ihly v\u017edy na svojom mieste.","_links":{"self":[{"href":"https:\/\/www.megastitch.eu\/cs\/wp-json\/wp\/v2\/product\/28226"}],"collection":[{"href":"https:\/\/www.megastitch.eu\/cs\/wp-json\/wp\/v2\/product"}],"about":[{"href":"https:\/\/www.megastitch.eu\/cs\/wp-json\/wp\/v2\/types\/product"}],"replies":[{"embeddable":true,"href":"https:\/\/www.megastitch.eu\/cs\/wp-json\/wp\/v2\/comments?post=28226"}],"wp:featuredmedia":[{"embeddable":true,"href":"https:\/\/www.megastitch.eu\/cs\/wp-json\/wp\/v2\/media\/28227"}],"wp:attachment":[{"href":"https:\/\/www.megastitch.eu\/cs\/wp-json\/wp\/v2\/media?parent=28226"}],"wp:term":[{"taxonomy":"product_cat","embeddable":true,"href":"https:\/\/www.megastitch.eu\/cs\/wp-json\/wp\/v2\/product_cat?post=28226"},{"taxonomy":"product_tag","embeddable":true,"href":"https:\/\/www.megastitch.eu\/cs\/wp-json\/wp\/v2\/product_tag?post=28226"}],"curies":[{"name":"wp","href":"https:\/\/api.w.org\/{rel}","templated":true}]}}