	{"id":28234,"date":"2023-01-19T11:48:22","date_gmt":"2023-01-19T10:48:22","guid":{"rendered":"https:\/\/www.megastitch.eu\/obchod\/nezaraden\u00e9\/karlov-most\/"},"modified":"2025-10-18T10:31:04","modified_gmt":"2025-10-18T08:31:04","slug":"karlov-most","status":"publish","type":"product","link":"https:\/\/www.megastitch.eu\/cs\/obchod\/magnetky\/fotograficke\/karlov-most\/","title":{"rendered":"Karlov most"},"content":{"rendered":"<div class=\"nolwrap\"><p>Prech\u00e1dzka po Karlovom moste v Prahe je z\u00e1\u017eitok pln\u00fd em\u00f3ci\u00ed.<\/p>\n<p>Most sp\u00e1ja umelcov z r\u00f4znych oblast\u00ed a krajov tak,&nbsp;ako magnetick\u00fd iheln\u00ed\u010dek so siln\u00fdm neod\u00fdmov\u00fdm magnetom, spoj\u00ed bezpe\u010dne va\u0161e ihly a no\u017enice, s v\u00fd\u0161ivkou.<\/p>\n<\/div>","protected":false},"excerpt":{"rendered":"<p>Magnetka na ihly s mot\u00edvom pra\u017esk\u00e9ho Karlovho mostu je dokonal\u00fd pomocn\u00edk. Udr\u017e\u00ed ihly v\u017edy na svojom mieste.<\/p>\n","protected":false},"featured_media":28235,"comment_status":"closed","ping_status":"closed","template":"","meta":{"_uag_custom_page_level_css":"","ngg_post_thumbnail":0},"product_cat":[26,19],"product_tag":[289,332,333],"aioseo_notices":[],"featured_image_urls":{"full":["https:\/\/www.megastitch.eu\/wp-content\/uploads\/2023\/01\/karlov_most.png",600,600,false],"thumbnail":["https:\/\/www.megastitch.eu\/wp-content\/uploads\/2023\/01\/karlov_most-150x150.png",150,150,true],"medium":["https:\/\/www.megastitch.eu\/wp-content\/uploads\/2023\/01\/karlov_most-300x300.png",300,300,true],"medium_large":["https:\/\/www.megastitch.eu\/wp-content\/uploads\/2023\/01\/karlov_most.png",600,600,false],"large":["https:\/\/www.megastitch.eu\/wp-content\/uploads\/2023\/01\/karlov_most.png",600,600,false],"1536x1536":["https:\/\/www.megastitch.eu\/wp-content\/uploads\/2023\/01\/karlov_most.png",600,600,false],"2048x2048":["https:\/\/www.megastitch.eu\/wp-content\/uploads\/2023\/01\/karlov_most.png",600,600,false],"ultp_layout_landscape_large":["https:\/\/www.megastitch.eu\/wp-content\/uploads\/2023\/01\/karlov_most.png",600,600,false],"ultp_layout_landscape":["https:\/\/www.megastitch.eu\/wp-content\/uploads\/2023\/01\/karlov_most-600x570.png",600,570,true],"ultp_layout_portrait":["https:\/\/www.megastitch.eu\/wp-content\/uploads\/2023\/01\/karlov_most.png",600,600,false],"ultp_layout_square":["https:\/\/www.megastitch.eu\/wp-content\/uploads\/2023\/01\/karlov_most.png",600,600,false],"molla_post-grid":["https:\/\/www.megastitch.eu\/wp-content\/uploads\/2023\/01\/karlov_most-400x267.png",400,267,true],"woocommerce_thumbnail":["https:\/\/www.megastitch.eu\/wp-content\/uploads\/2023\/01\/karlov_most-300x300.png",300,300,true],"woocommerce_single":["https:\/\/www.megastitch.eu\/wp-content\/uploads\/2023\/01\/karlov_most.png",600,600,false],"woocommerce_gallery_thumbnail":["https:\/\/www.megastitch.eu\/wp-content\/uploads\/2023\/01\/karlov_most-100x100.png",100,100,true]},"post_excerpt_stackable":"<p>Magnetka na ihly s mot\u00edvom pra\u017esk\u00e9ho Karlovho mostu je dokonal\u00fd pomocn\u00edk. Udr\u017e\u00ed ihly v\u017edy na svojom mieste.<\/p>\n","category_list":"","author_info":{"name":"","url":""},"comments_num":"0 comments","featured_image_urls_v2":{"full":["https:\/\/www.megastitch.eu\/wp-content\/uploads\/2023\/01\/karlov_most.png",600,600,false],"thumbnail":["https:\/\/www.megastitch.eu\/wp-content\/uploads\/2023\/01\/karlov_most-150x150.png",150,150,true],"medium":["https:\/\/www.megastitch.eu\/wp-content\/uploads\/2023\/01\/karlov_most-300x300.png",300,300,true],"medium_large":["https:\/\/www.megastitch.eu\/wp-content\/uploads\/2023\/01\/karlov_most.png",600,600,false],"large":["https:\/\/www.megastitch.eu\/wp-content\/uploads\/2023\/01\/karlov_most.png",600,600,false],"1536x1536":["https:\/\/www.megastitch.eu\/wp-content\/uploads\/2023\/01\/karlov_most.png",600,600,false],"2048x2048":["https:\/\/www.megastitch.eu\/wp-content\/uploads\/2023\/01\/karlov_most.png",600,600,false],"ultp_layout_landscape_large":["https:\/\/www.megastitch.eu\/wp-content\/uploads\/2023\/01\/karlov_most.png",600,600,false],"ultp_layout_landscape":["https:\/\/www.megastitch.eu\/wp-content\/uploads\/2023\/01\/karlov_most-600x570.png",600,570,true],"ultp_layout_portrait":["https:\/\/www.megastitch.eu\/wp-content\/uploads\/2023\/01\/karlov_most.png",600,600,false],"ultp_layout_square":["https:\/\/www.megastitch.eu\/wp-content\/uploads\/2023\/01\/karlov_most.png",600,600,false],"molla_post-grid":["https:\/\/www.megastitch.eu\/wp-content\/uploads\/2023\/01\/karlov_most-400x267.png",400,267,true],"woocommerce_thumbnail":["https:\/\/www.megastitch.eu\/wp-content\/uploads\/2023\/01\/karlov_most-300x300.png",300,300,true],"woocommerce_single":["https:\/\/www.megastitch.eu\/wp-content\/uploads\/2023\/01\/karlov_most.png",600,600,false],"woocommerce_gallery_thumbnail":["https:\/\/www.megastitch.eu\/wp-content\/uploads\/2023\/01\/karlov_most-100x100.png",100,100,true]},"post_excerpt_stackable_v2":"<p>Magnetka na ihly s mot\u00edvom pra\u017esk\u00e9ho Karlovho mostu je dokonal\u00fd pomocn\u00edk. Udr\u017e\u00ed ihly v\u017edy na svojom mieste.<\/p>\n","category_list_v2":"","author_info_v2":{"name":"","url":""},"comments_num_v2":"0 comments","uagb_featured_image_src":{"full":["https:\/\/www.megastitch.eu\/wp-content\/uploads\/2023\/01\/karlov_most.png",600,600,false],"thumbnail":["https:\/\/www.megastitch.eu\/wp-content\/uploads\/2023\/01\/karlov_most-150x150.png",150,150,true],"medium":["https:\/\/www.megastitch.eu\/wp-content\/uploads\/2023\/01\/karlov_most-300x300.png",300,300,true],"medium_large":["https:\/\/www.megastitch.eu\/wp-content\/uploads\/2023\/01\/karlov_most.png",600,600,false],"large":["https:\/\/www.megastitch.eu\/wp-content\/uploads\/2023\/01\/karlov_most.png",600,600,false],"1536x1536":["https:\/\/www.megastitch.eu\/wp-content\/uploads\/2023\/01\/karlov_most.png",600,600,false],"2048x2048":["https:\/\/www.megastitch.eu\/wp-content\/uploads\/2023\/01\/karlov_most.png",600,600,false],"ultp_layout_landscape_large":["https:\/\/www.megastitch.eu\/wp-content\/uploads\/2023\/01\/karlov_most.png",600,600,false],"ultp_layout_landscape":["https:\/\/www.megastitch.eu\/wp-content\/uploads\/2023\/01\/karlov_most-600x570.png",600,570,true],"ultp_layout_portrait":["https:\/\/www.megastitch.eu\/wp-content\/uploads\/2023\/01\/karlov_most.png",600,600,false],"ultp_layout_square":["https:\/\/www.megastitch.eu\/wp-content\/uploads\/2023\/01\/karlov_most.png",600,600,false],"molla_post-grid":["https:\/\/www.megastitch.eu\/wp-content\/uploads\/2023\/01\/karlov_most-400x267.png",400,267,true],"woocommerce_thumbnail":["https:\/\/www.megastitch.eu\/wp-content\/uploads\/2023\/01\/karlov_most-300x300.png",300,300,true],"woocommerce_single":["https:\/\/www.megastitch.eu\/wp-content\/uploads\/2023\/01\/karlov_most.png",600,600,false],"woocommerce_gallery_thumbnail":["https:\/\/www.megastitch.eu\/wp-content\/uploads\/2023\/01\/karlov_most-100x100.png",100,100,true]},"uagb_author_info":{"display_name":"erbenova","author_link":"https:\/\/www.megastitch.eu\/cs\/author\/"},"uagb_comment_info":0,"uagb_excerpt":"Magnetka na ihly s mot\u00edvom pra\u017esk\u00e9ho Karlovho mostu je dokonal\u00fd pomocn\u00edk. Udr\u017e\u00ed ihly v\u017edy na svojom mieste.","_links":{"self":[{"href":"https:\/\/www.megastitch.eu\/cs\/wp-json\/wp\/v2\/product\/28234"}],"collection":[{"href":"https:\/\/www.megastitch.eu\/cs\/wp-json\/wp\/v2\/product"}],"about":[{"href":"https:\/\/www.megastitch.eu\/cs\/wp-json\/wp\/v2\/types\/product"}],"replies":[{"embeddable":true,"href":"https:\/\/www.megastitch.eu\/cs\/wp-json\/wp\/v2\/comments?post=28234"}],"wp:featuredmedia":[{"embeddable":true,"href":"https:\/\/www.megastitch.eu\/cs\/wp-json\/wp\/v2\/media\/28235"}],"wp:attachment":[{"href":"https:\/\/www.megastitch.eu\/cs\/wp-json\/wp\/v2\/media?parent=28234"}],"wp:term":[{"taxonomy":"product_cat","embeddable":true,"href":"https:\/\/www.megastitch.eu\/cs\/wp-json\/wp\/v2\/product_cat?post=28234"},{"taxonomy":"product_tag","embeddable":true,"href":"https:\/\/www.megastitch.eu\/cs\/wp-json\/wp\/v2\/product_tag?post=28234"}],"curies":[{"name":"wp","href":"https:\/\/api.w.org\/{rel}","templated":true}]}}