	{"id":28271,"date":"2023-01-19T11:48:22","date_gmt":"2023-01-19T10:48:22","guid":{"rendered":"https:\/\/www.megastitch.eu\/obchod\/nezaraden\u00e9\/slimaci-veniec\/"},"modified":"2024-05-25T18:15:09","modified_gmt":"2024-05-25T16:15:09","slug":"slimaci-veniec","status":"publish","type":"product","link":"https:\/\/www.megastitch.eu\/cs\/obchod\/magnetky\/rastliny\/kvety\/slimaci-veniec\/","title":{"rendered":"Slima\u010d\u00ed veniec"},"content":{"rendered":"<div class=\"nolwrap\"><p>Slim\u00e1\u010dik sa usmieva a prem\u00fd\u0161\u013ea, z ktor\u00e9ho konca za\u010dne. Zrel\u00e9 ovocie ho l\u00e1ka svojou v\u00f4\u0148ou a lahodnou chu\u0165ou. Vy prem\u00fd\u0161\u013ea\u0165\u00a0nemus\u00edte. Slim\u00e1\u010dik m\u00e1 dostatok sily, aby udr\u017eal va\u0161e ihly aj no\u017eni\u010dky, na mieste. Sta\u010d\u00ed ho len pozva\u0165 na va\u0161u predlohu. R\u00e1d pom\u00f4\u017ee.<\/p>\n<\/div>","protected":false},"excerpt":{"rendered":"<p>Magnetka na ihly s mot\u00edvom slima\u010dieho venca, je vern\u00fdm partnerom. Udr\u017e\u00ed ihly v\u017edy na svojom mieste.<\/p>\n","protected":false},"featured_media":28272,"comment_status":"closed","ping_status":"closed","template":"","meta":{"_uag_custom_page_level_css":"","ngg_post_thumbnail":0},"product_cat":[335,42,19,23],"product_tag":[336,139,337],"aioseo_notices":[],"featured_image_urls":{"full":["https:\/\/www.megastitch.eu\/wp-content\/uploads\/2023\/01\/slimaci-veniec-min.png",600,600,false],"thumbnail":["https:\/\/www.megastitch.eu\/wp-content\/uploads\/2023\/01\/slimaci-veniec-min-150x150.png",150,150,true],"medium":["https:\/\/www.megastitch.eu\/wp-content\/uploads\/2023\/01\/slimaci-veniec-min-300x300.png",300,300,true],"medium_large":["https:\/\/www.megastitch.eu\/wp-content\/uploads\/2023\/01\/slimaci-veniec-min.png",600,600,false],"large":["https:\/\/www.megastitch.eu\/wp-content\/uploads\/2023\/01\/slimaci-veniec-min.png",600,600,false],"1536x1536":["https:\/\/www.megastitch.eu\/wp-content\/uploads\/2023\/01\/slimaci-veniec-min.png",600,600,false],"2048x2048":["https:\/\/www.megastitch.eu\/wp-content\/uploads\/2023\/01\/slimaci-veniec-min.png",600,600,false],"ultp_layout_landscape_large":["https:\/\/www.megastitch.eu\/wp-content\/uploads\/2023\/01\/slimaci-veniec-min.png",600,600,false],"ultp_layout_landscape":["https:\/\/www.megastitch.eu\/wp-content\/uploads\/2023\/01\/slimaci-veniec-min-600x570.png",600,570,true],"ultp_layout_portrait":["https:\/\/www.megastitch.eu\/wp-content\/uploads\/2023\/01\/slimaci-veniec-min.png",600,600,false],"ultp_layout_square":["https:\/\/www.megastitch.eu\/wp-content\/uploads\/2023\/01\/slimaci-veniec-min.png",600,600,false],"molla_post-grid":["https:\/\/www.megastitch.eu\/wp-content\/uploads\/2023\/01\/slimaci-veniec-min-400x267.png",400,267,true],"woocommerce_thumbnail":["https:\/\/www.megastitch.eu\/wp-content\/uploads\/2023\/01\/slimaci-veniec-min-300x300.png",300,300,true],"woocommerce_single":["https:\/\/www.megastitch.eu\/wp-content\/uploads\/2023\/01\/slimaci-veniec-min.png",600,600,false],"woocommerce_gallery_thumbnail":["https:\/\/www.megastitch.eu\/wp-content\/uploads\/2023\/01\/slimaci-veniec-min-100x100.png",100,100,true]},"post_excerpt_stackable":"<p>Magnetka na ihly s mot\u00edvom slima\u010dieho venca, je vern\u00fdm partnerom. Udr\u017e\u00ed ihly v\u017edy na svojom mieste.<\/p>\n","category_list":"","author_info":{"name":"","url":""},"comments_num":"0 comments","featured_image_urls_v2":{"full":["https:\/\/www.megastitch.eu\/wp-content\/uploads\/2023\/01\/slimaci-veniec-min.png",600,600,false],"thumbnail":["https:\/\/www.megastitch.eu\/wp-content\/uploads\/2023\/01\/slimaci-veniec-min-150x150.png",150,150,true],"medium":["https:\/\/www.megastitch.eu\/wp-content\/uploads\/2023\/01\/slimaci-veniec-min-300x300.png",300,300,true],"medium_large":["https:\/\/www.megastitch.eu\/wp-content\/uploads\/2023\/01\/slimaci-veniec-min.png",600,600,false],"large":["https:\/\/www.megastitch.eu\/wp-content\/uploads\/2023\/01\/slimaci-veniec-min.png",600,600,false],"1536x1536":["https:\/\/www.megastitch.eu\/wp-content\/uploads\/2023\/01\/slimaci-veniec-min.png",600,600,false],"2048x2048":["https:\/\/www.megastitch.eu\/wp-content\/uploads\/2023\/01\/slimaci-veniec-min.png",600,600,false],"ultp_layout_landscape_large":["https:\/\/www.megastitch.eu\/wp-content\/uploads\/2023\/01\/slimaci-veniec-min.png",600,600,false],"ultp_layout_landscape":["https:\/\/www.megastitch.eu\/wp-content\/uploads\/2023\/01\/slimaci-veniec-min-600x570.png",600,570,true],"ultp_layout_portrait":["https:\/\/www.megastitch.eu\/wp-content\/uploads\/2023\/01\/slimaci-veniec-min.png",600,600,false],"ultp_layout_square":["https:\/\/www.megastitch.eu\/wp-content\/uploads\/2023\/01\/slimaci-veniec-min.png",600,600,false],"molla_post-grid":["https:\/\/www.megastitch.eu\/wp-content\/uploads\/2023\/01\/slimaci-veniec-min-400x267.png",400,267,true],"woocommerce_thumbnail":["https:\/\/www.megastitch.eu\/wp-content\/uploads\/2023\/01\/slimaci-veniec-min-300x300.png",300,300,true],"woocommerce_single":["https:\/\/www.megastitch.eu\/wp-content\/uploads\/2023\/01\/slimaci-veniec-min.png",600,600,false],"woocommerce_gallery_thumbnail":["https:\/\/www.megastitch.eu\/wp-content\/uploads\/2023\/01\/slimaci-veniec-min-100x100.png",100,100,true]},"post_excerpt_stackable_v2":"<p>Magnetka na ihly s mot\u00edvom slima\u010dieho venca, je vern\u00fdm partnerom. Udr\u017e\u00ed ihly v\u017edy na svojom mieste.<\/p>\n","category_list_v2":"","author_info_v2":{"name":"","url":""},"comments_num_v2":"0 comments","uagb_featured_image_src":{"full":["https:\/\/www.megastitch.eu\/wp-content\/uploads\/2023\/01\/slimaci-veniec-min.png",600,600,false],"thumbnail":["https:\/\/www.megastitch.eu\/wp-content\/uploads\/2023\/01\/slimaci-veniec-min-150x150.png",150,150,true],"medium":["https:\/\/www.megastitch.eu\/wp-content\/uploads\/2023\/01\/slimaci-veniec-min-300x300.png",300,300,true],"medium_large":["https:\/\/www.megastitch.eu\/wp-content\/uploads\/2023\/01\/slimaci-veniec-min.png",600,600,false],"large":["https:\/\/www.megastitch.eu\/wp-content\/uploads\/2023\/01\/slimaci-veniec-min.png",600,600,false],"1536x1536":["https:\/\/www.megastitch.eu\/wp-content\/uploads\/2023\/01\/slimaci-veniec-min.png",600,600,false],"2048x2048":["https:\/\/www.megastitch.eu\/wp-content\/uploads\/2023\/01\/slimaci-veniec-min.png",600,600,false],"ultp_layout_landscape_large":["https:\/\/www.megastitch.eu\/wp-content\/uploads\/2023\/01\/slimaci-veniec-min.png",600,600,false],"ultp_layout_landscape":["https:\/\/www.megastitch.eu\/wp-content\/uploads\/2023\/01\/slimaci-veniec-min-600x570.png",600,570,true],"ultp_layout_portrait":["https:\/\/www.megastitch.eu\/wp-content\/uploads\/2023\/01\/slimaci-veniec-min.png",600,600,false],"ultp_layout_square":["https:\/\/www.megastitch.eu\/wp-content\/uploads\/2023\/01\/slimaci-veniec-min.png",600,600,false],"molla_post-grid":["https:\/\/www.megastitch.eu\/wp-content\/uploads\/2023\/01\/slimaci-veniec-min-400x267.png",400,267,true],"woocommerce_thumbnail":["https:\/\/www.megastitch.eu\/wp-content\/uploads\/2023\/01\/slimaci-veniec-min-300x300.png",300,300,true],"woocommerce_single":["https:\/\/www.megastitch.eu\/wp-content\/uploads\/2023\/01\/slimaci-veniec-min.png",600,600,false],"woocommerce_gallery_thumbnail":["https:\/\/www.megastitch.eu\/wp-content\/uploads\/2023\/01\/slimaci-veniec-min-100x100.png",100,100,true]},"uagb_author_info":{"display_name":"erbenova","author_link":"https:\/\/www.megastitch.eu\/cs\/author\/"},"uagb_comment_info":0,"uagb_excerpt":"Magnetka na ihly s mot\u00edvom slima\u010dieho venca, je vern\u00fdm partnerom. Udr\u017e\u00ed ihly v\u017edy na svojom mieste.","_links":{"self":[{"href":"https:\/\/www.megastitch.eu\/cs\/wp-json\/wp\/v2\/product\/28271"}],"collection":[{"href":"https:\/\/www.megastitch.eu\/cs\/wp-json\/wp\/v2\/product"}],"about":[{"href":"https:\/\/www.megastitch.eu\/cs\/wp-json\/wp\/v2\/types\/product"}],"replies":[{"embeddable":true,"href":"https:\/\/www.megastitch.eu\/cs\/wp-json\/wp\/v2\/comments?post=28271"}],"wp:featuredmedia":[{"embeddable":true,"href":"https:\/\/www.megastitch.eu\/cs\/wp-json\/wp\/v2\/media\/28272"}],"wp:attachment":[{"href":"https:\/\/www.megastitch.eu\/cs\/wp-json\/wp\/v2\/media?parent=28271"}],"wp:term":[{"taxonomy":"product_cat","embeddable":true,"href":"https:\/\/www.megastitch.eu\/cs\/wp-json\/wp\/v2\/product_cat?post=28271"},{"taxonomy":"product_tag","embeddable":true,"href":"https:\/\/www.megastitch.eu\/cs\/wp-json\/wp\/v2\/product_tag?post=28271"}],"curies":[{"name":"wp","href":"https:\/\/api.w.org\/{rel}","templated":true}]}}