	{"id":28298,"date":"2023-01-19T11:48:55","date_gmt":"2023-01-19T10:48:55","guid":{"rendered":"https:\/\/www.megastitch.eu\/obchod\/nezaraden\u00e9\/fialove-astry\/"},"modified":"2023-01-19T12:09:05","modified_gmt":"2023-01-19T11:09:05","slug":"fialove-astry","status":"publish","type":"product","link":"https:\/\/www.megastitch.eu\/cs\/obchod\/magnetky\/rastliny\/kvety\/fialove-astry\/","title":{"rendered":"Fialov\u00e9 Astry"},"content":{"rendered":"<div class=\"nolwrap\"><p>Elegantn\u00fd kvet fialovej Astry pripom\u00edna svojimi okvetn\u00fdmi l\u00edstkami hviezdu. Symbolizuj\u00fa elegancie, m\u00fadrosti a viery. <\/p>\n<p>S magnetkou na ihly sa stanete hviezdou aj vy. U\u017e nikdy nebudete str\u00e1ca\u0165 \u010das h\u013eadan\u00edm straten\u00fdch ihiel.<\/p>\n<\/div>","protected":false},"excerpt":{"rendered":"<p>Elegantn\u00e1 magnetick\u00e1 ihelni\u010dka s mot\u00edvom fialovej astry. Udr\u017e\u00ed ka\u017ed\u00fa ihlu pevne na\u00a0svojom mieste.<\/p>\n","protected":false},"featured_media":28328,"comment_status":"closed","ping_status":"open","template":"","meta":{"_uag_custom_page_level_css":"","ngg_post_thumbnail":0},"product_cat":[42,19,41],"product_tag":[139,48,338],"aioseo_notices":[],"featured_image_urls":{"full":["https:\/\/www.megastitch.eu\/wp-content\/uploads\/2023\/01\/fialove_astry.png",600,600,false],"thumbnail":["https:\/\/www.megastitch.eu\/wp-content\/uploads\/2023\/01\/fialove_astry-150x150.png",150,150,true],"medium":["https:\/\/www.megastitch.eu\/wp-content\/uploads\/2023\/01\/fialove_astry-300x300.png",300,300,true],"medium_large":["https:\/\/www.megastitch.eu\/wp-content\/uploads\/2023\/01\/fialove_astry.png",600,600,false],"large":["https:\/\/www.megastitch.eu\/wp-content\/uploads\/2023\/01\/fialove_astry.png",600,600,false],"1536x1536":["https:\/\/www.megastitch.eu\/wp-content\/uploads\/2023\/01\/fialove_astry.png",600,600,false],"2048x2048":["https:\/\/www.megastitch.eu\/wp-content\/uploads\/2023\/01\/fialove_astry.png",600,600,false],"ultp_layout_landscape_large":["https:\/\/www.megastitch.eu\/wp-content\/uploads\/2023\/01\/fialove_astry.png",600,600,false],"ultp_layout_landscape":["https:\/\/www.megastitch.eu\/wp-content\/uploads\/2023\/01\/fialove_astry-600x570.png",600,570,true],"ultp_layout_portrait":["https:\/\/www.megastitch.eu\/wp-content\/uploads\/2023\/01\/fialove_astry.png",600,600,false],"ultp_layout_square":["https:\/\/www.megastitch.eu\/wp-content\/uploads\/2023\/01\/fialove_astry.png",600,600,false],"molla_post-grid":["https:\/\/www.megastitch.eu\/wp-content\/uploads\/2023\/01\/fialove_astry-400x267.png",400,267,true],"woocommerce_thumbnail":["https:\/\/www.megastitch.eu\/wp-content\/uploads\/2023\/01\/fialove_astry-300x300.png",300,300,true],"woocommerce_single":["https:\/\/www.megastitch.eu\/wp-content\/uploads\/2023\/01\/fialove_astry.png",600,600,false],"woocommerce_gallery_thumbnail":["https:\/\/www.megastitch.eu\/wp-content\/uploads\/2023\/01\/fialove_astry-100x100.png",100,100,true]},"post_excerpt_stackable":"<p>Elegantn\u00e1 magnetick\u00e1 ihelni\u010dka s mot\u00edvom fialovej astry. Udr\u017e\u00ed ka\u017ed\u00fa ihlu pevne na\u00a0svojom mieste.<\/p>\n","category_list":"","author_info":{"name":"","url":""},"comments_num":"0 comments","featured_image_urls_v2":{"full":["https:\/\/www.megastitch.eu\/wp-content\/uploads\/2023\/01\/fialove_astry.png",600,600,false],"thumbnail":["https:\/\/www.megastitch.eu\/wp-content\/uploads\/2023\/01\/fialove_astry-150x150.png",150,150,true],"medium":["https:\/\/www.megastitch.eu\/wp-content\/uploads\/2023\/01\/fialove_astry-300x300.png",300,300,true],"medium_large":["https:\/\/www.megastitch.eu\/wp-content\/uploads\/2023\/01\/fialove_astry.png",600,600,false],"large":["https:\/\/www.megastitch.eu\/wp-content\/uploads\/2023\/01\/fialove_astry.png",600,600,false],"1536x1536":["https:\/\/www.megastitch.eu\/wp-content\/uploads\/2023\/01\/fialove_astry.png",600,600,false],"2048x2048":["https:\/\/www.megastitch.eu\/wp-content\/uploads\/2023\/01\/fialove_astry.png",600,600,false],"ultp_layout_landscape_large":["https:\/\/www.megastitch.eu\/wp-content\/uploads\/2023\/01\/fialove_astry.png",600,600,false],"ultp_layout_landscape":["https:\/\/www.megastitch.eu\/wp-content\/uploads\/2023\/01\/fialove_astry-600x570.png",600,570,true],"ultp_layout_portrait":["https:\/\/www.megastitch.eu\/wp-content\/uploads\/2023\/01\/fialove_astry.png",600,600,false],"ultp_layout_square":["https:\/\/www.megastitch.eu\/wp-content\/uploads\/2023\/01\/fialove_astry.png",600,600,false],"molla_post-grid":["https:\/\/www.megastitch.eu\/wp-content\/uploads\/2023\/01\/fialove_astry-400x267.png",400,267,true],"woocommerce_thumbnail":["https:\/\/www.megastitch.eu\/wp-content\/uploads\/2023\/01\/fialove_astry-300x300.png",300,300,true],"woocommerce_single":["https:\/\/www.megastitch.eu\/wp-content\/uploads\/2023\/01\/fialove_astry.png",600,600,false],"woocommerce_gallery_thumbnail":["https:\/\/www.megastitch.eu\/wp-content\/uploads\/2023\/01\/fialove_astry-100x100.png",100,100,true]},"post_excerpt_stackable_v2":"<p>Elegantn\u00e1 magnetick\u00e1 ihelni\u010dka s mot\u00edvom fialovej astry. Udr\u017e\u00ed ka\u017ed\u00fa ihlu pevne na\u00a0svojom mieste.<\/p>\n","category_list_v2":"","author_info_v2":{"name":"","url":""},"comments_num_v2":"0 comments","uagb_featured_image_src":{"full":["https:\/\/www.megastitch.eu\/wp-content\/uploads\/2023\/01\/fialove_astry.png",600,600,false],"thumbnail":["https:\/\/www.megastitch.eu\/wp-content\/uploads\/2023\/01\/fialove_astry-150x150.png",150,150,true],"medium":["https:\/\/www.megastitch.eu\/wp-content\/uploads\/2023\/01\/fialove_astry-300x300.png",300,300,true],"medium_large":["https:\/\/www.megastitch.eu\/wp-content\/uploads\/2023\/01\/fialove_astry.png",600,600,false],"large":["https:\/\/www.megastitch.eu\/wp-content\/uploads\/2023\/01\/fialove_astry.png",600,600,false],"1536x1536":["https:\/\/www.megastitch.eu\/wp-content\/uploads\/2023\/01\/fialove_astry.png",600,600,false],"2048x2048":["https:\/\/www.megastitch.eu\/wp-content\/uploads\/2023\/01\/fialove_astry.png",600,600,false],"ultp_layout_landscape_large":["https:\/\/www.megastitch.eu\/wp-content\/uploads\/2023\/01\/fialove_astry.png",600,600,false],"ultp_layout_landscape":["https:\/\/www.megastitch.eu\/wp-content\/uploads\/2023\/01\/fialove_astry-600x570.png",600,570,true],"ultp_layout_portrait":["https:\/\/www.megastitch.eu\/wp-content\/uploads\/2023\/01\/fialove_astry.png",600,600,false],"ultp_layout_square":["https:\/\/www.megastitch.eu\/wp-content\/uploads\/2023\/01\/fialove_astry.png",600,600,false],"molla_post-grid":["https:\/\/www.megastitch.eu\/wp-content\/uploads\/2023\/01\/fialove_astry-400x267.png",400,267,true],"woocommerce_thumbnail":["https:\/\/www.megastitch.eu\/wp-content\/uploads\/2023\/01\/fialove_astry-300x300.png",300,300,true],"woocommerce_single":["https:\/\/www.megastitch.eu\/wp-content\/uploads\/2023\/01\/fialove_astry.png",600,600,false],"woocommerce_gallery_thumbnail":["https:\/\/www.megastitch.eu\/wp-content\/uploads\/2023\/01\/fialove_astry-100x100.png",100,100,true]},"uagb_author_info":{"display_name":"erbenova","author_link":"https:\/\/www.megastitch.eu\/cs\/author\/"},"uagb_comment_info":0,"uagb_excerpt":"Elegantn\u00e1 magnetick\u00e1 ihelni\u010dka s mot\u00edvom fialovej astry. Udr\u017e\u00ed ka\u017ed\u00fa ihlu pevne na\u00a0svojom mieste.","_links":{"self":[{"href":"https:\/\/www.megastitch.eu\/cs\/wp-json\/wp\/v2\/product\/28298"}],"collection":[{"href":"https:\/\/www.megastitch.eu\/cs\/wp-json\/wp\/v2\/product"}],"about":[{"href":"https:\/\/www.megastitch.eu\/cs\/wp-json\/wp\/v2\/types\/product"}],"replies":[{"embeddable":true,"href":"https:\/\/www.megastitch.eu\/cs\/wp-json\/wp\/v2\/comments?post=28298"}],"wp:featuredmedia":[{"embeddable":true,"href":"https:\/\/www.megastitch.eu\/cs\/wp-json\/wp\/v2\/media\/28328"}],"wp:attachment":[{"href":"https:\/\/www.megastitch.eu\/cs\/wp-json\/wp\/v2\/media?parent=28298"}],"wp:term":[{"taxonomy":"product_cat","embeddable":true,"href":"https:\/\/www.megastitch.eu\/cs\/wp-json\/wp\/v2\/product_cat?post=28298"},{"taxonomy":"product_tag","embeddable":true,"href":"https:\/\/www.megastitch.eu\/cs\/wp-json\/wp\/v2\/product_tag?post=28298"}],"curies":[{"name":"wp","href":"https:\/\/api.w.org\/{rel}","templated":true}]}}