	{"id":28312,"date":"2023-01-19T11:48:55","date_gmt":"2023-01-19T10:48:55","guid":{"rendered":"https:\/\/www.megastitch.eu\/obchod\/nezaraden\u00e9\/zimny-vlak\/"},"modified":"2023-01-19T12:09:09","modified_gmt":"2023-01-19T11:09:09","slug":"zimny-vlak","status":"publish","type":"product","link":"https:\/\/www.megastitch.eu\/cs\/obchod\/magnetky\/fotograficke\/zimny-vlak\/","title":{"rendered":"Zimn\u00fd vlak"},"content":{"rendered":"<div class=\"nolwrap\"><p>Vydajte sa na pokojn\u00fa cestu vlakom po romantickej zasne\u017eenej krajine. Zoberte si so sebou aj svoj r\u00e1m na vy\u0161\u00edvanie. <\/p>\n<p>S magnetick\u00fdm iheln\u00ed\u010dkom s\u00fa va\u0161e ihly aj nervy v bezpe\u010d\u00ed. Kam by v\u00e1s vlak z  magnetky odviezol?<\/p>\n<\/div>","protected":false},"excerpt":{"rendered":"<p>Magnetka na ihly s mot\u00edvom vlaku, v\u00e1s zoberie do bezpe\u010dia. Udr\u017e\u00ed ihly tam, kde ich chcete ma\u0165.<\/p>\n","protected":false},"featured_media":28313,"comment_status":"closed","ping_status":"open","template":"","meta":{"_uag_custom_page_level_css":"","ngg_post_thumbnail":0},"product_cat":[26,19],"product_tag":[289,342,343],"aioseo_notices":[],"featured_image_urls":{"full":["https:\/\/www.megastitch.eu\/wp-content\/uploads\/2023\/01\/vlak.png",600,600,false],"thumbnail":["https:\/\/www.megastitch.eu\/wp-content\/uploads\/2023\/01\/vlak-150x150.png",150,150,true],"medium":["https:\/\/www.megastitch.eu\/wp-content\/uploads\/2023\/01\/vlak-300x300.png",300,300,true],"medium_large":["https:\/\/www.megastitch.eu\/wp-content\/uploads\/2023\/01\/vlak.png",600,600,false],"large":["https:\/\/www.megastitch.eu\/wp-content\/uploads\/2023\/01\/vlak.png",600,600,false],"1536x1536":["https:\/\/www.megastitch.eu\/wp-content\/uploads\/2023\/01\/vlak.png",600,600,false],"2048x2048":["https:\/\/www.megastitch.eu\/wp-content\/uploads\/2023\/01\/vlak.png",600,600,false],"ultp_layout_landscape_large":["https:\/\/www.megastitch.eu\/wp-content\/uploads\/2023\/01\/vlak.png",600,600,false],"ultp_layout_landscape":["https:\/\/www.megastitch.eu\/wp-content\/uploads\/2023\/01\/vlak-600x570.png",600,570,true],"ultp_layout_portrait":["https:\/\/www.megastitch.eu\/wp-content\/uploads\/2023\/01\/vlak.png",600,600,false],"ultp_layout_square":["https:\/\/www.megastitch.eu\/wp-content\/uploads\/2023\/01\/vlak.png",600,600,false],"molla_post-grid":["https:\/\/www.megastitch.eu\/wp-content\/uploads\/2023\/01\/vlak-400x267.png",400,267,true],"woocommerce_thumbnail":["https:\/\/www.megastitch.eu\/wp-content\/uploads\/2023\/01\/vlak-300x300.png",300,300,true],"woocommerce_single":["https:\/\/www.megastitch.eu\/wp-content\/uploads\/2023\/01\/vlak.png",600,600,false],"woocommerce_gallery_thumbnail":["https:\/\/www.megastitch.eu\/wp-content\/uploads\/2023\/01\/vlak-100x100.png",100,100,true]},"post_excerpt_stackable":"<p>Magnetka na ihly s mot\u00edvom vlaku, v\u00e1s zoberie do bezpe\u010dia. Udr\u017e\u00ed ihly tam, kde ich chcete ma\u0165.<\/p>\n","category_list":"","author_info":{"name":"","url":""},"comments_num":"0 comments","featured_image_urls_v2":{"full":["https:\/\/www.megastitch.eu\/wp-content\/uploads\/2023\/01\/vlak.png",600,600,false],"thumbnail":["https:\/\/www.megastitch.eu\/wp-content\/uploads\/2023\/01\/vlak-150x150.png",150,150,true],"medium":["https:\/\/www.megastitch.eu\/wp-content\/uploads\/2023\/01\/vlak-300x300.png",300,300,true],"medium_large":["https:\/\/www.megastitch.eu\/wp-content\/uploads\/2023\/01\/vlak.png",600,600,false],"large":["https:\/\/www.megastitch.eu\/wp-content\/uploads\/2023\/01\/vlak.png",600,600,false],"1536x1536":["https:\/\/www.megastitch.eu\/wp-content\/uploads\/2023\/01\/vlak.png",600,600,false],"2048x2048":["https:\/\/www.megastitch.eu\/wp-content\/uploads\/2023\/01\/vlak.png",600,600,false],"ultp_layout_landscape_large":["https:\/\/www.megastitch.eu\/wp-content\/uploads\/2023\/01\/vlak.png",600,600,false],"ultp_layout_landscape":["https:\/\/www.megastitch.eu\/wp-content\/uploads\/2023\/01\/vlak-600x570.png",600,570,true],"ultp_layout_portrait":["https:\/\/www.megastitch.eu\/wp-content\/uploads\/2023\/01\/vlak.png",600,600,false],"ultp_layout_square":["https:\/\/www.megastitch.eu\/wp-content\/uploads\/2023\/01\/vlak.png",600,600,false],"molla_post-grid":["https:\/\/www.megastitch.eu\/wp-content\/uploads\/2023\/01\/vlak-400x267.png",400,267,true],"woocommerce_thumbnail":["https:\/\/www.megastitch.eu\/wp-content\/uploads\/2023\/01\/vlak-300x300.png",300,300,true],"woocommerce_single":["https:\/\/www.megastitch.eu\/wp-content\/uploads\/2023\/01\/vlak.png",600,600,false],"woocommerce_gallery_thumbnail":["https:\/\/www.megastitch.eu\/wp-content\/uploads\/2023\/01\/vlak-100x100.png",100,100,true]},"post_excerpt_stackable_v2":"<p>Magnetka na ihly s mot\u00edvom vlaku, v\u00e1s zoberie do bezpe\u010dia. Udr\u017e\u00ed ihly tam, kde ich chcete ma\u0165.<\/p>\n","category_list_v2":"","author_info_v2":{"name":"","url":""},"comments_num_v2":"0 comments","uagb_featured_image_src":{"full":["https:\/\/www.megastitch.eu\/wp-content\/uploads\/2023\/01\/vlak.png",600,600,false],"thumbnail":["https:\/\/www.megastitch.eu\/wp-content\/uploads\/2023\/01\/vlak-150x150.png",150,150,true],"medium":["https:\/\/www.megastitch.eu\/wp-content\/uploads\/2023\/01\/vlak-300x300.png",300,300,true],"medium_large":["https:\/\/www.megastitch.eu\/wp-content\/uploads\/2023\/01\/vlak.png",600,600,false],"large":["https:\/\/www.megastitch.eu\/wp-content\/uploads\/2023\/01\/vlak.png",600,600,false],"1536x1536":["https:\/\/www.megastitch.eu\/wp-content\/uploads\/2023\/01\/vlak.png",600,600,false],"2048x2048":["https:\/\/www.megastitch.eu\/wp-content\/uploads\/2023\/01\/vlak.png",600,600,false],"ultp_layout_landscape_large":["https:\/\/www.megastitch.eu\/wp-content\/uploads\/2023\/01\/vlak.png",600,600,false],"ultp_layout_landscape":["https:\/\/www.megastitch.eu\/wp-content\/uploads\/2023\/01\/vlak-600x570.png",600,570,true],"ultp_layout_portrait":["https:\/\/www.megastitch.eu\/wp-content\/uploads\/2023\/01\/vlak.png",600,600,false],"ultp_layout_square":["https:\/\/www.megastitch.eu\/wp-content\/uploads\/2023\/01\/vlak.png",600,600,false],"molla_post-grid":["https:\/\/www.megastitch.eu\/wp-content\/uploads\/2023\/01\/vlak-400x267.png",400,267,true],"woocommerce_thumbnail":["https:\/\/www.megastitch.eu\/wp-content\/uploads\/2023\/01\/vlak-300x300.png",300,300,true],"woocommerce_single":["https:\/\/www.megastitch.eu\/wp-content\/uploads\/2023\/01\/vlak.png",600,600,false],"woocommerce_gallery_thumbnail":["https:\/\/www.megastitch.eu\/wp-content\/uploads\/2023\/01\/vlak-100x100.png",100,100,true]},"uagb_author_info":{"display_name":"erbenova","author_link":"https:\/\/www.megastitch.eu\/cs\/author\/"},"uagb_comment_info":0,"uagb_excerpt":"Magnetka na ihly s mot\u00edvom vlaku, v\u00e1s zoberie do bezpe\u010dia. Udr\u017e\u00ed ihly tam, kde ich chcete ma\u0165.","_links":{"self":[{"href":"https:\/\/www.megastitch.eu\/cs\/wp-json\/wp\/v2\/product\/28312"}],"collection":[{"href":"https:\/\/www.megastitch.eu\/cs\/wp-json\/wp\/v2\/product"}],"about":[{"href":"https:\/\/www.megastitch.eu\/cs\/wp-json\/wp\/v2\/types\/product"}],"replies":[{"embeddable":true,"href":"https:\/\/www.megastitch.eu\/cs\/wp-json\/wp\/v2\/comments?post=28312"}],"wp:featuredmedia":[{"embeddable":true,"href":"https:\/\/www.megastitch.eu\/cs\/wp-json\/wp\/v2\/media\/28313"}],"wp:attachment":[{"href":"https:\/\/www.megastitch.eu\/cs\/wp-json\/wp\/v2\/media?parent=28312"}],"wp:term":[{"taxonomy":"product_cat","embeddable":true,"href":"https:\/\/www.megastitch.eu\/cs\/wp-json\/wp\/v2\/product_cat?post=28312"},{"taxonomy":"product_tag","embeddable":true,"href":"https:\/\/www.megastitch.eu\/cs\/wp-json\/wp\/v2\/product_tag?post=28312"}],"curies":[{"name":"wp","href":"https:\/\/api.w.org\/{rel}","templated":true}]}}