	{"id":28363,"date":"2023-02-08T13:06:46","date_gmt":"2023-02-08T12:06:46","guid":{"rendered":"https:\/\/www.megastitch.eu\/?post_type=product&#038;p=28363"},"modified":"2025-03-07T16:25:55","modified_gmt":"2025-03-07T15:25:55","slug":"dama-s-kvetmi","status":"publish","type":"product","link":"https:\/\/www.megastitch.eu\/cs\/obchod\/predlohy-na-vysivanie\/male-predlohy\/dama-s-kvetmi\/","title":{"rendered":"D\u00e1ma s kvetmi"},"content":{"rendered":"<div class=\"nolwrap\"><p><span style=\"font-weight: 400\">Slne\u010dn\u00fd de\u0148 priam l\u00e1ka na prech\u00e1dzku v parku. D\u00e1ma v klob\u00faku \u010dak\u00e1 u\u017e len na to, kedy sa k nej pripoj\u00edte. Sta\u010d\u00ed vy\u0161i\u0165 p\u00e1r kr\u00ed\u017eikov a svie\u017ea omamn\u00e1 v\u00f4\u0148a rozkvitnut\u00fdch kvetov v\u00e1s \u00faplne pohlt\u00ed.<\/span><\/p>\n<p><span style=\"font-weight: 400\">Predloha je zasaden\u00e1 v r\u00e1me \u010d\u00edslo 8 je \u010fal\u0161ou zo s\u00e9rie vytvoren\u00fdch ku D\u0148u \u017eien. Ka\u017ed\u00e1 \u017eena sa stane d\u00e1mou a rozkvitne v \u00fasmeve, ak ju obdarujete kvetom. V podobe v\u00fd\u0161ivky jej vydr\u017e\u00ed nav\u017edy.<\/span><\/p>\n<p><br style=\"font-weight: 400\">Autorka predlohy: <strong>M\u00e1ria Erbenov\u00e1&nbsp;<\/strong><\/p>\n<h4>Inform\u00e1cie o predlohe:<\/h4>\n<p><strong>Po\u010det kr\u00ed\u017eikov: 35 x 57<br \/>\n<\/strong><\/p>\n<p><strong>Rozmer l\u00e1tky: 6.36 x 10.34 cm<\/strong><br \/>\n<strong>L\u00e1tka<\/strong>: 14 ct&nbsp; aida<br \/>\n<strong>Bavlnky: <\/strong>DMC<br \/>\n<strong>Po\u010det farieb: <\/strong>28<br \/>\n<strong>Pou\u017eit\u00e9 techniky:<\/strong> kr\u00ed\u017eiky, ob\u0161\u00edvanie<\/p>\n<h4>S\u00fabory na stiahnutie:<\/h4>\n<ul>\n<li><strong>pdf s\u00fabor<\/strong>\n<ul>\n<li>v \u010dierno-bielej verzii &#8211; s ob\u0161\u00edvan\u00edm a bez ob\u0161\u00edvania,<\/li>\n<li>vo farebnej verzii &#8211; s ob\u0161\u00edvan\u00edm a bez ob\u0161\u00edvania<\/li>\n<\/ul>\n<\/li>\n<li><strong>cssaga s\u00fabor<\/strong><\/li>\n<\/ul>\n<\/div>","protected":false},"excerpt":{"rendered":"<h4><span style=\"font-weight: 400\">D\u00e1ma v klob\u00faku zahalen\u00e1 do n\u00e1dhern\u00fdch kvetov pivoniek, zasaden\u00e1 do r\u00e1mu \u010d\u00edslice 8.<\/span><\/h4>\n<p><strong>Po\u010det kr\u00ed\u017eikov: 85 x 59<\/strong><br \/>\n<strong>Rozmer l\u00e1tky: 15.42 x 10.70 cm<\/strong><br \/>\n<strong>L\u00e1tka<\/strong>: 14 ct&nbsp; Aida<br \/>\n<strong>Bavlnky: <\/strong>DMC<br \/>\n<strong>Po\u010det farieb: <\/strong>19 + 4 blendy<br \/>\n<strong>Pou\u017eit\u00e9 techniky:<\/strong> kr\u00ed\u017eiky, ob\u0161\u00edvanie, franc\u00fazske uzl\u00edky<\/p>\n","protected":false},"featured_media":28382,"comment_status":"open","ping_status":"closed","template":"","meta":{"_uag_custom_page_level_css":"","ngg_post_thumbnail":0},"product_cat":[257,134,131,212],"product_tag":[319,256,139,210,378,296,208,47],"aioseo_notices":[],"featured_image_urls":{"full":["https:\/\/www.megastitch.eu\/wp-content\/uploads\/2023\/02\/lady_with_flowers_pink_frame.jpg",684,830,false],"thumbnail":["https:\/\/www.megastitch.eu\/wp-content\/uploads\/2023\/02\/lady_with_flowers_pink_frame-150x150.jpg",150,150,true],"medium":["https:\/\/www.megastitch.eu\/wp-content\/uploads\/2023\/02\/lady_with_flowers_pink_frame-247x300.jpg",247,300,true],"medium_large":["https:\/\/www.megastitch.eu\/wp-content\/uploads\/2023\/02\/lady_with_flowers_pink_frame.jpg",684,830,false],"large":["https:\/\/www.megastitch.eu\/wp-content\/uploads\/2023\/02\/lady_with_flowers_pink_frame.jpg",684,830,false],"1536x1536":["https:\/\/www.megastitch.eu\/wp-content\/uploads\/2023\/02\/lady_with_flowers_pink_frame.jpg",684,830,false],"2048x2048":["https:\/\/www.megastitch.eu\/wp-content\/uploads\/2023\/02\/lady_with_flowers_pink_frame.jpg",684,830,false],"ultp_layout_landscape_large":["https:\/\/www.megastitch.eu\/wp-content\/uploads\/2023\/02\/lady_with_flowers_pink_frame-684x800.jpg",684,800,true],"ultp_layout_landscape":["https:\/\/www.megastitch.eu\/wp-content\/uploads\/2023\/02\/lady_with_flowers_pink_frame-684x570.jpg",684,570,true],"ultp_layout_portrait":["https:\/\/www.megastitch.eu\/wp-content\/uploads\/2023\/02\/lady_with_flowers_pink_frame-600x830.jpg",600,830,true],"ultp_layout_square":["https:\/\/www.megastitch.eu\/wp-content\/uploads\/2023\/02\/lady_with_flowers_pink_frame-600x600.jpg",600,600,true],"molla_post-grid":["https:\/\/www.megastitch.eu\/wp-content\/uploads\/2023\/02\/lady_with_flowers_pink_frame-400x267.jpg",400,267,true],"woocommerce_thumbnail":["https:\/\/www.megastitch.eu\/wp-content\/uploads\/2023\/02\/lady_with_flowers_pink_frame-300x364.jpg",300,364,true],"woocommerce_single":["https:\/\/www.megastitch.eu\/wp-content\/uploads\/2023\/02\/lady_with_flowers_pink_frame-600x728.jpg",600,728,true],"woocommerce_gallery_thumbnail":["https:\/\/www.megastitch.eu\/wp-content\/uploads\/2023\/02\/lady_with_flowers_pink_frame-100x100.jpg",100,100,true]},"post_excerpt_stackable":"<h4><span style=\"font-weight: 400\">D\u00e1ma v klob\u00faku zahalen\u00e1 do n\u00e1dhern\u00fdch kvetov pivoniek, zasaden\u00e1 do r\u00e1mu \u010d\u00edslice 8.<\/span><\/h4>\n<p><strong>Po\u010det kr\u00ed\u017eikov: 85 x 59<\/strong><br \/>\n<strong>Rozmer l\u00e1tky: 15.42 x 10.70 cm<\/strong><br \/>\n<strong>L\u00e1tka<\/strong>: 14 ct&nbsp; Aida<br \/>\n<strong>Bavlnky: <\/strong>DMC<br \/>\n<strong>Po\u010det farieb: <\/strong>19 + 4 blendy<br \/>\n<strong>Pou\u017eit\u00e9 techniky:<\/strong> kr\u00ed\u017eiky, ob\u0161\u00edvanie, franc\u00fazske uzl\u00edky<\/p>\n","category_list":"","author_info":{"name":"","url":""},"comments_num":"0 comments","featured_image_urls_v2":{"full":["https:\/\/www.megastitch.eu\/wp-content\/uploads\/2023\/02\/lady_with_flowers_pink_frame.jpg",684,830,false],"thumbnail":["https:\/\/www.megastitch.eu\/wp-content\/uploads\/2023\/02\/lady_with_flowers_pink_frame-150x150.jpg",150,150,true],"medium":["https:\/\/www.megastitch.eu\/wp-content\/uploads\/2023\/02\/lady_with_flowers_pink_frame-247x300.jpg",247,300,true],"medium_large":["https:\/\/www.megastitch.eu\/wp-content\/uploads\/2023\/02\/lady_with_flowers_pink_frame.jpg",684,830,false],"large":["https:\/\/www.megastitch.eu\/wp-content\/uploads\/2023\/02\/lady_with_flowers_pink_frame.jpg",684,830,false],"1536x1536":["https:\/\/www.megastitch.eu\/wp-content\/uploads\/2023\/02\/lady_with_flowers_pink_frame.jpg",684,830,false],"2048x2048":["https:\/\/www.megastitch.eu\/wp-content\/uploads\/2023\/02\/lady_with_flowers_pink_frame.jpg",684,830,false],"ultp_layout_landscape_large":["https:\/\/www.megastitch.eu\/wp-content\/uploads\/2023\/02\/lady_with_flowers_pink_frame-684x800.jpg",684,800,true],"ultp_layout_landscape":["https:\/\/www.megastitch.eu\/wp-content\/uploads\/2023\/02\/lady_with_flowers_pink_frame-684x570.jpg",684,570,true],"ultp_layout_portrait":["https:\/\/www.megastitch.eu\/wp-content\/uploads\/2023\/02\/lady_with_flowers_pink_frame-600x830.jpg",600,830,true],"ultp_layout_square":["https:\/\/www.megastitch.eu\/wp-content\/uploads\/2023\/02\/lady_with_flowers_pink_frame-600x600.jpg",600,600,true],"molla_post-grid":["https:\/\/www.megastitch.eu\/wp-content\/uploads\/2023\/02\/lady_with_flowers_pink_frame-400x267.jpg",400,267,true],"woocommerce_thumbnail":["https:\/\/www.megastitch.eu\/wp-content\/uploads\/2023\/02\/lady_with_flowers_pink_frame-300x364.jpg",300,364,true],"woocommerce_single":["https:\/\/www.megastitch.eu\/wp-content\/uploads\/2023\/02\/lady_with_flowers_pink_frame-600x728.jpg",600,728,true],"woocommerce_gallery_thumbnail":["https:\/\/www.megastitch.eu\/wp-content\/uploads\/2023\/02\/lady_with_flowers_pink_frame-100x100.jpg",100,100,true]},"post_excerpt_stackable_v2":"<h4><span style=\"font-weight: 400\">D\u00e1ma v klob\u00faku zahalen\u00e1 do n\u00e1dhern\u00fdch kvetov pivoniek, zasaden\u00e1 do r\u00e1mu \u010d\u00edslice 8.<\/span><\/h4>\n<p><strong>Po\u010det kr\u00ed\u017eikov: 85 x 59<\/strong><br \/>\n<strong>Rozmer l\u00e1tky: 15.42 x 10.70 cm<\/strong><br \/>\n<strong>L\u00e1tka<\/strong>: 14 ct&nbsp; Aida<br \/>\n<strong>Bavlnky: <\/strong>DMC<br \/>\n<strong>Po\u010det farieb: <\/strong>19 + 4 blendy<br \/>\n<strong>Pou\u017eit\u00e9 techniky:<\/strong> kr\u00ed\u017eiky, ob\u0161\u00edvanie, franc\u00fazske uzl\u00edky<\/p>\n","category_list_v2":"","author_info_v2":{"name":"","url":""},"comments_num_v2":"0 comments","uagb_featured_image_src":{"full":["https:\/\/www.megastitch.eu\/wp-content\/uploads\/2023\/02\/lady_with_flowers_pink_frame.jpg",684,830,false],"thumbnail":["https:\/\/www.megastitch.eu\/wp-content\/uploads\/2023\/02\/lady_with_flowers_pink_frame-150x150.jpg",150,150,true],"medium":["https:\/\/www.megastitch.eu\/wp-content\/uploads\/2023\/02\/lady_with_flowers_pink_frame-247x300.jpg",247,300,true],"medium_large":["https:\/\/www.megastitch.eu\/wp-content\/uploads\/2023\/02\/lady_with_flowers_pink_frame.jpg",684,830,false],"large":["https:\/\/www.megastitch.eu\/wp-content\/uploads\/2023\/02\/lady_with_flowers_pink_frame.jpg",684,830,false],"1536x1536":["https:\/\/www.megastitch.eu\/wp-content\/uploads\/2023\/02\/lady_with_flowers_pink_frame.jpg",684,830,false],"2048x2048":["https:\/\/www.megastitch.eu\/wp-content\/uploads\/2023\/02\/lady_with_flowers_pink_frame.jpg",684,830,false],"ultp_layout_landscape_large":["https:\/\/www.megastitch.eu\/wp-content\/uploads\/2023\/02\/lady_with_flowers_pink_frame-684x800.jpg",684,800,true],"ultp_layout_landscape":["https:\/\/www.megastitch.eu\/wp-content\/uploads\/2023\/02\/lady_with_flowers_pink_frame-684x570.jpg",684,570,true],"ultp_layout_portrait":["https:\/\/www.megastitch.eu\/wp-content\/uploads\/2023\/02\/lady_with_flowers_pink_frame-600x830.jpg",600,830,true],"ultp_layout_square":["https:\/\/www.megastitch.eu\/wp-content\/uploads\/2023\/02\/lady_with_flowers_pink_frame-600x600.jpg",600,600,true],"molla_post-grid":["https:\/\/www.megastitch.eu\/wp-content\/uploads\/2023\/02\/lady_with_flowers_pink_frame-400x267.jpg",400,267,true],"woocommerce_thumbnail":["https:\/\/www.megastitch.eu\/wp-content\/uploads\/2023\/02\/lady_with_flowers_pink_frame-300x364.jpg",300,364,true],"woocommerce_single":["https:\/\/www.megastitch.eu\/wp-content\/uploads\/2023\/02\/lady_with_flowers_pink_frame-600x728.jpg",600,728,true],"woocommerce_gallery_thumbnail":["https:\/\/www.megastitch.eu\/wp-content\/uploads\/2023\/02\/lady_with_flowers_pink_frame-100x100.jpg",100,100,true]},"uagb_author_info":{"display_name":"pagacova","author_link":"https:\/\/www.megastitch.eu\/cs\/author\/"},"uagb_comment_info":0,"uagb_excerpt":"D\u00e1ma v klob\u00faku zahalen\u00e1 do n\u00e1dhern\u00fdch kvetov pivoniek, zasaden\u00e1 do r\u00e1mu \u010d\u00edslice 8. Po\u010det kr\u00ed\u017eikov: 85 x 59 Rozmer l\u00e1tky: 15.42 x 10.70 cm L\u00e1tka: 14 ct&nbsp; Aida Bavlnky: DMC Po\u010det farieb: 19 + 4 blendy Pou\u017eit\u00e9 techniky: kr\u00ed\u017eiky, ob\u0161\u00edvanie, franc\u00fazske uzl\u00edky","_links":{"self":[{"href":"https:\/\/www.megastitch.eu\/cs\/wp-json\/wp\/v2\/product\/28363"}],"collection":[{"href":"https:\/\/www.megastitch.eu\/cs\/wp-json\/wp\/v2\/product"}],"about":[{"href":"https:\/\/www.megastitch.eu\/cs\/wp-json\/wp\/v2\/types\/product"}],"replies":[{"embeddable":true,"href":"https:\/\/www.megastitch.eu\/cs\/wp-json\/wp\/v2\/comments?post=28363"}],"wp:featuredmedia":[{"embeddable":true,"href":"https:\/\/www.megastitch.eu\/cs\/wp-json\/wp\/v2\/media\/28382"}],"wp:attachment":[{"href":"https:\/\/www.megastitch.eu\/cs\/wp-json\/wp\/v2\/media?parent=28363"}],"wp:term":[{"taxonomy":"product_cat","embeddable":true,"href":"https:\/\/www.megastitch.eu\/cs\/wp-json\/wp\/v2\/product_cat?post=28363"},{"taxonomy":"product_tag","embeddable":true,"href":"https:\/\/www.megastitch.eu\/cs\/wp-json\/wp\/v2\/product_tag?post=28363"}],"curies":[{"name":"wp","href":"https:\/\/api.w.org\/{rel}","templated":true}]}}