	{"id":28391,"date":"2023-04-06T13:01:50","date_gmt":"2023-04-06T11:01:50","guid":{"rendered":"https:\/\/www.megastitch.eu\/?post_type=product&#038;p=28391"},"modified":"2023-04-07T19:54:08","modified_gmt":"2023-04-07T17:54:08","slug":"sladke-pokusenie","status":"publish","type":"product","link":"https:\/\/www.megastitch.eu\/cs\/obchod\/predlohy-na-vysivanie\/male-predlohy\/sladke-pokusenie\/","title":{"rendered":"Sladk\u00e9 poku\u0161enie"},"content":{"rendered":"<div class=\"nolwrap\"><p>O\u010darila v\u00e1s dokonale zladen\u00e1 kompoz\u00edcia farieb na muffine, ale dr\u017e\u00edte di\u00e9tu? \u017diadny strach. O v\u00e1hu sa strachova\u0165 nemus\u00edte. Ke\u010f si zamestn\u00e1te ruky vy\u0161\u00edvan\u00edm, ur\u010dite v\u00e1s prejde aj chu\u0165 na&nbsp;mlsanie.<\/p>\n<p>Ponorte sa do vy\u0161\u00edvania a v predstav\u00e1ch sa nechajte un\u00e1\u0161a\u0165 lahodnou v\u00f4\u0148ou a chu\u0165ou.<\/p>\n<p>Autorka predlohy: <strong>M\u00e1ria Erbenov\u00e1&nbsp;<\/strong><\/p>\n<h4>Inform\u00e1cie o predlohe:<\/h4>\n<p><strong>Po\u010det kr\u00ed\u017eikov: 39 x 34<\/strong><br \/>\n<strong>Rozmer l\u00e1tky:<\/strong>&nbsp;7.08 x 6.17 cm<br \/>\n<strong>L\u00e1tka<\/strong>: 14 ct&nbsp; aida<br \/>\n<strong>Bavlnky: <\/strong>DMC<br \/>\n<strong>Po\u010det farieb: <\/strong>22&nbsp;+ 2 blendy<br \/>\n<strong>Pou\u017eit\u00e9 techniky:<\/strong> kr\u00ed\u017eiky, ob\u0161\u00edvanie<\/p>\n<h4>S\u00fabory na stiahnutie:<\/h4>\n<ul>\n<li><strong>pdf s\u00fabor<\/strong>\n<ul>\n<li>v \u010dierno-bielej verzii &#8211; s ob\u0161\u00edvan\u00edm a bez ob\u0161\u00edvania,<\/li>\n<li>vo farebnej verzii &#8211; s ob\u0161\u00edvan\u00edm a bez ob\u0161\u00edvania<\/li>\n<\/ul>\n<\/li>\n<li><strong>cssaga s\u00fabor<\/strong><\/li>\n<\/ul>\n<\/div>","protected":false},"excerpt":{"rendered":"<p><span style=\"font-weight: 400;\">Predloha na kr\u00ed\u017eikov\u00e9 vy\u0161\u00edvanie v&nbsp;podobe&nbsp; neodolate\u013en\u00e9ho&nbsp;kr\u00e9mov\u00e9ho&nbsp;muffinu, zahalen\u00e9ho do srdie\u010dok.&nbsp;Obdarujte niekoho svojou l\u00e1skou.<\/span><\/p>\n<p><strong>Po\u010det kr\u00ed\u017eikov: 39 x 34<\/strong><br \/>\n<strong>Rozmer l\u00e1tky:<\/strong>&nbsp;7.08 x 6.17 cm<br \/>\n<strong>L\u00e1tka<\/strong>: 14 ct&nbsp; aida<br \/>\n<strong>Bavlnky: <\/strong>DMC<br \/>\n<strong>Po\u010det farieb: <\/strong>22&nbsp;+ 2 blendy<br \/>\n<strong>Pou\u017eit\u00e9 techniky:<\/strong> kr\u00ed\u017eiky, ob\u0161\u00edvanie<\/p>\n","protected":false},"featured_media":28462,"comment_status":"open","ping_status":"closed","template":"","meta":{"_uag_custom_page_level_css":"","ngg_post_thumbnail":0},"product_cat":[243,134,131,212],"product_tag":[128,319,336,210,303,208],"aioseo_notices":[],"featured_image_urls":{"full":["https:\/\/www.megastitch.eu\/wp-content\/uploads\/2023\/02\/sweet_treat_frame_ss.jpg",902,848,false],"thumbnail":["https:\/\/www.megastitch.eu\/wp-content\/uploads\/2023\/02\/sweet_treat_frame_ss-150x150.jpg",150,150,true],"medium":["https:\/\/www.megastitch.eu\/wp-content\/uploads\/2023\/02\/sweet_treat_frame_ss-300x282.jpg",300,282,true],"medium_large":["https:\/\/www.megastitch.eu\/wp-content\/uploads\/2023\/02\/sweet_treat_frame_ss-768x722.jpg",768,722,true],"large":["https:\/\/www.megastitch.eu\/wp-content\/uploads\/2023\/02\/sweet_treat_frame_ss.jpg",902,848,false],"1536x1536":["https:\/\/www.megastitch.eu\/wp-content\/uploads\/2023\/02\/sweet_treat_frame_ss.jpg",902,848,false],"2048x2048":["https:\/\/www.megastitch.eu\/wp-content\/uploads\/2023\/02\/sweet_treat_frame_ss.jpg",902,848,false],"ultp_layout_landscape_large":["https:\/\/www.megastitch.eu\/wp-content\/uploads\/2023\/02\/sweet_treat_frame_ss-902x800.jpg",902,800,true],"ultp_layout_landscape":["https:\/\/www.megastitch.eu\/wp-content\/uploads\/2023\/02\/sweet_treat_frame_ss-870x570.jpg",870,570,true],"ultp_layout_portrait":["https:\/\/www.megastitch.eu\/wp-content\/uploads\/2023\/02\/sweet_treat_frame_ss-600x848.jpg",600,848,true],"ultp_layout_square":["https:\/\/www.megastitch.eu\/wp-content\/uploads\/2023\/02\/sweet_treat_frame_ss-600x600.jpg",600,600,true],"molla_post-grid":["https:\/\/www.megastitch.eu\/wp-content\/uploads\/2023\/02\/sweet_treat_frame_ss-400x267.jpg",400,267,true],"woocommerce_thumbnail":["https:\/\/www.megastitch.eu\/wp-content\/uploads\/2023\/02\/sweet_treat_frame_ss-300x282.jpg",300,282,true],"woocommerce_single":["https:\/\/www.megastitch.eu\/wp-content\/uploads\/2023\/02\/sweet_treat_frame_ss-600x564.jpg",600,564,true],"woocommerce_gallery_thumbnail":["https:\/\/www.megastitch.eu\/wp-content\/uploads\/2023\/02\/sweet_treat_frame_ss-100x100.jpg",100,100,true]},"post_excerpt_stackable":"<p><span style=\"font-weight: 400;\">Predloha na kr\u00ed\u017eikov\u00e9 vy\u0161\u00edvanie v&nbsp;podobe&nbsp; neodolate\u013en\u00e9ho&nbsp;kr\u00e9mov\u00e9ho&nbsp;muffinu, zahalen\u00e9ho do srdie\u010dok.&nbsp;Obdarujte niekoho svojou l\u00e1skou.<\/span><\/p>\n<p><strong>Po\u010det kr\u00ed\u017eikov: 39 x 34<\/strong><br \/>\n<strong>Rozmer l\u00e1tky:<\/strong>&nbsp;7.08 x 6.17 cm<br \/>\n<strong>L\u00e1tka<\/strong>: 14 ct&nbsp; aida<br \/>\n<strong>Bavlnky: <\/strong>DMC<br \/>\n<strong>Po\u010det farieb: <\/strong>22&nbsp;+ 2 blendy<br \/>\n<strong>Pou\u017eit\u00e9 techniky:<\/strong> kr\u00ed\u017eiky, ob\u0161\u00edvanie<\/p>\n","category_list":"","author_info":{"name":"","url":""},"comments_num":"0 comments","featured_image_urls_v2":{"full":["https:\/\/www.megastitch.eu\/wp-content\/uploads\/2023\/02\/sweet_treat_frame_ss.jpg",902,848,false],"thumbnail":["https:\/\/www.megastitch.eu\/wp-content\/uploads\/2023\/02\/sweet_treat_frame_ss-150x150.jpg",150,150,true],"medium":["https:\/\/www.megastitch.eu\/wp-content\/uploads\/2023\/02\/sweet_treat_frame_ss-300x282.jpg",300,282,true],"medium_large":["https:\/\/www.megastitch.eu\/wp-content\/uploads\/2023\/02\/sweet_treat_frame_ss-768x722.jpg",768,722,true],"large":["https:\/\/www.megastitch.eu\/wp-content\/uploads\/2023\/02\/sweet_treat_frame_ss.jpg",902,848,false],"1536x1536":["https:\/\/www.megastitch.eu\/wp-content\/uploads\/2023\/02\/sweet_treat_frame_ss.jpg",902,848,false],"2048x2048":["https:\/\/www.megastitch.eu\/wp-content\/uploads\/2023\/02\/sweet_treat_frame_ss.jpg",902,848,false],"ultp_layout_landscape_large":["https:\/\/www.megastitch.eu\/wp-content\/uploads\/2023\/02\/sweet_treat_frame_ss-902x800.jpg",902,800,true],"ultp_layout_landscape":["https:\/\/www.megastitch.eu\/wp-content\/uploads\/2023\/02\/sweet_treat_frame_ss-870x570.jpg",870,570,true],"ultp_layout_portrait":["https:\/\/www.megastitch.eu\/wp-content\/uploads\/2023\/02\/sweet_treat_frame_ss-600x848.jpg",600,848,true],"ultp_layout_square":["https:\/\/www.megastitch.eu\/wp-content\/uploads\/2023\/02\/sweet_treat_frame_ss-600x600.jpg",600,600,true],"molla_post-grid":["https:\/\/www.megastitch.eu\/wp-content\/uploads\/2023\/02\/sweet_treat_frame_ss-400x267.jpg",400,267,true],"woocommerce_thumbnail":["https:\/\/www.megastitch.eu\/wp-content\/uploads\/2023\/02\/sweet_treat_frame_ss-300x282.jpg",300,282,true],"woocommerce_single":["https:\/\/www.megastitch.eu\/wp-content\/uploads\/2023\/02\/sweet_treat_frame_ss-600x564.jpg",600,564,true],"woocommerce_gallery_thumbnail":["https:\/\/www.megastitch.eu\/wp-content\/uploads\/2023\/02\/sweet_treat_frame_ss-100x100.jpg",100,100,true]},"post_excerpt_stackable_v2":"<p><span style=\"font-weight: 400;\">Predloha na kr\u00ed\u017eikov\u00e9 vy\u0161\u00edvanie v&nbsp;podobe&nbsp; neodolate\u013en\u00e9ho&nbsp;kr\u00e9mov\u00e9ho&nbsp;muffinu, zahalen\u00e9ho do srdie\u010dok.&nbsp;Obdarujte niekoho svojou l\u00e1skou.<\/span><\/p>\n<p><strong>Po\u010det kr\u00ed\u017eikov: 39 x 34<\/strong><br \/>\n<strong>Rozmer l\u00e1tky:<\/strong>&nbsp;7.08 x 6.17 cm<br \/>\n<strong>L\u00e1tka<\/strong>: 14 ct&nbsp; aida<br \/>\n<strong>Bavlnky: <\/strong>DMC<br \/>\n<strong>Po\u010det farieb: <\/strong>22&nbsp;+ 2 blendy<br \/>\n<strong>Pou\u017eit\u00e9 techniky:<\/strong> kr\u00ed\u017eiky, ob\u0161\u00edvanie<\/p>\n","category_list_v2":"","author_info_v2":{"name":"","url":""},"comments_num_v2":"0 comments","uagb_featured_image_src":{"full":["https:\/\/www.megastitch.eu\/wp-content\/uploads\/2023\/02\/sweet_treat_frame_ss.jpg",902,848,false],"thumbnail":["https:\/\/www.megastitch.eu\/wp-content\/uploads\/2023\/02\/sweet_treat_frame_ss-150x150.jpg",150,150,true],"medium":["https:\/\/www.megastitch.eu\/wp-content\/uploads\/2023\/02\/sweet_treat_frame_ss-300x282.jpg",300,282,true],"medium_large":["https:\/\/www.megastitch.eu\/wp-content\/uploads\/2023\/02\/sweet_treat_frame_ss-768x722.jpg",768,722,true],"large":["https:\/\/www.megastitch.eu\/wp-content\/uploads\/2023\/02\/sweet_treat_frame_ss.jpg",902,848,false],"1536x1536":["https:\/\/www.megastitch.eu\/wp-content\/uploads\/2023\/02\/sweet_treat_frame_ss.jpg",902,848,false],"2048x2048":["https:\/\/www.megastitch.eu\/wp-content\/uploads\/2023\/02\/sweet_treat_frame_ss.jpg",902,848,false],"ultp_layout_landscape_large":["https:\/\/www.megastitch.eu\/wp-content\/uploads\/2023\/02\/sweet_treat_frame_ss-902x800.jpg",902,800,true],"ultp_layout_landscape":["https:\/\/www.megastitch.eu\/wp-content\/uploads\/2023\/02\/sweet_treat_frame_ss-870x570.jpg",870,570,true],"ultp_layout_portrait":["https:\/\/www.megastitch.eu\/wp-content\/uploads\/2023\/02\/sweet_treat_frame_ss-600x848.jpg",600,848,true],"ultp_layout_square":["https:\/\/www.megastitch.eu\/wp-content\/uploads\/2023\/02\/sweet_treat_frame_ss-600x600.jpg",600,600,true],"molla_post-grid":["https:\/\/www.megastitch.eu\/wp-content\/uploads\/2023\/02\/sweet_treat_frame_ss-400x267.jpg",400,267,true],"woocommerce_thumbnail":["https:\/\/www.megastitch.eu\/wp-content\/uploads\/2023\/02\/sweet_treat_frame_ss-300x282.jpg",300,282,true],"woocommerce_single":["https:\/\/www.megastitch.eu\/wp-content\/uploads\/2023\/02\/sweet_treat_frame_ss-600x564.jpg",600,564,true],"woocommerce_gallery_thumbnail":["https:\/\/www.megastitch.eu\/wp-content\/uploads\/2023\/02\/sweet_treat_frame_ss-100x100.jpg",100,100,true]},"uagb_author_info":{"display_name":"pagacova","author_link":"https:\/\/www.megastitch.eu\/cs\/author\/"},"uagb_comment_info":0,"uagb_excerpt":"Predloha na kr\u00ed\u017eikov\u00e9 vy\u0161\u00edvanie v&nbsp;podobe&nbsp; neodolate\u013en\u00e9ho&nbsp;kr\u00e9mov\u00e9ho&nbsp;muffinu, zahalen\u00e9ho do srdie\u010dok.&nbsp;Obdarujte niekoho svojou l\u00e1skou. Po\u010det kr\u00ed\u017eikov: 39 x 34 Rozmer l\u00e1tky:&nbsp;7.08 x 6.17 cm L\u00e1tka: 14 ct&nbsp; aida Bavlnky: DMC Po\u010det farieb: 22&nbsp;+ 2 blendy Pou\u017eit\u00e9 techniky: kr\u00ed\u017eiky, ob\u0161\u00edvanie","_links":{"self":[{"href":"https:\/\/www.megastitch.eu\/cs\/wp-json\/wp\/v2\/product\/28391"}],"collection":[{"href":"https:\/\/www.megastitch.eu\/cs\/wp-json\/wp\/v2\/product"}],"about":[{"href":"https:\/\/www.megastitch.eu\/cs\/wp-json\/wp\/v2\/types\/product"}],"replies":[{"embeddable":true,"href":"https:\/\/www.megastitch.eu\/cs\/wp-json\/wp\/v2\/comments?post=28391"}],"wp:featuredmedia":[{"embeddable":true,"href":"https:\/\/www.megastitch.eu\/cs\/wp-json\/wp\/v2\/media\/28462"}],"wp:attachment":[{"href":"https:\/\/www.megastitch.eu\/cs\/wp-json\/wp\/v2\/media?parent=28391"}],"wp:term":[{"taxonomy":"product_cat","embeddable":true,"href":"https:\/\/www.megastitch.eu\/cs\/wp-json\/wp\/v2\/product_cat?post=28391"},{"taxonomy":"product_tag","embeddable":true,"href":"https:\/\/www.megastitch.eu\/cs\/wp-json\/wp\/v2\/product_tag?post=28391"}],"curies":[{"name":"wp","href":"https:\/\/api.w.org\/{rel}","templated":true}]}}