	{"id":28412,"date":"2023-03-31T13:57:39","date_gmt":"2023-03-31T11:57:39","guid":{"rendered":"https:\/\/www.megastitch.eu\/?post_type=product&#038;p=28412"},"modified":"2023-10-30T19:21:07","modified_gmt":"2023-10-30T18:21:07","slug":"jablkovy-dom","status":"publish","type":"product","link":"https:\/\/www.megastitch.eu\/cs\/obchod\/predlohy-na-vysivanie\/male-predlohy\/jablkovy-dom\/","title":{"rendered":"Jablkov\u00fd dom"},"content":{"rendered":"<div class=\"nolwrap\"><p>Uvarte si vo\u0148av\u00fd jablkov\u00fd \u010daj, vytiahnite vy\u0161\u00edvanie a preneste sa v duchu na podve\u010dern\u00fa prech\u00e1dzku do jablo\u0148ov\u00e9ho sadu. Jab\u013a\u010dka pr\u00e1ve dozrievaj\u00fa a v\u0161ade sa \u0161\u00edri ich omamn\u00e1 v\u00f4\u0148a.<\/p>\n<p>Ke\u010f budete dostato\u010dne pozorn\u00ed, objav\u00edte v \u0148om jablkov\u00fd dom\u010dek a jeho dve mal\u00e9 obyvate\u013eky. Po celodennom vyv\u00e1dzan\u00ed na kon\u00e1roch stromov a sp\u00e1san\u00ed listov, sa v \u0148om pomaly ukladaj\u00fa na sp\u00e1nok.<\/p>\n<p>Autorka predlohy: <strong>M\u00e1ria Erbenov\u00e1&nbsp;<\/strong><\/p>\n<h4>Inform\u00e1cie o predlohe:<\/h4>\n<p><strong>Po\u010det kr\u00ed\u017eikov: set 78 x 68, \u010dajn\u00edk 61 x 41, \u0161\u00e1lky 78 x 25.<br \/>\n<\/strong><\/p>\n<p><strong>Rozmer l\u00e1tky: set 14.15 x 12.34 cm, \u010dajn\u00edk 11.07 x 7.44 cm, \u0161\u00e1lky 14.14 x 4.54 cm<br \/>\n<strong>L\u00e1tka<\/strong>: 14 ct&nbsp; aida<br \/>\n<strong>Bavlnky: <\/strong>DMC<br \/>\n<strong>Po\u010det farieb: <\/strong>25 + 1 blend<br \/>\n<strong>Pou\u017eit\u00e9 techniky:<\/strong> kr\u00ed\u017eiky, ob\u0161\u00edvanie<\/strong><\/p>\n<h4>S\u00fabory na stiahnutie:<\/h4>\n<ul>\n<li><strong>pdf s\u00fabor<\/strong>\n<ul>\n<li>v \u010dierno-bielej verzii &#8211; s ob\u0161\u00edvan\u00edm a bez ob\u0161\u00edvania,<\/li>\n<li>vo farebnej verzii &#8211; s ob\u0161\u00edvan\u00edm a bez ob\u0161\u00edvania<\/li>\n<\/ul>\n<\/li>\n<li><strong>cssaga s\u00fabor<\/strong><\/li>\n<\/ul>\n<\/div>","protected":false},"excerpt":{"rendered":"<h4><span style=\"font-weight: 400\">\u010cajov\u00e1 s\u00faprava jablkov\u00e9ho dom\u010deka a \u0161\u00e1lok s roztomil\u00fdmi h\u00fasenicami, ozdob\u00ed ka\u017ed\u00fa kuchy\u0148u.<\/span><\/h4>\n<p><strong>Po\u010det kr\u00ed\u017eikov: 78 x 68<\/strong><br \/>\n<strong>Rozmer l\u00e1tky: 14.15 x 12.34 cm<\/strong><br \/>\n<strong>L\u00e1tka<\/strong>: 14 ct&nbsp; Aida<br \/>\n<strong>Bavlnky: <\/strong>DMC<br \/>\n<strong>Po\u010det farieb: <\/strong>25&nbsp;+ 1 blend<br \/>\n<strong>Pou\u017eit\u00e9 techniky:<\/strong> kr\u00ed\u017eiky, ob\u0161\u00edvanie<\/p>\n","protected":false},"featured_media":28441,"comment_status":"open","ping_status":"closed","template":"","meta":{"_uag_custom_page_level_css":"","ngg_post_thumbnail":0},"product_cat":[243,134,131,138],"product_tag":[319,152,322,250,227,296,48,151],"aioseo_notices":[],"featured_image_urls":{"full":["https:\/\/www.megastitch.eu\/wp-content\/uploads\/2023\/03\/apple_house_set_frame_ss-1.jpg",900,831,false],"thumbnail":["https:\/\/www.megastitch.eu\/wp-content\/uploads\/2023\/03\/apple_house_set_frame_ss-1-150x150.jpg",150,150,true],"medium":["https:\/\/www.megastitch.eu\/wp-content\/uploads\/2023\/03\/apple_house_set_frame_ss-1-300x277.jpg",300,277,true],"medium_large":["https:\/\/www.megastitch.eu\/wp-content\/uploads\/2023\/03\/apple_house_set_frame_ss-1-768x709.jpg",768,709,true],"large":["https:\/\/www.megastitch.eu\/wp-content\/uploads\/2023\/03\/apple_house_set_frame_ss-1.jpg",900,831,false],"1536x1536":["https:\/\/www.megastitch.eu\/wp-content\/uploads\/2023\/03\/apple_house_set_frame_ss-1.jpg",900,831,false],"2048x2048":["https:\/\/www.megastitch.eu\/wp-content\/uploads\/2023\/03\/apple_house_set_frame_ss-1.jpg",900,831,false],"ultp_layout_landscape_large":["https:\/\/www.megastitch.eu\/wp-content\/uploads\/2023\/03\/apple_house_set_frame_ss-1-900x800.jpg",900,800,true],"ultp_layout_landscape":["https:\/\/www.megastitch.eu\/wp-content\/uploads\/2023\/03\/apple_house_set_frame_ss-1-870x570.jpg",870,570,true],"ultp_layout_portrait":["https:\/\/www.megastitch.eu\/wp-content\/uploads\/2023\/03\/apple_house_set_frame_ss-1-600x831.jpg",600,831,true],"ultp_layout_square":["https:\/\/www.megastitch.eu\/wp-content\/uploads\/2023\/03\/apple_house_set_frame_ss-1-600x600.jpg",600,600,true],"molla_post-grid":["https:\/\/www.megastitch.eu\/wp-content\/uploads\/2023\/03\/apple_house_set_frame_ss-1-400x267.jpg",400,267,true],"woocommerce_thumbnail":["https:\/\/www.megastitch.eu\/wp-content\/uploads\/2023\/03\/apple_house_set_frame_ss-1-300x277.jpg",300,277,true],"woocommerce_single":["https:\/\/www.megastitch.eu\/wp-content\/uploads\/2023\/03\/apple_house_set_frame_ss-1-600x554.jpg",600,554,true],"woocommerce_gallery_thumbnail":["https:\/\/www.megastitch.eu\/wp-content\/uploads\/2023\/03\/apple_house_set_frame_ss-1-100x100.jpg",100,100,true]},"post_excerpt_stackable":"<h4><span style=\"font-weight: 400\">\u010cajov\u00e1 s\u00faprava jablkov\u00e9ho dom\u010deka a \u0161\u00e1lok s roztomil\u00fdmi h\u00fasenicami, ozdob\u00ed ka\u017ed\u00fa kuchy\u0148u.<\/span><\/h4>\n<p><strong>Po\u010det kr\u00ed\u017eikov: 78 x 68<\/strong><br \/>\n<strong>Rozmer l\u00e1tky: 14.15 x 12.34 cm<\/strong><br \/>\n<strong>L\u00e1tka<\/strong>: 14 ct&nbsp; Aida<br \/>\n<strong>Bavlnky: <\/strong>DMC<br \/>\n<strong>Po\u010det farieb: <\/strong>25&nbsp;+ 1 blend<br \/>\n<strong>Pou\u017eit\u00e9 techniky:<\/strong> kr\u00ed\u017eiky, ob\u0161\u00edvanie<\/p>\n","category_list":"","author_info":{"name":"","url":""},"comments_num":"0 comments","featured_image_urls_v2":{"full":["https:\/\/www.megastitch.eu\/wp-content\/uploads\/2023\/03\/apple_house_set_frame_ss-1.jpg",900,831,false],"thumbnail":["https:\/\/www.megastitch.eu\/wp-content\/uploads\/2023\/03\/apple_house_set_frame_ss-1-150x150.jpg",150,150,true],"medium":["https:\/\/www.megastitch.eu\/wp-content\/uploads\/2023\/03\/apple_house_set_frame_ss-1-300x277.jpg",300,277,true],"medium_large":["https:\/\/www.megastitch.eu\/wp-content\/uploads\/2023\/03\/apple_house_set_frame_ss-1-768x709.jpg",768,709,true],"large":["https:\/\/www.megastitch.eu\/wp-content\/uploads\/2023\/03\/apple_house_set_frame_ss-1.jpg",900,831,false],"1536x1536":["https:\/\/www.megastitch.eu\/wp-content\/uploads\/2023\/03\/apple_house_set_frame_ss-1.jpg",900,831,false],"2048x2048":["https:\/\/www.megastitch.eu\/wp-content\/uploads\/2023\/03\/apple_house_set_frame_ss-1.jpg",900,831,false],"ultp_layout_landscape_large":["https:\/\/www.megastitch.eu\/wp-content\/uploads\/2023\/03\/apple_house_set_frame_ss-1-900x800.jpg",900,800,true],"ultp_layout_landscape":["https:\/\/www.megastitch.eu\/wp-content\/uploads\/2023\/03\/apple_house_set_frame_ss-1-870x570.jpg",870,570,true],"ultp_layout_portrait":["https:\/\/www.megastitch.eu\/wp-content\/uploads\/2023\/03\/apple_house_set_frame_ss-1-600x831.jpg",600,831,true],"ultp_layout_square":["https:\/\/www.megastitch.eu\/wp-content\/uploads\/2023\/03\/apple_house_set_frame_ss-1-600x600.jpg",600,600,true],"molla_post-grid":["https:\/\/www.megastitch.eu\/wp-content\/uploads\/2023\/03\/apple_house_set_frame_ss-1-400x267.jpg",400,267,true],"woocommerce_thumbnail":["https:\/\/www.megastitch.eu\/wp-content\/uploads\/2023\/03\/apple_house_set_frame_ss-1-300x277.jpg",300,277,true],"woocommerce_single":["https:\/\/www.megastitch.eu\/wp-content\/uploads\/2023\/03\/apple_house_set_frame_ss-1-600x554.jpg",600,554,true],"woocommerce_gallery_thumbnail":["https:\/\/www.megastitch.eu\/wp-content\/uploads\/2023\/03\/apple_house_set_frame_ss-1-100x100.jpg",100,100,true]},"post_excerpt_stackable_v2":"<h4><span style=\"font-weight: 400\">\u010cajov\u00e1 s\u00faprava jablkov\u00e9ho dom\u010deka a \u0161\u00e1lok s roztomil\u00fdmi h\u00fasenicami, ozdob\u00ed ka\u017ed\u00fa kuchy\u0148u.<\/span><\/h4>\n<p><strong>Po\u010det kr\u00ed\u017eikov: 78 x 68<\/strong><br \/>\n<strong>Rozmer l\u00e1tky: 14.15 x 12.34 cm<\/strong><br \/>\n<strong>L\u00e1tka<\/strong>: 14 ct&nbsp; Aida<br \/>\n<strong>Bavlnky: <\/strong>DMC<br \/>\n<strong>Po\u010det farieb: <\/strong>25&nbsp;+ 1 blend<br \/>\n<strong>Pou\u017eit\u00e9 techniky:<\/strong> kr\u00ed\u017eiky, ob\u0161\u00edvanie<\/p>\n","category_list_v2":"","author_info_v2":{"name":"","url":""},"comments_num_v2":"0 comments","uagb_featured_image_src":{"full":["https:\/\/www.megastitch.eu\/wp-content\/uploads\/2023\/03\/apple_house_set_frame_ss-1.jpg",900,831,false],"thumbnail":["https:\/\/www.megastitch.eu\/wp-content\/uploads\/2023\/03\/apple_house_set_frame_ss-1-150x150.jpg",150,150,true],"medium":["https:\/\/www.megastitch.eu\/wp-content\/uploads\/2023\/03\/apple_house_set_frame_ss-1-300x277.jpg",300,277,true],"medium_large":["https:\/\/www.megastitch.eu\/wp-content\/uploads\/2023\/03\/apple_house_set_frame_ss-1-768x709.jpg",768,709,true],"large":["https:\/\/www.megastitch.eu\/wp-content\/uploads\/2023\/03\/apple_house_set_frame_ss-1.jpg",900,831,false],"1536x1536":["https:\/\/www.megastitch.eu\/wp-content\/uploads\/2023\/03\/apple_house_set_frame_ss-1.jpg",900,831,false],"2048x2048":["https:\/\/www.megastitch.eu\/wp-content\/uploads\/2023\/03\/apple_house_set_frame_ss-1.jpg",900,831,false],"ultp_layout_landscape_large":["https:\/\/www.megastitch.eu\/wp-content\/uploads\/2023\/03\/apple_house_set_frame_ss-1-900x800.jpg",900,800,true],"ultp_layout_landscape":["https:\/\/www.megastitch.eu\/wp-content\/uploads\/2023\/03\/apple_house_set_frame_ss-1-870x570.jpg",870,570,true],"ultp_layout_portrait":["https:\/\/www.megastitch.eu\/wp-content\/uploads\/2023\/03\/apple_house_set_frame_ss-1-600x831.jpg",600,831,true],"ultp_layout_square":["https:\/\/www.megastitch.eu\/wp-content\/uploads\/2023\/03\/apple_house_set_frame_ss-1-600x600.jpg",600,600,true],"molla_post-grid":["https:\/\/www.megastitch.eu\/wp-content\/uploads\/2023\/03\/apple_house_set_frame_ss-1-400x267.jpg",400,267,true],"woocommerce_thumbnail":["https:\/\/www.megastitch.eu\/wp-content\/uploads\/2023\/03\/apple_house_set_frame_ss-1-300x277.jpg",300,277,true],"woocommerce_single":["https:\/\/www.megastitch.eu\/wp-content\/uploads\/2023\/03\/apple_house_set_frame_ss-1-600x554.jpg",600,554,true],"woocommerce_gallery_thumbnail":["https:\/\/www.megastitch.eu\/wp-content\/uploads\/2023\/03\/apple_house_set_frame_ss-1-100x100.jpg",100,100,true]},"uagb_author_info":{"display_name":"pagacova","author_link":"https:\/\/www.megastitch.eu\/cs\/author\/"},"uagb_comment_info":0,"uagb_excerpt":"\u010cajov\u00e1 s\u00faprava jablkov\u00e9ho dom\u010deka a \u0161\u00e1lok s roztomil\u00fdmi h\u00fasenicami, ozdob\u00ed ka\u017ed\u00fa kuchy\u0148u. Po\u010det kr\u00ed\u017eikov: 78 x 68 Rozmer l\u00e1tky: 14.15 x 12.34 cm L\u00e1tka: 14 ct&nbsp; Aida Bavlnky: DMC Po\u010det farieb: 25&nbsp;+ 1 blend Pou\u017eit\u00e9 techniky: kr\u00ed\u017eiky, ob\u0161\u00edvanie","_links":{"self":[{"href":"https:\/\/www.megastitch.eu\/cs\/wp-json\/wp\/v2\/product\/28412"}],"collection":[{"href":"https:\/\/www.megastitch.eu\/cs\/wp-json\/wp\/v2\/product"}],"about":[{"href":"https:\/\/www.megastitch.eu\/cs\/wp-json\/wp\/v2\/types\/product"}],"replies":[{"embeddable":true,"href":"https:\/\/www.megastitch.eu\/cs\/wp-json\/wp\/v2\/comments?post=28412"}],"wp:featuredmedia":[{"embeddable":true,"href":"https:\/\/www.megastitch.eu\/cs\/wp-json\/wp\/v2\/media\/28441"}],"wp:attachment":[{"href":"https:\/\/www.megastitch.eu\/cs\/wp-json\/wp\/v2\/media?parent=28412"}],"wp:term":[{"taxonomy":"product_cat","embeddable":true,"href":"https:\/\/www.megastitch.eu\/cs\/wp-json\/wp\/v2\/product_cat?post=28412"},{"taxonomy":"product_tag","embeddable":true,"href":"https:\/\/www.megastitch.eu\/cs\/wp-json\/wp\/v2\/product_tag?post=28412"}],"curies":[{"name":"wp","href":"https:\/\/api.w.org\/{rel}","templated":true}]}}