	{"id":28477,"date":"2023-04-10T12:16:16","date_gmt":"2023-04-10T10:16:16","guid":{"rendered":"https:\/\/www.megastitch.eu\/?post_type=product&#038;p=28477"},"modified":"2023-04-10T14:41:05","modified_gmt":"2023-04-10T12:41:05","slug":"hudba-v-zivote","status":"publish","type":"product","link":"https:\/\/www.megastitch.eu\/cs\/obchod\/predlohy-na-vysivanie\/stredne-predlohy\/hudba-v-zivote\/","title":{"rendered":"Hudba v \u017eivote"},"content":{"rendered":"<div class=\"nolwrap\"><p>Nechaj pr\u00fadi\u0165 do tvojho \u017eivota lahodn\u00fa piese\u0148. Je liekom na v\u0161etko. Zavri o\u010di, pohupuj sa na rytme jej dokonal\u00fdch v\u013an a relaxuj.<\/p>\n<p>Hudba a vy\u0161\u00edvanie maj\u00fa nie\u010do spolo\u010dne a to, \u017ee v\u00e1s zo sveta starost\u00ed dok\u00e1\u017eu vytiahnu\u0165 do sveta, kde ste len vy a harm\u00f3nia.<\/p>\n<p>Autorka predlohy: <strong>M\u00e1ria Erbenov\u00e1\u00a0<\/strong><\/p>\n<h4>Inform\u00e1cie o predlohe:<\/h4>\n<p><strong>Po\u010det kr\u00ed\u017eikov: 140 x 86<\/strong><br \/>\n<strong>Rozmer l\u00e1tky: 25.40 x 15.60 cm<\/strong><br \/>\n<strong>L\u00e1tka<\/strong>: 14 ct biela aida<br \/>\n<strong>Bavlnky: <\/strong>DMC<br \/>\n<strong>Po\u010det farieb: <\/strong>1<br \/>\n<strong>Pou\u017eit\u00e9 techniky:<\/strong> kr\u00ed\u017eiky, ob\u0161\u00edvanie<\/p>\n<h4>S\u00fabory na stiahnutie:<\/h4>\n<ul>\n<li><strong>pdf s\u00fabor<\/strong>\n<ul>\n<li>v \u010dierno-bielej verzii &#8211; s ob\u0161\u00edvan\u00edm a bez ob\u0161\u00edvania,<\/li>\n<li>vo farebnej verzii &#8211; s ob\u0161\u00edvan\u00edm a bez ob\u0161\u00edvania<\/li>\n<\/ul>\n<\/li>\n<li><strong>cssaga s\u00fabor<\/strong><\/li>\n<\/ul>\n<\/div>","protected":false},"excerpt":{"rendered":"<p>Roztancuj svoj \u017eivot aj ihlu v rytme dokonal\u00fdch n\u00f4t.<\/p>\n<h4>Inform\u00e1cie o predlohe:<\/h4>\n<p><strong>Po\u010det kr\u00ed\u017eikov: 140 x 86<\/strong><br \/>\n<strong>Rozmer l\u00e1tky: 25.40 x 15.60 cm<\/strong><br \/>\n<strong>L\u00e1tka<\/strong>: 14 ct biela Aida<br \/>\n<strong>Bavlnky: <\/strong>DMC<br \/>\n<strong>Po\u010det farieb: <\/strong>1<br \/>\n<strong>Pou\u017eit\u00e9 techniky:<\/strong> kr\u00ed\u017eiky, ob\u0161\u00edvanie<\/p>\n","protected":false},"featured_media":28478,"comment_status":"open","ping_status":"closed","template":"","meta":{"_uag_custom_page_level_css":"","ngg_post_thumbnail":0},"product_cat":[131,138,141],"product_tag":[128,358],"aioseo_notices":[],"featured_image_urls":{"full":["https:\/\/www.megastitch.eu\/wp-content\/uploads\/2023\/04\/music_in_life_frame_ss.jpg",996,714,false],"thumbnail":["https:\/\/www.megastitch.eu\/wp-content\/uploads\/2023\/04\/music_in_life_frame_ss-150x150.jpg",150,150,true],"medium":["https:\/\/www.megastitch.eu\/wp-content\/uploads\/2023\/04\/music_in_life_frame_ss-300x215.jpg",300,215,true],"medium_large":["https:\/\/www.megastitch.eu\/wp-content\/uploads\/2023\/04\/music_in_life_frame_ss-768x551.jpg",768,551,true],"large":["https:\/\/www.megastitch.eu\/wp-content\/uploads\/2023\/04\/music_in_life_frame_ss.jpg",996,714,false],"1536x1536":["https:\/\/www.megastitch.eu\/wp-content\/uploads\/2023\/04\/music_in_life_frame_ss.jpg",996,714,false],"2048x2048":["https:\/\/www.megastitch.eu\/wp-content\/uploads\/2023\/04\/music_in_life_frame_ss.jpg",996,714,false],"ultp_layout_landscape_large":["https:\/\/www.megastitch.eu\/wp-content\/uploads\/2023\/04\/music_in_life_frame_ss.jpg",996,714,false],"ultp_layout_landscape":["https:\/\/www.megastitch.eu\/wp-content\/uploads\/2023\/04\/music_in_life_frame_ss-870x570.jpg",870,570,true],"ultp_layout_portrait":["https:\/\/www.megastitch.eu\/wp-content\/uploads\/2023\/04\/music_in_life_frame_ss-600x714.jpg",600,714,true],"ultp_layout_square":["https:\/\/www.megastitch.eu\/wp-content\/uploads\/2023\/04\/music_in_life_frame_ss-600x600.jpg",600,600,true],"molla_post-grid":["https:\/\/www.megastitch.eu\/wp-content\/uploads\/2023\/04\/music_in_life_frame_ss-400x267.jpg",400,267,true],"woocommerce_thumbnail":["https:\/\/www.megastitch.eu\/wp-content\/uploads\/2023\/04\/music_in_life_frame_ss-300x215.jpg",300,215,true],"woocommerce_single":["https:\/\/www.megastitch.eu\/wp-content\/uploads\/2023\/04\/music_in_life_frame_ss-600x430.jpg",600,430,true],"woocommerce_gallery_thumbnail":["https:\/\/www.megastitch.eu\/wp-content\/uploads\/2023\/04\/music_in_life_frame_ss-100x100.jpg",100,100,true]},"post_excerpt_stackable":"<p>Roztancuj svoj \u017eivot aj ihlu v rytme dokonal\u00fdch n\u00f4t.<\/p>\n<h4>Inform\u00e1cie o predlohe:<\/h4>\n<p><strong>Po\u010det kr\u00ed\u017eikov: 140 x 86<\/strong><br \/>\n<strong>Rozmer l\u00e1tky: 25.40 x 15.60 cm<\/strong><br \/>\n<strong>L\u00e1tka<\/strong>: 14 ct biela Aida<br \/>\n<strong>Bavlnky: <\/strong>DMC<br \/>\n<strong>Po\u010det farieb: <\/strong>1<br \/>\n<strong>Pou\u017eit\u00e9 techniky:<\/strong> kr\u00ed\u017eiky, ob\u0161\u00edvanie<\/p>\n","category_list":"","author_info":{"name":"","url":""},"comments_num":"0 comments","featured_image_urls_v2":{"full":["https:\/\/www.megastitch.eu\/wp-content\/uploads\/2023\/04\/music_in_life_frame_ss.jpg",996,714,false],"thumbnail":["https:\/\/www.megastitch.eu\/wp-content\/uploads\/2023\/04\/music_in_life_frame_ss-150x150.jpg",150,150,true],"medium":["https:\/\/www.megastitch.eu\/wp-content\/uploads\/2023\/04\/music_in_life_frame_ss-300x215.jpg",300,215,true],"medium_large":["https:\/\/www.megastitch.eu\/wp-content\/uploads\/2023\/04\/music_in_life_frame_ss-768x551.jpg",768,551,true],"large":["https:\/\/www.megastitch.eu\/wp-content\/uploads\/2023\/04\/music_in_life_frame_ss.jpg",996,714,false],"1536x1536":["https:\/\/www.megastitch.eu\/wp-content\/uploads\/2023\/04\/music_in_life_frame_ss.jpg",996,714,false],"2048x2048":["https:\/\/www.megastitch.eu\/wp-content\/uploads\/2023\/04\/music_in_life_frame_ss.jpg",996,714,false],"ultp_layout_landscape_large":["https:\/\/www.megastitch.eu\/wp-content\/uploads\/2023\/04\/music_in_life_frame_ss.jpg",996,714,false],"ultp_layout_landscape":["https:\/\/www.megastitch.eu\/wp-content\/uploads\/2023\/04\/music_in_life_frame_ss-870x570.jpg",870,570,true],"ultp_layout_portrait":["https:\/\/www.megastitch.eu\/wp-content\/uploads\/2023\/04\/music_in_life_frame_ss-600x714.jpg",600,714,true],"ultp_layout_square":["https:\/\/www.megastitch.eu\/wp-content\/uploads\/2023\/04\/music_in_life_frame_ss-600x600.jpg",600,600,true],"molla_post-grid":["https:\/\/www.megastitch.eu\/wp-content\/uploads\/2023\/04\/music_in_life_frame_ss-400x267.jpg",400,267,true],"woocommerce_thumbnail":["https:\/\/www.megastitch.eu\/wp-content\/uploads\/2023\/04\/music_in_life_frame_ss-300x215.jpg",300,215,true],"woocommerce_single":["https:\/\/www.megastitch.eu\/wp-content\/uploads\/2023\/04\/music_in_life_frame_ss-600x430.jpg",600,430,true],"woocommerce_gallery_thumbnail":["https:\/\/www.megastitch.eu\/wp-content\/uploads\/2023\/04\/music_in_life_frame_ss-100x100.jpg",100,100,true]},"post_excerpt_stackable_v2":"<p>Roztancuj svoj \u017eivot aj ihlu v rytme dokonal\u00fdch n\u00f4t.<\/p>\n<h4>Inform\u00e1cie o predlohe:<\/h4>\n<p><strong>Po\u010det kr\u00ed\u017eikov: 140 x 86<\/strong><br \/>\n<strong>Rozmer l\u00e1tky: 25.40 x 15.60 cm<\/strong><br \/>\n<strong>L\u00e1tka<\/strong>: 14 ct biela Aida<br \/>\n<strong>Bavlnky: <\/strong>DMC<br \/>\n<strong>Po\u010det farieb: <\/strong>1<br \/>\n<strong>Pou\u017eit\u00e9 techniky:<\/strong> kr\u00ed\u017eiky, ob\u0161\u00edvanie<\/p>\n","category_list_v2":"","author_info_v2":{"name":"","url":""},"comments_num_v2":"0 comments","uagb_featured_image_src":{"full":["https:\/\/www.megastitch.eu\/wp-content\/uploads\/2023\/04\/music_in_life_frame_ss.jpg",996,714,false],"thumbnail":["https:\/\/www.megastitch.eu\/wp-content\/uploads\/2023\/04\/music_in_life_frame_ss-150x150.jpg",150,150,true],"medium":["https:\/\/www.megastitch.eu\/wp-content\/uploads\/2023\/04\/music_in_life_frame_ss-300x215.jpg",300,215,true],"medium_large":["https:\/\/www.megastitch.eu\/wp-content\/uploads\/2023\/04\/music_in_life_frame_ss-768x551.jpg",768,551,true],"large":["https:\/\/www.megastitch.eu\/wp-content\/uploads\/2023\/04\/music_in_life_frame_ss.jpg",996,714,false],"1536x1536":["https:\/\/www.megastitch.eu\/wp-content\/uploads\/2023\/04\/music_in_life_frame_ss.jpg",996,714,false],"2048x2048":["https:\/\/www.megastitch.eu\/wp-content\/uploads\/2023\/04\/music_in_life_frame_ss.jpg",996,714,false],"ultp_layout_landscape_large":["https:\/\/www.megastitch.eu\/wp-content\/uploads\/2023\/04\/music_in_life_frame_ss.jpg",996,714,false],"ultp_layout_landscape":["https:\/\/www.megastitch.eu\/wp-content\/uploads\/2023\/04\/music_in_life_frame_ss-870x570.jpg",870,570,true],"ultp_layout_portrait":["https:\/\/www.megastitch.eu\/wp-content\/uploads\/2023\/04\/music_in_life_frame_ss-600x714.jpg",600,714,true],"ultp_layout_square":["https:\/\/www.megastitch.eu\/wp-content\/uploads\/2023\/04\/music_in_life_frame_ss-600x600.jpg",600,600,true],"molla_post-grid":["https:\/\/www.megastitch.eu\/wp-content\/uploads\/2023\/04\/music_in_life_frame_ss-400x267.jpg",400,267,true],"woocommerce_thumbnail":["https:\/\/www.megastitch.eu\/wp-content\/uploads\/2023\/04\/music_in_life_frame_ss-300x215.jpg",300,215,true],"woocommerce_single":["https:\/\/www.megastitch.eu\/wp-content\/uploads\/2023\/04\/music_in_life_frame_ss-600x430.jpg",600,430,true],"woocommerce_gallery_thumbnail":["https:\/\/www.megastitch.eu\/wp-content\/uploads\/2023\/04\/music_in_life_frame_ss-100x100.jpg",100,100,true]},"uagb_author_info":{"display_name":"pagacova","author_link":"https:\/\/www.megastitch.eu\/cs\/author\/"},"uagb_comment_info":0,"uagb_excerpt":"Roztancuj svoj \u017eivot aj ihlu v rytme dokonal\u00fdch n\u00f4t. Inform\u00e1cie o predlohe: Po\u010det kr\u00ed\u017eikov: 140 x 86 Rozmer l\u00e1tky: 25.40 x 15.60 cm L\u00e1tka: 14 ct biela Aida Bavlnky: DMC Po\u010det farieb: 1 Pou\u017eit\u00e9 techniky: kr\u00ed\u017eiky, ob\u0161\u00edvanie","_links":{"self":[{"href":"https:\/\/www.megastitch.eu\/cs\/wp-json\/wp\/v2\/product\/28477"}],"collection":[{"href":"https:\/\/www.megastitch.eu\/cs\/wp-json\/wp\/v2\/product"}],"about":[{"href":"https:\/\/www.megastitch.eu\/cs\/wp-json\/wp\/v2\/types\/product"}],"replies":[{"embeddable":true,"href":"https:\/\/www.megastitch.eu\/cs\/wp-json\/wp\/v2\/comments?post=28477"}],"wp:featuredmedia":[{"embeddable":true,"href":"https:\/\/www.megastitch.eu\/cs\/wp-json\/wp\/v2\/media\/28478"}],"wp:attachment":[{"href":"https:\/\/www.megastitch.eu\/cs\/wp-json\/wp\/v2\/media?parent=28477"}],"wp:term":[{"taxonomy":"product_cat","embeddable":true,"href":"https:\/\/www.megastitch.eu\/cs\/wp-json\/wp\/v2\/product_cat?post=28477"},{"taxonomy":"product_tag","embeddable":true,"href":"https:\/\/www.megastitch.eu\/cs\/wp-json\/wp\/v2\/product_tag?post=28477"}],"curies":[{"name":"wp","href":"https:\/\/api.w.org\/{rel}","templated":true}]}}