	{"id":28493,"date":"2023-05-24T16:57:30","date_gmt":"2023-05-24T14:57:30","guid":{"rendered":"https:\/\/www.megastitch.eu\/?post_type=product&#038;p=28493"},"modified":"2023-06-06T14:26:53","modified_gmt":"2023-06-06T12:26:53","slug":"zabka-cestovatelka","status":"publish","type":"product","link":"https:\/\/www.megastitch.eu\/cs\/obchod\/predlohy-na-vysivanie\/stredne-predlohy\/zabka-cestovatelka\/","title":{"rendered":"\u017dabka cestovate\u013eka"},"content":{"rendered":"<div class=\"nolwrap\"><p class=\"Standard\" style=\"margin-bottom: 0cm\">Vyrazte spolu so \u017eabkou na cesty vy\u0161\u00edvan\u00e9 kr\u00ed\u017eikmi. Nav\u0161t\u00edvte s \u0148ou zn\u00e1me aj menej zn\u00e1me miesta, po ktor\u00fdch u\u017e d\u00e1vno t\u00fa\u017eite.<\/p>\n<p class=\"Standard\" style=\"margin-bottom: 0cm\">\u017dabka sa st\u00e1le usmieva a z ni\u010doho si \u0165a\u017ek\u00fa hlavu nerob\u00ed. K spokojnosti jej sta\u010d\u00ed zbalen\u00fd batoh a \u00fasmev na tv\u00e1ri. K\u00fdm dovy\u0161\u00edvate jej predlohu, nau\u010d\u00ed to aj v\u00e1s. Je kr\u00e1sne a z\u00e1rove\u0148 ve\u013emi potrebn\u00e9 spomali\u0165 v upon\u00e1h\u013eanom svete.<\/p>\n<p>Autor ilustr\u00e1cie: <a title=\"Illustrator: Olga Kuznetsova\" href=\"https:\/\/www.instagram.com\/olga_kuuu\/\" target=\"_blank\" rel=\"noopener\">Olga Kuznetsova<\/a><\/p>\n<p>Autorka predlohy: <strong>M\u00e1ria Erbenov\u00e1\u00a0<\/strong><\/p>\n<h4>Inform\u00e1cie o predlohe:<\/h4>\n<p><strong>Po\u010det kr\u00ed\u017eikov: 73 x 84<\/strong><\/p>\n<p><strong>Rozmer l\u00e1tky: 12.88 x 15.06<\/strong><br \/>\n<strong>L\u00e1tka<\/strong>: 14 ct\u00a0 aida<br \/>\n<strong>Bavlnky: <\/strong>DMC<br \/>\n<strong>Po\u010det farieb: <\/strong>47 + 5\u00a0blednou<br \/>\n<strong>Pou\u017eit\u00e9 techniky: <\/strong>kr\u00ed\u017eiky, polkr\u00ed\u017eiky, ob\u0161\u00edvanie, franc\u00fazske uzl\u00edky<\/p>\n<h4>S\u00fabory na stiahnutie:<\/h4>\n<ul>\n<li><strong>pdf s\u00fabor<\/strong>\n<ul>\n<li>v \u010dierno-bielej verzii &#8211; s ob\u0161\u00edvan\u00edm a bez ob\u0161\u00edvania,<\/li>\n<li>vo farebnej verzii &#8211; s ob\u0161\u00edvan\u00edm a bez ob\u0161\u00edvania<\/li>\n<\/ul>\n<\/li>\n<li><strong>cssaga s\u00fabor<\/strong><\/li>\n<\/ul>\n<\/div>","protected":false},"excerpt":{"rendered":"<h4>Vesel\u00e1 predloha \u017eabky cestovate\u013eky v\u00e1s nau\u010d\u00ed spomali\u0165 a u\u017e\u00edva\u0165 si \u017eivot.<\/h4>\n<p><strong>Po\u010det kr\u00ed\u017eikov: 73 x 84<\/strong><br \/>\n<strong>Rozmer l\u00e1tky: 12.88 x 15.06 cm<\/strong><br \/>\n<strong>L\u00e1tka<\/strong>: 14 ct\u00a0 Aida<br \/>\n<strong>Bavlnky: <\/strong>DMC<br \/>\n<strong>Po\u010det farieb: <\/strong>47 + 5\u00a0blendou<br \/>\n<strong>Pou\u017eit\u00e9 techniky:<\/strong> kr\u00ed\u017eiky, polkr\u00ed\u017eiky, ob\u0161\u00edvanie, francuzske uzl\u00edky<\/p>\n","protected":false},"featured_media":28543,"comment_status":"open","ping_status":"closed","template":"","meta":{"_uag_custom_page_level_css":"","ngg_post_thumbnail":0},"product_cat":[243,131,138],"product_tag":[289,336,318,227,151],"aioseo_notices":[],"featured_image_urls":{"full":["https:\/\/www.megastitch.eu\/wp-content\/uploads\/2023\/05\/frog_traveller_frame_ss.jpg",948,1026,false],"thumbnail":["https:\/\/www.megastitch.eu\/wp-content\/uploads\/2023\/05\/frog_traveller_frame_ss-150x150.jpg",150,150,true],"medium":["https:\/\/www.megastitch.eu\/wp-content\/uploads\/2023\/05\/frog_traveller_frame_ss-277x300.jpg",277,300,true],"medium_large":["https:\/\/www.megastitch.eu\/wp-content\/uploads\/2023\/05\/frog_traveller_frame_ss-768x831.jpg",768,831,true],"large":["https:\/\/www.megastitch.eu\/wp-content\/uploads\/2023\/05\/frog_traveller_frame_ss-946x1024.jpg",946,1024,true],"1536x1536":["https:\/\/www.megastitch.eu\/wp-content\/uploads\/2023\/05\/frog_traveller_frame_ss.jpg",948,1026,false],"2048x2048":["https:\/\/www.megastitch.eu\/wp-content\/uploads\/2023\/05\/frog_traveller_frame_ss.jpg",948,1026,false],"ultp_layout_landscape_large":["https:\/\/www.megastitch.eu\/wp-content\/uploads\/2023\/05\/frog_traveller_frame_ss-948x800.jpg",948,800,true],"ultp_layout_landscape":["https:\/\/www.megastitch.eu\/wp-content\/uploads\/2023\/05\/frog_traveller_frame_ss-870x570.jpg",870,570,true],"ultp_layout_portrait":["https:\/\/www.megastitch.eu\/wp-content\/uploads\/2023\/05\/frog_traveller_frame_ss-600x900.jpg",600,900,true],"ultp_layout_square":["https:\/\/www.megastitch.eu\/wp-content\/uploads\/2023\/05\/frog_traveller_frame_ss-600x600.jpg",600,600,true],"molla_post-grid":["https:\/\/www.megastitch.eu\/wp-content\/uploads\/2023\/05\/frog_traveller_frame_ss-400x267.jpg",400,267,true],"woocommerce_thumbnail":["https:\/\/www.megastitch.eu\/wp-content\/uploads\/2023\/05\/frog_traveller_frame_ss-300x325.jpg",300,325,true],"woocommerce_single":["https:\/\/www.megastitch.eu\/wp-content\/uploads\/2023\/05\/frog_traveller_frame_ss-600x649.jpg",600,649,true],"woocommerce_gallery_thumbnail":["https:\/\/www.megastitch.eu\/wp-content\/uploads\/2023\/05\/frog_traveller_frame_ss-100x100.jpg",100,100,true]},"post_excerpt_stackable":"<h4>Vesel\u00e1 predloha \u017eabky cestovate\u013eky v\u00e1s nau\u010d\u00ed spomali\u0165 a u\u017e\u00edva\u0165 si \u017eivot.<\/h4>\n<p><strong>Po\u010det kr\u00ed\u017eikov: 73 x 84<\/strong><br \/>\n<strong>Rozmer l\u00e1tky: 12.88 x 15.06 cm<\/strong><br \/>\n<strong>L\u00e1tka<\/strong>: 14 ct\u00a0 Aida<br \/>\n<strong>Bavlnky: <\/strong>DMC<br \/>\n<strong>Po\u010det farieb: <\/strong>47 + 5\u00a0blendou<br \/>\n<strong>Pou\u017eit\u00e9 techniky:<\/strong> kr\u00ed\u017eiky, polkr\u00ed\u017eiky, ob\u0161\u00edvanie, francuzske uzl\u00edky<\/p>\n","category_list":"","author_info":{"name":"","url":""},"comments_num":"0 comments","featured_image_urls_v2":{"full":["https:\/\/www.megastitch.eu\/wp-content\/uploads\/2023\/05\/frog_traveller_frame_ss.jpg",948,1026,false],"thumbnail":["https:\/\/www.megastitch.eu\/wp-content\/uploads\/2023\/05\/frog_traveller_frame_ss-150x150.jpg",150,150,true],"medium":["https:\/\/www.megastitch.eu\/wp-content\/uploads\/2023\/05\/frog_traveller_frame_ss-277x300.jpg",277,300,true],"medium_large":["https:\/\/www.megastitch.eu\/wp-content\/uploads\/2023\/05\/frog_traveller_frame_ss-768x831.jpg",768,831,true],"large":["https:\/\/www.megastitch.eu\/wp-content\/uploads\/2023\/05\/frog_traveller_frame_ss-946x1024.jpg",946,1024,true],"1536x1536":["https:\/\/www.megastitch.eu\/wp-content\/uploads\/2023\/05\/frog_traveller_frame_ss.jpg",948,1026,false],"2048x2048":["https:\/\/www.megastitch.eu\/wp-content\/uploads\/2023\/05\/frog_traveller_frame_ss.jpg",948,1026,false],"ultp_layout_landscape_large":["https:\/\/www.megastitch.eu\/wp-content\/uploads\/2023\/05\/frog_traveller_frame_ss-948x800.jpg",948,800,true],"ultp_layout_landscape":["https:\/\/www.megastitch.eu\/wp-content\/uploads\/2023\/05\/frog_traveller_frame_ss-870x570.jpg",870,570,true],"ultp_layout_portrait":["https:\/\/www.megastitch.eu\/wp-content\/uploads\/2023\/05\/frog_traveller_frame_ss-600x900.jpg",600,900,true],"ultp_layout_square":["https:\/\/www.megastitch.eu\/wp-content\/uploads\/2023\/05\/frog_traveller_frame_ss-600x600.jpg",600,600,true],"molla_post-grid":["https:\/\/www.megastitch.eu\/wp-content\/uploads\/2023\/05\/frog_traveller_frame_ss-400x267.jpg",400,267,true],"woocommerce_thumbnail":["https:\/\/www.megastitch.eu\/wp-content\/uploads\/2023\/05\/frog_traveller_frame_ss-300x325.jpg",300,325,true],"woocommerce_single":["https:\/\/www.megastitch.eu\/wp-content\/uploads\/2023\/05\/frog_traveller_frame_ss-600x649.jpg",600,649,true],"woocommerce_gallery_thumbnail":["https:\/\/www.megastitch.eu\/wp-content\/uploads\/2023\/05\/frog_traveller_frame_ss-100x100.jpg",100,100,true]},"post_excerpt_stackable_v2":"<h4>Vesel\u00e1 predloha \u017eabky cestovate\u013eky v\u00e1s nau\u010d\u00ed spomali\u0165 a u\u017e\u00edva\u0165 si \u017eivot.<\/h4>\n<p><strong>Po\u010det kr\u00ed\u017eikov: 73 x 84<\/strong><br \/>\n<strong>Rozmer l\u00e1tky: 12.88 x 15.06 cm<\/strong><br \/>\n<strong>L\u00e1tka<\/strong>: 14 ct\u00a0 Aida<br \/>\n<strong>Bavlnky: <\/strong>DMC<br \/>\n<strong>Po\u010det farieb: <\/strong>47 + 5\u00a0blendou<br \/>\n<strong>Pou\u017eit\u00e9 techniky:<\/strong> kr\u00ed\u017eiky, polkr\u00ed\u017eiky, ob\u0161\u00edvanie, francuzske uzl\u00edky<\/p>\n","category_list_v2":"","author_info_v2":{"name":"","url":""},"comments_num_v2":"0 comments","uagb_featured_image_src":{"full":["https:\/\/www.megastitch.eu\/wp-content\/uploads\/2023\/05\/frog_traveller_frame_ss.jpg",948,1026,false],"thumbnail":["https:\/\/www.megastitch.eu\/wp-content\/uploads\/2023\/05\/frog_traveller_frame_ss-150x150.jpg",150,150,true],"medium":["https:\/\/www.megastitch.eu\/wp-content\/uploads\/2023\/05\/frog_traveller_frame_ss-277x300.jpg",277,300,true],"medium_large":["https:\/\/www.megastitch.eu\/wp-content\/uploads\/2023\/05\/frog_traveller_frame_ss-768x831.jpg",768,831,true],"large":["https:\/\/www.megastitch.eu\/wp-content\/uploads\/2023\/05\/frog_traveller_frame_ss-946x1024.jpg",946,1024,true],"1536x1536":["https:\/\/www.megastitch.eu\/wp-content\/uploads\/2023\/05\/frog_traveller_frame_ss.jpg",948,1026,false],"2048x2048":["https:\/\/www.megastitch.eu\/wp-content\/uploads\/2023\/05\/frog_traveller_frame_ss.jpg",948,1026,false],"ultp_layout_landscape_large":["https:\/\/www.megastitch.eu\/wp-content\/uploads\/2023\/05\/frog_traveller_frame_ss-948x800.jpg",948,800,true],"ultp_layout_landscape":["https:\/\/www.megastitch.eu\/wp-content\/uploads\/2023\/05\/frog_traveller_frame_ss-870x570.jpg",870,570,true],"ultp_layout_portrait":["https:\/\/www.megastitch.eu\/wp-content\/uploads\/2023\/05\/frog_traveller_frame_ss-600x900.jpg",600,900,true],"ultp_layout_square":["https:\/\/www.megastitch.eu\/wp-content\/uploads\/2023\/05\/frog_traveller_frame_ss-600x600.jpg",600,600,true],"molla_post-grid":["https:\/\/www.megastitch.eu\/wp-content\/uploads\/2023\/05\/frog_traveller_frame_ss-400x267.jpg",400,267,true],"woocommerce_thumbnail":["https:\/\/www.megastitch.eu\/wp-content\/uploads\/2023\/05\/frog_traveller_frame_ss-300x325.jpg",300,325,true],"woocommerce_single":["https:\/\/www.megastitch.eu\/wp-content\/uploads\/2023\/05\/frog_traveller_frame_ss-600x649.jpg",600,649,true],"woocommerce_gallery_thumbnail":["https:\/\/www.megastitch.eu\/wp-content\/uploads\/2023\/05\/frog_traveller_frame_ss-100x100.jpg",100,100,true]},"uagb_author_info":{"display_name":"pagacova","author_link":"https:\/\/www.megastitch.eu\/cs\/author\/"},"uagb_comment_info":0,"uagb_excerpt":"Vesel\u00e1 predloha \u017eabky cestovate\u013eky v\u00e1s nau\u010d\u00ed spomali\u0165 a u\u017e\u00edva\u0165 si \u017eivot. Po\u010det kr\u00ed\u017eikov: 73 x 84 Rozmer l\u00e1tky: 12.88 x 15.06 cm L\u00e1tka: 14 ct\u00a0 Aida Bavlnky: DMC Po\u010det farieb: 47 + 5\u00a0blendou Pou\u017eit\u00e9 techniky: kr\u00ed\u017eiky, polkr\u00ed\u017eiky, ob\u0161\u00edvanie, francuzske uzl\u00edky","_links":{"self":[{"href":"https:\/\/www.megastitch.eu\/cs\/wp-json\/wp\/v2\/product\/28493"}],"collection":[{"href":"https:\/\/www.megastitch.eu\/cs\/wp-json\/wp\/v2\/product"}],"about":[{"href":"https:\/\/www.megastitch.eu\/cs\/wp-json\/wp\/v2\/types\/product"}],"replies":[{"embeddable":true,"href":"https:\/\/www.megastitch.eu\/cs\/wp-json\/wp\/v2\/comments?post=28493"}],"wp:featuredmedia":[{"embeddable":true,"href":"https:\/\/www.megastitch.eu\/cs\/wp-json\/wp\/v2\/media\/28543"}],"wp:attachment":[{"href":"https:\/\/www.megastitch.eu\/cs\/wp-json\/wp\/v2\/media?parent=28493"}],"wp:term":[{"taxonomy":"product_cat","embeddable":true,"href":"https:\/\/www.megastitch.eu\/cs\/wp-json\/wp\/v2\/product_cat?post=28493"},{"taxonomy":"product_tag","embeddable":true,"href":"https:\/\/www.megastitch.eu\/cs\/wp-json\/wp\/v2\/product_tag?post=28493"}],"curies":[{"name":"wp","href":"https:\/\/api.w.org\/{rel}","templated":true}]}}