	{"id":28498,"date":"2023-05-24T17:53:03","date_gmt":"2023-05-24T15:53:03","guid":{"rendered":"https:\/\/www.megastitch.eu\/?post_type=product&#038;p=28498"},"modified":"2023-06-08T14:29:33","modified_gmt":"2023-06-08T12:29:33","slug":"kolibrik","status":"publish","type":"product","link":"https:\/\/www.megastitch.eu\/cs\/obchod\/predlohy-na-vysivanie\/stredne-predlohy\/kolibrik\/","title":{"rendered":"Kolibr\u00edk"},"content":{"rendered":"<div class=\"nolwrap\"><p class=\"Standard\" style=\"margin-bottom: 0cm\">Nachystajte si ihly a spolu s drobn\u00fdm vt\u00e1\u010dikom na predlohe si spr\u00edjemnite de\u0148 hrou na schov\u00e1va\u010dku. Pre \u00fakryt si vybral n\u00e1dhern\u00fa l\u00faku pln\u00fa fialov\u00fdch kvetov.<\/p>\n<p class=\"Standard\" style=\"margin-bottom: 0cm\">Preneste sa na chv\u00ed\u013eu do bezstarostn\u00e9ho detstva pln\u00e9ho hier a smiechu. Kam sa spolu s vy\u0161\u00edvan\u00edm schov\u00e1te vy ?<\/p>\n<p>Autor ilustr\u00e1cie: <a title=\"Illustrator: Patricia Zima\" href=\"https:\/\/vk.com\/patricia_art_design\" target=\"_blank\" rel=\"noopener\">Patricia Zima<\/a><\/p>\n<p>Autorka predlohy: <strong>M\u00e1ria Erbenov\u00e1\u00a0<\/strong><\/p>\n<h4>Inform\u00e1cie o predlohe:<\/h4>\n<p><strong>Po\u010det kr\u00ed\u017eikov: 90 x 89<\/strong><\/p>\n<p><strong>Rozmer l\u00e1tky: 16.33 x 16.15 cm<\/strong><br \/>\n<strong>L\u00e1tka<\/strong>: 14 ct\u00a0 aida<br \/>\n<strong>Bavlnky: <\/strong>DMC<br \/>\n<strong>Po\u010det farieb: <\/strong>52 + 3 blendy<br \/>\n<strong>Pou\u017eit\u00e9 techniky: <\/strong>kr\u00ed\u017eiky, ob\u0161\u00edvanie, franc\u00fazske uzl\u00edky<\/p>\n<h4>S\u00fabory na stiahnutie:<\/h4>\n<ul>\n<li><strong>pdf s\u00fabor<\/strong>\n<ul>\n<li>v \u010dierno-bielej verzii &#8211; s ob\u0161\u00edvan\u00edm a bez ob\u0161\u00edvania,<\/li>\n<li>vo farebnej verzii &#8211; s ob\u0161\u00edvan\u00edm a bez ob\u0161\u00edvania<\/li>\n<\/ul>\n<\/li>\n<li><strong>cssaga s\u00fabor<\/strong><\/li>\n<\/ul>\n<\/div>","protected":false},"excerpt":{"rendered":"<h4>Predloha kolibr\u00edka v\u00e1s v spomienke na schov\u00e1va\u010dku vr\u00e1ti do detstva.<\/h4>\n<p><strong>Po\u010det kr\u00ed\u017eikov: 90 x 89<\/strong><br \/>\n<strong>Rozmer l\u00e1tky: 16.33 x 16.15 cm<\/strong><br \/>\n<strong>L\u00e1tka<\/strong>: 14 ct\u00a0 Aida<br \/>\n<strong>Bavlnky: <\/strong>DMC<br \/>\n<strong>Po\u010det farieb: <\/strong>52 + 3 blendy<br \/>\n<strong>Pou\u017eit\u00e9 techniky:<\/strong> kr\u00ed\u017eiky, ob\u0161\u00edvanie, franc\u00fazske uzl\u00edky<\/p>\n","protected":false},"featured_media":28548,"comment_status":"open","ping_status":"closed","template":"","meta":{"_uag_custom_page_level_css":"","ngg_post_thumbnail":0},"product_cat":[257,131,138],"product_tag":[336,318,256,139,48,143],"aioseo_notices":[],"featured_image_urls":{"full":["https:\/\/www.megastitch.eu\/wp-content\/uploads\/2023\/05\/hummingbird_frame_ss_sm.jpg",1500,1489,false],"thumbnail":["https:\/\/www.megastitch.eu\/wp-content\/uploads\/2023\/05\/hummingbird_frame_ss_sm-150x150.jpg",150,150,true],"medium":["https:\/\/www.megastitch.eu\/wp-content\/uploads\/2023\/05\/hummingbird_frame_ss_sm-300x298.jpg",300,298,true],"medium_large":["https:\/\/www.megastitch.eu\/wp-content\/uploads\/2023\/05\/hummingbird_frame_ss_sm-768x762.jpg",768,762,true],"large":["https:\/\/www.megastitch.eu\/wp-content\/uploads\/2023\/05\/hummingbird_frame_ss_sm-1024x1016.jpg",1024,1016,true],"1536x1536":["https:\/\/www.megastitch.eu\/wp-content\/uploads\/2023\/05\/hummingbird_frame_ss_sm.jpg",1500,1489,false],"2048x2048":["https:\/\/www.megastitch.eu\/wp-content\/uploads\/2023\/05\/hummingbird_frame_ss_sm.jpg",1500,1489,false],"ultp_layout_landscape_large":["https:\/\/www.megastitch.eu\/wp-content\/uploads\/2023\/05\/hummingbird_frame_ss_sm-1200x800.jpg",1200,800,true],"ultp_layout_landscape":["https:\/\/www.megastitch.eu\/wp-content\/uploads\/2023\/05\/hummingbird_frame_ss_sm-870x570.jpg",870,570,true],"ultp_layout_portrait":["https:\/\/www.megastitch.eu\/wp-content\/uploads\/2023\/05\/hummingbird_frame_ss_sm-600x900.jpg",600,900,true],"ultp_layout_square":["https:\/\/www.megastitch.eu\/wp-content\/uploads\/2023\/05\/hummingbird_frame_ss_sm-600x600.jpg",600,600,true],"molla_post-grid":["https:\/\/www.megastitch.eu\/wp-content\/uploads\/2023\/05\/hummingbird_frame_ss_sm-400x267.jpg",400,267,true],"woocommerce_thumbnail":["https:\/\/www.megastitch.eu\/wp-content\/uploads\/2023\/05\/hummingbird_frame_ss_sm-300x298.jpg",300,298,true],"woocommerce_single":["https:\/\/www.megastitch.eu\/wp-content\/uploads\/2023\/05\/hummingbird_frame_ss_sm-600x596.jpg",600,596,true],"woocommerce_gallery_thumbnail":["https:\/\/www.megastitch.eu\/wp-content\/uploads\/2023\/05\/hummingbird_frame_ss_sm-100x100.jpg",100,100,true]},"post_excerpt_stackable":"<h4>Predloha kolibr\u00edka v\u00e1s v spomienke na schov\u00e1va\u010dku vr\u00e1ti do detstva.<\/h4>\n<p><strong>Po\u010det kr\u00ed\u017eikov: 90 x 89<\/strong><br \/>\n<strong>Rozmer l\u00e1tky: 16.33 x 16.15 cm<\/strong><br \/>\n<strong>L\u00e1tka<\/strong>: 14 ct\u00a0 Aida<br \/>\n<strong>Bavlnky: <\/strong>DMC<br \/>\n<strong>Po\u010det farieb: <\/strong>52 + 3 blendy<br \/>\n<strong>Pou\u017eit\u00e9 techniky:<\/strong> kr\u00ed\u017eiky, ob\u0161\u00edvanie, franc\u00fazske uzl\u00edky<\/p>\n","category_list":"","author_info":{"name":"","url":""},"comments_num":"0 comments","featured_image_urls_v2":{"full":["https:\/\/www.megastitch.eu\/wp-content\/uploads\/2023\/05\/hummingbird_frame_ss_sm.jpg",1500,1489,false],"thumbnail":["https:\/\/www.megastitch.eu\/wp-content\/uploads\/2023\/05\/hummingbird_frame_ss_sm-150x150.jpg",150,150,true],"medium":["https:\/\/www.megastitch.eu\/wp-content\/uploads\/2023\/05\/hummingbird_frame_ss_sm-300x298.jpg",300,298,true],"medium_large":["https:\/\/www.megastitch.eu\/wp-content\/uploads\/2023\/05\/hummingbird_frame_ss_sm-768x762.jpg",768,762,true],"large":["https:\/\/www.megastitch.eu\/wp-content\/uploads\/2023\/05\/hummingbird_frame_ss_sm-1024x1016.jpg",1024,1016,true],"1536x1536":["https:\/\/www.megastitch.eu\/wp-content\/uploads\/2023\/05\/hummingbird_frame_ss_sm.jpg",1500,1489,false],"2048x2048":["https:\/\/www.megastitch.eu\/wp-content\/uploads\/2023\/05\/hummingbird_frame_ss_sm.jpg",1500,1489,false],"ultp_layout_landscape_large":["https:\/\/www.megastitch.eu\/wp-content\/uploads\/2023\/05\/hummingbird_frame_ss_sm-1200x800.jpg",1200,800,true],"ultp_layout_landscape":["https:\/\/www.megastitch.eu\/wp-content\/uploads\/2023\/05\/hummingbird_frame_ss_sm-870x570.jpg",870,570,true],"ultp_layout_portrait":["https:\/\/www.megastitch.eu\/wp-content\/uploads\/2023\/05\/hummingbird_frame_ss_sm-600x900.jpg",600,900,true],"ultp_layout_square":["https:\/\/www.megastitch.eu\/wp-content\/uploads\/2023\/05\/hummingbird_frame_ss_sm-600x600.jpg",600,600,true],"molla_post-grid":["https:\/\/www.megastitch.eu\/wp-content\/uploads\/2023\/05\/hummingbird_frame_ss_sm-400x267.jpg",400,267,true],"woocommerce_thumbnail":["https:\/\/www.megastitch.eu\/wp-content\/uploads\/2023\/05\/hummingbird_frame_ss_sm-300x298.jpg",300,298,true],"woocommerce_single":["https:\/\/www.megastitch.eu\/wp-content\/uploads\/2023\/05\/hummingbird_frame_ss_sm-600x596.jpg",600,596,true],"woocommerce_gallery_thumbnail":["https:\/\/www.megastitch.eu\/wp-content\/uploads\/2023\/05\/hummingbird_frame_ss_sm-100x100.jpg",100,100,true]},"post_excerpt_stackable_v2":"<h4>Predloha kolibr\u00edka v\u00e1s v spomienke na schov\u00e1va\u010dku vr\u00e1ti do detstva.<\/h4>\n<p><strong>Po\u010det kr\u00ed\u017eikov: 90 x 89<\/strong><br \/>\n<strong>Rozmer l\u00e1tky: 16.33 x 16.15 cm<\/strong><br \/>\n<strong>L\u00e1tka<\/strong>: 14 ct\u00a0 Aida<br \/>\n<strong>Bavlnky: <\/strong>DMC<br \/>\n<strong>Po\u010det farieb: <\/strong>52 + 3 blendy<br \/>\n<strong>Pou\u017eit\u00e9 techniky:<\/strong> kr\u00ed\u017eiky, ob\u0161\u00edvanie, franc\u00fazske uzl\u00edky<\/p>\n","category_list_v2":"","author_info_v2":{"name":"","url":""},"comments_num_v2":"0 comments","uagb_featured_image_src":{"full":["https:\/\/www.megastitch.eu\/wp-content\/uploads\/2023\/05\/hummingbird_frame_ss_sm.jpg",1500,1489,false],"thumbnail":["https:\/\/www.megastitch.eu\/wp-content\/uploads\/2023\/05\/hummingbird_frame_ss_sm-150x150.jpg",150,150,true],"medium":["https:\/\/www.megastitch.eu\/wp-content\/uploads\/2023\/05\/hummingbird_frame_ss_sm-300x298.jpg",300,298,true],"medium_large":["https:\/\/www.megastitch.eu\/wp-content\/uploads\/2023\/05\/hummingbird_frame_ss_sm-768x762.jpg",768,762,true],"large":["https:\/\/www.megastitch.eu\/wp-content\/uploads\/2023\/05\/hummingbird_frame_ss_sm-1024x1016.jpg",1024,1016,true],"1536x1536":["https:\/\/www.megastitch.eu\/wp-content\/uploads\/2023\/05\/hummingbird_frame_ss_sm.jpg",1500,1489,false],"2048x2048":["https:\/\/www.megastitch.eu\/wp-content\/uploads\/2023\/05\/hummingbird_frame_ss_sm.jpg",1500,1489,false],"ultp_layout_landscape_large":["https:\/\/www.megastitch.eu\/wp-content\/uploads\/2023\/05\/hummingbird_frame_ss_sm-1200x800.jpg",1200,800,true],"ultp_layout_landscape":["https:\/\/www.megastitch.eu\/wp-content\/uploads\/2023\/05\/hummingbird_frame_ss_sm-870x570.jpg",870,570,true],"ultp_layout_portrait":["https:\/\/www.megastitch.eu\/wp-content\/uploads\/2023\/05\/hummingbird_frame_ss_sm-600x900.jpg",600,900,true],"ultp_layout_square":["https:\/\/www.megastitch.eu\/wp-content\/uploads\/2023\/05\/hummingbird_frame_ss_sm-600x600.jpg",600,600,true],"molla_post-grid":["https:\/\/www.megastitch.eu\/wp-content\/uploads\/2023\/05\/hummingbird_frame_ss_sm-400x267.jpg",400,267,true],"woocommerce_thumbnail":["https:\/\/www.megastitch.eu\/wp-content\/uploads\/2023\/05\/hummingbird_frame_ss_sm-300x298.jpg",300,298,true],"woocommerce_single":["https:\/\/www.megastitch.eu\/wp-content\/uploads\/2023\/05\/hummingbird_frame_ss_sm-600x596.jpg",600,596,true],"woocommerce_gallery_thumbnail":["https:\/\/www.megastitch.eu\/wp-content\/uploads\/2023\/05\/hummingbird_frame_ss_sm-100x100.jpg",100,100,true]},"uagb_author_info":{"display_name":"pagacova","author_link":"https:\/\/www.megastitch.eu\/cs\/author\/"},"uagb_comment_info":0,"uagb_excerpt":"Predloha kolibr\u00edka v\u00e1s v spomienke na schov\u00e1va\u010dku vr\u00e1ti do detstva. Po\u010det kr\u00ed\u017eikov: 90 x 89 Rozmer l\u00e1tky: 16.33 x 16.15 cm L\u00e1tka: 14 ct\u00a0 Aida Bavlnky: DMC Po\u010det farieb: 52 + 3 blendy Pou\u017eit\u00e9 techniky: kr\u00ed\u017eiky, ob\u0161\u00edvanie, franc\u00fazske uzl\u00edky","_links":{"self":[{"href":"https:\/\/www.megastitch.eu\/cs\/wp-json\/wp\/v2\/product\/28498"}],"collection":[{"href":"https:\/\/www.megastitch.eu\/cs\/wp-json\/wp\/v2\/product"}],"about":[{"href":"https:\/\/www.megastitch.eu\/cs\/wp-json\/wp\/v2\/types\/product"}],"replies":[{"embeddable":true,"href":"https:\/\/www.megastitch.eu\/cs\/wp-json\/wp\/v2\/comments?post=28498"}],"wp:featuredmedia":[{"embeddable":true,"href":"https:\/\/www.megastitch.eu\/cs\/wp-json\/wp\/v2\/media\/28548"}],"wp:attachment":[{"href":"https:\/\/www.megastitch.eu\/cs\/wp-json\/wp\/v2\/media?parent=28498"}],"wp:term":[{"taxonomy":"product_cat","embeddable":true,"href":"https:\/\/www.megastitch.eu\/cs\/wp-json\/wp\/v2\/product_cat?post=28498"},{"taxonomy":"product_tag","embeddable":true,"href":"https:\/\/www.megastitch.eu\/cs\/wp-json\/wp\/v2\/product_tag?post=28498"}],"curies":[{"name":"wp","href":"https:\/\/api.w.org\/{rel}","templated":true}]}}