	{"id":28504,"date":"2023-05-25T17:56:28","date_gmt":"2023-05-25T15:56:28","guid":{"rendered":"https:\/\/www.megastitch.eu\/?post_type=product&#038;p=28504"},"modified":"2026-01-19T10:40:25","modified_gmt":"2026-01-19T09:40:25","slug":"jesenny-pariz","status":"publish","type":"product","link":"https:\/\/www.megastitch.eu\/cs\/obchod\/predlohy-na-vysivanie\/velke-predlohy\/jesenny-pariz\/","title":{"rendered":"Jesenn\u00fd Par\u00ed\u017e"},"content":{"rendered":"<div class=\"nolwrap\"><p class=\"Standard\" style=\"margin-bottom: 0cm\">Par\u00ed\u017e je mesto priam stvoren\u00e9 na potulky. Mnoho fascinuj\u00facich k\u00fatov stoj\u00ed za n\u00e1v\u0161tevu.<\/p>\n<p class=\"Standard\" style=\"margin-bottom: 0cm\">Poprech\u00e1dzajte sa s ihlou v ruke t\u00fdmi najzn\u00e1mej\u0161\u00edmi miestami, ako je Eifelova ve\u017ea, M\u00fazeum Louvre, V\u00ed\u0165azn\u00fd obl\u00fak \u010di najstar\u0161\u00ed dochovan\u00fd most Pont Neuf.<\/p>\n<p class=\"Standard\" style=\"margin-bottom: 0cm\">Jesenn\u00e9 farby len pod\u010diarknu dokonal\u00fa atmosf\u00e9ru, ktor\u00fa v\u00e1m v\u00fd\u0161ivka nav\u017edy pripomenie.<\/p>\n<p>Autor ilustr\u00e1cie: <a title=\"Toma Reznichenko\" href=\"https:\/\/vk.com\/akvarelnaya_nit\">Toma Reznichenko<\/a><\/p>\n<p>Autorka predlohy: <strong>M\u00e1ria Erbenov\u00e1\u00a0<\/strong><br \/>\n<strong>Po\u010det kr\u00ed\u017eikov: 154 x 153<\/strong><\/p>\n<p><strong>Rozmer l\u00e1tky: 27.94 x 27.76 cm<\/strong><br \/>\n<strong>L\u00e1tka<\/strong>: 14 ct\u00a0 aida<br \/>\n<strong>Bavlnky: <\/strong>DMC<br \/>\n<strong>Po\u010det farieb: <\/strong>46 a 8 blendov<br \/>\n<strong>Pou\u017eit\u00e9 techniky: <\/strong>kr\u00ed\u017eiky, ob\u0161\u00edvanie, franc\u00fazske uzl\u00edky<\/p>\n<h4>S\u00fabory na stiahnutie:<\/h4>\n<ul>\n<li><strong>pdf s\u00fabor<\/strong>\n<ul>\n<li style=\"list-style-type: none\">\n<ul>\n<li>v \u010dierno-bielej verzii &#8211; s ob\u0161\u00edvan\u00edm a bez ob\u0161\u00edvania,<\/li>\n<\/ul>\n<\/li>\n<\/ul>\n<h4>Inform\u00e1cie o predlohe:<\/h4>\n<ul>\n<li>vo farebnej verzii &#8211; s ob\u0161\u00edvan\u00edm a bez ob\u0161\u00edvania<\/li>\n<\/ul>\n<\/li>\n<li><strong>cssaga s\u00fabor<\/strong><\/li>\n<\/ul>\n<\/div>","protected":false},"excerpt":{"rendered":"<h4><span style=\"font-weight: 400\"><strong>Romantick\u00e1 predloha zn\u00e1mych z\u00e1kut\u00ed Par\u00ed\u017ea odet\u00e1 do jesenn\u00fdch farieb.<\/strong>\u00a0<\/span><\/h4>\n<p><strong>Po\u010det kr\u00ed\u017eikov: 154 x 153<\/strong><br \/>\n<strong>Rozmer l\u00e1tky: 27.94 x 27.76 cm<\/strong><br \/>\n<strong>L\u00e1tka<\/strong>: 14 ct\u00a0 Aida<br \/>\n<strong>Bavlnky: <\/strong>DMC<br \/>\n<strong>Po\u010det farieb: <\/strong>46 + 8 blendov<br \/>\n<strong>Pou\u017eit\u00e9 techniky:<\/strong> kr\u00ed\u017eiky, ob\u0161\u00edvanie, franc\u00fazske uzl\u00edky<\/p>\n","protected":false},"featured_media":28546,"comment_status":"open","ping_status":"closed","template":"","meta":{"_uag_custom_page_level_css":"","ngg_post_thumbnail":0},"product_cat":[131,247],"product_tag":[289,318,250,48],"aioseo_notices":[],"featured_image_urls":{"full":["https:\/\/www.megastitch.eu\/wp-content\/uploads\/2023\/05\/autum_Paris_frame_ss_1500.jpg",1500,1493,false],"thumbnail":["https:\/\/www.megastitch.eu\/wp-content\/uploads\/2023\/05\/autum_Paris_frame_ss_1500-150x150.jpg",150,150,true],"medium":["https:\/\/www.megastitch.eu\/wp-content\/uploads\/2023\/05\/autum_Paris_frame_ss_1500-300x300.jpg",300,300,true],"medium_large":["https:\/\/www.megastitch.eu\/wp-content\/uploads\/2023\/05\/autum_Paris_frame_ss_1500-768x764.jpg",768,764,true],"large":["https:\/\/www.megastitch.eu\/wp-content\/uploads\/2023\/05\/autum_Paris_frame_ss_1500-1024x1019.jpg",1024,1019,true],"1536x1536":["https:\/\/www.megastitch.eu\/wp-content\/uploads\/2023\/05\/autum_Paris_frame_ss_1500.jpg",1500,1493,false],"2048x2048":["https:\/\/www.megastitch.eu\/wp-content\/uploads\/2023\/05\/autum_Paris_frame_ss_1500.jpg",1500,1493,false],"ultp_layout_landscape_large":["https:\/\/www.megastitch.eu\/wp-content\/uploads\/2023\/05\/autum_Paris_frame_ss_1500-1200x800.jpg",1200,800,true],"ultp_layout_landscape":["https:\/\/www.megastitch.eu\/wp-content\/uploads\/2023\/05\/autum_Paris_frame_ss_1500-870x570.jpg",870,570,true],"ultp_layout_portrait":["https:\/\/www.megastitch.eu\/wp-content\/uploads\/2023\/05\/autum_Paris_frame_ss_1500-600x900.jpg",600,900,true],"ultp_layout_square":["https:\/\/www.megastitch.eu\/wp-content\/uploads\/2023\/05\/autum_Paris_frame_ss_1500-600x600.jpg",600,600,true],"molla_post-grid":["https:\/\/www.megastitch.eu\/wp-content\/uploads\/2023\/05\/autum_Paris_frame_ss_1500-400x267.jpg",400,267,true],"woocommerce_thumbnail":["https:\/\/www.megastitch.eu\/wp-content\/uploads\/2023\/05\/autum_Paris_frame_ss_1500-300x299.jpg",300,299,true],"woocommerce_single":["https:\/\/www.megastitch.eu\/wp-content\/uploads\/2023\/05\/autum_Paris_frame_ss_1500-600x597.jpg",600,597,true],"woocommerce_gallery_thumbnail":["https:\/\/www.megastitch.eu\/wp-content\/uploads\/2023\/05\/autum_Paris_frame_ss_1500-100x100.jpg",100,100,true]},"post_excerpt_stackable":"<h4><span style=\"font-weight: 400\"><strong>Romantick\u00e1 predloha zn\u00e1mych z\u00e1kut\u00ed Par\u00ed\u017ea odet\u00e1 do jesenn\u00fdch farieb.<\/strong>\u00a0<\/span><\/h4>\n<p><strong>Po\u010det kr\u00ed\u017eikov: 154 x 153<\/strong><br \/>\n<strong>Rozmer l\u00e1tky: 27.94 x 27.76 cm<\/strong><br \/>\n<strong>L\u00e1tka<\/strong>: 14 ct\u00a0 Aida<br \/>\n<strong>Bavlnky: <\/strong>DMC<br \/>\n<strong>Po\u010det farieb: <\/strong>46 + 8 blendov<br \/>\n<strong>Pou\u017eit\u00e9 techniky:<\/strong> kr\u00ed\u017eiky, ob\u0161\u00edvanie, franc\u00fazske uzl\u00edky<\/p>\n","category_list":"","author_info":{"name":"","url":""},"comments_num":"0 comments","featured_image_urls_v2":{"full":["https:\/\/www.megastitch.eu\/wp-content\/uploads\/2023\/05\/autum_Paris_frame_ss_1500.jpg",1500,1493,false],"thumbnail":["https:\/\/www.megastitch.eu\/wp-content\/uploads\/2023\/05\/autum_Paris_frame_ss_1500-150x150.jpg",150,150,true],"medium":["https:\/\/www.megastitch.eu\/wp-content\/uploads\/2023\/05\/autum_Paris_frame_ss_1500-300x300.jpg",300,300,true],"medium_large":["https:\/\/www.megastitch.eu\/wp-content\/uploads\/2023\/05\/autum_Paris_frame_ss_1500-768x764.jpg",768,764,true],"large":["https:\/\/www.megastitch.eu\/wp-content\/uploads\/2023\/05\/autum_Paris_frame_ss_1500-1024x1019.jpg",1024,1019,true],"1536x1536":["https:\/\/www.megastitch.eu\/wp-content\/uploads\/2023\/05\/autum_Paris_frame_ss_1500.jpg",1500,1493,false],"2048x2048":["https:\/\/www.megastitch.eu\/wp-content\/uploads\/2023\/05\/autum_Paris_frame_ss_1500.jpg",1500,1493,false],"ultp_layout_landscape_large":["https:\/\/www.megastitch.eu\/wp-content\/uploads\/2023\/05\/autum_Paris_frame_ss_1500-1200x800.jpg",1200,800,true],"ultp_layout_landscape":["https:\/\/www.megastitch.eu\/wp-content\/uploads\/2023\/05\/autum_Paris_frame_ss_1500-870x570.jpg",870,570,true],"ultp_layout_portrait":["https:\/\/www.megastitch.eu\/wp-content\/uploads\/2023\/05\/autum_Paris_frame_ss_1500-600x900.jpg",600,900,true],"ultp_layout_square":["https:\/\/www.megastitch.eu\/wp-content\/uploads\/2023\/05\/autum_Paris_frame_ss_1500-600x600.jpg",600,600,true],"molla_post-grid":["https:\/\/www.megastitch.eu\/wp-content\/uploads\/2023\/05\/autum_Paris_frame_ss_1500-400x267.jpg",400,267,true],"woocommerce_thumbnail":["https:\/\/www.megastitch.eu\/wp-content\/uploads\/2023\/05\/autum_Paris_frame_ss_1500-300x299.jpg",300,299,true],"woocommerce_single":["https:\/\/www.megastitch.eu\/wp-content\/uploads\/2023\/05\/autum_Paris_frame_ss_1500-600x597.jpg",600,597,true],"woocommerce_gallery_thumbnail":["https:\/\/www.megastitch.eu\/wp-content\/uploads\/2023\/05\/autum_Paris_frame_ss_1500-100x100.jpg",100,100,true]},"post_excerpt_stackable_v2":"<h4><span style=\"font-weight: 400\"><strong>Romantick\u00e1 predloha zn\u00e1mych z\u00e1kut\u00ed Par\u00ed\u017ea odet\u00e1 do jesenn\u00fdch farieb.<\/strong>\u00a0<\/span><\/h4>\n<p><strong>Po\u010det kr\u00ed\u017eikov: 154 x 153<\/strong><br \/>\n<strong>Rozmer l\u00e1tky: 27.94 x 27.76 cm<\/strong><br \/>\n<strong>L\u00e1tka<\/strong>: 14 ct\u00a0 Aida<br \/>\n<strong>Bavlnky: <\/strong>DMC<br \/>\n<strong>Po\u010det farieb: <\/strong>46 + 8 blendov<br \/>\n<strong>Pou\u017eit\u00e9 techniky:<\/strong> kr\u00ed\u017eiky, ob\u0161\u00edvanie, franc\u00fazske uzl\u00edky<\/p>\n","category_list_v2":"","author_info_v2":{"name":"","url":""},"comments_num_v2":"0 comments","uagb_featured_image_src":{"full":["https:\/\/www.megastitch.eu\/wp-content\/uploads\/2023\/05\/autum_Paris_frame_ss_1500.jpg",1500,1493,false],"thumbnail":["https:\/\/www.megastitch.eu\/wp-content\/uploads\/2023\/05\/autum_Paris_frame_ss_1500-150x150.jpg",150,150,true],"medium":["https:\/\/www.megastitch.eu\/wp-content\/uploads\/2023\/05\/autum_Paris_frame_ss_1500-300x300.jpg",300,300,true],"medium_large":["https:\/\/www.megastitch.eu\/wp-content\/uploads\/2023\/05\/autum_Paris_frame_ss_1500-768x764.jpg",768,764,true],"large":["https:\/\/www.megastitch.eu\/wp-content\/uploads\/2023\/05\/autum_Paris_frame_ss_1500-1024x1019.jpg",1024,1019,true],"1536x1536":["https:\/\/www.megastitch.eu\/wp-content\/uploads\/2023\/05\/autum_Paris_frame_ss_1500.jpg",1500,1493,false],"2048x2048":["https:\/\/www.megastitch.eu\/wp-content\/uploads\/2023\/05\/autum_Paris_frame_ss_1500.jpg",1500,1493,false],"ultp_layout_landscape_large":["https:\/\/www.megastitch.eu\/wp-content\/uploads\/2023\/05\/autum_Paris_frame_ss_1500-1200x800.jpg",1200,800,true],"ultp_layout_landscape":["https:\/\/www.megastitch.eu\/wp-content\/uploads\/2023\/05\/autum_Paris_frame_ss_1500-870x570.jpg",870,570,true],"ultp_layout_portrait":["https:\/\/www.megastitch.eu\/wp-content\/uploads\/2023\/05\/autum_Paris_frame_ss_1500-600x900.jpg",600,900,true],"ultp_layout_square":["https:\/\/www.megastitch.eu\/wp-content\/uploads\/2023\/05\/autum_Paris_frame_ss_1500-600x600.jpg",600,600,true],"molla_post-grid":["https:\/\/www.megastitch.eu\/wp-content\/uploads\/2023\/05\/autum_Paris_frame_ss_1500-400x267.jpg",400,267,true],"woocommerce_thumbnail":["https:\/\/www.megastitch.eu\/wp-content\/uploads\/2023\/05\/autum_Paris_frame_ss_1500-300x299.jpg",300,299,true],"woocommerce_single":["https:\/\/www.megastitch.eu\/wp-content\/uploads\/2023\/05\/autum_Paris_frame_ss_1500-600x597.jpg",600,597,true],"woocommerce_gallery_thumbnail":["https:\/\/www.megastitch.eu\/wp-content\/uploads\/2023\/05\/autum_Paris_frame_ss_1500-100x100.jpg",100,100,true]},"uagb_author_info":{"display_name":"pagacova","author_link":"https:\/\/www.megastitch.eu\/cs\/author\/"},"uagb_comment_info":0,"uagb_excerpt":"Romantick\u00e1 predloha zn\u00e1mych z\u00e1kut\u00ed Par\u00ed\u017ea odet\u00e1 do jesenn\u00fdch farieb.\u00a0 Po\u010det kr\u00ed\u017eikov: 154 x 153 Rozmer l\u00e1tky: 27.94 x 27.76 cm L\u00e1tka: 14 ct\u00a0 Aida Bavlnky: DMC Po\u010det farieb: 46 + 8 blendov Pou\u017eit\u00e9 techniky: kr\u00ed\u017eiky, ob\u0161\u00edvanie, franc\u00fazske uzl\u00edky","_links":{"self":[{"href":"https:\/\/www.megastitch.eu\/cs\/wp-json\/wp\/v2\/product\/28504"}],"collection":[{"href":"https:\/\/www.megastitch.eu\/cs\/wp-json\/wp\/v2\/product"}],"about":[{"href":"https:\/\/www.megastitch.eu\/cs\/wp-json\/wp\/v2\/types\/product"}],"replies":[{"embeddable":true,"href":"https:\/\/www.megastitch.eu\/cs\/wp-json\/wp\/v2\/comments?post=28504"}],"wp:featuredmedia":[{"embeddable":true,"href":"https:\/\/www.megastitch.eu\/cs\/wp-json\/wp\/v2\/media\/28546"}],"wp:attachment":[{"href":"https:\/\/www.megastitch.eu\/cs\/wp-json\/wp\/v2\/media?parent=28504"}],"wp:term":[{"taxonomy":"product_cat","embeddable":true,"href":"https:\/\/www.megastitch.eu\/cs\/wp-json\/wp\/v2\/product_cat?post=28504"},{"taxonomy":"product_tag","embeddable":true,"href":"https:\/\/www.megastitch.eu\/cs\/wp-json\/wp\/v2\/product_tag?post=28504"}],"curies":[{"name":"wp","href":"https:\/\/api.w.org\/{rel}","templated":true}]}}