	{"id":28552,"date":"2023-06-22T14:41:41","date_gmt":"2023-06-22T12:41:41","guid":{"rendered":"https:\/\/www.megastitch.eu\/?post_type=product&#038;p=28552"},"modified":"2023-06-22T15:31:43","modified_gmt":"2023-06-22T13:31:43","slug":"letny-sen","status":"publish","type":"product","link":"https:\/\/www.megastitch.eu\/cs\/obchod\/predlohy-na-vysivanie\/male-predlohy\/letny-sen\/","title":{"rendered":"Letn\u00fd sen"},"content":{"rendered":"<div class=\"nolwrap\"><p class=\"Standard\" style=\"margin-bottom: 0cm\">Poh\u013ead cez k\u013e\u00fa\u010dov\u00fa dierku na pl\u00e1\u017e nesta\u010d\u00ed. Kto by chcel zosta\u0165 sedie\u0165 za zatvoren\u00fdmi dverami?<\/p>\n<\/p>\n<p>Je l\u00e1kav\u00e9 ich otvori\u0165 a u\u017ei\u0165 si t\u00fa prav\u00fa letn\u00fa z\u00e1bavu. Hojda\u0165 sa na vln\u00e1ch, hra\u0165 pl\u00e1\u017eov\u00fd volejbal, osvie\u017ei\u0165 sa \u0161\u0165avnat\u00fdm mel\u00f3nom a nazbiera\u0165 si mu\u0161le. Potom sa schladi\u0165 v tieni p\u00e1lm, vdychova\u0165 vo\u0148av\u00fd morsk\u00fd vzduch a mo\u017eno vy\u0161\u00edva\u0165.<\/p>\n<p>Vy\u0161ite si ho na dreven\u00fd podklad v tvare k\u013e\u00fa\u010dovej dierky. Uchov\u00e1te si tak t\u00fato n\u00e1dhern\u00fa spomienku aj v podobe v\u00fd\u0161ivky.<\/p>\n<p>Autorka predlohy: <strong>M\u00e1ria Erbenov\u00e1\u00a0<\/strong><br \/>\n<strong>Po\u010det kr\u00ed\u017eikov: 30 x 53<\/strong><br \/>\n<strong>Rozmer l\u00e1tky: <\/strong>5.44 x 9.62 cm<br \/>\n<strong>L\u00e1tka<\/strong>: 14 ct\u00a0 aida<br \/>\n<strong>Bavlnky: <\/strong>DMC<br \/>\n<strong>Po\u010det farieb: <\/strong>31 a 4 blendy<br \/>\n<strong>Pou\u017eit\u00e9 techniky: <\/strong>kr\u00ed\u017eiky, ob\u0161\u00edvanie<\/p>\n<h4>S\u00fabory na stiahnutie:<\/h4>\n<ul>\n<li><strong>pdf s\u00fabor<\/strong>\n<ul>\n<li style=\"list-style-type: none\">\n<ul>\n<li>v \u010dierno-bielej verzii &#8211; s ob\u0161\u00edvan\u00edm a bez ob\u0161\u00edvania,<\/li>\n<\/ul>\n<\/li>\n<\/ul>\n<h4>Inform\u00e1cie o predlohe:<\/h4>\n<ul>\n<li>vo farebnej verzii &#8211; s ob\u0161\u00edvan\u00edm a bez ob\u0161\u00edvania<\/li>\n<\/ul>\n<\/li>\n<li><strong>cssaga s\u00fabor<\/strong><\/li>\n<\/ul>\n<\/div>","protected":false},"excerpt":{"rendered":"<p>Letn\u00e1 dovolenkov\u00e1 predloha pln\u00e1 pl\u00e1\u017eovej z\u00e1bavy, l\u00e1ka na oddych a dobrodru\u017estvo.<\/p>\n<p><strong>Po\u010det kr\u00ed\u017eikov: 33 x 53<\/strong><br \/>\n<strong>Rozmer l\u00e1tky: 5.44 x 9.62 cm<\/strong><br \/>\n<strong>L\u00e1tka<\/strong>: 14 ct\u00a0 Aida<br \/>\n<strong>Bavlnky: <\/strong>DMC<br \/>\n<strong>Po\u010det farieb: <\/strong>31 + 4 blendy<br \/>\n<strong>Pou\u017eit\u00e9 techniky:<\/strong> kr\u00ed\u017eiky, ob\u0161\u00edvanie<\/p>\n","protected":false},"featured_media":28555,"comment_status":"open","ping_status":"closed","template":"","meta":{"_uag_custom_page_level_css":"","ngg_post_thumbnail":0},"product_cat":[243,134,131],"product_tag":[289,319,291,227,143],"aioseo_notices":[],"featured_image_urls":{"full":["https:\/\/www.megastitch.eu\/wp-content\/uploads\/2023\/06\/summer_dream._frame_ss.jpg",876,1098,false],"thumbnail":["https:\/\/www.megastitch.eu\/wp-content\/uploads\/2023\/06\/summer_dream._frame_ss-150x150.jpg",150,150,true],"medium":["https:\/\/www.megastitch.eu\/wp-content\/uploads\/2023\/06\/summer_dream._frame_ss-239x300.jpg",239,300,true],"medium_large":["https:\/\/www.megastitch.eu\/wp-content\/uploads\/2023\/06\/summer_dream._frame_ss-768x963.jpg",768,963,true],"large":["https:\/\/www.megastitch.eu\/wp-content\/uploads\/2023\/06\/summer_dream._frame_ss-817x1024.jpg",817,1024,true],"1536x1536":["https:\/\/www.megastitch.eu\/wp-content\/uploads\/2023\/06\/summer_dream._frame_ss.jpg",876,1098,false],"2048x2048":["https:\/\/www.megastitch.eu\/wp-content\/uploads\/2023\/06\/summer_dream._frame_ss.jpg",876,1098,false],"ultp_layout_landscape_large":["https:\/\/www.megastitch.eu\/wp-content\/uploads\/2023\/06\/summer_dream._frame_ss-876x800.jpg",876,800,true],"ultp_layout_landscape":["https:\/\/www.megastitch.eu\/wp-content\/uploads\/2023\/06\/summer_dream._frame_ss-870x570.jpg",870,570,true],"ultp_layout_portrait":["https:\/\/www.megastitch.eu\/wp-content\/uploads\/2023\/06\/summer_dream._frame_ss-600x900.jpg",600,900,true],"ultp_layout_square":["https:\/\/www.megastitch.eu\/wp-content\/uploads\/2023\/06\/summer_dream._frame_ss-600x600.jpg",600,600,true],"molla_post-grid":["https:\/\/www.megastitch.eu\/wp-content\/uploads\/2023\/06\/summer_dream._frame_ss-400x267.jpg",400,267,true],"woocommerce_thumbnail":["https:\/\/www.megastitch.eu\/wp-content\/uploads\/2023\/06\/summer_dream._frame_ss-300x376.jpg",300,376,true],"woocommerce_single":["https:\/\/www.megastitch.eu\/wp-content\/uploads\/2023\/06\/summer_dream._frame_ss-600x752.jpg",600,752,true],"woocommerce_gallery_thumbnail":["https:\/\/www.megastitch.eu\/wp-content\/uploads\/2023\/06\/summer_dream._frame_ss-100x100.jpg",100,100,true]},"post_excerpt_stackable":"<p>Letn\u00e1 dovolenkov\u00e1 predloha pln\u00e1 pl\u00e1\u017eovej z\u00e1bavy, l\u00e1ka na oddych a dobrodru\u017estvo.<\/p>\n<p><strong>Po\u010det kr\u00ed\u017eikov: 33 x 53<\/strong><br \/>\n<strong>Rozmer l\u00e1tky: 5.44 x 9.62 cm<\/strong><br \/>\n<strong>L\u00e1tka<\/strong>: 14 ct\u00a0 Aida<br \/>\n<strong>Bavlnky: <\/strong>DMC<br \/>\n<strong>Po\u010det farieb: <\/strong>31 + 4 blendy<br \/>\n<strong>Pou\u017eit\u00e9 techniky:<\/strong> kr\u00ed\u017eiky, ob\u0161\u00edvanie<\/p>\n","category_list":"","author_info":{"name":"","url":""},"comments_num":"0 comments","featured_image_urls_v2":{"full":["https:\/\/www.megastitch.eu\/wp-content\/uploads\/2023\/06\/summer_dream._frame_ss.jpg",876,1098,false],"thumbnail":["https:\/\/www.megastitch.eu\/wp-content\/uploads\/2023\/06\/summer_dream._frame_ss-150x150.jpg",150,150,true],"medium":["https:\/\/www.megastitch.eu\/wp-content\/uploads\/2023\/06\/summer_dream._frame_ss-239x300.jpg",239,300,true],"medium_large":["https:\/\/www.megastitch.eu\/wp-content\/uploads\/2023\/06\/summer_dream._frame_ss-768x963.jpg",768,963,true],"large":["https:\/\/www.megastitch.eu\/wp-content\/uploads\/2023\/06\/summer_dream._frame_ss-817x1024.jpg",817,1024,true],"1536x1536":["https:\/\/www.megastitch.eu\/wp-content\/uploads\/2023\/06\/summer_dream._frame_ss.jpg",876,1098,false],"2048x2048":["https:\/\/www.megastitch.eu\/wp-content\/uploads\/2023\/06\/summer_dream._frame_ss.jpg",876,1098,false],"ultp_layout_landscape_large":["https:\/\/www.megastitch.eu\/wp-content\/uploads\/2023\/06\/summer_dream._frame_ss-876x800.jpg",876,800,true],"ultp_layout_landscape":["https:\/\/www.megastitch.eu\/wp-content\/uploads\/2023\/06\/summer_dream._frame_ss-870x570.jpg",870,570,true],"ultp_layout_portrait":["https:\/\/www.megastitch.eu\/wp-content\/uploads\/2023\/06\/summer_dream._frame_ss-600x900.jpg",600,900,true],"ultp_layout_square":["https:\/\/www.megastitch.eu\/wp-content\/uploads\/2023\/06\/summer_dream._frame_ss-600x600.jpg",600,600,true],"molla_post-grid":["https:\/\/www.megastitch.eu\/wp-content\/uploads\/2023\/06\/summer_dream._frame_ss-400x267.jpg",400,267,true],"woocommerce_thumbnail":["https:\/\/www.megastitch.eu\/wp-content\/uploads\/2023\/06\/summer_dream._frame_ss-300x376.jpg",300,376,true],"woocommerce_single":["https:\/\/www.megastitch.eu\/wp-content\/uploads\/2023\/06\/summer_dream._frame_ss-600x752.jpg",600,752,true],"woocommerce_gallery_thumbnail":["https:\/\/www.megastitch.eu\/wp-content\/uploads\/2023\/06\/summer_dream._frame_ss-100x100.jpg",100,100,true]},"post_excerpt_stackable_v2":"<p>Letn\u00e1 dovolenkov\u00e1 predloha pln\u00e1 pl\u00e1\u017eovej z\u00e1bavy, l\u00e1ka na oddych a dobrodru\u017estvo.<\/p>\n<p><strong>Po\u010det kr\u00ed\u017eikov: 33 x 53<\/strong><br \/>\n<strong>Rozmer l\u00e1tky: 5.44 x 9.62 cm<\/strong><br \/>\n<strong>L\u00e1tka<\/strong>: 14 ct\u00a0 Aida<br \/>\n<strong>Bavlnky: <\/strong>DMC<br \/>\n<strong>Po\u010det farieb: <\/strong>31 + 4 blendy<br \/>\n<strong>Pou\u017eit\u00e9 techniky:<\/strong> kr\u00ed\u017eiky, ob\u0161\u00edvanie<\/p>\n","category_list_v2":"","author_info_v2":{"name":"","url":""},"comments_num_v2":"0 comments","uagb_featured_image_src":{"full":["https:\/\/www.megastitch.eu\/wp-content\/uploads\/2023\/06\/summer_dream._frame_ss.jpg",876,1098,false],"thumbnail":["https:\/\/www.megastitch.eu\/wp-content\/uploads\/2023\/06\/summer_dream._frame_ss-150x150.jpg",150,150,true],"medium":["https:\/\/www.megastitch.eu\/wp-content\/uploads\/2023\/06\/summer_dream._frame_ss-239x300.jpg",239,300,true],"medium_large":["https:\/\/www.megastitch.eu\/wp-content\/uploads\/2023\/06\/summer_dream._frame_ss-768x963.jpg",768,963,true],"large":["https:\/\/www.megastitch.eu\/wp-content\/uploads\/2023\/06\/summer_dream._frame_ss-817x1024.jpg",817,1024,true],"1536x1536":["https:\/\/www.megastitch.eu\/wp-content\/uploads\/2023\/06\/summer_dream._frame_ss.jpg",876,1098,false],"2048x2048":["https:\/\/www.megastitch.eu\/wp-content\/uploads\/2023\/06\/summer_dream._frame_ss.jpg",876,1098,false],"ultp_layout_landscape_large":["https:\/\/www.megastitch.eu\/wp-content\/uploads\/2023\/06\/summer_dream._frame_ss-876x800.jpg",876,800,true],"ultp_layout_landscape":["https:\/\/www.megastitch.eu\/wp-content\/uploads\/2023\/06\/summer_dream._frame_ss-870x570.jpg",870,570,true],"ultp_layout_portrait":["https:\/\/www.megastitch.eu\/wp-content\/uploads\/2023\/06\/summer_dream._frame_ss-600x900.jpg",600,900,true],"ultp_layout_square":["https:\/\/www.megastitch.eu\/wp-content\/uploads\/2023\/06\/summer_dream._frame_ss-600x600.jpg",600,600,true],"molla_post-grid":["https:\/\/www.megastitch.eu\/wp-content\/uploads\/2023\/06\/summer_dream._frame_ss-400x267.jpg",400,267,true],"woocommerce_thumbnail":["https:\/\/www.megastitch.eu\/wp-content\/uploads\/2023\/06\/summer_dream._frame_ss-300x376.jpg",300,376,true],"woocommerce_single":["https:\/\/www.megastitch.eu\/wp-content\/uploads\/2023\/06\/summer_dream._frame_ss-600x752.jpg",600,752,true],"woocommerce_gallery_thumbnail":["https:\/\/www.megastitch.eu\/wp-content\/uploads\/2023\/06\/summer_dream._frame_ss-100x100.jpg",100,100,true]},"uagb_author_info":{"display_name":"pagacova","author_link":"https:\/\/www.megastitch.eu\/cs\/author\/"},"uagb_comment_info":0,"uagb_excerpt":"Letn\u00e1 dovolenkov\u00e1 predloha pln\u00e1 pl\u00e1\u017eovej z\u00e1bavy, l\u00e1ka na oddych a dobrodru\u017estvo. Po\u010det kr\u00ed\u017eikov: 33 x 53 Rozmer l\u00e1tky: 5.44 x 9.62 cm L\u00e1tka: 14 ct\u00a0 Aida Bavlnky: DMC Po\u010det farieb: 31 + 4 blendy Pou\u017eit\u00e9 techniky: kr\u00ed\u017eiky, ob\u0161\u00edvanie","_links":{"self":[{"href":"https:\/\/www.megastitch.eu\/cs\/wp-json\/wp\/v2\/product\/28552"}],"collection":[{"href":"https:\/\/www.megastitch.eu\/cs\/wp-json\/wp\/v2\/product"}],"about":[{"href":"https:\/\/www.megastitch.eu\/cs\/wp-json\/wp\/v2\/types\/product"}],"replies":[{"embeddable":true,"href":"https:\/\/www.megastitch.eu\/cs\/wp-json\/wp\/v2\/comments?post=28552"}],"wp:featuredmedia":[{"embeddable":true,"href":"https:\/\/www.megastitch.eu\/cs\/wp-json\/wp\/v2\/media\/28555"}],"wp:attachment":[{"href":"https:\/\/www.megastitch.eu\/cs\/wp-json\/wp\/v2\/media?parent=28552"}],"wp:term":[{"taxonomy":"product_cat","embeddable":true,"href":"https:\/\/www.megastitch.eu\/cs\/wp-json\/wp\/v2\/product_cat?post=28552"},{"taxonomy":"product_tag","embeddable":true,"href":"https:\/\/www.megastitch.eu\/cs\/wp-json\/wp\/v2\/product_tag?post=28552"}],"curies":[{"name":"wp","href":"https:\/\/api.w.org\/{rel}","templated":true}]}}