	{"id":28707,"date":"2023-08-06T15:57:01","date_gmt":"2023-08-06T13:57:01","guid":{"rendered":"https:\/\/www.megastitch.eu\/?post_type=product&#038;p=28707"},"modified":"2025-11-11T11:51:56","modified_gmt":"2025-11-11T10:51:56","slug":"medved-na-rybach","status":"publish","type":"product","link":"https:\/\/www.megastitch.eu\/cs\/obchod\/predlohy-na-vysivanie\/stredne-predlohy\/medved-na-rybach\/","title":{"rendered":"Medve\u010f na ryb\u00e1ch"},"content":{"rendered":"<div class=\"nolwrap\"><p>Predstavte si de\u0148 str\u00e1ven\u00fd pri vode, v pokoji a v tichu. Vn\u00edmate len \u017eblnkot vody a svoj pokojn\u00fd dych. Spolo\u010dnos\u0165 v\u00e1m rob\u00ed hu\u0148at\u00fd kamar\u00e1t s dobr\u00fdm srdcom a l\u00e1skav\u00fdm poh\u013eadom. Mo\u017eno chyt\u00ed zlat\u00fa rybku a podel\u00ed sa s vami o svoje \u017eelania.<\/p>\n<p>Ak\u00e9 by bolo va\u0161e prianie? Mo\u017eno, pote\u0161i\u0165 in\u00fdch. Darujte hotov\u00fa v\u00fd\u0161ivku ve\u013ek\u00e9mu, \u010di mal\u00e9mu ryb\u00e1rovi.<\/p>\n<p>Autorka predlohy: <strong>M\u00e1ria Erbenov\u00e1\u00a0<\/strong><br \/>\n<strong>Po\u010det kr\u00ed\u017eikov: 95 x 96<\/strong><br \/>\n<strong>Rozmer l\u00e1tky: <\/strong>17.24 x 17.42 cm<br \/>\n<strong>L\u00e1tka<\/strong>: 14 ct\u00a0 aida<br \/>\n<strong>Bavlnky: <\/strong>DMC<br \/>\n<strong>Po\u010det farieb: <\/strong>21 a 7 blendy<br \/>\n<strong>Pou\u017eit\u00e9 techniky: <\/strong>kr\u00ed\u017eiky, polkr\u00ed\u017eiky, ob\u0161\u00edvanie, franc\u00fazske uzl\u00edky<\/p>\n<h4>S\u00fabory na stiahnutie:<\/h4>\n<ul>\n<li><strong>pdf s\u00fabor<\/strong>\n<ul>\n<li style=\"list-style-type: none\">\n<ul>\n<li>v \u010dierno-bielej verzii &#8211; s ob\u0161\u00edvan\u00edm a bez ob\u0161\u00edvania,<\/li>\n<\/ul>\n<\/li>\n<\/ul>\n<h4>Inform\u00e1cie o predlohe:<\/h4>\n<ul>\n<li>vo farebnej verzii &#8211; s ob\u0161\u00edvan\u00edm a bez ob\u0161\u00edvania<\/li>\n<\/ul>\n<\/li>\n<li><strong>cssaga s\u00fabor<\/strong><\/li>\n<\/ul>\n<\/div>","protected":false},"excerpt":{"rendered":"<p>Str\u00e1vte pokojn\u00fd de\u0148 na ryb\u00e1ch s medve\u010fom a predlohou na kr\u00ed\u017eikov\u00e9 vy\u0161\u00edvanie.<\/p>\n<p><strong>Po\u010det kr\u00ed\u017eikov: 95 x 96<\/strong><br \/>\n<strong>Rozmer l\u00e1tky: 17.24 x 17.42 cm<\/strong><br \/>\n<strong>L\u00e1tka<\/strong>: 14 ct\u00a0 Aida<br \/>\n<strong>Bavlnky: <\/strong>DMC<br \/>\n<strong>Po\u010det farieb: <\/strong>21 + 7 blendy<br \/>\n<strong>Pou\u017eit\u00e9 techniky:<\/strong> kr\u00ed\u017eiky, polkr\u00ed\u017eiky, ob\u0161\u00edvanie, franc\u00fazske uzl\u00edky<\/p>\n","protected":false},"featured_media":29794,"comment_status":"open","ping_status":"closed","template":"","meta":{"_uag_custom_page_level_css":"","ngg_post_thumbnail":0},"product_cat":[243,131,138],"product_tag":[291,361,248,227],"aioseo_notices":[],"featured_image_urls":{"full":["https:\/\/www.megastitch.eu\/wp-content\/uploads\/2023\/08\/bear_on_the_fish_frame_ss_sm_web-1.jpg",1300,1308,false],"thumbnail":["https:\/\/www.megastitch.eu\/wp-content\/uploads\/2023\/08\/bear_on_the_fish_frame_ss_sm_web-1-150x150.jpg",150,150,true],"medium":["https:\/\/www.megastitch.eu\/wp-content\/uploads\/2023\/08\/bear_on_the_fish_frame_ss_sm_web-1-298x300.jpg",298,300,true],"medium_large":["https:\/\/www.megastitch.eu\/wp-content\/uploads\/2023\/08\/bear_on_the_fish_frame_ss_sm_web-1-768x773.jpg",768,773,true],"large":["https:\/\/www.megastitch.eu\/wp-content\/uploads\/2023\/08\/bear_on_the_fish_frame_ss_sm_web-1-1018x1024.jpg",1018,1024,true],"1536x1536":["https:\/\/www.megastitch.eu\/wp-content\/uploads\/2023\/08\/bear_on_the_fish_frame_ss_sm_web-1.jpg",1300,1308,false],"2048x2048":["https:\/\/www.megastitch.eu\/wp-content\/uploads\/2023\/08\/bear_on_the_fish_frame_ss_sm_web-1.jpg",1300,1308,false],"ultp_layout_landscape_large":["https:\/\/www.megastitch.eu\/wp-content\/uploads\/2023\/08\/bear_on_the_fish_frame_ss_sm_web-1-1200x800.jpg",1200,800,true],"ultp_layout_landscape":["https:\/\/www.megastitch.eu\/wp-content\/uploads\/2023\/08\/bear_on_the_fish_frame_ss_sm_web-1-870x570.jpg",870,570,true],"ultp_layout_portrait":["https:\/\/www.megastitch.eu\/wp-content\/uploads\/2023\/08\/bear_on_the_fish_frame_ss_sm_web-1-600x900.jpg",600,900,true],"ultp_layout_square":["https:\/\/www.megastitch.eu\/wp-content\/uploads\/2023\/08\/bear_on_the_fish_frame_ss_sm_web-1-600x600.jpg",600,600,true],"molla_post-grid":["https:\/\/www.megastitch.eu\/wp-content\/uploads\/2023\/08\/bear_on_the_fish_frame_ss_sm_web-1-400x267.jpg",400,267,true],"woocommerce_thumbnail":["https:\/\/www.megastitch.eu\/wp-content\/uploads\/2023\/08\/bear_on_the_fish_frame_ss_sm_web-1-300x302.jpg",300,302,true],"woocommerce_single":["https:\/\/www.megastitch.eu\/wp-content\/uploads\/2023\/08\/bear_on_the_fish_frame_ss_sm_web-1-600x604.jpg",600,604,true],"woocommerce_gallery_thumbnail":["https:\/\/www.megastitch.eu\/wp-content\/uploads\/2023\/08\/bear_on_the_fish_frame_ss_sm_web-1-100x100.jpg",100,100,true]},"post_excerpt_stackable":"<p>Str\u00e1vte pokojn\u00fd de\u0148 na ryb\u00e1ch s medve\u010fom a predlohou na kr\u00ed\u017eikov\u00e9 vy\u0161\u00edvanie.<\/p>\n<p><strong>Po\u010det kr\u00ed\u017eikov: 95 x 96<\/strong><br \/>\n<strong>Rozmer l\u00e1tky: 17.24 x 17.42 cm<\/strong><br \/>\n<strong>L\u00e1tka<\/strong>: 14 ct\u00a0 Aida<br \/>\n<strong>Bavlnky: <\/strong>DMC<br \/>\n<strong>Po\u010det farieb: <\/strong>21 + 7 blendy<br \/>\n<strong>Pou\u017eit\u00e9 techniky:<\/strong> kr\u00ed\u017eiky, polkr\u00ed\u017eiky, ob\u0161\u00edvanie, franc\u00fazske uzl\u00edky<\/p>\n","category_list":"","author_info":{"name":"","url":""},"comments_num":"0 comments","featured_image_urls_v2":{"full":["https:\/\/www.megastitch.eu\/wp-content\/uploads\/2023\/08\/bear_on_the_fish_frame_ss_sm_web-1.jpg",1300,1308,false],"thumbnail":["https:\/\/www.megastitch.eu\/wp-content\/uploads\/2023\/08\/bear_on_the_fish_frame_ss_sm_web-1-150x150.jpg",150,150,true],"medium":["https:\/\/www.megastitch.eu\/wp-content\/uploads\/2023\/08\/bear_on_the_fish_frame_ss_sm_web-1-298x300.jpg",298,300,true],"medium_large":["https:\/\/www.megastitch.eu\/wp-content\/uploads\/2023\/08\/bear_on_the_fish_frame_ss_sm_web-1-768x773.jpg",768,773,true],"large":["https:\/\/www.megastitch.eu\/wp-content\/uploads\/2023\/08\/bear_on_the_fish_frame_ss_sm_web-1-1018x1024.jpg",1018,1024,true],"1536x1536":["https:\/\/www.megastitch.eu\/wp-content\/uploads\/2023\/08\/bear_on_the_fish_frame_ss_sm_web-1.jpg",1300,1308,false],"2048x2048":["https:\/\/www.megastitch.eu\/wp-content\/uploads\/2023\/08\/bear_on_the_fish_frame_ss_sm_web-1.jpg",1300,1308,false],"ultp_layout_landscape_large":["https:\/\/www.megastitch.eu\/wp-content\/uploads\/2023\/08\/bear_on_the_fish_frame_ss_sm_web-1-1200x800.jpg",1200,800,true],"ultp_layout_landscape":["https:\/\/www.megastitch.eu\/wp-content\/uploads\/2023\/08\/bear_on_the_fish_frame_ss_sm_web-1-870x570.jpg",870,570,true],"ultp_layout_portrait":["https:\/\/www.megastitch.eu\/wp-content\/uploads\/2023\/08\/bear_on_the_fish_frame_ss_sm_web-1-600x900.jpg",600,900,true],"ultp_layout_square":["https:\/\/www.megastitch.eu\/wp-content\/uploads\/2023\/08\/bear_on_the_fish_frame_ss_sm_web-1-600x600.jpg",600,600,true],"molla_post-grid":["https:\/\/www.megastitch.eu\/wp-content\/uploads\/2023\/08\/bear_on_the_fish_frame_ss_sm_web-1-400x267.jpg",400,267,true],"woocommerce_thumbnail":["https:\/\/www.megastitch.eu\/wp-content\/uploads\/2023\/08\/bear_on_the_fish_frame_ss_sm_web-1-300x302.jpg",300,302,true],"woocommerce_single":["https:\/\/www.megastitch.eu\/wp-content\/uploads\/2023\/08\/bear_on_the_fish_frame_ss_sm_web-1-600x604.jpg",600,604,true],"woocommerce_gallery_thumbnail":["https:\/\/www.megastitch.eu\/wp-content\/uploads\/2023\/08\/bear_on_the_fish_frame_ss_sm_web-1-100x100.jpg",100,100,true]},"post_excerpt_stackable_v2":"<p>Str\u00e1vte pokojn\u00fd de\u0148 na ryb\u00e1ch s medve\u010fom a predlohou na kr\u00ed\u017eikov\u00e9 vy\u0161\u00edvanie.<\/p>\n<p><strong>Po\u010det kr\u00ed\u017eikov: 95 x 96<\/strong><br \/>\n<strong>Rozmer l\u00e1tky: 17.24 x 17.42 cm<\/strong><br \/>\n<strong>L\u00e1tka<\/strong>: 14 ct\u00a0 Aida<br \/>\n<strong>Bavlnky: <\/strong>DMC<br \/>\n<strong>Po\u010det farieb: <\/strong>21 + 7 blendy<br \/>\n<strong>Pou\u017eit\u00e9 techniky:<\/strong> kr\u00ed\u017eiky, polkr\u00ed\u017eiky, ob\u0161\u00edvanie, franc\u00fazske uzl\u00edky<\/p>\n","category_list_v2":"","author_info_v2":{"name":"","url":""},"comments_num_v2":"0 comments","uagb_featured_image_src":{"full":["https:\/\/www.megastitch.eu\/wp-content\/uploads\/2023\/08\/bear_on_the_fish_frame_ss_sm_web-1.jpg",1300,1308,false],"thumbnail":["https:\/\/www.megastitch.eu\/wp-content\/uploads\/2023\/08\/bear_on_the_fish_frame_ss_sm_web-1-150x150.jpg",150,150,true],"medium":["https:\/\/www.megastitch.eu\/wp-content\/uploads\/2023\/08\/bear_on_the_fish_frame_ss_sm_web-1-298x300.jpg",298,300,true],"medium_large":["https:\/\/www.megastitch.eu\/wp-content\/uploads\/2023\/08\/bear_on_the_fish_frame_ss_sm_web-1-768x773.jpg",768,773,true],"large":["https:\/\/www.megastitch.eu\/wp-content\/uploads\/2023\/08\/bear_on_the_fish_frame_ss_sm_web-1-1018x1024.jpg",1018,1024,true],"1536x1536":["https:\/\/www.megastitch.eu\/wp-content\/uploads\/2023\/08\/bear_on_the_fish_frame_ss_sm_web-1.jpg",1300,1308,false],"2048x2048":["https:\/\/www.megastitch.eu\/wp-content\/uploads\/2023\/08\/bear_on_the_fish_frame_ss_sm_web-1.jpg",1300,1308,false],"ultp_layout_landscape_large":["https:\/\/www.megastitch.eu\/wp-content\/uploads\/2023\/08\/bear_on_the_fish_frame_ss_sm_web-1-1200x800.jpg",1200,800,true],"ultp_layout_landscape":["https:\/\/www.megastitch.eu\/wp-content\/uploads\/2023\/08\/bear_on_the_fish_frame_ss_sm_web-1-870x570.jpg",870,570,true],"ultp_layout_portrait":["https:\/\/www.megastitch.eu\/wp-content\/uploads\/2023\/08\/bear_on_the_fish_frame_ss_sm_web-1-600x900.jpg",600,900,true],"ultp_layout_square":["https:\/\/www.megastitch.eu\/wp-content\/uploads\/2023\/08\/bear_on_the_fish_frame_ss_sm_web-1-600x600.jpg",600,600,true],"molla_post-grid":["https:\/\/www.megastitch.eu\/wp-content\/uploads\/2023\/08\/bear_on_the_fish_frame_ss_sm_web-1-400x267.jpg",400,267,true],"woocommerce_thumbnail":["https:\/\/www.megastitch.eu\/wp-content\/uploads\/2023\/08\/bear_on_the_fish_frame_ss_sm_web-1-300x302.jpg",300,302,true],"woocommerce_single":["https:\/\/www.megastitch.eu\/wp-content\/uploads\/2023\/08\/bear_on_the_fish_frame_ss_sm_web-1-600x604.jpg",600,604,true],"woocommerce_gallery_thumbnail":["https:\/\/www.megastitch.eu\/wp-content\/uploads\/2023\/08\/bear_on_the_fish_frame_ss_sm_web-1-100x100.jpg",100,100,true]},"uagb_author_info":{"display_name":"pagacova","author_link":"https:\/\/www.megastitch.eu\/cs\/author\/"},"uagb_comment_info":0,"uagb_excerpt":"Str\u00e1vte pokojn\u00fd de\u0148 na ryb\u00e1ch s medve\u010fom a predlohou na kr\u00ed\u017eikov\u00e9 vy\u0161\u00edvanie. Po\u010det kr\u00ed\u017eikov: 95 x 96 Rozmer l\u00e1tky: 17.24 x 17.42 cm L\u00e1tka: 14 ct\u00a0 Aida Bavlnky: DMC Po\u010det farieb: 21 + 7 blendy Pou\u017eit\u00e9 techniky: kr\u00ed\u017eiky, polkr\u00ed\u017eiky, ob\u0161\u00edvanie, franc\u00fazske uzl\u00edky","_links":{"self":[{"href":"https:\/\/www.megastitch.eu\/cs\/wp-json\/wp\/v2\/product\/28707"}],"collection":[{"href":"https:\/\/www.megastitch.eu\/cs\/wp-json\/wp\/v2\/product"}],"about":[{"href":"https:\/\/www.megastitch.eu\/cs\/wp-json\/wp\/v2\/types\/product"}],"replies":[{"embeddable":true,"href":"https:\/\/www.megastitch.eu\/cs\/wp-json\/wp\/v2\/comments?post=28707"}],"wp:featuredmedia":[{"embeddable":true,"href":"https:\/\/www.megastitch.eu\/cs\/wp-json\/wp\/v2\/media\/29794"}],"wp:attachment":[{"href":"https:\/\/www.megastitch.eu\/cs\/wp-json\/wp\/v2\/media?parent=28707"}],"wp:term":[{"taxonomy":"product_cat","embeddable":true,"href":"https:\/\/www.megastitch.eu\/cs\/wp-json\/wp\/v2\/product_cat?post=28707"},{"taxonomy":"product_tag","embeddable":true,"href":"https:\/\/www.megastitch.eu\/cs\/wp-json\/wp\/v2\/product_tag?post=28707"}],"curies":[{"name":"wp","href":"https:\/\/api.w.org\/{rel}","templated":true}]}}