	{"id":28714,"date":"2023-08-06T23:48:14","date_gmt":"2023-08-06T21:48:14","guid":{"rendered":"https:\/\/www.megastitch.eu\/?post_type=product&#038;p=28714"},"modified":"2024-05-25T16:21:56","modified_gmt":"2024-05-25T14:21:56","slug":"podvecerna-luka","status":"publish","type":"product","link":"https:\/\/www.megastitch.eu\/cs\/obchod\/predlohy-na-vysivanie\/male-predlohy\/podvecerna-luka\/","title":{"rendered":"Podve\u010dern\u00e1 l\u00faka"},"content":{"rendered":"<div class=\"nolwrap\"><p>Letn\u00fd podve\u010der je pln\u00fd n\u00e1dhern\u00fdch v\u00f4n\u00ed a zvukov. Predstavte si, \u017ee t\u00fdm miestom, kde tak\u00fd podve\u010der str\u00e1vite je l\u00faka. Okrem v\u00e1s na nej nie je nik, kto by v\u00e1s ru\u0161il. Zhlboka d\u00fdchate lahodn\u00e9 v\u00f4ne leta a om\u00e1men\u00fd dokonalou symf\u00f3niou zvukov sa nedok\u00e1\u017eete pohn\u00fa\u0165 z miesta.<\/p>\n<p>Ako sa tam dostanete? Vy\u0161\u00edvajte predlohu a ihla v\u00e1s povedie.<\/p>\n<p>Autorka predlohy: <strong>M\u00e1ria Erbenov\u00e1\u00a0<\/strong><br \/>\n<strong>Po\u010det kr\u00ed\u017eikov: <\/strong>42 x 41<br \/>\n<strong>Rozmer l\u00e1tky: <\/strong>7.62 x 7.44 cm<br \/>\n<strong>L\u00e1tka<\/strong>: 14 ct\u00a0 aida<br \/>\n<strong>Bavlnky: <\/strong>DMC<br \/>\n<strong>Po\u010det farieb: <\/strong>28 a 1 blend<br \/>\n<strong>Pou\u017eit\u00e9 techniky: <\/strong>kr\u00ed\u017eiky, ob\u0161\u00edvanie<\/p>\n<h4>S\u00fabory na stiahnutie:<\/h4>\n<ul>\n<li><strong>pdf s\u00fabor<\/strong>\n<ul>\n<li style=\"list-style-type: none\">\n<ul>\n<li>v \u010dierno-bielej verzii &#8211; s ob\u0161\u00edvan\u00edm a bez ob\u0161\u00edvania,<\/li>\n<\/ul>\n<\/li>\n<\/ul>\n<h4>Inform\u00e1cie o predlohe:<\/h4>\n<ul>\n<li>vo farebnej verzii &#8211; s ob\u0161\u00edvan\u00edm a bez ob\u0161\u00edvania<\/li>\n<\/ul>\n<\/li>\n<li><strong>cssaga s\u00fabor<\/strong><\/li>\n<\/ul>\n<\/div>","protected":false},"excerpt":{"rendered":"<p>Ka\u017ed\u00fd vy\u0161it\u00fd kr\u00ed\u017eik na predlohe v\u00e1s prenesie na miesto s dokonalou atmosf\u00e9rou. <\/p>\n<p><strong>Po\u010det kr\u00ed\u017eikov: 42 x 41<\/strong><br \/>\n<strong>Rozmer l\u00e1tky: 7.62 x 7.44 cm<\/strong><br \/>\n<strong>L\u00e1tka<\/strong>: 14 ct\u00a0 Aida<br \/>\n<strong>Bavlnky: <\/strong>DMC<br \/>\n<strong>Po\u010det farieb: <\/strong>28 + 1 blendy<br \/>\n<strong>Pou\u017eit\u00e9 techniky:<\/strong> kr\u00ed\u017eiky, ob\u0161\u00edvanie<\/p>\n","protected":false},"featured_media":28717,"comment_status":"open","ping_status":"closed","template":"","meta":{"_uag_custom_page_level_css":"","ngg_post_thumbnail":0},"product_cat":[257,134,131],"product_tag":[319,139,291,48,143],"aioseo_notices":[],"featured_image_urls":{"full":["https:\/\/www.megastitch.eu\/wp-content\/uploads\/2023\/08\/candle_light_meadow_frame.jpg",1454,1441,false],"thumbnail":["https:\/\/www.megastitch.eu\/wp-content\/uploads\/2023\/08\/candle_light_meadow_frame-150x150.jpg",150,150,true],"medium":["https:\/\/www.megastitch.eu\/wp-content\/uploads\/2023\/08\/candle_light_meadow_frame-300x297.jpg",300,297,true],"medium_large":["https:\/\/www.megastitch.eu\/wp-content\/uploads\/2023\/08\/candle_light_meadow_frame-768x761.jpg",768,761,true],"large":["https:\/\/www.megastitch.eu\/wp-content\/uploads\/2023\/08\/candle_light_meadow_frame-1024x1015.jpg",1024,1015,true],"1536x1536":["https:\/\/www.megastitch.eu\/wp-content\/uploads\/2023\/08\/candle_light_meadow_frame.jpg",1454,1441,false],"2048x2048":["https:\/\/www.megastitch.eu\/wp-content\/uploads\/2023\/08\/candle_light_meadow_frame.jpg",1454,1441,false],"ultp_layout_landscape_large":["https:\/\/www.megastitch.eu\/wp-content\/uploads\/2023\/08\/candle_light_meadow_frame-1200x800.jpg",1200,800,true],"ultp_layout_landscape":["https:\/\/www.megastitch.eu\/wp-content\/uploads\/2023\/08\/candle_light_meadow_frame-870x570.jpg",870,570,true],"ultp_layout_portrait":["https:\/\/www.megastitch.eu\/wp-content\/uploads\/2023\/08\/candle_light_meadow_frame-600x900.jpg",600,900,true],"ultp_layout_square":["https:\/\/www.megastitch.eu\/wp-content\/uploads\/2023\/08\/candle_light_meadow_frame-600x600.jpg",600,600,true],"molla_post-grid":["https:\/\/www.megastitch.eu\/wp-content\/uploads\/2023\/08\/candle_light_meadow_frame-400x267.jpg",400,267,true],"woocommerce_thumbnail":["https:\/\/www.megastitch.eu\/wp-content\/uploads\/2023\/08\/candle_light_meadow_frame-300x297.jpg",300,297,true],"woocommerce_single":["https:\/\/www.megastitch.eu\/wp-content\/uploads\/2023\/08\/candle_light_meadow_frame-600x595.jpg",600,595,true],"woocommerce_gallery_thumbnail":["https:\/\/www.megastitch.eu\/wp-content\/uploads\/2023\/08\/candle_light_meadow_frame-100x100.jpg",100,100,true]},"post_excerpt_stackable":"<p>Ka\u017ed\u00fd vy\u0161it\u00fd kr\u00ed\u017eik na predlohe v\u00e1s prenesie na miesto s dokonalou atmosf\u00e9rou. <\/p>\n<p><strong>Po\u010det kr\u00ed\u017eikov: 42 x 41<\/strong><br \/>\n<strong>Rozmer l\u00e1tky: 7.62 x 7.44 cm<\/strong><br \/>\n<strong>L\u00e1tka<\/strong>: 14 ct\u00a0 Aida<br \/>\n<strong>Bavlnky: <\/strong>DMC<br \/>\n<strong>Po\u010det farieb: <\/strong>28 + 1 blendy<br \/>\n<strong>Pou\u017eit\u00e9 techniky:<\/strong> kr\u00ed\u017eiky, ob\u0161\u00edvanie<\/p>\n","category_list":"","author_info":{"name":"","url":""},"comments_num":"0 comments","featured_image_urls_v2":{"full":["https:\/\/www.megastitch.eu\/wp-content\/uploads\/2023\/08\/candle_light_meadow_frame.jpg",1454,1441,false],"thumbnail":["https:\/\/www.megastitch.eu\/wp-content\/uploads\/2023\/08\/candle_light_meadow_frame-150x150.jpg",150,150,true],"medium":["https:\/\/www.megastitch.eu\/wp-content\/uploads\/2023\/08\/candle_light_meadow_frame-300x297.jpg",300,297,true],"medium_large":["https:\/\/www.megastitch.eu\/wp-content\/uploads\/2023\/08\/candle_light_meadow_frame-768x761.jpg",768,761,true],"large":["https:\/\/www.megastitch.eu\/wp-content\/uploads\/2023\/08\/candle_light_meadow_frame-1024x1015.jpg",1024,1015,true],"1536x1536":["https:\/\/www.megastitch.eu\/wp-content\/uploads\/2023\/08\/candle_light_meadow_frame.jpg",1454,1441,false],"2048x2048":["https:\/\/www.megastitch.eu\/wp-content\/uploads\/2023\/08\/candle_light_meadow_frame.jpg",1454,1441,false],"ultp_layout_landscape_large":["https:\/\/www.megastitch.eu\/wp-content\/uploads\/2023\/08\/candle_light_meadow_frame-1200x800.jpg",1200,800,true],"ultp_layout_landscape":["https:\/\/www.megastitch.eu\/wp-content\/uploads\/2023\/08\/candle_light_meadow_frame-870x570.jpg",870,570,true],"ultp_layout_portrait":["https:\/\/www.megastitch.eu\/wp-content\/uploads\/2023\/08\/candle_light_meadow_frame-600x900.jpg",600,900,true],"ultp_layout_square":["https:\/\/www.megastitch.eu\/wp-content\/uploads\/2023\/08\/candle_light_meadow_frame-600x600.jpg",600,600,true],"molla_post-grid":["https:\/\/www.megastitch.eu\/wp-content\/uploads\/2023\/08\/candle_light_meadow_frame-400x267.jpg",400,267,true],"woocommerce_thumbnail":["https:\/\/www.megastitch.eu\/wp-content\/uploads\/2023\/08\/candle_light_meadow_frame-300x297.jpg",300,297,true],"woocommerce_single":["https:\/\/www.megastitch.eu\/wp-content\/uploads\/2023\/08\/candle_light_meadow_frame-600x595.jpg",600,595,true],"woocommerce_gallery_thumbnail":["https:\/\/www.megastitch.eu\/wp-content\/uploads\/2023\/08\/candle_light_meadow_frame-100x100.jpg",100,100,true]},"post_excerpt_stackable_v2":"<p>Ka\u017ed\u00fd vy\u0161it\u00fd kr\u00ed\u017eik na predlohe v\u00e1s prenesie na miesto s dokonalou atmosf\u00e9rou. <\/p>\n<p><strong>Po\u010det kr\u00ed\u017eikov: 42 x 41<\/strong><br \/>\n<strong>Rozmer l\u00e1tky: 7.62 x 7.44 cm<\/strong><br \/>\n<strong>L\u00e1tka<\/strong>: 14 ct\u00a0 Aida<br \/>\n<strong>Bavlnky: <\/strong>DMC<br \/>\n<strong>Po\u010det farieb: <\/strong>28 + 1 blendy<br \/>\n<strong>Pou\u017eit\u00e9 techniky:<\/strong> kr\u00ed\u017eiky, ob\u0161\u00edvanie<\/p>\n","category_list_v2":"","author_info_v2":{"name":"","url":""},"comments_num_v2":"0 comments","uagb_featured_image_src":{"full":["https:\/\/www.megastitch.eu\/wp-content\/uploads\/2023\/08\/candle_light_meadow_frame.jpg",1454,1441,false],"thumbnail":["https:\/\/www.megastitch.eu\/wp-content\/uploads\/2023\/08\/candle_light_meadow_frame-150x150.jpg",150,150,true],"medium":["https:\/\/www.megastitch.eu\/wp-content\/uploads\/2023\/08\/candle_light_meadow_frame-300x297.jpg",300,297,true],"medium_large":["https:\/\/www.megastitch.eu\/wp-content\/uploads\/2023\/08\/candle_light_meadow_frame-768x761.jpg",768,761,true],"large":["https:\/\/www.megastitch.eu\/wp-content\/uploads\/2023\/08\/candle_light_meadow_frame-1024x1015.jpg",1024,1015,true],"1536x1536":["https:\/\/www.megastitch.eu\/wp-content\/uploads\/2023\/08\/candle_light_meadow_frame.jpg",1454,1441,false],"2048x2048":["https:\/\/www.megastitch.eu\/wp-content\/uploads\/2023\/08\/candle_light_meadow_frame.jpg",1454,1441,false],"ultp_layout_landscape_large":["https:\/\/www.megastitch.eu\/wp-content\/uploads\/2023\/08\/candle_light_meadow_frame-1200x800.jpg",1200,800,true],"ultp_layout_landscape":["https:\/\/www.megastitch.eu\/wp-content\/uploads\/2023\/08\/candle_light_meadow_frame-870x570.jpg",870,570,true],"ultp_layout_portrait":["https:\/\/www.megastitch.eu\/wp-content\/uploads\/2023\/08\/candle_light_meadow_frame-600x900.jpg",600,900,true],"ultp_layout_square":["https:\/\/www.megastitch.eu\/wp-content\/uploads\/2023\/08\/candle_light_meadow_frame-600x600.jpg",600,600,true],"molla_post-grid":["https:\/\/www.megastitch.eu\/wp-content\/uploads\/2023\/08\/candle_light_meadow_frame-400x267.jpg",400,267,true],"woocommerce_thumbnail":["https:\/\/www.megastitch.eu\/wp-content\/uploads\/2023\/08\/candle_light_meadow_frame-300x297.jpg",300,297,true],"woocommerce_single":["https:\/\/www.megastitch.eu\/wp-content\/uploads\/2023\/08\/candle_light_meadow_frame-600x595.jpg",600,595,true],"woocommerce_gallery_thumbnail":["https:\/\/www.megastitch.eu\/wp-content\/uploads\/2023\/08\/candle_light_meadow_frame-100x100.jpg",100,100,true]},"uagb_author_info":{"display_name":"pagacova","author_link":"https:\/\/www.megastitch.eu\/cs\/author\/"},"uagb_comment_info":0,"uagb_excerpt":"Ka\u017ed\u00fd vy\u0161it\u00fd kr\u00ed\u017eik na predlohe v\u00e1s prenesie na miesto s dokonalou atmosf\u00e9rou. Po\u010det kr\u00ed\u017eikov: 42 x 41 Rozmer l\u00e1tky: 7.62 x 7.44 cm L\u00e1tka: 14 ct\u00a0 Aida Bavlnky: DMC Po\u010det farieb: 28 + 1 blendy Pou\u017eit\u00e9 techniky: kr\u00ed\u017eiky, ob\u0161\u00edvanie","_links":{"self":[{"href":"https:\/\/www.megastitch.eu\/cs\/wp-json\/wp\/v2\/product\/28714"}],"collection":[{"href":"https:\/\/www.megastitch.eu\/cs\/wp-json\/wp\/v2\/product"}],"about":[{"href":"https:\/\/www.megastitch.eu\/cs\/wp-json\/wp\/v2\/types\/product"}],"replies":[{"embeddable":true,"href":"https:\/\/www.megastitch.eu\/cs\/wp-json\/wp\/v2\/comments?post=28714"}],"wp:featuredmedia":[{"embeddable":true,"href":"https:\/\/www.megastitch.eu\/cs\/wp-json\/wp\/v2\/media\/28717"}],"wp:attachment":[{"href":"https:\/\/www.megastitch.eu\/cs\/wp-json\/wp\/v2\/media?parent=28714"}],"wp:term":[{"taxonomy":"product_cat","embeddable":true,"href":"https:\/\/www.megastitch.eu\/cs\/wp-json\/wp\/v2\/product_cat?post=28714"},{"taxonomy":"product_tag","embeddable":true,"href":"https:\/\/www.megastitch.eu\/cs\/wp-json\/wp\/v2\/product_tag?post=28714"}],"curies":[{"name":"wp","href":"https:\/\/api.w.org\/{rel}","templated":true}]}}