	{"id":28747,"date":"2023-09-14T10:24:59","date_gmt":"2023-09-14T08:24:59","guid":{"rendered":"https:\/\/www.megastitch.eu\/?post_type=product&#038;p=28747"},"modified":"2023-09-14T19:46:17","modified_gmt":"2023-09-14T17:46:17","slug":"sviezi-letny-napoj","status":"publish","type":"product","link":"https:\/\/www.megastitch.eu\/cs\/obchod\/predlohy-na-vysivanie\/male-predlohy\/sviezi-letny-napoj\/","title":{"rendered":"Svie\u017ei letn\u00fd n\u00e1poj"},"content":{"rendered":"<div class=\"nolwrap\"><p class=\"Standard\" style=\"margin-bottom: 0cm\">Dobrodru\u017en\u00e1 v\u00fdprava, ktor\u00e1 odhal\u00ed tajomstvo \u010fal\u0161ej k\u013e\u00fa\u010dovej dierky, m\u00f4\u017ee za\u010da\u0165 hne\u010f, ako si predlohu Svie\u017eeho letn\u00e9ho n\u00e1poja objedn\u00e1te. Na jej konci v\u00e1s \u010dak\u00e1 osvie\u017eenie v podobe lahodn\u00e9ho drinku, pln\u00e9ho \u010derstv\u00e9ho ovocia.<\/p>\n<p>Vy\u0161it\u00e1 na drevenom podklade v tvare k\u013e\u00fa\u010dovej dierky bude dokonal\u00e1.<\/p>\n<p>Autorka predlohy: <strong>M\u00e1ria Erbenov\u00e1\u00a0<\/strong><br \/>\n<strong>Po\u010det kr\u00ed\u017eikov: 30 x 53<\/strong><br \/>\n<strong>Rozmer l\u00e1tky: <\/strong>5.44 x 9.62 cm<br \/>\n<strong>L\u00e1tka<\/strong>: 14 ct\u00a0 aida<br \/>\n<strong>Bavlnky: <\/strong>DMC<br \/>\n<strong>Po\u010det farieb: <\/strong>23 a 5 blendov<br \/>\n<strong>Pou\u017eit\u00e9 techniky: <\/strong>kr\u00ed\u017eiky, ob\u0161\u00edvanie, franc\u00fazske uzl\u00edky<\/p>\n<h4>S\u00fabory na stiahnutie:<\/h4>\n<ul>\n<li><strong>pdf s\u00fabor<\/strong>\n<ul>\n<li style=\"list-style-type: none\">\n<ul>\n<li>v \u010dierno-bielej verzii &#8211; s ob\u0161\u00edvan\u00edm a bez ob\u0161\u00edvania,<\/li>\n<\/ul>\n<\/li>\n<\/ul>\n<h4>Inform\u00e1cie o predlohe:<\/h4>\n<ul>\n<li>vo farebnej verzii &#8211; s ob\u0161\u00edvan\u00edm a bez ob\u0161\u00edvania<\/li>\n<\/ul>\n<\/li>\n<li><strong>cssaga s\u00fabor<\/strong><\/li>\n<\/ul>\n<\/div>","protected":false},"excerpt":{"rendered":"<p>Osvie\u017ete sa pri vy\u0161\u00edvan\u00ed predlohy lahodn\u00e9ho letn\u00e9ho drinku.<\/p>\n<p><strong>Po\u010det kr\u00ed\u017eikov: 30 x 53<\/strong><br \/>\n<strong>Rozmer l\u00e1tky: 5.44 x 9.62 cm<\/strong><br \/>\n<strong>L\u00e1tka<\/strong>: 14 ct\u00a0 Aida<br \/>\n<strong>Bavlnky: <\/strong>DMC<br \/>\n<strong>Po\u010det farieb:<\/strong> 23 + 5 blendov<br \/>\n<strong>Pou\u017eit\u00e9 techniky:<\/strong> kr\u00ed\u017eiky, ob\u0161\u00edvanie, franc\u00fazske uzl\u00edky<\/p>\n","protected":false},"featured_media":28748,"comment_status":"open","ping_status":"closed","template":"","meta":{"_uag_custom_page_level_css":"","ngg_post_thumbnail":0},"product_cat":[134,131],"product_tag":[289,319,291,316,362],"aioseo_notices":[],"featured_image_urls":{"full":["https:\/\/www.megastitch.eu\/wp-content\/uploads\/2023\/09\/fres_summer_drink_frame_ss.jpg",1104,1379,false],"thumbnail":["https:\/\/www.megastitch.eu\/wp-content\/uploads\/2023\/09\/fres_summer_drink_frame_ss-150x150.jpg",150,150,true],"medium":["https:\/\/www.megastitch.eu\/wp-content\/uploads\/2023\/09\/fres_summer_drink_frame_ss-240x300.jpg",240,300,true],"medium_large":["https:\/\/www.megastitch.eu\/wp-content\/uploads\/2023\/09\/fres_summer_drink_frame_ss-768x959.jpg",768,959,true],"large":["https:\/\/www.megastitch.eu\/wp-content\/uploads\/2023\/09\/fres_summer_drink_frame_ss-820x1024.jpg",820,1024,true],"1536x1536":["https:\/\/www.megastitch.eu\/wp-content\/uploads\/2023\/09\/fres_summer_drink_frame_ss.jpg",1104,1379,false],"2048x2048":["https:\/\/www.megastitch.eu\/wp-content\/uploads\/2023\/09\/fres_summer_drink_frame_ss.jpg",1104,1379,false],"ultp_layout_landscape_large":["https:\/\/www.megastitch.eu\/wp-content\/uploads\/2023\/09\/fres_summer_drink_frame_ss-1104x800.jpg",1104,800,true],"ultp_layout_landscape":["https:\/\/www.megastitch.eu\/wp-content\/uploads\/2023\/09\/fres_summer_drink_frame_ss-870x570.jpg",870,570,true],"ultp_layout_portrait":["https:\/\/www.megastitch.eu\/wp-content\/uploads\/2023\/09\/fres_summer_drink_frame_ss-600x900.jpg",600,900,true],"ultp_layout_square":["https:\/\/www.megastitch.eu\/wp-content\/uploads\/2023\/09\/fres_summer_drink_frame_ss-600x600.jpg",600,600,true],"molla_post-grid":["https:\/\/www.megastitch.eu\/wp-content\/uploads\/2023\/09\/fres_summer_drink_frame_ss-400x267.jpg",400,267,true],"woocommerce_thumbnail":["https:\/\/www.megastitch.eu\/wp-content\/uploads\/2023\/09\/fres_summer_drink_frame_ss-300x375.jpg",300,375,true],"woocommerce_single":["https:\/\/www.megastitch.eu\/wp-content\/uploads\/2023\/09\/fres_summer_drink_frame_ss-600x749.jpg",600,749,true],"woocommerce_gallery_thumbnail":["https:\/\/www.megastitch.eu\/wp-content\/uploads\/2023\/09\/fres_summer_drink_frame_ss-100x100.jpg",100,100,true]},"post_excerpt_stackable":"<p>Osvie\u017ete sa pri vy\u0161\u00edvan\u00ed predlohy lahodn\u00e9ho letn\u00e9ho drinku.<\/p>\n<p><strong>Po\u010det kr\u00ed\u017eikov: 30 x 53<\/strong><br \/>\n<strong>Rozmer l\u00e1tky: 5.44 x 9.62 cm<\/strong><br \/>\n<strong>L\u00e1tka<\/strong>: 14 ct\u00a0 Aida<br \/>\n<strong>Bavlnky: <\/strong>DMC<br \/>\n<strong>Po\u010det farieb:<\/strong> 23 + 5 blendov<br \/>\n<strong>Pou\u017eit\u00e9 techniky:<\/strong> kr\u00ed\u017eiky, ob\u0161\u00edvanie, franc\u00fazske uzl\u00edky<\/p>\n","category_list":"","author_info":{"name":"","url":""},"comments_num":"0 comments","featured_image_urls_v2":{"full":["https:\/\/www.megastitch.eu\/wp-content\/uploads\/2023\/09\/fres_summer_drink_frame_ss.jpg",1104,1379,false],"thumbnail":["https:\/\/www.megastitch.eu\/wp-content\/uploads\/2023\/09\/fres_summer_drink_frame_ss-150x150.jpg",150,150,true],"medium":["https:\/\/www.megastitch.eu\/wp-content\/uploads\/2023\/09\/fres_summer_drink_frame_ss-240x300.jpg",240,300,true],"medium_large":["https:\/\/www.megastitch.eu\/wp-content\/uploads\/2023\/09\/fres_summer_drink_frame_ss-768x959.jpg",768,959,true],"large":["https:\/\/www.megastitch.eu\/wp-content\/uploads\/2023\/09\/fres_summer_drink_frame_ss-820x1024.jpg",820,1024,true],"1536x1536":["https:\/\/www.megastitch.eu\/wp-content\/uploads\/2023\/09\/fres_summer_drink_frame_ss.jpg",1104,1379,false],"2048x2048":["https:\/\/www.megastitch.eu\/wp-content\/uploads\/2023\/09\/fres_summer_drink_frame_ss.jpg",1104,1379,false],"ultp_layout_landscape_large":["https:\/\/www.megastitch.eu\/wp-content\/uploads\/2023\/09\/fres_summer_drink_frame_ss-1104x800.jpg",1104,800,true],"ultp_layout_landscape":["https:\/\/www.megastitch.eu\/wp-content\/uploads\/2023\/09\/fres_summer_drink_frame_ss-870x570.jpg",870,570,true],"ultp_layout_portrait":["https:\/\/www.megastitch.eu\/wp-content\/uploads\/2023\/09\/fres_summer_drink_frame_ss-600x900.jpg",600,900,true],"ultp_layout_square":["https:\/\/www.megastitch.eu\/wp-content\/uploads\/2023\/09\/fres_summer_drink_frame_ss-600x600.jpg",600,600,true],"molla_post-grid":["https:\/\/www.megastitch.eu\/wp-content\/uploads\/2023\/09\/fres_summer_drink_frame_ss-400x267.jpg",400,267,true],"woocommerce_thumbnail":["https:\/\/www.megastitch.eu\/wp-content\/uploads\/2023\/09\/fres_summer_drink_frame_ss-300x375.jpg",300,375,true],"woocommerce_single":["https:\/\/www.megastitch.eu\/wp-content\/uploads\/2023\/09\/fres_summer_drink_frame_ss-600x749.jpg",600,749,true],"woocommerce_gallery_thumbnail":["https:\/\/www.megastitch.eu\/wp-content\/uploads\/2023\/09\/fres_summer_drink_frame_ss-100x100.jpg",100,100,true]},"post_excerpt_stackable_v2":"<p>Osvie\u017ete sa pri vy\u0161\u00edvan\u00ed predlohy lahodn\u00e9ho letn\u00e9ho drinku.<\/p>\n<p><strong>Po\u010det kr\u00ed\u017eikov: 30 x 53<\/strong><br \/>\n<strong>Rozmer l\u00e1tky: 5.44 x 9.62 cm<\/strong><br \/>\n<strong>L\u00e1tka<\/strong>: 14 ct\u00a0 Aida<br \/>\n<strong>Bavlnky: <\/strong>DMC<br \/>\n<strong>Po\u010det farieb:<\/strong> 23 + 5 blendov<br \/>\n<strong>Pou\u017eit\u00e9 techniky:<\/strong> kr\u00ed\u017eiky, ob\u0161\u00edvanie, franc\u00fazske uzl\u00edky<\/p>\n","category_list_v2":"","author_info_v2":{"name":"","url":""},"comments_num_v2":"0 comments","uagb_featured_image_src":{"full":["https:\/\/www.megastitch.eu\/wp-content\/uploads\/2023\/09\/fres_summer_drink_frame_ss.jpg",1104,1379,false],"thumbnail":["https:\/\/www.megastitch.eu\/wp-content\/uploads\/2023\/09\/fres_summer_drink_frame_ss-150x150.jpg",150,150,true],"medium":["https:\/\/www.megastitch.eu\/wp-content\/uploads\/2023\/09\/fres_summer_drink_frame_ss-240x300.jpg",240,300,true],"medium_large":["https:\/\/www.megastitch.eu\/wp-content\/uploads\/2023\/09\/fres_summer_drink_frame_ss-768x959.jpg",768,959,true],"large":["https:\/\/www.megastitch.eu\/wp-content\/uploads\/2023\/09\/fres_summer_drink_frame_ss-820x1024.jpg",820,1024,true],"1536x1536":["https:\/\/www.megastitch.eu\/wp-content\/uploads\/2023\/09\/fres_summer_drink_frame_ss.jpg",1104,1379,false],"2048x2048":["https:\/\/www.megastitch.eu\/wp-content\/uploads\/2023\/09\/fres_summer_drink_frame_ss.jpg",1104,1379,false],"ultp_layout_landscape_large":["https:\/\/www.megastitch.eu\/wp-content\/uploads\/2023\/09\/fres_summer_drink_frame_ss-1104x800.jpg",1104,800,true],"ultp_layout_landscape":["https:\/\/www.megastitch.eu\/wp-content\/uploads\/2023\/09\/fres_summer_drink_frame_ss-870x570.jpg",870,570,true],"ultp_layout_portrait":["https:\/\/www.megastitch.eu\/wp-content\/uploads\/2023\/09\/fres_summer_drink_frame_ss-600x900.jpg",600,900,true],"ultp_layout_square":["https:\/\/www.megastitch.eu\/wp-content\/uploads\/2023\/09\/fres_summer_drink_frame_ss-600x600.jpg",600,600,true],"molla_post-grid":["https:\/\/www.megastitch.eu\/wp-content\/uploads\/2023\/09\/fres_summer_drink_frame_ss-400x267.jpg",400,267,true],"woocommerce_thumbnail":["https:\/\/www.megastitch.eu\/wp-content\/uploads\/2023\/09\/fres_summer_drink_frame_ss-300x375.jpg",300,375,true],"woocommerce_single":["https:\/\/www.megastitch.eu\/wp-content\/uploads\/2023\/09\/fres_summer_drink_frame_ss-600x749.jpg",600,749,true],"woocommerce_gallery_thumbnail":["https:\/\/www.megastitch.eu\/wp-content\/uploads\/2023\/09\/fres_summer_drink_frame_ss-100x100.jpg",100,100,true]},"uagb_author_info":{"display_name":"pagacova","author_link":"https:\/\/www.megastitch.eu\/cs\/author\/"},"uagb_comment_info":0,"uagb_excerpt":"Osvie\u017ete sa pri vy\u0161\u00edvan\u00ed predlohy lahodn\u00e9ho letn\u00e9ho drinku. Po\u010det kr\u00ed\u017eikov: 30 x 53 Rozmer l\u00e1tky: 5.44 x 9.62 cm L\u00e1tka: 14 ct\u00a0 Aida Bavlnky: DMC Po\u010det farieb: 23 + 5 blendov Pou\u017eit\u00e9 techniky: kr\u00ed\u017eiky, ob\u0161\u00edvanie, franc\u00fazske uzl\u00edky","_links":{"self":[{"href":"https:\/\/www.megastitch.eu\/cs\/wp-json\/wp\/v2\/product\/28747"}],"collection":[{"href":"https:\/\/www.megastitch.eu\/cs\/wp-json\/wp\/v2\/product"}],"about":[{"href":"https:\/\/www.megastitch.eu\/cs\/wp-json\/wp\/v2\/types\/product"}],"replies":[{"embeddable":true,"href":"https:\/\/www.megastitch.eu\/cs\/wp-json\/wp\/v2\/comments?post=28747"}],"wp:featuredmedia":[{"embeddable":true,"href":"https:\/\/www.megastitch.eu\/cs\/wp-json\/wp\/v2\/media\/28748"}],"wp:attachment":[{"href":"https:\/\/www.megastitch.eu\/cs\/wp-json\/wp\/v2\/media?parent=28747"}],"wp:term":[{"taxonomy":"product_cat","embeddable":true,"href":"https:\/\/www.megastitch.eu\/cs\/wp-json\/wp\/v2\/product_cat?post=28747"},{"taxonomy":"product_tag","embeddable":true,"href":"https:\/\/www.megastitch.eu\/cs\/wp-json\/wp\/v2\/product_tag?post=28747"}],"curies":[{"name":"wp","href":"https:\/\/api.w.org\/{rel}","templated":true}]}}