	{"id":28796,"date":"2023-11-13T16:52:46","date_gmt":"2023-11-13T15:52:46","guid":{"rendered":"https:\/\/www.megastitch.eu\/?post_type=product&#038;p=28796"},"modified":"2024-05-25T16:21:56","modified_gmt":"2024-05-25T14:21:56","slug":"iglu-s-tulenmi","status":"publish","type":"product","link":"https:\/\/www.megastitch.eu\/cs\/obchod\/predlohy-na-vysivanie\/male-predlohy\/iglu-s-tulenmi\/","title":{"rendered":"Iglu s tule\u0148mi"},"content":{"rendered":"<div class=\"nolwrap\"><p>Spoznajte obyvate\u013eov zimnej krajiny. Tulene s\u00fa pova\u017eovan\u00e9 za ve\u013emi hrav\u00e9  a spolo\u010densk\u00e9 tvory. \u0160ibalsk\u00fdm poh\u013eadom l\u00e1kaj\u00fa ku kr\u00ed\u017eikovej hre. M\u00e1lokedy ich je vidie\u0165 osamote. Ako kr\u00ed\u017eikov\u00e1 v\u00fd\u0161ivka v\u00e1m bud\u00fa pripom\u00edna\u0165 ak\u00e1 d\u00f4le\u017eit\u00e1 je hravos\u0165 a bl\u00edzky \u013eudia  v na\u0161ich \u017eivotoch. <\/p>\n<p>Vy\u0161ite si ich na plastov\u00fa  aidu ct 14. Razom sa z nich stane kr\u00e1sna viano\u010dn\u00e1 ozdoba. <\/p>\n<p>Autorka predlohy: <strong>M\u00e1ria Erbenov\u00e1\u00a0<\/strong><\/p>\n<h4>Inform\u00e1cie o predlohe:<\/h4>\n<p><strong>Po\u010det kr\u00ed\u017eikov: 45 x 54<\/strong><br \/>\n<strong>Rozmer l\u00e1tky: 8.16 x 9.80 cm<\/strong><br \/>\n<strong>L\u00e1tka: <\/strong>14 ct aida<strong><br \/>\nBavlnky: <\/strong>DMC<br \/>\n<strong>Po\u010det farieb:<\/strong> 17 farieb 1 blend<br \/>\n<strong>Pou\u017eit\u00e9 techniky:<\/strong> kr\u00ed\u017eiky, ob\u0161\u00edvanie, franc\u00fazske uzl\u00edky<\/p>\n<h4>S\u00fabory na stiahnutie:<\/h4>\n<ul>\n<li><strong>pdf s\u00fabor<\/strong>\n<ul>\n<li>v \u010dierno-bielej verzii &#8211; s ob\u0161\u00edvan\u00edm a bez ob\u0161\u00edvania,<\/li>\n<li>vo farebnej verzii &#8211; s ob\u0161\u00edvan\u00edm a bez ob\u0161\u00edvania,<\/li>\n<li>zoznam po\u010dtu pou\u017eit\u00fdch vl\u00e1kien<\/li>\n<\/ul>\n<\/li>\n<li><strong>cssaga s\u00fabor<\/strong><\/li>\n<\/ul>\n<\/div>","protected":false},"excerpt":{"rendered":"<p>Predloha na kr\u00ed\u017eikov\u00e9 vy\u0161\u00edvanie,  v tvare strom\u010deka, s mot\u00edvom zimnej krajiny, iglu a tule\u0148ov. <\/p>\n<p><strong>Po\u010det kr\u00ed\u017eikov: 45 x 54<\/strong><br \/>\n<strong>Rozmer l\u00e1tky: 8.16 x 9.80 cm<\/strong><br \/>\n<strong>Po\u010det farieb:<\/strong> 17 farieb a 1 blend<br \/>\n<strong>Pou\u017eit\u00e9 techniky:<\/strong> kr\u00ed\u017eiky, ob\u0161\u00edvanie, franc\u00fazske uzl\u00edky<\/p>\n","protected":false},"featured_media":28797,"comment_status":"open","ping_status":"closed","template":"","meta":{"_uag_custom_page_level_css":"","ngg_post_thumbnail":0},"product_cat":[243,134,131,171],"product_tag":[319,48,46,254,151],"aioseo_notices":[],"featured_image_urls":{"full":["https:\/\/www.megastitch.eu\/wp-content\/uploads\/2023\/11\/igloo_with_seals_frame_ss.jpg",1086,1180,false],"thumbnail":["https:\/\/www.megastitch.eu\/wp-content\/uploads\/2023\/11\/igloo_with_seals_frame_ss-150x150.jpg",150,150,true],"medium":["https:\/\/www.megastitch.eu\/wp-content\/uploads\/2023\/11\/igloo_with_seals_frame_ss-276x300.jpg",276,300,true],"medium_large":["https:\/\/www.megastitch.eu\/wp-content\/uploads\/2023\/11\/igloo_with_seals_frame_ss-768x834.jpg",768,834,true],"large":["https:\/\/www.megastitch.eu\/wp-content\/uploads\/2023\/11\/igloo_with_seals_frame_ss-942x1024.jpg",942,1024,true],"1536x1536":["https:\/\/www.megastitch.eu\/wp-content\/uploads\/2023\/11\/igloo_with_seals_frame_ss.jpg",1086,1180,false],"2048x2048":["https:\/\/www.megastitch.eu\/wp-content\/uploads\/2023\/11\/igloo_with_seals_frame_ss.jpg",1086,1180,false],"ultp_layout_landscape_large":["https:\/\/www.megastitch.eu\/wp-content\/uploads\/2023\/11\/igloo_with_seals_frame_ss-1086x800.jpg",1086,800,true],"ultp_layout_landscape":["https:\/\/www.megastitch.eu\/wp-content\/uploads\/2023\/11\/igloo_with_seals_frame_ss-870x570.jpg",870,570,true],"ultp_layout_portrait":["https:\/\/www.megastitch.eu\/wp-content\/uploads\/2023\/11\/igloo_with_seals_frame_ss-600x900.jpg",600,900,true],"ultp_layout_square":["https:\/\/www.megastitch.eu\/wp-content\/uploads\/2023\/11\/igloo_with_seals_frame_ss-600x600.jpg",600,600,true],"molla_post-grid":["https:\/\/www.megastitch.eu\/wp-content\/uploads\/2023\/11\/igloo_with_seals_frame_ss-400x267.jpg",400,267,true],"woocommerce_thumbnail":["https:\/\/www.megastitch.eu\/wp-content\/uploads\/2023\/11\/igloo_with_seals_frame_ss-300x326.jpg",300,326,true],"woocommerce_single":["https:\/\/www.megastitch.eu\/wp-content\/uploads\/2023\/11\/igloo_with_seals_frame_ss-600x652.jpg",600,652,true],"woocommerce_gallery_thumbnail":["https:\/\/www.megastitch.eu\/wp-content\/uploads\/2023\/11\/igloo_with_seals_frame_ss-100x100.jpg",100,100,true]},"post_excerpt_stackable":"<p>Predloha na kr\u00ed\u017eikov\u00e9 vy\u0161\u00edvanie,  v tvare strom\u010deka, s mot\u00edvom zimnej krajiny, iglu a tule\u0148ov. <\/p>\n<p><strong>Po\u010det kr\u00ed\u017eikov: 45 x 54<\/strong><br \/>\n<strong>Rozmer l\u00e1tky: 8.16 x 9.80 cm<\/strong><br \/>\n<strong>Po\u010det farieb:<\/strong> 17 farieb a 1 blend<br \/>\n<strong>Pou\u017eit\u00e9 techniky:<\/strong> kr\u00ed\u017eiky, ob\u0161\u00edvanie, franc\u00fazske uzl\u00edky<\/p>\n","category_list":"","author_info":{"name":"","url":""},"comments_num":"0 comments","featured_image_urls_v2":{"full":["https:\/\/www.megastitch.eu\/wp-content\/uploads\/2023\/11\/igloo_with_seals_frame_ss.jpg",1086,1180,false],"thumbnail":["https:\/\/www.megastitch.eu\/wp-content\/uploads\/2023\/11\/igloo_with_seals_frame_ss-150x150.jpg",150,150,true],"medium":["https:\/\/www.megastitch.eu\/wp-content\/uploads\/2023\/11\/igloo_with_seals_frame_ss-276x300.jpg",276,300,true],"medium_large":["https:\/\/www.megastitch.eu\/wp-content\/uploads\/2023\/11\/igloo_with_seals_frame_ss-768x834.jpg",768,834,true],"large":["https:\/\/www.megastitch.eu\/wp-content\/uploads\/2023\/11\/igloo_with_seals_frame_ss-942x1024.jpg",942,1024,true],"1536x1536":["https:\/\/www.megastitch.eu\/wp-content\/uploads\/2023\/11\/igloo_with_seals_frame_ss.jpg",1086,1180,false],"2048x2048":["https:\/\/www.megastitch.eu\/wp-content\/uploads\/2023\/11\/igloo_with_seals_frame_ss.jpg",1086,1180,false],"ultp_layout_landscape_large":["https:\/\/www.megastitch.eu\/wp-content\/uploads\/2023\/11\/igloo_with_seals_frame_ss-1086x800.jpg",1086,800,true],"ultp_layout_landscape":["https:\/\/www.megastitch.eu\/wp-content\/uploads\/2023\/11\/igloo_with_seals_frame_ss-870x570.jpg",870,570,true],"ultp_layout_portrait":["https:\/\/www.megastitch.eu\/wp-content\/uploads\/2023\/11\/igloo_with_seals_frame_ss-600x900.jpg",600,900,true],"ultp_layout_square":["https:\/\/www.megastitch.eu\/wp-content\/uploads\/2023\/11\/igloo_with_seals_frame_ss-600x600.jpg",600,600,true],"molla_post-grid":["https:\/\/www.megastitch.eu\/wp-content\/uploads\/2023\/11\/igloo_with_seals_frame_ss-400x267.jpg",400,267,true],"woocommerce_thumbnail":["https:\/\/www.megastitch.eu\/wp-content\/uploads\/2023\/11\/igloo_with_seals_frame_ss-300x326.jpg",300,326,true],"woocommerce_single":["https:\/\/www.megastitch.eu\/wp-content\/uploads\/2023\/11\/igloo_with_seals_frame_ss-600x652.jpg",600,652,true],"woocommerce_gallery_thumbnail":["https:\/\/www.megastitch.eu\/wp-content\/uploads\/2023\/11\/igloo_with_seals_frame_ss-100x100.jpg",100,100,true]},"post_excerpt_stackable_v2":"<p>Predloha na kr\u00ed\u017eikov\u00e9 vy\u0161\u00edvanie,  v tvare strom\u010deka, s mot\u00edvom zimnej krajiny, iglu a tule\u0148ov. <\/p>\n<p><strong>Po\u010det kr\u00ed\u017eikov: 45 x 54<\/strong><br \/>\n<strong>Rozmer l\u00e1tky: 8.16 x 9.80 cm<\/strong><br \/>\n<strong>Po\u010det farieb:<\/strong> 17 farieb a 1 blend<br \/>\n<strong>Pou\u017eit\u00e9 techniky:<\/strong> kr\u00ed\u017eiky, ob\u0161\u00edvanie, franc\u00fazske uzl\u00edky<\/p>\n","category_list_v2":"","author_info_v2":{"name":"","url":""},"comments_num_v2":"0 comments","uagb_featured_image_src":{"full":["https:\/\/www.megastitch.eu\/wp-content\/uploads\/2023\/11\/igloo_with_seals_frame_ss.jpg",1086,1180,false],"thumbnail":["https:\/\/www.megastitch.eu\/wp-content\/uploads\/2023\/11\/igloo_with_seals_frame_ss-150x150.jpg",150,150,true],"medium":["https:\/\/www.megastitch.eu\/wp-content\/uploads\/2023\/11\/igloo_with_seals_frame_ss-276x300.jpg",276,300,true],"medium_large":["https:\/\/www.megastitch.eu\/wp-content\/uploads\/2023\/11\/igloo_with_seals_frame_ss-768x834.jpg",768,834,true],"large":["https:\/\/www.megastitch.eu\/wp-content\/uploads\/2023\/11\/igloo_with_seals_frame_ss-942x1024.jpg",942,1024,true],"1536x1536":["https:\/\/www.megastitch.eu\/wp-content\/uploads\/2023\/11\/igloo_with_seals_frame_ss.jpg",1086,1180,false],"2048x2048":["https:\/\/www.megastitch.eu\/wp-content\/uploads\/2023\/11\/igloo_with_seals_frame_ss.jpg",1086,1180,false],"ultp_layout_landscape_large":["https:\/\/www.megastitch.eu\/wp-content\/uploads\/2023\/11\/igloo_with_seals_frame_ss-1086x800.jpg",1086,800,true],"ultp_layout_landscape":["https:\/\/www.megastitch.eu\/wp-content\/uploads\/2023\/11\/igloo_with_seals_frame_ss-870x570.jpg",870,570,true],"ultp_layout_portrait":["https:\/\/www.megastitch.eu\/wp-content\/uploads\/2023\/11\/igloo_with_seals_frame_ss-600x900.jpg",600,900,true],"ultp_layout_square":["https:\/\/www.megastitch.eu\/wp-content\/uploads\/2023\/11\/igloo_with_seals_frame_ss-600x600.jpg",600,600,true],"molla_post-grid":["https:\/\/www.megastitch.eu\/wp-content\/uploads\/2023\/11\/igloo_with_seals_frame_ss-400x267.jpg",400,267,true],"woocommerce_thumbnail":["https:\/\/www.megastitch.eu\/wp-content\/uploads\/2023\/11\/igloo_with_seals_frame_ss-300x326.jpg",300,326,true],"woocommerce_single":["https:\/\/www.megastitch.eu\/wp-content\/uploads\/2023\/11\/igloo_with_seals_frame_ss-600x652.jpg",600,652,true],"woocommerce_gallery_thumbnail":["https:\/\/www.megastitch.eu\/wp-content\/uploads\/2023\/11\/igloo_with_seals_frame_ss-100x100.jpg",100,100,true]},"uagb_author_info":{"display_name":"pagacova","author_link":"https:\/\/www.megastitch.eu\/cs\/author\/"},"uagb_comment_info":0,"uagb_excerpt":"Predloha na kr\u00ed\u017eikov\u00e9 vy\u0161\u00edvanie, v tvare strom\u010deka, s mot\u00edvom zimnej krajiny, iglu a tule\u0148ov. Po\u010det kr\u00ed\u017eikov: 45 x 54 Rozmer l\u00e1tky: 8.16 x 9.80 cm Po\u010det farieb: 17 farieb a 1 blend Pou\u017eit\u00e9 techniky: kr\u00ed\u017eiky, ob\u0161\u00edvanie, franc\u00fazske uzl\u00edky","_links":{"self":[{"href":"https:\/\/www.megastitch.eu\/cs\/wp-json\/wp\/v2\/product\/28796"}],"collection":[{"href":"https:\/\/www.megastitch.eu\/cs\/wp-json\/wp\/v2\/product"}],"about":[{"href":"https:\/\/www.megastitch.eu\/cs\/wp-json\/wp\/v2\/types\/product"}],"replies":[{"embeddable":true,"href":"https:\/\/www.megastitch.eu\/cs\/wp-json\/wp\/v2\/comments?post=28796"}],"wp:featuredmedia":[{"embeddable":true,"href":"https:\/\/www.megastitch.eu\/cs\/wp-json\/wp\/v2\/media\/28797"}],"wp:attachment":[{"href":"https:\/\/www.megastitch.eu\/cs\/wp-json\/wp\/v2\/media?parent=28796"}],"wp:term":[{"taxonomy":"product_cat","embeddable":true,"href":"https:\/\/www.megastitch.eu\/cs\/wp-json\/wp\/v2\/product_cat?post=28796"},{"taxonomy":"product_tag","embeddable":true,"href":"https:\/\/www.megastitch.eu\/cs\/wp-json\/wp\/v2\/product_tag?post=28796"}],"curies":[{"name":"wp","href":"https:\/\/api.w.org\/{rel}","templated":true}]}}