	{"id":28806,"date":"2023-11-23T00:01:48","date_gmt":"2023-11-22T23:01:48","guid":{"rendered":"https:\/\/www.megastitch.eu\/?post_type=product&#038;p=28806"},"modified":"2024-05-25T16:21:56","modified_gmt":"2024-05-25T14:21:56","slug":"balicek-predloh-7ks-black-friday","status":"publish","type":"product","link":"https:\/\/www.megastitch.eu\/cs\/obchod\/predlohy-na-vysivanie\/balicek-predloh-7ks-black-friday\/","title":{"rendered":"Bal\u00ed\u010dek predl\u00f4h 7ks &#8211; Black Friday"},"content":{"rendered":"<div class=\"nolwrap\"><h4>S\u00fabory na stiahnutie:<\/h4>\n<ul>\n<li><strong>pdf s\u00fabory<\/strong>\n<ul>\n<li>v \u010dierno-bielej verzii &#8211; s ob\u0161\u00edvan\u00edm a bez ob\u0161\u00edvania,&nbsp;<\/li>\n<li>vo farebnej verzii &#8211; s ob\u0161\u00edvan\u00edm a bez ob\u0161\u00edvania<\/li>\n<\/ul>\n<\/li>\n<li><strong>cssaga s\u00fabor<\/strong><\/li>\n<\/ul>\n<p>&nbsp;<\/p>\n<\/div>","protected":false},"excerpt":{"rendered":"<p>Bal\u00ed\u010dek obsahuje predlohy:<\/p>\n<ul>\n<li>Jesenn\u00fd mlyn,<\/li>\n<li>Medve\u010f na ryb\u00e1ch,<\/li>\n<li>Pr\u00edbehy sib\u00edrskej ma\u010dky,<\/li>\n<li>L\u00ed\u0161ka s ma\u010dkou,<\/li>\n<li>Sen o mori,<\/li>\n<li>R\u00edbez\u013eov\u00e9 \u017eelanie,<\/li>\n<li>Hor\u00faci n\u00e1poj.<\/li>\n<\/ul>\n<p>Dostupn\u00e9 len do 30.11.2023<\/p>\n","protected":false},"featured_media":28814,"comment_status":"open","ping_status":"closed","template":"","meta":{"_uag_custom_page_level_css":"","ngg_post_thumbnail":0},"product_cat":[131],"product_tag":[366],"aioseo_notices":[],"featured_image_urls":{"full":["https:\/\/www.megastitch.eu\/wp-content\/uploads\/2023\/11\/BF_set_30_MS.jpeg",1280,1280,false],"thumbnail":["https:\/\/www.megastitch.eu\/wp-content\/uploads\/2023\/11\/BF_set_30_MS-150x150.jpeg",150,150,true],"medium":["https:\/\/www.megastitch.eu\/wp-content\/uploads\/2023\/11\/BF_set_30_MS-300x300.jpeg",300,300,true],"medium_large":["https:\/\/www.megastitch.eu\/wp-content\/uploads\/2023\/11\/BF_set_30_MS-768x768.jpeg",768,768,true],"large":["https:\/\/www.megastitch.eu\/wp-content\/uploads\/2023\/11\/BF_set_30_MS-1024x1024.jpeg",1024,1024,true],"1536x1536":["https:\/\/www.megastitch.eu\/wp-content\/uploads\/2023\/11\/BF_set_30_MS.jpeg",1280,1280,false],"2048x2048":["https:\/\/www.megastitch.eu\/wp-content\/uploads\/2023\/11\/BF_set_30_MS.jpeg",1280,1280,false],"ultp_layout_landscape_large":["https:\/\/www.megastitch.eu\/wp-content\/uploads\/2023\/11\/BF_set_30_MS-1200x800.jpeg",1200,800,true],"ultp_layout_landscape":["https:\/\/www.megastitch.eu\/wp-content\/uploads\/2023\/11\/BF_set_30_MS-870x570.jpeg",870,570,true],"ultp_layout_portrait":["https:\/\/www.megastitch.eu\/wp-content\/uploads\/2023\/11\/BF_set_30_MS-600x900.jpeg",600,900,true],"ultp_layout_square":["https:\/\/www.megastitch.eu\/wp-content\/uploads\/2023\/11\/BF_set_30_MS-600x600.jpeg",600,600,true],"molla_post-grid":["https:\/\/www.megastitch.eu\/wp-content\/uploads\/2023\/11\/BF_set_30_MS-400x267.jpeg",400,267,true],"woocommerce_thumbnail":["https:\/\/www.megastitch.eu\/wp-content\/uploads\/2023\/11\/BF_set_30_MS-300x300.jpeg",300,300,true],"woocommerce_single":["https:\/\/www.megastitch.eu\/wp-content\/uploads\/2023\/11\/BF_set_30_MS-600x600.jpeg",600,600,true],"woocommerce_gallery_thumbnail":["https:\/\/www.megastitch.eu\/wp-content\/uploads\/2023\/11\/BF_set_30_MS-100x100.jpeg",100,100,true]},"post_excerpt_stackable":"<p>Bal\u00ed\u010dek obsahuje predlohy:<\/p>\n<ul>\n<li>Jesenn\u00fd mlyn,<\/li>\n<li>Medve\u010f na ryb\u00e1ch,<\/li>\n<li>Pr\u00edbehy sib\u00edrskej ma\u010dky,<\/li>\n<li>L\u00ed\u0161ka s ma\u010dkou,<\/li>\n<li>Sen o mori,<\/li>\n<li>R\u00edbez\u013eov\u00e9 \u017eelanie,<\/li>\n<li>Hor\u00faci n\u00e1poj.<\/li>\n<\/ul>\n<p>Dostupn\u00e9 len do 30.11.2023<\/p>\n","category_list":"","author_info":{"name":"","url":""},"comments_num":"0 comments","featured_image_urls_v2":{"full":["https:\/\/www.megastitch.eu\/wp-content\/uploads\/2023\/11\/BF_set_30_MS.jpeg",1280,1280,false],"thumbnail":["https:\/\/www.megastitch.eu\/wp-content\/uploads\/2023\/11\/BF_set_30_MS-150x150.jpeg",150,150,true],"medium":["https:\/\/www.megastitch.eu\/wp-content\/uploads\/2023\/11\/BF_set_30_MS-300x300.jpeg",300,300,true],"medium_large":["https:\/\/www.megastitch.eu\/wp-content\/uploads\/2023\/11\/BF_set_30_MS-768x768.jpeg",768,768,true],"large":["https:\/\/www.megastitch.eu\/wp-content\/uploads\/2023\/11\/BF_set_30_MS-1024x1024.jpeg",1024,1024,true],"1536x1536":["https:\/\/www.megastitch.eu\/wp-content\/uploads\/2023\/11\/BF_set_30_MS.jpeg",1280,1280,false],"2048x2048":["https:\/\/www.megastitch.eu\/wp-content\/uploads\/2023\/11\/BF_set_30_MS.jpeg",1280,1280,false],"ultp_layout_landscape_large":["https:\/\/www.megastitch.eu\/wp-content\/uploads\/2023\/11\/BF_set_30_MS-1200x800.jpeg",1200,800,true],"ultp_layout_landscape":["https:\/\/www.megastitch.eu\/wp-content\/uploads\/2023\/11\/BF_set_30_MS-870x570.jpeg",870,570,true],"ultp_layout_portrait":["https:\/\/www.megastitch.eu\/wp-content\/uploads\/2023\/11\/BF_set_30_MS-600x900.jpeg",600,900,true],"ultp_layout_square":["https:\/\/www.megastitch.eu\/wp-content\/uploads\/2023\/11\/BF_set_30_MS-600x600.jpeg",600,600,true],"molla_post-grid":["https:\/\/www.megastitch.eu\/wp-content\/uploads\/2023\/11\/BF_set_30_MS-400x267.jpeg",400,267,true],"woocommerce_thumbnail":["https:\/\/www.megastitch.eu\/wp-content\/uploads\/2023\/11\/BF_set_30_MS-300x300.jpeg",300,300,true],"woocommerce_single":["https:\/\/www.megastitch.eu\/wp-content\/uploads\/2023\/11\/BF_set_30_MS-600x600.jpeg",600,600,true],"woocommerce_gallery_thumbnail":["https:\/\/www.megastitch.eu\/wp-content\/uploads\/2023\/11\/BF_set_30_MS-100x100.jpeg",100,100,true]},"post_excerpt_stackable_v2":"<p>Bal\u00ed\u010dek obsahuje predlohy:<\/p>\n<ul>\n<li>Jesenn\u00fd mlyn,<\/li>\n<li>Medve\u010f na ryb\u00e1ch,<\/li>\n<li>Pr\u00edbehy sib\u00edrskej ma\u010dky,<\/li>\n<li>L\u00ed\u0161ka s ma\u010dkou,<\/li>\n<li>Sen o mori,<\/li>\n<li>R\u00edbez\u013eov\u00e9 \u017eelanie,<\/li>\n<li>Hor\u00faci n\u00e1poj.<\/li>\n<\/ul>\n<p>Dostupn\u00e9 len do 30.11.2023<\/p>\n","category_list_v2":"","author_info_v2":{"name":"","url":""},"comments_num_v2":"0 comments","uagb_featured_image_src":{"full":["https:\/\/www.megastitch.eu\/wp-content\/uploads\/2023\/11\/BF_set_30_MS.jpeg",1280,1280,false],"thumbnail":["https:\/\/www.megastitch.eu\/wp-content\/uploads\/2023\/11\/BF_set_30_MS-150x150.jpeg",150,150,true],"medium":["https:\/\/www.megastitch.eu\/wp-content\/uploads\/2023\/11\/BF_set_30_MS-300x300.jpeg",300,300,true],"medium_large":["https:\/\/www.megastitch.eu\/wp-content\/uploads\/2023\/11\/BF_set_30_MS-768x768.jpeg",768,768,true],"large":["https:\/\/www.megastitch.eu\/wp-content\/uploads\/2023\/11\/BF_set_30_MS-1024x1024.jpeg",1024,1024,true],"1536x1536":["https:\/\/www.megastitch.eu\/wp-content\/uploads\/2023\/11\/BF_set_30_MS.jpeg",1280,1280,false],"2048x2048":["https:\/\/www.megastitch.eu\/wp-content\/uploads\/2023\/11\/BF_set_30_MS.jpeg",1280,1280,false],"ultp_layout_landscape_large":["https:\/\/www.megastitch.eu\/wp-content\/uploads\/2023\/11\/BF_set_30_MS-1200x800.jpeg",1200,800,true],"ultp_layout_landscape":["https:\/\/www.megastitch.eu\/wp-content\/uploads\/2023\/11\/BF_set_30_MS-870x570.jpeg",870,570,true],"ultp_layout_portrait":["https:\/\/www.megastitch.eu\/wp-content\/uploads\/2023\/11\/BF_set_30_MS-600x900.jpeg",600,900,true],"ultp_layout_square":["https:\/\/www.megastitch.eu\/wp-content\/uploads\/2023\/11\/BF_set_30_MS-600x600.jpeg",600,600,true],"molla_post-grid":["https:\/\/www.megastitch.eu\/wp-content\/uploads\/2023\/11\/BF_set_30_MS-400x267.jpeg",400,267,true],"woocommerce_thumbnail":["https:\/\/www.megastitch.eu\/wp-content\/uploads\/2023\/11\/BF_set_30_MS-300x300.jpeg",300,300,true],"woocommerce_single":["https:\/\/www.megastitch.eu\/wp-content\/uploads\/2023\/11\/BF_set_30_MS-600x600.jpeg",600,600,true],"woocommerce_gallery_thumbnail":["https:\/\/www.megastitch.eu\/wp-content\/uploads\/2023\/11\/BF_set_30_MS-100x100.jpeg",100,100,true]},"uagb_author_info":{"display_name":"monika","author_link":"https:\/\/www.megastitch.eu\/cs\/author\/"},"uagb_comment_info":0,"uagb_excerpt":"Bal\u00ed\u010dek obsahuje predlohy: Jesenn\u00fd mlyn, Medve\u010f na ryb\u00e1ch, Pr\u00edbehy sib\u00edrskej ma\u010dky, L\u00ed\u0161ka s ma\u010dkou, Sen o mori, R\u00edbez\u013eov\u00e9 \u017eelanie, Hor\u00faci n\u00e1poj. Dostupn\u00e9 len do 30.11.2023","_links":{"self":[{"href":"https:\/\/www.megastitch.eu\/cs\/wp-json\/wp\/v2\/product\/28806"}],"collection":[{"href":"https:\/\/www.megastitch.eu\/cs\/wp-json\/wp\/v2\/product"}],"about":[{"href":"https:\/\/www.megastitch.eu\/cs\/wp-json\/wp\/v2\/types\/product"}],"replies":[{"embeddable":true,"href":"https:\/\/www.megastitch.eu\/cs\/wp-json\/wp\/v2\/comments?post=28806"}],"wp:featuredmedia":[{"embeddable":true,"href":"https:\/\/www.megastitch.eu\/cs\/wp-json\/wp\/v2\/media\/28814"}],"wp:attachment":[{"href":"https:\/\/www.megastitch.eu\/cs\/wp-json\/wp\/v2\/media?parent=28806"}],"wp:term":[{"taxonomy":"product_cat","embeddable":true,"href":"https:\/\/www.megastitch.eu\/cs\/wp-json\/wp\/v2\/product_cat?post=28806"},{"taxonomy":"product_tag","embeddable":true,"href":"https:\/\/www.megastitch.eu\/cs\/wp-json\/wp\/v2\/product_tag?post=28806"}],"curies":[{"name":"wp","href":"https:\/\/api.w.org\/{rel}","templated":true}]}}