	{"id":28807,"date":"2024-11-23T00:01:05","date_gmt":"2024-11-22T23:01:05","guid":{"rendered":"https:\/\/www.megastitch.eu\/?post_type=product&#038;p=28807"},"modified":"2024-12-06T16:37:45","modified_gmt":"2024-12-06T15:37:45","slug":"vianocny-balicek-predloh-11ks","status":"publish","type":"product","link":"https:\/\/www.megastitch.eu\/cs\/obchod\/predlohy-na-vysivanie\/vianocne-predlohy\/vianocny-balicek-predloh-11ks\/","title":{"rendered":"Viano\u010dn\u00fd bal\u00ed\u010dek predl\u00f4h 11ks"},"content":{"rendered":"<div class=\"nolwrap\"><h4>S\u00fabory na stiahnutie:<\/h4>\n<ul>\n<li><strong>pdf s\u00fabory<\/strong>\n<ul>\n<li>v \u010dierno-bielej verzii &#8211; s ob\u0161\u00edvan\u00edm a bez ob\u0161\u00edvania,&nbsp;<\/li>\n<li>vo farebnej verzii &#8211; s ob\u0161\u00edvan\u00edm a bez ob\u0161\u00edvania<\/li>\n<\/ul>\n<\/li>\n<li><strong>cssaga s\u00fabor<\/strong><\/li>\n<\/ul>\n<p>&nbsp;<\/p>\n<\/div>","protected":false},"excerpt":{"rendered":"<p>Bal\u00ed\u010dek obsahuje predlohy:<\/p>\n<ul>\n<li>Cezm\u00edna,<\/li>\n<li>Zvon\u010deky,<\/li>\n<li>Viano\u010dn\u00e1 pan\u010ducha,<\/li>\n<li>Viano\u010dn\u00e1 l\u00edzanka,<\/li>\n<li>Zlat\u00e1 gu\u013ea,<\/li>\n<li>Hor\u00face kakao,<\/li>\n<li>Pomaran\u010d,<\/li>\n<li>Usmievav\u00fd snehulia\u010dik,<\/li>\n<li>V\u00f4\u0148a vianoc,<\/li>\n<li>Viano\u010dn\u00fd dar\u010dek,<\/li>\n<li>Medovn\u00ed\u010dek<\/li>\n<\/ul>\n","protected":false},"featured_media":28817,"comment_status":"open","ping_status":"closed","template":"","meta":{"_uag_custom_page_level_css":"","ngg_post_thumbnail":0},"product_cat":[131,171],"product_tag":[366],"aioseo_notices":[],"featured_image_urls":{"full":["https:\/\/www.megastitch.eu\/wp-content\/uploads\/2023\/11\/BF_set_15_MS.jpeg",1280,1280,false],"thumbnail":["https:\/\/www.megastitch.eu\/wp-content\/uploads\/2023\/11\/BF_set_15_MS-150x150.jpeg",150,150,true],"medium":["https:\/\/www.megastitch.eu\/wp-content\/uploads\/2023\/11\/BF_set_15_MS-300x300.jpeg",300,300,true],"medium_large":["https:\/\/www.megastitch.eu\/wp-content\/uploads\/2023\/11\/BF_set_15_MS-768x768.jpeg",768,768,true],"large":["https:\/\/www.megastitch.eu\/wp-content\/uploads\/2023\/11\/BF_set_15_MS-1024x1024.jpeg",1024,1024,true],"1536x1536":["https:\/\/www.megastitch.eu\/wp-content\/uploads\/2023\/11\/BF_set_15_MS.jpeg",1280,1280,false],"2048x2048":["https:\/\/www.megastitch.eu\/wp-content\/uploads\/2023\/11\/BF_set_15_MS.jpeg",1280,1280,false],"ultp_layout_landscape_large":["https:\/\/www.megastitch.eu\/wp-content\/uploads\/2023\/11\/BF_set_15_MS-1200x800.jpeg",1200,800,true],"ultp_layout_landscape":["https:\/\/www.megastitch.eu\/wp-content\/uploads\/2023\/11\/BF_set_15_MS-870x570.jpeg",870,570,true],"ultp_layout_portrait":["https:\/\/www.megastitch.eu\/wp-content\/uploads\/2023\/11\/BF_set_15_MS-600x900.jpeg",600,900,true],"ultp_layout_square":["https:\/\/www.megastitch.eu\/wp-content\/uploads\/2023\/11\/BF_set_15_MS-600x600.jpeg",600,600,true],"molla_post-grid":["https:\/\/www.megastitch.eu\/wp-content\/uploads\/2023\/11\/BF_set_15_MS-400x267.jpeg",400,267,true],"woocommerce_thumbnail":["https:\/\/www.megastitch.eu\/wp-content\/uploads\/2023\/11\/BF_set_15_MS-300x300.jpeg",300,300,true],"woocommerce_single":["https:\/\/www.megastitch.eu\/wp-content\/uploads\/2023\/11\/BF_set_15_MS-600x600.jpeg",600,600,true],"woocommerce_gallery_thumbnail":["https:\/\/www.megastitch.eu\/wp-content\/uploads\/2023\/11\/BF_set_15_MS-100x100.jpeg",100,100,true]},"post_excerpt_stackable":"<p>Bal\u00ed\u010dek obsahuje predlohy:<\/p>\n<ul>\n<li>Cezm\u00edna,<\/li>\n<li>Zvon\u010deky,<\/li>\n<li>Viano\u010dn\u00e1 pan\u010ducha,<\/li>\n<li>Viano\u010dn\u00e1 l\u00edzanka,<\/li>\n<li>Zlat\u00e1 gu\u013ea,<\/li>\n<li>Hor\u00face kakao,<\/li>\n<li>Pomaran\u010d,<\/li>\n<li>Usmievav\u00fd snehulia\u010dik,<\/li>\n<li>V\u00f4\u0148a vianoc,<\/li>\n<li>Viano\u010dn\u00fd dar\u010dek,<\/li>\n<li>Medovn\u00ed\u010dek<\/li>\n<\/ul>\n","category_list":"","author_info":{"name":"","url":""},"comments_num":"0 comments","featured_image_urls_v2":{"full":["https:\/\/www.megastitch.eu\/wp-content\/uploads\/2023\/11\/BF_set_15_MS.jpeg",1280,1280,false],"thumbnail":["https:\/\/www.megastitch.eu\/wp-content\/uploads\/2023\/11\/BF_set_15_MS-150x150.jpeg",150,150,true],"medium":["https:\/\/www.megastitch.eu\/wp-content\/uploads\/2023\/11\/BF_set_15_MS-300x300.jpeg",300,300,true],"medium_large":["https:\/\/www.megastitch.eu\/wp-content\/uploads\/2023\/11\/BF_set_15_MS-768x768.jpeg",768,768,true],"large":["https:\/\/www.megastitch.eu\/wp-content\/uploads\/2023\/11\/BF_set_15_MS-1024x1024.jpeg",1024,1024,true],"1536x1536":["https:\/\/www.megastitch.eu\/wp-content\/uploads\/2023\/11\/BF_set_15_MS.jpeg",1280,1280,false],"2048x2048":["https:\/\/www.megastitch.eu\/wp-content\/uploads\/2023\/11\/BF_set_15_MS.jpeg",1280,1280,false],"ultp_layout_landscape_large":["https:\/\/www.megastitch.eu\/wp-content\/uploads\/2023\/11\/BF_set_15_MS-1200x800.jpeg",1200,800,true],"ultp_layout_landscape":["https:\/\/www.megastitch.eu\/wp-content\/uploads\/2023\/11\/BF_set_15_MS-870x570.jpeg",870,570,true],"ultp_layout_portrait":["https:\/\/www.megastitch.eu\/wp-content\/uploads\/2023\/11\/BF_set_15_MS-600x900.jpeg",600,900,true],"ultp_layout_square":["https:\/\/www.megastitch.eu\/wp-content\/uploads\/2023\/11\/BF_set_15_MS-600x600.jpeg",600,600,true],"molla_post-grid":["https:\/\/www.megastitch.eu\/wp-content\/uploads\/2023\/11\/BF_set_15_MS-400x267.jpeg",400,267,true],"woocommerce_thumbnail":["https:\/\/www.megastitch.eu\/wp-content\/uploads\/2023\/11\/BF_set_15_MS-300x300.jpeg",300,300,true],"woocommerce_single":["https:\/\/www.megastitch.eu\/wp-content\/uploads\/2023\/11\/BF_set_15_MS-600x600.jpeg",600,600,true],"woocommerce_gallery_thumbnail":["https:\/\/www.megastitch.eu\/wp-content\/uploads\/2023\/11\/BF_set_15_MS-100x100.jpeg",100,100,true]},"post_excerpt_stackable_v2":"<p>Bal\u00ed\u010dek obsahuje predlohy:<\/p>\n<ul>\n<li>Cezm\u00edna,<\/li>\n<li>Zvon\u010deky,<\/li>\n<li>Viano\u010dn\u00e1 pan\u010ducha,<\/li>\n<li>Viano\u010dn\u00e1 l\u00edzanka,<\/li>\n<li>Zlat\u00e1 gu\u013ea,<\/li>\n<li>Hor\u00face kakao,<\/li>\n<li>Pomaran\u010d,<\/li>\n<li>Usmievav\u00fd snehulia\u010dik,<\/li>\n<li>V\u00f4\u0148a vianoc,<\/li>\n<li>Viano\u010dn\u00fd dar\u010dek,<\/li>\n<li>Medovn\u00ed\u010dek<\/li>\n<\/ul>\n","category_list_v2":"","author_info_v2":{"name":"","url":""},"comments_num_v2":"0 comments","uagb_featured_image_src":{"full":["https:\/\/www.megastitch.eu\/wp-content\/uploads\/2023\/11\/BF_set_15_MS.jpeg",1280,1280,false],"thumbnail":["https:\/\/www.megastitch.eu\/wp-content\/uploads\/2023\/11\/BF_set_15_MS-150x150.jpeg",150,150,true],"medium":["https:\/\/www.megastitch.eu\/wp-content\/uploads\/2023\/11\/BF_set_15_MS-300x300.jpeg",300,300,true],"medium_large":["https:\/\/www.megastitch.eu\/wp-content\/uploads\/2023\/11\/BF_set_15_MS-768x768.jpeg",768,768,true],"large":["https:\/\/www.megastitch.eu\/wp-content\/uploads\/2023\/11\/BF_set_15_MS-1024x1024.jpeg",1024,1024,true],"1536x1536":["https:\/\/www.megastitch.eu\/wp-content\/uploads\/2023\/11\/BF_set_15_MS.jpeg",1280,1280,false],"2048x2048":["https:\/\/www.megastitch.eu\/wp-content\/uploads\/2023\/11\/BF_set_15_MS.jpeg",1280,1280,false],"ultp_layout_landscape_large":["https:\/\/www.megastitch.eu\/wp-content\/uploads\/2023\/11\/BF_set_15_MS-1200x800.jpeg",1200,800,true],"ultp_layout_landscape":["https:\/\/www.megastitch.eu\/wp-content\/uploads\/2023\/11\/BF_set_15_MS-870x570.jpeg",870,570,true],"ultp_layout_portrait":["https:\/\/www.megastitch.eu\/wp-content\/uploads\/2023\/11\/BF_set_15_MS-600x900.jpeg",600,900,true],"ultp_layout_square":["https:\/\/www.megastitch.eu\/wp-content\/uploads\/2023\/11\/BF_set_15_MS-600x600.jpeg",600,600,true],"molla_post-grid":["https:\/\/www.megastitch.eu\/wp-content\/uploads\/2023\/11\/BF_set_15_MS-400x267.jpeg",400,267,true],"woocommerce_thumbnail":["https:\/\/www.megastitch.eu\/wp-content\/uploads\/2023\/11\/BF_set_15_MS-300x300.jpeg",300,300,true],"woocommerce_single":["https:\/\/www.megastitch.eu\/wp-content\/uploads\/2023\/11\/BF_set_15_MS-600x600.jpeg",600,600,true],"woocommerce_gallery_thumbnail":["https:\/\/www.megastitch.eu\/wp-content\/uploads\/2023\/11\/BF_set_15_MS-100x100.jpeg",100,100,true]},"uagb_author_info":{"display_name":"monika","author_link":"https:\/\/www.megastitch.eu\/cs\/author\/"},"uagb_comment_info":0,"uagb_excerpt":"Bal\u00ed\u010dek obsahuje predlohy: Cezm\u00edna, Zvon\u010deky, Viano\u010dn\u00e1 pan\u010ducha, Viano\u010dn\u00e1 l\u00edzanka, Zlat\u00e1 gu\u013ea, Hor\u00face kakao, Pomaran\u010d, Usmievav\u00fd snehulia\u010dik, V\u00f4\u0148a vianoc, Viano\u010dn\u00fd dar\u010dek, Medovn\u00ed\u010dek","_links":{"self":[{"href":"https:\/\/www.megastitch.eu\/cs\/wp-json\/wp\/v2\/product\/28807"}],"collection":[{"href":"https:\/\/www.megastitch.eu\/cs\/wp-json\/wp\/v2\/product"}],"about":[{"href":"https:\/\/www.megastitch.eu\/cs\/wp-json\/wp\/v2\/types\/product"}],"replies":[{"embeddable":true,"href":"https:\/\/www.megastitch.eu\/cs\/wp-json\/wp\/v2\/comments?post=28807"}],"wp:featuredmedia":[{"embeddable":true,"href":"https:\/\/www.megastitch.eu\/cs\/wp-json\/wp\/v2\/media\/28817"}],"wp:attachment":[{"href":"https:\/\/www.megastitch.eu\/cs\/wp-json\/wp\/v2\/media?parent=28807"}],"wp:term":[{"taxonomy":"product_cat","embeddable":true,"href":"https:\/\/www.megastitch.eu\/cs\/wp-json\/wp\/v2\/product_cat?post=28807"},{"taxonomy":"product_tag","embeddable":true,"href":"https:\/\/www.megastitch.eu\/cs\/wp-json\/wp\/v2\/product_tag?post=28807"}],"curies":[{"name":"wp","href":"https:\/\/api.w.org\/{rel}","templated":true}]}}