	{"id":28831,"date":"2023-12-06T19:00:56","date_gmt":"2023-12-06T18:00:56","guid":{"rendered":"https:\/\/www.megastitch.eu\/?post_type=product&#038;p=28831"},"modified":"2024-09-14T12:32:01","modified_gmt":"2024-09-14T10:32:01","slug":"podlozka-na-vysivanie-vzor-zvoncek","status":"publish","type":"product","link":"https:\/\/www.megastitch.eu\/cs\/obchod\/podklady-na-vysivanie\/drevene-podklady-na-vysivanie\/podlozka-na-vysivanie-vzor-zvoncek\/","title":{"rendered":"Podlo\u017eka na vy\u0161\u00edvanie, vzor Zvon\u010dek"},"content":{"rendered":"<div class=\"nolwrap\"><p>Dreven\u00e1 podlo\u017eka na vy\u0161\u00edvanie, vzor Zvon\u010dek<\/p>\n<p><strong>Materi\u00e1l:<\/strong> preglejka 3 mm.<br \/>\nZadn\u00e1 strana pre materi\u00e1l: pls\u0165.<\/p>\n<p><strong>Rozmery: 7<\/strong> x 7.3 cm<\/p>\n<p><strong>Po\u010det kr\u00ed\u017eikov: <\/strong><\/p>\n<\/div>","protected":false},"excerpt":{"rendered":"<p><span style=\"font-weight: 400;\">Dreven\u00fd podklad dod\u00e1 va\u0161ej v\u00fd\u0161ivke neodolate\u013en\u00fd \u0161arm a re\u00e1lny vzh\u013ead. Vy\u0161ite ob\u013e\u00faben\u00e9 predlohy zvon\u010deka na dreven\u00fd podklad a obdarujte t\u00fdmto netradi\u010dn\u00fdm, ru\u010dne vyroben\u00fdm dar\u010dekom niekoho zo svojich bl\u00edzkych.<\/span><\/p>\n<p><strong>Po\u010det kr\u00ed\u017eikov: <\/strong><\/p>\n<p><strong>Materi\u00e1l:<\/strong> preglejka 3 mm.<br \/>\nZadn\u00e1 strana pre materi\u00e1l: pls\u0165 v zelenej a bordovej farbe.<\/p>\n<p>&nbsp;<\/p>\n","protected":false},"featured_media":28834,"comment_status":"open","ping_status":"closed","template":"","meta":{"_uag_custom_page_level_css":"","ngg_post_thumbnail":0},"product_cat":[230],"product_tag":[236,276,46],"aioseo_notices":[],"featured_image_urls":{"full":["https:\/\/www.megastitch.eu\/wp-content\/uploads\/2023\/12\/zvonceky_sm.jpg",1000,750,false],"thumbnail":["https:\/\/www.megastitch.eu\/wp-content\/uploads\/2023\/12\/zvonceky_sm-150x150.jpg",150,150,true],"medium":["https:\/\/www.megastitch.eu\/wp-content\/uploads\/2023\/12\/zvonceky_sm-300x225.jpg",300,225,true],"medium_large":["https:\/\/www.megastitch.eu\/wp-content\/uploads\/2023\/12\/zvonceky_sm-768x576.jpg",768,576,true],"large":["https:\/\/www.megastitch.eu\/wp-content\/uploads\/2023\/12\/zvonceky_sm.jpg",1000,750,false],"1536x1536":["https:\/\/www.megastitch.eu\/wp-content\/uploads\/2023\/12\/zvonceky_sm.jpg",1000,750,false],"2048x2048":["https:\/\/www.megastitch.eu\/wp-content\/uploads\/2023\/12\/zvonceky_sm.jpg",1000,750,false],"ultp_layout_landscape_large":["https:\/\/www.megastitch.eu\/wp-content\/uploads\/2023\/12\/zvonceky_sm.jpg",1000,750,false],"ultp_layout_landscape":["https:\/\/www.megastitch.eu\/wp-content\/uploads\/2023\/12\/zvonceky_sm-870x570.jpg",870,570,true],"ultp_layout_portrait":["https:\/\/www.megastitch.eu\/wp-content\/uploads\/2023\/12\/zvonceky_sm-600x750.jpg",600,750,true],"ultp_layout_square":["https:\/\/www.megastitch.eu\/wp-content\/uploads\/2023\/12\/zvonceky_sm-600x600.jpg",600,600,true],"molla_post-grid":["https:\/\/www.megastitch.eu\/wp-content\/uploads\/2023\/12\/zvonceky_sm-400x267.jpg",400,267,true],"woocommerce_thumbnail":["https:\/\/www.megastitch.eu\/wp-content\/uploads\/2023\/12\/zvonceky_sm-300x225.jpg",300,225,true],"woocommerce_single":["https:\/\/www.megastitch.eu\/wp-content\/uploads\/2023\/12\/zvonceky_sm-600x450.jpg",600,450,true],"woocommerce_gallery_thumbnail":["https:\/\/www.megastitch.eu\/wp-content\/uploads\/2023\/12\/zvonceky_sm-100x100.jpg",100,100,true]},"post_excerpt_stackable":"<p><span style=\"font-weight: 400;\">Dreven\u00fd podklad dod\u00e1 va\u0161ej v\u00fd\u0161ivke neodolate\u013en\u00fd \u0161arm a re\u00e1lny vzh\u013ead. Vy\u0161ite ob\u013e\u00faben\u00e9 predlohy zvon\u010deka na dreven\u00fd podklad a obdarujte t\u00fdmto netradi\u010dn\u00fdm, ru\u010dne vyroben\u00fdm dar\u010dekom niekoho zo svojich bl\u00edzkych.<\/span><\/p>\n<p><strong>Po\u010det kr\u00ed\u017eikov: <\/strong><\/p>\n<p><strong>Materi\u00e1l:<\/strong> preglejka 3 mm.<br \/>\nZadn\u00e1 strana pre materi\u00e1l: pls\u0165 v zelenej a bordovej farbe.<\/p>\n<p>&nbsp;<\/p>\n","category_list":"","author_info":{"name":"","url":""},"comments_num":"0 comments","featured_image_urls_v2":{"full":["https:\/\/www.megastitch.eu\/wp-content\/uploads\/2023\/12\/zvonceky_sm.jpg",1000,750,false],"thumbnail":["https:\/\/www.megastitch.eu\/wp-content\/uploads\/2023\/12\/zvonceky_sm-150x150.jpg",150,150,true],"medium":["https:\/\/www.megastitch.eu\/wp-content\/uploads\/2023\/12\/zvonceky_sm-300x225.jpg",300,225,true],"medium_large":["https:\/\/www.megastitch.eu\/wp-content\/uploads\/2023\/12\/zvonceky_sm-768x576.jpg",768,576,true],"large":["https:\/\/www.megastitch.eu\/wp-content\/uploads\/2023\/12\/zvonceky_sm.jpg",1000,750,false],"1536x1536":["https:\/\/www.megastitch.eu\/wp-content\/uploads\/2023\/12\/zvonceky_sm.jpg",1000,750,false],"2048x2048":["https:\/\/www.megastitch.eu\/wp-content\/uploads\/2023\/12\/zvonceky_sm.jpg",1000,750,false],"ultp_layout_landscape_large":["https:\/\/www.megastitch.eu\/wp-content\/uploads\/2023\/12\/zvonceky_sm.jpg",1000,750,false],"ultp_layout_landscape":["https:\/\/www.megastitch.eu\/wp-content\/uploads\/2023\/12\/zvonceky_sm-870x570.jpg",870,570,true],"ultp_layout_portrait":["https:\/\/www.megastitch.eu\/wp-content\/uploads\/2023\/12\/zvonceky_sm-600x750.jpg",600,750,true],"ultp_layout_square":["https:\/\/www.megastitch.eu\/wp-content\/uploads\/2023\/12\/zvonceky_sm-600x600.jpg",600,600,true],"molla_post-grid":["https:\/\/www.megastitch.eu\/wp-content\/uploads\/2023\/12\/zvonceky_sm-400x267.jpg",400,267,true],"woocommerce_thumbnail":["https:\/\/www.megastitch.eu\/wp-content\/uploads\/2023\/12\/zvonceky_sm-300x225.jpg",300,225,true],"woocommerce_single":["https:\/\/www.megastitch.eu\/wp-content\/uploads\/2023\/12\/zvonceky_sm-600x450.jpg",600,450,true],"woocommerce_gallery_thumbnail":["https:\/\/www.megastitch.eu\/wp-content\/uploads\/2023\/12\/zvonceky_sm-100x100.jpg",100,100,true]},"post_excerpt_stackable_v2":"<p><span style=\"font-weight: 400;\">Dreven\u00fd podklad dod\u00e1 va\u0161ej v\u00fd\u0161ivke neodolate\u013en\u00fd \u0161arm a re\u00e1lny vzh\u013ead. Vy\u0161ite ob\u013e\u00faben\u00e9 predlohy zvon\u010deka na dreven\u00fd podklad a obdarujte t\u00fdmto netradi\u010dn\u00fdm, ru\u010dne vyroben\u00fdm dar\u010dekom niekoho zo svojich bl\u00edzkych.<\/span><\/p>\n<p><strong>Po\u010det kr\u00ed\u017eikov: <\/strong><\/p>\n<p><strong>Materi\u00e1l:<\/strong> preglejka 3 mm.<br \/>\nZadn\u00e1 strana pre materi\u00e1l: pls\u0165 v zelenej a bordovej farbe.<\/p>\n<p>&nbsp;<\/p>\n","category_list_v2":"","author_info_v2":{"name":"","url":""},"comments_num_v2":"0 comments","uagb_featured_image_src":{"full":["https:\/\/www.megastitch.eu\/wp-content\/uploads\/2023\/12\/zvonceky_sm.jpg",1000,750,false],"thumbnail":["https:\/\/www.megastitch.eu\/wp-content\/uploads\/2023\/12\/zvonceky_sm-150x150.jpg",150,150,true],"medium":["https:\/\/www.megastitch.eu\/wp-content\/uploads\/2023\/12\/zvonceky_sm-300x225.jpg",300,225,true],"medium_large":["https:\/\/www.megastitch.eu\/wp-content\/uploads\/2023\/12\/zvonceky_sm-768x576.jpg",768,576,true],"large":["https:\/\/www.megastitch.eu\/wp-content\/uploads\/2023\/12\/zvonceky_sm.jpg",1000,750,false],"1536x1536":["https:\/\/www.megastitch.eu\/wp-content\/uploads\/2023\/12\/zvonceky_sm.jpg",1000,750,false],"2048x2048":["https:\/\/www.megastitch.eu\/wp-content\/uploads\/2023\/12\/zvonceky_sm.jpg",1000,750,false],"ultp_layout_landscape_large":["https:\/\/www.megastitch.eu\/wp-content\/uploads\/2023\/12\/zvonceky_sm.jpg",1000,750,false],"ultp_layout_landscape":["https:\/\/www.megastitch.eu\/wp-content\/uploads\/2023\/12\/zvonceky_sm-870x570.jpg",870,570,true],"ultp_layout_portrait":["https:\/\/www.megastitch.eu\/wp-content\/uploads\/2023\/12\/zvonceky_sm-600x750.jpg",600,750,true],"ultp_layout_square":["https:\/\/www.megastitch.eu\/wp-content\/uploads\/2023\/12\/zvonceky_sm-600x600.jpg",600,600,true],"molla_post-grid":["https:\/\/www.megastitch.eu\/wp-content\/uploads\/2023\/12\/zvonceky_sm-400x267.jpg",400,267,true],"woocommerce_thumbnail":["https:\/\/www.megastitch.eu\/wp-content\/uploads\/2023\/12\/zvonceky_sm-300x225.jpg",300,225,true],"woocommerce_single":["https:\/\/www.megastitch.eu\/wp-content\/uploads\/2023\/12\/zvonceky_sm-600x450.jpg",600,450,true],"woocommerce_gallery_thumbnail":["https:\/\/www.megastitch.eu\/wp-content\/uploads\/2023\/12\/zvonceky_sm-100x100.jpg",100,100,true]},"uagb_author_info":{"display_name":"erbenova","author_link":"https:\/\/www.megastitch.eu\/cs\/author\/"},"uagb_comment_info":0,"uagb_excerpt":"Dreven\u00fd podklad dod\u00e1 va\u0161ej v\u00fd\u0161ivke neodolate\u013en\u00fd \u0161arm a re\u00e1lny vzh\u013ead. Vy\u0161ite ob\u013e\u00faben\u00e9 predlohy zvon\u010deka na dreven\u00fd podklad a obdarujte t\u00fdmto netradi\u010dn\u00fdm, ru\u010dne vyroben\u00fdm dar\u010dekom niekoho zo svojich bl\u00edzkych. Po\u010det kr\u00ed\u017eikov: Materi\u00e1l: preglejka 3 mm. Zadn\u00e1 strana pre materi\u00e1l: pls\u0165 v zelenej a bordovej farbe. &nbsp;","_links":{"self":[{"href":"https:\/\/www.megastitch.eu\/cs\/wp-json\/wp\/v2\/product\/28831"}],"collection":[{"href":"https:\/\/www.megastitch.eu\/cs\/wp-json\/wp\/v2\/product"}],"about":[{"href":"https:\/\/www.megastitch.eu\/cs\/wp-json\/wp\/v2\/types\/product"}],"replies":[{"embeddable":true,"href":"https:\/\/www.megastitch.eu\/cs\/wp-json\/wp\/v2\/comments?post=28831"}],"wp:featuredmedia":[{"embeddable":true,"href":"https:\/\/www.megastitch.eu\/cs\/wp-json\/wp\/v2\/media\/28834"}],"wp:attachment":[{"href":"https:\/\/www.megastitch.eu\/cs\/wp-json\/wp\/v2\/media?parent=28831"}],"wp:term":[{"taxonomy":"product_cat","embeddable":true,"href":"https:\/\/www.megastitch.eu\/cs\/wp-json\/wp\/v2\/product_cat?post=28831"},{"taxonomy":"product_tag","embeddable":true,"href":"https:\/\/www.megastitch.eu\/cs\/wp-json\/wp\/v2\/product_tag?post=28831"}],"curies":[{"name":"wp","href":"https:\/\/api.w.org\/{rel}","templated":true}]}}