	{"id":28847,"date":"2023-12-20T23:01:03","date_gmt":"2023-12-20T22:01:03","guid":{"rendered":"https:\/\/www.megastitch.eu\/?post_type=product&#038;p=28847"},"modified":"2024-06-13T05:43:23","modified_gmt":"2024-06-13T03:43:23","slug":"majak","status":"publish","type":"product","link":"https:\/\/www.megastitch.eu\/cs\/obchod\/predlohy-na-vysivanie\/detske-predlohy\/majak\/","title":{"rendered":"Maj\u00e1k"},"content":{"rendered":"<div class=\"nolwrap\"><p>Maj\u00e1k, symbol n\u00e1deje, pevne stoj\u00ed na svojom mieste. Jeho svetlo d\u00e1va straten\u00fdm lodiam \u0161ancu na n\u00e1vrat domov. Pom\u00e1ha im n\u00e1js\u0165 cestu sp\u00e4\u0165 za tmav\u00fdch noc\u00ed alebo b\u00farok. Ke\u010f n\u00e1morn\u00edci zbadaj\u00fa jeho sveteln\u00fd l\u00fa\u010d, vedia \u017ee s\u00fa zachr\u00e1nen\u00fd a v bezpe\u010d\u00ed.<\/p>\n<p>Vy\u0161ite si predlohu maj\u00e1ka aby v\u00e1s v\u017edy v bezpe\u010d\u00ed doviedol domov. Bude aj skvel\u00fdm darom pre va\u0161ich bl\u00edzkych. Bude im pripom\u00edna\u0165, kde n\u00e1jdu otvoren\u00fa n\u00e1ru\u010d, ke\u010f zabl\u00fadia v strastiach \u017eivota.<\/p>\n<p>Autor ilustr\u00e1cie: <a title=\"Natalya Goncharova\" href=\"https:\/\/www.instagram.com\/illustasha\/\">Natalya Goncharova<\/a><\/p>\n<p>Autorka predlohy: <strong>M\u00e1ria Erbenov\u00e1\u00a0<\/strong><\/p>\n<p><strong>Po\u010det kr\u00ed\u017eikov: 158 x 171<\/strong><br \/>\n<strong>Rozmer l\u00e1tky: 28.67 x 31.02 cm<\/strong><br \/>\n<strong>L\u00e1tka<\/strong>: 14 ct\u00a0 aida<br \/>\n<strong>Bavlnky: <\/strong>DMC<br \/>\n<strong>Po\u010det farieb: <\/strong>52 a 11 blendov<br \/>\n<strong>Pou\u017eit\u00e9 techniky: <\/strong>kr\u00ed\u017eiky, polkr\u00ed\u017eiky, p\u00e1r 3\/4 kr\u00ed\u017eikov, ob\u0161\u00edvanie, franc\u00fazske uzl\u00edky<\/p>\n<h4>S\u00fabory na stiahnutie:<\/h4>\n<ul>\n<li><strong>pdf s\u00fabor<\/strong>\n<ul>\n<li style=\"list-style-type: none\">\n<ul>\n<li>v \u010dierno-bielej verzii &#8211; s ob\u0161\u00edvan\u00edm a bez ob\u0161\u00edvania,<\/li>\n<\/ul>\n<\/li>\n<\/ul>\n<h4>Inform\u00e1cie o predlohe:<\/h4>\n<ul>\n<li>vo farebnej verzii &#8211; s ob\u0161\u00edvan\u00edm a bez ob\u0161\u00edvania<\/li>\n<\/ul>\n<\/li>\n<li><strong>cssaga s\u00fabor<\/strong><\/li>\n<\/ul>\n<\/div>","protected":false},"excerpt":{"rendered":"<p>Rozpr\u00e1vkov\u00e1 predloha na kr\u00ed\u017eikov\u00e9 vy\u0161\u00edvanie s mot\u00edvom maj\u00e1ka nad morom v tvare kruhu.<\/p>\n<p><strong>Po\u010det kr\u00ed\u017eikov: 158 x 171<\/strong><br \/>\n<strong>Rozmer l\u00e1tky: 28.67 x 31.02 cm<\/strong><br \/>\n<strong>L\u00e1tka<\/strong>: 14 ct\u00a0 Aida<br \/>\n<strong>Bavlnky: <\/strong>DMC<br \/>\n<strong>Po\u010det farieb: <\/strong>52 + 11 blendov<br \/>\n<strong>Pou\u017eit\u00e9 techniky:<\/strong> kr\u00ed\u017eiky, polkr\u00ed\u017eiky, p\u00e1r 3\/4 kr\u00ed\u017eikov, ob\u0161\u00edvanie, franc\u00fazske uzl\u00edky<\/p>\n","protected":false},"featured_media":28862,"comment_status":"open","ping_status":"closed","template":"","meta":{"_uag_custom_page_level_css":"","ngg_post_thumbnail":0},"product_cat":[243,131,247],"product_tag":[289,318,291,248],"aioseo_notices":[],"featured_image_urls":{"full":["https:\/\/www.megastitch.eu\/wp-content\/uploads\/2023\/12\/lighthouse_frame_ss.jpg",1196,1268,false],"thumbnail":["https:\/\/www.megastitch.eu\/wp-content\/uploads\/2023\/12\/lighthouse_frame_ss-150x150.jpg",150,150,true],"medium":["https:\/\/www.megastitch.eu\/wp-content\/uploads\/2023\/12\/lighthouse_frame_ss-283x300.jpg",283,300,true],"medium_large":["https:\/\/www.megastitch.eu\/wp-content\/uploads\/2023\/12\/lighthouse_frame_ss-768x814.jpg",768,814,true],"large":["https:\/\/www.megastitch.eu\/wp-content\/uploads\/2023\/12\/lighthouse_frame_ss-966x1024.jpg",966,1024,true],"1536x1536":["https:\/\/www.megastitch.eu\/wp-content\/uploads\/2023\/12\/lighthouse_frame_ss.jpg",1196,1268,false],"2048x2048":["https:\/\/www.megastitch.eu\/wp-content\/uploads\/2023\/12\/lighthouse_frame_ss.jpg",1196,1268,false],"ultp_layout_landscape_large":["https:\/\/www.megastitch.eu\/wp-content\/uploads\/2023\/12\/lighthouse_frame_ss-1196x800.jpg",1196,800,true],"ultp_layout_landscape":["https:\/\/www.megastitch.eu\/wp-content\/uploads\/2023\/12\/lighthouse_frame_ss-870x570.jpg",870,570,true],"ultp_layout_portrait":["https:\/\/www.megastitch.eu\/wp-content\/uploads\/2023\/12\/lighthouse_frame_ss-600x900.jpg",600,900,true],"ultp_layout_square":["https:\/\/www.megastitch.eu\/wp-content\/uploads\/2023\/12\/lighthouse_frame_ss-600x600.jpg",600,600,true],"molla_post-grid":["https:\/\/www.megastitch.eu\/wp-content\/uploads\/2023\/12\/lighthouse_frame_ss-400x267.jpg",400,267,true],"woocommerce_thumbnail":["https:\/\/www.megastitch.eu\/wp-content\/uploads\/2023\/12\/lighthouse_frame_ss-300x318.jpg",300,318,true],"woocommerce_single":["https:\/\/www.megastitch.eu\/wp-content\/uploads\/2023\/12\/lighthouse_frame_ss-600x636.jpg",600,636,true],"woocommerce_gallery_thumbnail":["https:\/\/www.megastitch.eu\/wp-content\/uploads\/2023\/12\/lighthouse_frame_ss-100x100.jpg",100,100,true]},"post_excerpt_stackable":"<p>Rozpr\u00e1vkov\u00e1 predloha na kr\u00ed\u017eikov\u00e9 vy\u0161\u00edvanie s mot\u00edvom maj\u00e1ka nad morom v tvare kruhu.<\/p>\n<p><strong>Po\u010det kr\u00ed\u017eikov: 158 x 171<\/strong><br \/>\n<strong>Rozmer l\u00e1tky: 28.67 x 31.02 cm<\/strong><br \/>\n<strong>L\u00e1tka<\/strong>: 14 ct\u00a0 Aida<br \/>\n<strong>Bavlnky: <\/strong>DMC<br \/>\n<strong>Po\u010det farieb: <\/strong>52 + 11 blendov<br \/>\n<strong>Pou\u017eit\u00e9 techniky:<\/strong> kr\u00ed\u017eiky, polkr\u00ed\u017eiky, p\u00e1r 3\/4 kr\u00ed\u017eikov, ob\u0161\u00edvanie, franc\u00fazske uzl\u00edky<\/p>\n","category_list":"","author_info":{"name":"","url":""},"comments_num":"0 comments","featured_image_urls_v2":{"full":["https:\/\/www.megastitch.eu\/wp-content\/uploads\/2023\/12\/lighthouse_frame_ss.jpg",1196,1268,false],"thumbnail":["https:\/\/www.megastitch.eu\/wp-content\/uploads\/2023\/12\/lighthouse_frame_ss-150x150.jpg",150,150,true],"medium":["https:\/\/www.megastitch.eu\/wp-content\/uploads\/2023\/12\/lighthouse_frame_ss-283x300.jpg",283,300,true],"medium_large":["https:\/\/www.megastitch.eu\/wp-content\/uploads\/2023\/12\/lighthouse_frame_ss-768x814.jpg",768,814,true],"large":["https:\/\/www.megastitch.eu\/wp-content\/uploads\/2023\/12\/lighthouse_frame_ss-966x1024.jpg",966,1024,true],"1536x1536":["https:\/\/www.megastitch.eu\/wp-content\/uploads\/2023\/12\/lighthouse_frame_ss.jpg",1196,1268,false],"2048x2048":["https:\/\/www.megastitch.eu\/wp-content\/uploads\/2023\/12\/lighthouse_frame_ss.jpg",1196,1268,false],"ultp_layout_landscape_large":["https:\/\/www.megastitch.eu\/wp-content\/uploads\/2023\/12\/lighthouse_frame_ss-1196x800.jpg",1196,800,true],"ultp_layout_landscape":["https:\/\/www.megastitch.eu\/wp-content\/uploads\/2023\/12\/lighthouse_frame_ss-870x570.jpg",870,570,true],"ultp_layout_portrait":["https:\/\/www.megastitch.eu\/wp-content\/uploads\/2023\/12\/lighthouse_frame_ss-600x900.jpg",600,900,true],"ultp_layout_square":["https:\/\/www.megastitch.eu\/wp-content\/uploads\/2023\/12\/lighthouse_frame_ss-600x600.jpg",600,600,true],"molla_post-grid":["https:\/\/www.megastitch.eu\/wp-content\/uploads\/2023\/12\/lighthouse_frame_ss-400x267.jpg",400,267,true],"woocommerce_thumbnail":["https:\/\/www.megastitch.eu\/wp-content\/uploads\/2023\/12\/lighthouse_frame_ss-300x318.jpg",300,318,true],"woocommerce_single":["https:\/\/www.megastitch.eu\/wp-content\/uploads\/2023\/12\/lighthouse_frame_ss-600x636.jpg",600,636,true],"woocommerce_gallery_thumbnail":["https:\/\/www.megastitch.eu\/wp-content\/uploads\/2023\/12\/lighthouse_frame_ss-100x100.jpg",100,100,true]},"post_excerpt_stackable_v2":"<p>Rozpr\u00e1vkov\u00e1 predloha na kr\u00ed\u017eikov\u00e9 vy\u0161\u00edvanie s mot\u00edvom maj\u00e1ka nad morom v tvare kruhu.<\/p>\n<p><strong>Po\u010det kr\u00ed\u017eikov: 158 x 171<\/strong><br \/>\n<strong>Rozmer l\u00e1tky: 28.67 x 31.02 cm<\/strong><br \/>\n<strong>L\u00e1tka<\/strong>: 14 ct\u00a0 Aida<br \/>\n<strong>Bavlnky: <\/strong>DMC<br \/>\n<strong>Po\u010det farieb: <\/strong>52 + 11 blendov<br \/>\n<strong>Pou\u017eit\u00e9 techniky:<\/strong> kr\u00ed\u017eiky, polkr\u00ed\u017eiky, p\u00e1r 3\/4 kr\u00ed\u017eikov, ob\u0161\u00edvanie, franc\u00fazske uzl\u00edky<\/p>\n","category_list_v2":"","author_info_v2":{"name":"","url":""},"comments_num_v2":"0 comments","uagb_featured_image_src":{"full":["https:\/\/www.megastitch.eu\/wp-content\/uploads\/2023\/12\/lighthouse_frame_ss.jpg",1196,1268,false],"thumbnail":["https:\/\/www.megastitch.eu\/wp-content\/uploads\/2023\/12\/lighthouse_frame_ss-150x150.jpg",150,150,true],"medium":["https:\/\/www.megastitch.eu\/wp-content\/uploads\/2023\/12\/lighthouse_frame_ss-283x300.jpg",283,300,true],"medium_large":["https:\/\/www.megastitch.eu\/wp-content\/uploads\/2023\/12\/lighthouse_frame_ss-768x814.jpg",768,814,true],"large":["https:\/\/www.megastitch.eu\/wp-content\/uploads\/2023\/12\/lighthouse_frame_ss-966x1024.jpg",966,1024,true],"1536x1536":["https:\/\/www.megastitch.eu\/wp-content\/uploads\/2023\/12\/lighthouse_frame_ss.jpg",1196,1268,false],"2048x2048":["https:\/\/www.megastitch.eu\/wp-content\/uploads\/2023\/12\/lighthouse_frame_ss.jpg",1196,1268,false],"ultp_layout_landscape_large":["https:\/\/www.megastitch.eu\/wp-content\/uploads\/2023\/12\/lighthouse_frame_ss-1196x800.jpg",1196,800,true],"ultp_layout_landscape":["https:\/\/www.megastitch.eu\/wp-content\/uploads\/2023\/12\/lighthouse_frame_ss-870x570.jpg",870,570,true],"ultp_layout_portrait":["https:\/\/www.megastitch.eu\/wp-content\/uploads\/2023\/12\/lighthouse_frame_ss-600x900.jpg",600,900,true],"ultp_layout_square":["https:\/\/www.megastitch.eu\/wp-content\/uploads\/2023\/12\/lighthouse_frame_ss-600x600.jpg",600,600,true],"molla_post-grid":["https:\/\/www.megastitch.eu\/wp-content\/uploads\/2023\/12\/lighthouse_frame_ss-400x267.jpg",400,267,true],"woocommerce_thumbnail":["https:\/\/www.megastitch.eu\/wp-content\/uploads\/2023\/12\/lighthouse_frame_ss-300x318.jpg",300,318,true],"woocommerce_single":["https:\/\/www.megastitch.eu\/wp-content\/uploads\/2023\/12\/lighthouse_frame_ss-600x636.jpg",600,636,true],"woocommerce_gallery_thumbnail":["https:\/\/www.megastitch.eu\/wp-content\/uploads\/2023\/12\/lighthouse_frame_ss-100x100.jpg",100,100,true]},"uagb_author_info":{"display_name":"pagacova","author_link":"https:\/\/www.megastitch.eu\/cs\/author\/"},"uagb_comment_info":0,"uagb_excerpt":"Rozpr\u00e1vkov\u00e1 predloha na kr\u00ed\u017eikov\u00e9 vy\u0161\u00edvanie s mot\u00edvom maj\u00e1ka nad morom v tvare kruhu. Po\u010det kr\u00ed\u017eikov: 158 x 171 Rozmer l\u00e1tky: 28.67 x 31.02 cm L\u00e1tka: 14 ct\u00a0 Aida Bavlnky: DMC Po\u010det farieb: 52 + 11 blendov Pou\u017eit\u00e9 techniky: kr\u00ed\u017eiky, polkr\u00ed\u017eiky, p\u00e1r 3\/4 kr\u00ed\u017eikov, ob\u0161\u00edvanie, franc\u00fazske uzl\u00edky","_links":{"self":[{"href":"https:\/\/www.megastitch.eu\/cs\/wp-json\/wp\/v2\/product\/28847"}],"collection":[{"href":"https:\/\/www.megastitch.eu\/cs\/wp-json\/wp\/v2\/product"}],"about":[{"href":"https:\/\/www.megastitch.eu\/cs\/wp-json\/wp\/v2\/types\/product"}],"replies":[{"embeddable":true,"href":"https:\/\/www.megastitch.eu\/cs\/wp-json\/wp\/v2\/comments?post=28847"}],"wp:featuredmedia":[{"embeddable":true,"href":"https:\/\/www.megastitch.eu\/cs\/wp-json\/wp\/v2\/media\/28862"}],"wp:attachment":[{"href":"https:\/\/www.megastitch.eu\/cs\/wp-json\/wp\/v2\/media?parent=28847"}],"wp:term":[{"taxonomy":"product_cat","embeddable":true,"href":"https:\/\/www.megastitch.eu\/cs\/wp-json\/wp\/v2\/product_cat?post=28847"},{"taxonomy":"product_tag","embeddable":true,"href":"https:\/\/www.megastitch.eu\/cs\/wp-json\/wp\/v2\/product_tag?post=28847"}],"curies":[{"name":"wp","href":"https:\/\/api.w.org\/{rel}","templated":true}]}}