	{"id":28848,"date":"2023-12-20T23:18:44","date_gmt":"2023-12-20T22:18:44","guid":{"rendered":"https:\/\/www.megastitch.eu\/?post_type=product&#038;p=28848"},"modified":"2024-05-25T16:21:55","modified_gmt":"2024-05-25T14:21:55","slug":"levandulove-pole","status":"publish","type":"product","link":"https:\/\/www.megastitch.eu\/cs\/obchod\/predlohy-na-vysivanie\/stredne-predlohy\/levandulove-pole\/","title":{"rendered":"Levandu\u013eov\u00e9 pole"},"content":{"rendered":"<div class=\"nolwrap\"><p>Nechajte stres a starosti v\u0161edn\u00fdch dn\u00ed len tak odf\u00faknu\u0165 jesenn\u00fdm vetrom. Prejdite sa s ihlou v ruke po rozkvitnutom levandu\u013eovom poli a vdychujte jej omamn\u00fa v\u00f4\u0148u. Kochajte sa krajinou a vdychujte jej pokoj. Nemus\u00edte ni\u010d, len si u\u017e\u00edva\u0165 ten vz\u00e1cny okamih.<\/p>\n<p>Vy\u0161ite si t\u00fato malebn\u00fa predlohu a v\u017edy ke\u010f budete ma\u0165 pocit, \u017ee sa nedok\u00e1\u017eete nad\u00fdchnu\u0165 z pln\u00fdch p\u013e\u00fac sa na \u0148u zad\u00edvajte. Upokoj\u00ed va\u0161e zmysli a budete m\u00f4c\u0165 znovu vo\u013ene d\u00fdcha\u0165.<\/p>\n<p>Autor ilustr\u00e1cie: <a title=\"Ksenya Zychenkova\" href=\"https:\/\/www.instagram.com\/kseniazy.art\/\">Ksenya Zychenkova<\/a><\/p>\n<p>Autorka predlohy: <strong>M\u00e1ria Erbenov\u00e1\u00a0<\/strong><\/p>\n<p><strong>Po\u010det kr\u00ed\u017eikov: 77 x 87<\/strong><br \/>\n<strong>Rozmer l\u00e1tky: 13.97 x 15.78 cm<\/strong><br \/>\n<strong>L\u00e1tka<\/strong>: 14 ct\u00a0 aida<br \/>\n<strong>Bavlnky: <\/strong>DMC<br \/>\n<strong>Po\u010det farieb: <\/strong>43 a 5 blendov<br \/>\n<strong>Pou\u017eit\u00e9 techniky: <\/strong>kr\u00ed\u017eiky, polkr\u00ed\u017eiky, ob\u0161\u00edvanie, franc\u00fazske uzl\u00edky<\/p>\n<h4>S\u00fabory na stiahnutie:<\/h4>\n<ul>\n<li><strong>pdf s\u00fabor<\/strong>\n<ul>\n<li style=\"list-style-type: none\">\n<ul>\n<li>v \u010dierno-bielej verzii &#8211; s ob\u0161\u00edvan\u00edm a bez ob\u0161\u00edvania,<\/li>\n<\/ul>\n<\/li>\n<\/ul>\n<h4>Inform\u00e1cie o predlohe:<\/h4>\n<ul>\n<li>vo farebnej verzii &#8211; s ob\u0161\u00edvan\u00edm a bez ob\u0161\u00edvania<\/li>\n<\/ul>\n<\/li>\n<li><strong>cssaga s\u00fabor<\/strong><\/li>\n<\/ul>\n<\/div>","protected":false},"excerpt":{"rendered":"<p>Nad\u010dasov\u00e1 predloha na kr\u00ed\u017eikov\u00e9 vy\u0161\u00edvanie s vetern\u00fdm mlynom v levandu\u013eovom poli v\u00e1s prin\u00fati spomali\u0165 a len tak by\u0165.<\/p>\n<p><strong>Po\u010det kr\u00ed\u017eikov: 77 x 87<\/strong><br \/>\n<strong>Rozmer l\u00e1tky: 13.97 x 15.78 cm<\/strong><br \/>\n<strong>L\u00e1tka<\/strong>: 14 ct\u00a0 Aida<br \/>\n<strong>Bavlnky: <\/strong>DMC<br \/>\n<strong>Po\u010det farieb: <\/strong>43 + 5 blendov<br \/>\n<strong>Pou\u017eit\u00e9 techniky:<\/strong> kr\u00ed\u017eiky, polkr\u00ed\u017eiky, \u00a0ob\u0161\u00edvanie, franc\u00fazske uzl\u00edky<\/p>\n","protected":false},"featured_media":28850,"comment_status":"open","ping_status":"closed","template":"","meta":{"_uag_custom_page_level_css":"","ngg_post_thumbnail":0},"product_cat":[257,131,138],"product_tag":[289,318,139,291,48],"aioseo_notices":[],"featured_image_urls":{"full":["https:\/\/www.megastitch.eu\/wp-content\/uploads\/2023\/12\/lavender_field_frame_ss.jpg",1098,1179,false],"thumbnail":["https:\/\/www.megastitch.eu\/wp-content\/uploads\/2023\/12\/lavender_field_frame_ss-150x150.jpg",150,150,true],"medium":["https:\/\/www.megastitch.eu\/wp-content\/uploads\/2023\/12\/lavender_field_frame_ss-279x300.jpg",279,300,true],"medium_large":["https:\/\/www.megastitch.eu\/wp-content\/uploads\/2023\/12\/lavender_field_frame_ss-768x825.jpg",768,825,true],"large":["https:\/\/www.megastitch.eu\/wp-content\/uploads\/2023\/12\/lavender_field_frame_ss-954x1024.jpg",954,1024,true],"1536x1536":["https:\/\/www.megastitch.eu\/wp-content\/uploads\/2023\/12\/lavender_field_frame_ss.jpg",1098,1179,false],"2048x2048":["https:\/\/www.megastitch.eu\/wp-content\/uploads\/2023\/12\/lavender_field_frame_ss.jpg",1098,1179,false],"ultp_layout_landscape_large":["https:\/\/www.megastitch.eu\/wp-content\/uploads\/2023\/12\/lavender_field_frame_ss-1098x800.jpg",1098,800,true],"ultp_layout_landscape":["https:\/\/www.megastitch.eu\/wp-content\/uploads\/2023\/12\/lavender_field_frame_ss-870x570.jpg",870,570,true],"ultp_layout_portrait":["https:\/\/www.megastitch.eu\/wp-content\/uploads\/2023\/12\/lavender_field_frame_ss-600x900.jpg",600,900,true],"ultp_layout_square":["https:\/\/www.megastitch.eu\/wp-content\/uploads\/2023\/12\/lavender_field_frame_ss-600x600.jpg",600,600,true],"molla_post-grid":["https:\/\/www.megastitch.eu\/wp-content\/uploads\/2023\/12\/lavender_field_frame_ss-400x267.jpg",400,267,true],"woocommerce_thumbnail":["https:\/\/www.megastitch.eu\/wp-content\/uploads\/2023\/12\/lavender_field_frame_ss-300x322.jpg",300,322,true],"woocommerce_single":["https:\/\/www.megastitch.eu\/wp-content\/uploads\/2023\/12\/lavender_field_frame_ss-600x644.jpg",600,644,true],"woocommerce_gallery_thumbnail":["https:\/\/www.megastitch.eu\/wp-content\/uploads\/2023\/12\/lavender_field_frame_ss-100x100.jpg",100,100,true]},"post_excerpt_stackable":"<p>Nad\u010dasov\u00e1 predloha na kr\u00ed\u017eikov\u00e9 vy\u0161\u00edvanie s vetern\u00fdm mlynom v levandu\u013eovom poli v\u00e1s prin\u00fati spomali\u0165 a len tak by\u0165.<\/p>\n<p><strong>Po\u010det kr\u00ed\u017eikov: 77 x 87<\/strong><br \/>\n<strong>Rozmer l\u00e1tky: 13.97 x 15.78 cm<\/strong><br \/>\n<strong>L\u00e1tka<\/strong>: 14 ct\u00a0 Aida<br \/>\n<strong>Bavlnky: <\/strong>DMC<br \/>\n<strong>Po\u010det farieb: <\/strong>43 + 5 blendov<br \/>\n<strong>Pou\u017eit\u00e9 techniky:<\/strong> kr\u00ed\u017eiky, polkr\u00ed\u017eiky, \u00a0ob\u0161\u00edvanie, franc\u00fazske uzl\u00edky<\/p>\n","category_list":"","author_info":{"name":"","url":""},"comments_num":"0 comments","featured_image_urls_v2":{"full":["https:\/\/www.megastitch.eu\/wp-content\/uploads\/2023\/12\/lavender_field_frame_ss.jpg",1098,1179,false],"thumbnail":["https:\/\/www.megastitch.eu\/wp-content\/uploads\/2023\/12\/lavender_field_frame_ss-150x150.jpg",150,150,true],"medium":["https:\/\/www.megastitch.eu\/wp-content\/uploads\/2023\/12\/lavender_field_frame_ss-279x300.jpg",279,300,true],"medium_large":["https:\/\/www.megastitch.eu\/wp-content\/uploads\/2023\/12\/lavender_field_frame_ss-768x825.jpg",768,825,true],"large":["https:\/\/www.megastitch.eu\/wp-content\/uploads\/2023\/12\/lavender_field_frame_ss-954x1024.jpg",954,1024,true],"1536x1536":["https:\/\/www.megastitch.eu\/wp-content\/uploads\/2023\/12\/lavender_field_frame_ss.jpg",1098,1179,false],"2048x2048":["https:\/\/www.megastitch.eu\/wp-content\/uploads\/2023\/12\/lavender_field_frame_ss.jpg",1098,1179,false],"ultp_layout_landscape_large":["https:\/\/www.megastitch.eu\/wp-content\/uploads\/2023\/12\/lavender_field_frame_ss-1098x800.jpg",1098,800,true],"ultp_layout_landscape":["https:\/\/www.megastitch.eu\/wp-content\/uploads\/2023\/12\/lavender_field_frame_ss-870x570.jpg",870,570,true],"ultp_layout_portrait":["https:\/\/www.megastitch.eu\/wp-content\/uploads\/2023\/12\/lavender_field_frame_ss-600x900.jpg",600,900,true],"ultp_layout_square":["https:\/\/www.megastitch.eu\/wp-content\/uploads\/2023\/12\/lavender_field_frame_ss-600x600.jpg",600,600,true],"molla_post-grid":["https:\/\/www.megastitch.eu\/wp-content\/uploads\/2023\/12\/lavender_field_frame_ss-400x267.jpg",400,267,true],"woocommerce_thumbnail":["https:\/\/www.megastitch.eu\/wp-content\/uploads\/2023\/12\/lavender_field_frame_ss-300x322.jpg",300,322,true],"woocommerce_single":["https:\/\/www.megastitch.eu\/wp-content\/uploads\/2023\/12\/lavender_field_frame_ss-600x644.jpg",600,644,true],"woocommerce_gallery_thumbnail":["https:\/\/www.megastitch.eu\/wp-content\/uploads\/2023\/12\/lavender_field_frame_ss-100x100.jpg",100,100,true]},"post_excerpt_stackable_v2":"<p>Nad\u010dasov\u00e1 predloha na kr\u00ed\u017eikov\u00e9 vy\u0161\u00edvanie s vetern\u00fdm mlynom v levandu\u013eovom poli v\u00e1s prin\u00fati spomali\u0165 a len tak by\u0165.<\/p>\n<p><strong>Po\u010det kr\u00ed\u017eikov: 77 x 87<\/strong><br \/>\n<strong>Rozmer l\u00e1tky: 13.97 x 15.78 cm<\/strong><br \/>\n<strong>L\u00e1tka<\/strong>: 14 ct\u00a0 Aida<br \/>\n<strong>Bavlnky: <\/strong>DMC<br \/>\n<strong>Po\u010det farieb: <\/strong>43 + 5 blendov<br \/>\n<strong>Pou\u017eit\u00e9 techniky:<\/strong> kr\u00ed\u017eiky, polkr\u00ed\u017eiky, \u00a0ob\u0161\u00edvanie, franc\u00fazske uzl\u00edky<\/p>\n","category_list_v2":"","author_info_v2":{"name":"","url":""},"comments_num_v2":"0 comments","uagb_featured_image_src":{"full":["https:\/\/www.megastitch.eu\/wp-content\/uploads\/2023\/12\/lavender_field_frame_ss.jpg",1098,1179,false],"thumbnail":["https:\/\/www.megastitch.eu\/wp-content\/uploads\/2023\/12\/lavender_field_frame_ss-150x150.jpg",150,150,true],"medium":["https:\/\/www.megastitch.eu\/wp-content\/uploads\/2023\/12\/lavender_field_frame_ss-279x300.jpg",279,300,true],"medium_large":["https:\/\/www.megastitch.eu\/wp-content\/uploads\/2023\/12\/lavender_field_frame_ss-768x825.jpg",768,825,true],"large":["https:\/\/www.megastitch.eu\/wp-content\/uploads\/2023\/12\/lavender_field_frame_ss-954x1024.jpg",954,1024,true],"1536x1536":["https:\/\/www.megastitch.eu\/wp-content\/uploads\/2023\/12\/lavender_field_frame_ss.jpg",1098,1179,false],"2048x2048":["https:\/\/www.megastitch.eu\/wp-content\/uploads\/2023\/12\/lavender_field_frame_ss.jpg",1098,1179,false],"ultp_layout_landscape_large":["https:\/\/www.megastitch.eu\/wp-content\/uploads\/2023\/12\/lavender_field_frame_ss-1098x800.jpg",1098,800,true],"ultp_layout_landscape":["https:\/\/www.megastitch.eu\/wp-content\/uploads\/2023\/12\/lavender_field_frame_ss-870x570.jpg",870,570,true],"ultp_layout_portrait":["https:\/\/www.megastitch.eu\/wp-content\/uploads\/2023\/12\/lavender_field_frame_ss-600x900.jpg",600,900,true],"ultp_layout_square":["https:\/\/www.megastitch.eu\/wp-content\/uploads\/2023\/12\/lavender_field_frame_ss-600x600.jpg",600,600,true],"molla_post-grid":["https:\/\/www.megastitch.eu\/wp-content\/uploads\/2023\/12\/lavender_field_frame_ss-400x267.jpg",400,267,true],"woocommerce_thumbnail":["https:\/\/www.megastitch.eu\/wp-content\/uploads\/2023\/12\/lavender_field_frame_ss-300x322.jpg",300,322,true],"woocommerce_single":["https:\/\/www.megastitch.eu\/wp-content\/uploads\/2023\/12\/lavender_field_frame_ss-600x644.jpg",600,644,true],"woocommerce_gallery_thumbnail":["https:\/\/www.megastitch.eu\/wp-content\/uploads\/2023\/12\/lavender_field_frame_ss-100x100.jpg",100,100,true]},"uagb_author_info":{"display_name":"pagacova","author_link":"https:\/\/www.megastitch.eu\/cs\/author\/"},"uagb_comment_info":0,"uagb_excerpt":"Nad\u010dasov\u00e1 predloha na kr\u00ed\u017eikov\u00e9 vy\u0161\u00edvanie s vetern\u00fdm mlynom v levandu\u013eovom poli v\u00e1s prin\u00fati spomali\u0165 a len tak by\u0165. Po\u010det kr\u00ed\u017eikov: 77 x 87 Rozmer l\u00e1tky: 13.97 x 15.78 cm L\u00e1tka: 14 ct\u00a0 Aida Bavlnky: DMC Po\u010det farieb: 43 + 5 blendov Pou\u017eit\u00e9 techniky: kr\u00ed\u017eiky, polkr\u00ed\u017eiky, \u00a0ob\u0161\u00edvanie, franc\u00fazske uzl\u00edky","_links":{"self":[{"href":"https:\/\/www.megastitch.eu\/cs\/wp-json\/wp\/v2\/product\/28848"}],"collection":[{"href":"https:\/\/www.megastitch.eu\/cs\/wp-json\/wp\/v2\/product"}],"about":[{"href":"https:\/\/www.megastitch.eu\/cs\/wp-json\/wp\/v2\/types\/product"}],"replies":[{"embeddable":true,"href":"https:\/\/www.megastitch.eu\/cs\/wp-json\/wp\/v2\/comments?post=28848"}],"wp:featuredmedia":[{"embeddable":true,"href":"https:\/\/www.megastitch.eu\/cs\/wp-json\/wp\/v2\/media\/28850"}],"wp:attachment":[{"href":"https:\/\/www.megastitch.eu\/cs\/wp-json\/wp\/v2\/media?parent=28848"}],"wp:term":[{"taxonomy":"product_cat","embeddable":true,"href":"https:\/\/www.megastitch.eu\/cs\/wp-json\/wp\/v2\/product_cat?post=28848"},{"taxonomy":"product_tag","embeddable":true,"href":"https:\/\/www.megastitch.eu\/cs\/wp-json\/wp\/v2\/product_tag?post=28848"}],"curies":[{"name":"wp","href":"https:\/\/api.w.org\/{rel}","templated":true}]}}