	{"id":28849,"date":"2023-12-20T23:36:01","date_gmt":"2023-12-20T22:36:01","guid":{"rendered":"https:\/\/www.megastitch.eu\/?post_type=product&#038;p=28849"},"modified":"2024-06-03T20:56:54","modified_gmt":"2024-06-03T18:56:54","slug":"majovy-vecer","status":"publish","type":"product","link":"https:\/\/www.megastitch.eu\/cs\/obchod\/predlohy-na-vysivanie\/stredne-predlohy\/majovy-vecer\/","title":{"rendered":"M\u00e1jov\u00fd ve\u010der"},"content":{"rendered":"<div class=\"nolwrap\"><p>Zahrajte sa s ma\u010dkou v z\u00e1hone a obklopte sa spolu s \u0148ou svie\u017eimi farbami. Hudba, pestrofarebn\u00fd svet a slne\u010dn\u00fd de\u0148 v\u00e1s nabij\u00fa energiou viac ako tri \u0161\u00e1lky k\u00e1vy.<\/p>\n<p>Vy\u0161ite si ju. Ma\u010dka z predlohy v\u00e1s nau\u010d\u00ed nebra\u0165 \u017eivot pr\u00edli\u0161 v\u00e1\u017ene a nezab\u00fada\u0165 na to nevinn\u00e9 die\u0165a v na\u0161om vn\u00fatri, t\u00fa\u017eiace po z\u00e1bave. Ak pozn\u00e1te niekoho, kto je zavalen\u00fd povinnos\u0165ami a na \u0161antenie u\u017e d\u00e1vno zabudol, darujte mu hotov\u00fa v\u00fd\u0161ivku.<\/p>\n<p>Autor ilustr\u00e1cie: <a title=\"Marina Mylnikova\" href=\"https:\/\/www.instagram.com\/milnikova_art.\/\">Marina Mylnikova<\/a><\/p>\n<p>Autorka predlohy: <strong>M\u00e1ria Erbenov\u00e1\u00a0<\/strong><\/p>\n<p><strong>Po\u010det kr\u00ed\u017eikov: 95 x 74<\/strong><br \/>\n<strong>Rozmer l\u00e1tky: 17.24 x 13.43 cm<\/strong><br \/>\n<strong>L\u00e1tka<\/strong>: 14 ct\u00a0 aida<br \/>\n<strong>Bavlnky: <\/strong>DMC<br \/>\n<strong>Po\u010det farieb: <\/strong>74 a 9 blendov<br \/>\n<strong>Pou\u017eit\u00e9 techniky: <\/strong>kr\u00ed\u017eiky, polkr\u00ed\u017eiky, \u00a0ob\u0161\u00edvanie, franc\u00fazske uzl\u00edky<\/p>\n<h4>S\u00fabory na stiahnutie:<\/h4>\n<ul>\n<li><strong>pdf s\u00fabor<\/strong>\n<ul>\n<li style=\"list-style-type: none\">\n<ul>\n<li>v \u010dierno-bielej verzii &#8211; s ob\u0161\u00edvan\u00edm a bez ob\u0161\u00edvania,<\/li>\n<\/ul>\n<\/li>\n<\/ul>\n<h4>Inform\u00e1cie o predlohe:<\/h4>\n<ul>\n<li>vo farebnej verzii &#8211; s ob\u0161\u00edvan\u00edm a bez ob\u0161\u00edvania<\/li>\n<\/ul>\n<\/li>\n<li><strong>cssaga s\u00fabor<\/strong><\/li>\n<\/ul>\n<\/div>","protected":false},"excerpt":{"rendered":"<p>Ma\u010dka v predlohe na kr\u00ed\u017eikov\u00e9 vy\u0161\u00edvanie, ktor\u00e1 je pln\u00e1 svie\u017eich farieb, prinesie do va\u0161ich \u017eivotov hravos\u0165.<\/p>\n<p><strong>Po\u010det kr\u00ed\u017eikov: 95 x 74<\/strong><br \/>\n<strong>Rozmer l\u00e1tky: 17.24 x 13.43 cm<\/strong><br \/>\n<strong>L\u00e1tka<\/strong>: 14 ct\u00a0 Aida<br \/>\n<strong>Bavlnky: <\/strong>DMC<br \/>\n<strong>Po\u010det farieb: <\/strong>74 + 9 blendov<br \/>\n<strong>Pou\u017eit\u00e9 techniky:<\/strong> kr\u00ed\u017eiky, polkr\u00ed\u017eiky, ob\u0161\u00edvanie, franc\u00fazske uzl\u00edky<\/p>\n","protected":false},"featured_media":28856,"comment_status":"open","ping_status":"closed","template":"","meta":{"_uag_custom_page_level_css":"","ngg_post_thumbnail":0},"product_cat":[257,131,138],"product_tag":[45,318,256,139,291,324,48,151],"aioseo_notices":[],"featured_image_urls":{"full":["https:\/\/www.megastitch.eu\/wp-content\/uploads\/2023\/12\/macka_frame_ss.jpg",1200,1038,false],"thumbnail":["https:\/\/www.megastitch.eu\/wp-content\/uploads\/2023\/12\/macka_frame_ss-150x150.jpg",150,150,true],"medium":["https:\/\/www.megastitch.eu\/wp-content\/uploads\/2023\/12\/macka_frame_ss-300x260.jpg",300,260,true],"medium_large":["https:\/\/www.megastitch.eu\/wp-content\/uploads\/2023\/12\/macka_frame_ss-768x664.jpg",768,664,true],"large":["https:\/\/www.megastitch.eu\/wp-content\/uploads\/2023\/12\/macka_frame_ss-1024x886.jpg",1024,886,true],"1536x1536":["https:\/\/www.megastitch.eu\/wp-content\/uploads\/2023\/12\/macka_frame_ss.jpg",1200,1038,false],"2048x2048":["https:\/\/www.megastitch.eu\/wp-content\/uploads\/2023\/12\/macka_frame_ss.jpg",1200,1038,false],"ultp_layout_landscape_large":["https:\/\/www.megastitch.eu\/wp-content\/uploads\/2023\/12\/macka_frame_ss-1200x800.jpg",1200,800,true],"ultp_layout_landscape":["https:\/\/www.megastitch.eu\/wp-content\/uploads\/2023\/12\/macka_frame_ss-870x570.jpg",870,570,true],"ultp_layout_portrait":["https:\/\/www.megastitch.eu\/wp-content\/uploads\/2023\/12\/macka_frame_ss-600x900.jpg",600,900,true],"ultp_layout_square":["https:\/\/www.megastitch.eu\/wp-content\/uploads\/2023\/12\/macka_frame_ss-600x600.jpg",600,600,true],"molla_post-grid":["https:\/\/www.megastitch.eu\/wp-content\/uploads\/2023\/12\/macka_frame_ss-400x267.jpg",400,267,true],"woocommerce_thumbnail":["https:\/\/www.megastitch.eu\/wp-content\/uploads\/2023\/12\/macka_frame_ss-300x260.jpg",300,260,true],"woocommerce_single":["https:\/\/www.megastitch.eu\/wp-content\/uploads\/2023\/12\/macka_frame_ss-600x519.jpg",600,519,true],"woocommerce_gallery_thumbnail":["https:\/\/www.megastitch.eu\/wp-content\/uploads\/2023\/12\/macka_frame_ss-100x100.jpg",100,100,true]},"post_excerpt_stackable":"<p>Ma\u010dka v predlohe na kr\u00ed\u017eikov\u00e9 vy\u0161\u00edvanie, ktor\u00e1 je pln\u00e1 svie\u017eich farieb, prinesie do va\u0161ich \u017eivotov hravos\u0165.<\/p>\n<p><strong>Po\u010det kr\u00ed\u017eikov: 95 x 74<\/strong><br \/>\n<strong>Rozmer l\u00e1tky: 17.24 x 13.43 cm<\/strong><br \/>\n<strong>L\u00e1tka<\/strong>: 14 ct\u00a0 Aida<br \/>\n<strong>Bavlnky: <\/strong>DMC<br \/>\n<strong>Po\u010det farieb: <\/strong>74 + 9 blendov<br \/>\n<strong>Pou\u017eit\u00e9 techniky:<\/strong> kr\u00ed\u017eiky, polkr\u00ed\u017eiky, ob\u0161\u00edvanie, franc\u00fazske uzl\u00edky<\/p>\n","category_list":"","author_info":{"name":"","url":""},"comments_num":"0 comments","featured_image_urls_v2":{"full":["https:\/\/www.megastitch.eu\/wp-content\/uploads\/2023\/12\/macka_frame_ss.jpg",1200,1038,false],"thumbnail":["https:\/\/www.megastitch.eu\/wp-content\/uploads\/2023\/12\/macka_frame_ss-150x150.jpg",150,150,true],"medium":["https:\/\/www.megastitch.eu\/wp-content\/uploads\/2023\/12\/macka_frame_ss-300x260.jpg",300,260,true],"medium_large":["https:\/\/www.megastitch.eu\/wp-content\/uploads\/2023\/12\/macka_frame_ss-768x664.jpg",768,664,true],"large":["https:\/\/www.megastitch.eu\/wp-content\/uploads\/2023\/12\/macka_frame_ss-1024x886.jpg",1024,886,true],"1536x1536":["https:\/\/www.megastitch.eu\/wp-content\/uploads\/2023\/12\/macka_frame_ss.jpg",1200,1038,false],"2048x2048":["https:\/\/www.megastitch.eu\/wp-content\/uploads\/2023\/12\/macka_frame_ss.jpg",1200,1038,false],"ultp_layout_landscape_large":["https:\/\/www.megastitch.eu\/wp-content\/uploads\/2023\/12\/macka_frame_ss-1200x800.jpg",1200,800,true],"ultp_layout_landscape":["https:\/\/www.megastitch.eu\/wp-content\/uploads\/2023\/12\/macka_frame_ss-870x570.jpg",870,570,true],"ultp_layout_portrait":["https:\/\/www.megastitch.eu\/wp-content\/uploads\/2023\/12\/macka_frame_ss-600x900.jpg",600,900,true],"ultp_layout_square":["https:\/\/www.megastitch.eu\/wp-content\/uploads\/2023\/12\/macka_frame_ss-600x600.jpg",600,600,true],"molla_post-grid":["https:\/\/www.megastitch.eu\/wp-content\/uploads\/2023\/12\/macka_frame_ss-400x267.jpg",400,267,true],"woocommerce_thumbnail":["https:\/\/www.megastitch.eu\/wp-content\/uploads\/2023\/12\/macka_frame_ss-300x260.jpg",300,260,true],"woocommerce_single":["https:\/\/www.megastitch.eu\/wp-content\/uploads\/2023\/12\/macka_frame_ss-600x519.jpg",600,519,true],"woocommerce_gallery_thumbnail":["https:\/\/www.megastitch.eu\/wp-content\/uploads\/2023\/12\/macka_frame_ss-100x100.jpg",100,100,true]},"post_excerpt_stackable_v2":"<p>Ma\u010dka v predlohe na kr\u00ed\u017eikov\u00e9 vy\u0161\u00edvanie, ktor\u00e1 je pln\u00e1 svie\u017eich farieb, prinesie do va\u0161ich \u017eivotov hravos\u0165.<\/p>\n<p><strong>Po\u010det kr\u00ed\u017eikov: 95 x 74<\/strong><br \/>\n<strong>Rozmer l\u00e1tky: 17.24 x 13.43 cm<\/strong><br \/>\n<strong>L\u00e1tka<\/strong>: 14 ct\u00a0 Aida<br \/>\n<strong>Bavlnky: <\/strong>DMC<br \/>\n<strong>Po\u010det farieb: <\/strong>74 + 9 blendov<br \/>\n<strong>Pou\u017eit\u00e9 techniky:<\/strong> kr\u00ed\u017eiky, polkr\u00ed\u017eiky, ob\u0161\u00edvanie, franc\u00fazske uzl\u00edky<\/p>\n","category_list_v2":"","author_info_v2":{"name":"","url":""},"comments_num_v2":"0 comments","uagb_featured_image_src":{"full":["https:\/\/www.megastitch.eu\/wp-content\/uploads\/2023\/12\/macka_frame_ss.jpg",1200,1038,false],"thumbnail":["https:\/\/www.megastitch.eu\/wp-content\/uploads\/2023\/12\/macka_frame_ss-150x150.jpg",150,150,true],"medium":["https:\/\/www.megastitch.eu\/wp-content\/uploads\/2023\/12\/macka_frame_ss-300x260.jpg",300,260,true],"medium_large":["https:\/\/www.megastitch.eu\/wp-content\/uploads\/2023\/12\/macka_frame_ss-768x664.jpg",768,664,true],"large":["https:\/\/www.megastitch.eu\/wp-content\/uploads\/2023\/12\/macka_frame_ss-1024x886.jpg",1024,886,true],"1536x1536":["https:\/\/www.megastitch.eu\/wp-content\/uploads\/2023\/12\/macka_frame_ss.jpg",1200,1038,false],"2048x2048":["https:\/\/www.megastitch.eu\/wp-content\/uploads\/2023\/12\/macka_frame_ss.jpg",1200,1038,false],"ultp_layout_landscape_large":["https:\/\/www.megastitch.eu\/wp-content\/uploads\/2023\/12\/macka_frame_ss-1200x800.jpg",1200,800,true],"ultp_layout_landscape":["https:\/\/www.megastitch.eu\/wp-content\/uploads\/2023\/12\/macka_frame_ss-870x570.jpg",870,570,true],"ultp_layout_portrait":["https:\/\/www.megastitch.eu\/wp-content\/uploads\/2023\/12\/macka_frame_ss-600x900.jpg",600,900,true],"ultp_layout_square":["https:\/\/www.megastitch.eu\/wp-content\/uploads\/2023\/12\/macka_frame_ss-600x600.jpg",600,600,true],"molla_post-grid":["https:\/\/www.megastitch.eu\/wp-content\/uploads\/2023\/12\/macka_frame_ss-400x267.jpg",400,267,true],"woocommerce_thumbnail":["https:\/\/www.megastitch.eu\/wp-content\/uploads\/2023\/12\/macka_frame_ss-300x260.jpg",300,260,true],"woocommerce_single":["https:\/\/www.megastitch.eu\/wp-content\/uploads\/2023\/12\/macka_frame_ss-600x519.jpg",600,519,true],"woocommerce_gallery_thumbnail":["https:\/\/www.megastitch.eu\/wp-content\/uploads\/2023\/12\/macka_frame_ss-100x100.jpg",100,100,true]},"uagb_author_info":{"display_name":"pagacova","author_link":"https:\/\/www.megastitch.eu\/cs\/author\/"},"uagb_comment_info":2,"uagb_excerpt":"Ma\u010dka v predlohe na kr\u00ed\u017eikov\u00e9 vy\u0161\u00edvanie, ktor\u00e1 je pln\u00e1 svie\u017eich farieb, prinesie do va\u0161ich \u017eivotov hravos\u0165. Po\u010det kr\u00ed\u017eikov: 95 x 74 Rozmer l\u00e1tky: 17.24 x 13.43 cm L\u00e1tka: 14 ct\u00a0 Aida Bavlnky: DMC Po\u010det farieb: 74 + 9 blendov Pou\u017eit\u00e9 techniky: kr\u00ed\u017eiky, polkr\u00ed\u017eiky, ob\u0161\u00edvanie, franc\u00fazske uzl\u00edky","_links":{"self":[{"href":"https:\/\/www.megastitch.eu\/cs\/wp-json\/wp\/v2\/product\/28849"}],"collection":[{"href":"https:\/\/www.megastitch.eu\/cs\/wp-json\/wp\/v2\/product"}],"about":[{"href":"https:\/\/www.megastitch.eu\/cs\/wp-json\/wp\/v2\/types\/product"}],"replies":[{"embeddable":true,"href":"https:\/\/www.megastitch.eu\/cs\/wp-json\/wp\/v2\/comments?post=28849"}],"wp:featuredmedia":[{"embeddable":true,"href":"https:\/\/www.megastitch.eu\/cs\/wp-json\/wp\/v2\/media\/28856"}],"wp:attachment":[{"href":"https:\/\/www.megastitch.eu\/cs\/wp-json\/wp\/v2\/media?parent=28849"}],"wp:term":[{"taxonomy":"product_cat","embeddable":true,"href":"https:\/\/www.megastitch.eu\/cs\/wp-json\/wp\/v2\/product_cat?post=28849"},{"taxonomy":"product_tag","embeddable":true,"href":"https:\/\/www.megastitch.eu\/cs\/wp-json\/wp\/v2\/product_tag?post=28849"}],"curies":[{"name":"wp","href":"https:\/\/api.w.org\/{rel}","templated":true}]}}