	{"id":28871,"date":"2023-12-30T01:54:46","date_gmt":"2023-12-30T00:54:46","guid":{"rendered":"https:\/\/www.megastitch.eu\/?post_type=product&#038;p=28871"},"modified":"2024-08-06T06:05:56","modified_gmt":"2024-08-06T04:05:56","slug":"zimni-priatelia","status":"publish","type":"product","link":"https:\/\/www.megastitch.eu\/cs\/obchod\/predlohy-na-vysivanie\/velke-predlohy\/zimni-priatelia\/","title":{"rendered":"Zimn\u00ed priatelia"},"content":{"rendered":"<div class=\"nolwrap\"><p>Mysl\u00edte si \u017ee m\u00f4\u017ee existova\u0165 priate\u013estvo medzi vt\u00e1\u010dikom a l\u00ed\u0161kou? V kr\u00ed\u017eikovej krajine je mo\u017en\u00e9 v\u0161etko. Tam v hlbokom lese, kde sneh pokr\u00fdva ka\u017ed\u00fd k\u00fat sa jedno tak\u00e9 kamar\u00e1tstvo zrodilo. Vt\u00e1\u010dik l\u00ed\u0161ke spieva svoje n\u00e1dhern\u00e9 piesne a ona mu na opl\u00e1tku poskytne teplo svojho ko\u017e\u00fa\u0161ku. Ukazuj\u00fa n\u00e1m, \u017ee spolupr\u00e1ca a vz\u00e1jomn\u00e1 podpora s\u00fa k\u013e\u00fa\u010dom k radosti a pre\u017eitiu.<\/p>\n<p>Ak m\u00e1te pocit, \u017ee svet je nehostinn\u00e9 miesto, c\u00edtite \u017ee mr\u00e1z nikdy neskon\u010d\u00ed, je ozajstn\u00e9 \u00faprimn\u00e9 priate\u013estvo to, \u010do n\u00e1m dod\u00e1 \u00fatechu a silu. Darujte svojim priate\u013eom v\u00fd\u0161ivku, aby vedeli \u017ee ste tu pre nich a m\u00f4\u017eu sa na v\u00e1s spo\u013eahn\u00fa\u0165.<\/p>\n<p>Autor ilustr\u00e1cie: <a title=\"Elena Guschina\" href=\"https:\/\/www.instagram.com\/egushhina\/\">Elena Guschina<\/a><\/p>\n<p>Autorka predlohy: <strong>M\u00e1ria Erbenov\u00e1\u00a0<\/strong><\/p>\n<p><strong>Po\u010det kr\u00ed\u017eikov: 124 x 125<\/strong><br \/>\n<strong>Rozmer l\u00e1tky: 22.50 x 22.68 cm<\/strong><br \/>\n<strong>L\u00e1tka<\/strong>: 14 ct\u00a0 aida<br \/>\n<strong>Bavlnky: <\/strong>DMC<br \/>\n<strong>Po\u010det farieb: <\/strong>48 a 10 blendov<br \/>\n<strong>Pou\u017eit\u00e9 techniky: <\/strong>kr\u00ed\u017eiky, 3\/4 kr\u00ed\u017eik, polkr\u00ed\u017eiky, ob\u0161\u00edvanie, franc\u00fazske uzl\u00edky<\/p>\n<h4>S\u00fabory na stiahnutie:<\/h4>\n<ul>\n<li><strong>pdf s\u00fabor<\/strong>\n<ul>\n<li style=\"list-style-type: none\">\n<ul>\n<li>v \u010dierno-bielej verzii &#8211; s ob\u0161\u00edvan\u00edm a bez ob\u0161\u00edvania,<\/li>\n<\/ul>\n<\/li>\n<\/ul>\n<h4>Inform\u00e1cie o predlohe:<\/h4>\n<ul>\n<li>vo farebnej verzii &#8211; s ob\u0161\u00edvan\u00edm a bez ob\u0161\u00edvania<\/li>\n<\/ul>\n<\/li>\n<li><strong>cssaga s\u00fabor<\/strong><\/li>\n<\/ul>\n<\/div>","protected":false},"excerpt":{"rendered":"<p>Predloha na kr\u00ed\u017eikov\u00e9 vy\u0161\u00edvanie, priatelia l\u00ed\u0161ka a\u00a0vt\u00e1\u010dik v\u00a0zasne\u017eenej pr\u00edrode.<\/p>\n<p><strong>Po\u010det kr\u00ed\u017eikov: 124 x 125<\/strong><br \/>\n<strong>Rozmer l\u00e1tky: 22.50 x 22.68 cm<\/strong><br \/>\n<strong>L\u00e1tka<\/strong>: 14 ct\u00a0 Aida<br \/>\n<strong>Bavlnky: <\/strong>DMC<br \/>\n<strong>Po\u010det farieb: <\/strong>48 + 10 blendov<br \/>\n<strong>Pou\u017eit\u00e9 techniky:<\/strong> kr\u00ed\u017eiky, 3\/4 kr\u00ed\u017eiky, polkr\u00ed\u017eiky, ob\u0161\u00edvanie, franc\u00fazske uzl\u00edky<\/p>\n","protected":false},"featured_media":28872,"comment_status":"open","ping_status":"closed","template":"","meta":{"_uag_custom_page_level_css":"","ngg_post_thumbnail":0},"product_cat":[131,247],"product_tag":[48,143,254,151],"aioseo_notices":[],"featured_image_urls":{"full":["https:\/\/www.megastitch.eu\/wp-content\/uploads\/2023\/12\/winter_friends_.jpg",1140,1148,false],"thumbnail":["https:\/\/www.megastitch.eu\/wp-content\/uploads\/2023\/12\/winter_friends_-150x150.jpg",150,150,true],"medium":["https:\/\/www.megastitch.eu\/wp-content\/uploads\/2023\/12\/winter_friends_-298x300.jpg",298,300,true],"medium_large":["https:\/\/www.megastitch.eu\/wp-content\/uploads\/2023\/12\/winter_friends_-768x773.jpg",768,773,true],"large":["https:\/\/www.megastitch.eu\/wp-content\/uploads\/2023\/12\/winter_friends_-1017x1024.jpg",1017,1024,true],"1536x1536":["https:\/\/www.megastitch.eu\/wp-content\/uploads\/2023\/12\/winter_friends_.jpg",1140,1148,false],"2048x2048":["https:\/\/www.megastitch.eu\/wp-content\/uploads\/2023\/12\/winter_friends_.jpg",1140,1148,false],"ultp_layout_landscape_large":["https:\/\/www.megastitch.eu\/wp-content\/uploads\/2023\/12\/winter_friends_-1140x800.jpg",1140,800,true],"ultp_layout_landscape":["https:\/\/www.megastitch.eu\/wp-content\/uploads\/2023\/12\/winter_friends_-870x570.jpg",870,570,true],"ultp_layout_portrait":["https:\/\/www.megastitch.eu\/wp-content\/uploads\/2023\/12\/winter_friends_-600x900.jpg",600,900,true],"ultp_layout_square":["https:\/\/www.megastitch.eu\/wp-content\/uploads\/2023\/12\/winter_friends_-600x600.jpg",600,600,true],"molla_post-grid":["https:\/\/www.megastitch.eu\/wp-content\/uploads\/2023\/12\/winter_friends_-400x267.jpg",400,267,true],"woocommerce_thumbnail":["https:\/\/www.megastitch.eu\/wp-content\/uploads\/2023\/12\/winter_friends_-300x302.jpg",300,302,true],"woocommerce_single":["https:\/\/www.megastitch.eu\/wp-content\/uploads\/2023\/12\/winter_friends_-600x604.jpg",600,604,true],"woocommerce_gallery_thumbnail":["https:\/\/www.megastitch.eu\/wp-content\/uploads\/2023\/12\/winter_friends_-100x100.jpg",100,100,true]},"post_excerpt_stackable":"<p>Predloha na kr\u00ed\u017eikov\u00e9 vy\u0161\u00edvanie, priatelia l\u00ed\u0161ka a\u00a0vt\u00e1\u010dik v\u00a0zasne\u017eenej pr\u00edrode.<\/p>\n<p><strong>Po\u010det kr\u00ed\u017eikov: 124 x 125<\/strong><br \/>\n<strong>Rozmer l\u00e1tky: 22.50 x 22.68 cm<\/strong><br \/>\n<strong>L\u00e1tka<\/strong>: 14 ct\u00a0 Aida<br \/>\n<strong>Bavlnky: <\/strong>DMC<br \/>\n<strong>Po\u010det farieb: <\/strong>48 + 10 blendov<br \/>\n<strong>Pou\u017eit\u00e9 techniky:<\/strong> kr\u00ed\u017eiky, 3\/4 kr\u00ed\u017eiky, polkr\u00ed\u017eiky, ob\u0161\u00edvanie, franc\u00fazske uzl\u00edky<\/p>\n","category_list":"","author_info":{"name":"","url":""},"comments_num":"0 comments","featured_image_urls_v2":{"full":["https:\/\/www.megastitch.eu\/wp-content\/uploads\/2023\/12\/winter_friends_.jpg",1140,1148,false],"thumbnail":["https:\/\/www.megastitch.eu\/wp-content\/uploads\/2023\/12\/winter_friends_-150x150.jpg",150,150,true],"medium":["https:\/\/www.megastitch.eu\/wp-content\/uploads\/2023\/12\/winter_friends_-298x300.jpg",298,300,true],"medium_large":["https:\/\/www.megastitch.eu\/wp-content\/uploads\/2023\/12\/winter_friends_-768x773.jpg",768,773,true],"large":["https:\/\/www.megastitch.eu\/wp-content\/uploads\/2023\/12\/winter_friends_-1017x1024.jpg",1017,1024,true],"1536x1536":["https:\/\/www.megastitch.eu\/wp-content\/uploads\/2023\/12\/winter_friends_.jpg",1140,1148,false],"2048x2048":["https:\/\/www.megastitch.eu\/wp-content\/uploads\/2023\/12\/winter_friends_.jpg",1140,1148,false],"ultp_layout_landscape_large":["https:\/\/www.megastitch.eu\/wp-content\/uploads\/2023\/12\/winter_friends_-1140x800.jpg",1140,800,true],"ultp_layout_landscape":["https:\/\/www.megastitch.eu\/wp-content\/uploads\/2023\/12\/winter_friends_-870x570.jpg",870,570,true],"ultp_layout_portrait":["https:\/\/www.megastitch.eu\/wp-content\/uploads\/2023\/12\/winter_friends_-600x900.jpg",600,900,true],"ultp_layout_square":["https:\/\/www.megastitch.eu\/wp-content\/uploads\/2023\/12\/winter_friends_-600x600.jpg",600,600,true],"molla_post-grid":["https:\/\/www.megastitch.eu\/wp-content\/uploads\/2023\/12\/winter_friends_-400x267.jpg",400,267,true],"woocommerce_thumbnail":["https:\/\/www.megastitch.eu\/wp-content\/uploads\/2023\/12\/winter_friends_-300x302.jpg",300,302,true],"woocommerce_single":["https:\/\/www.megastitch.eu\/wp-content\/uploads\/2023\/12\/winter_friends_-600x604.jpg",600,604,true],"woocommerce_gallery_thumbnail":["https:\/\/www.megastitch.eu\/wp-content\/uploads\/2023\/12\/winter_friends_-100x100.jpg",100,100,true]},"post_excerpt_stackable_v2":"<p>Predloha na kr\u00ed\u017eikov\u00e9 vy\u0161\u00edvanie, priatelia l\u00ed\u0161ka a\u00a0vt\u00e1\u010dik v\u00a0zasne\u017eenej pr\u00edrode.<\/p>\n<p><strong>Po\u010det kr\u00ed\u017eikov: 124 x 125<\/strong><br \/>\n<strong>Rozmer l\u00e1tky: 22.50 x 22.68 cm<\/strong><br \/>\n<strong>L\u00e1tka<\/strong>: 14 ct\u00a0 Aida<br \/>\n<strong>Bavlnky: <\/strong>DMC<br \/>\n<strong>Po\u010det farieb: <\/strong>48 + 10 blendov<br \/>\n<strong>Pou\u017eit\u00e9 techniky:<\/strong> kr\u00ed\u017eiky, 3\/4 kr\u00ed\u017eiky, polkr\u00ed\u017eiky, ob\u0161\u00edvanie, franc\u00fazske uzl\u00edky<\/p>\n","category_list_v2":"","author_info_v2":{"name":"","url":""},"comments_num_v2":"0 comments","uagb_featured_image_src":{"full":["https:\/\/www.megastitch.eu\/wp-content\/uploads\/2023\/12\/winter_friends_.jpg",1140,1148,false],"thumbnail":["https:\/\/www.megastitch.eu\/wp-content\/uploads\/2023\/12\/winter_friends_-150x150.jpg",150,150,true],"medium":["https:\/\/www.megastitch.eu\/wp-content\/uploads\/2023\/12\/winter_friends_-298x300.jpg",298,300,true],"medium_large":["https:\/\/www.megastitch.eu\/wp-content\/uploads\/2023\/12\/winter_friends_-768x773.jpg",768,773,true],"large":["https:\/\/www.megastitch.eu\/wp-content\/uploads\/2023\/12\/winter_friends_-1017x1024.jpg",1017,1024,true],"1536x1536":["https:\/\/www.megastitch.eu\/wp-content\/uploads\/2023\/12\/winter_friends_.jpg",1140,1148,false],"2048x2048":["https:\/\/www.megastitch.eu\/wp-content\/uploads\/2023\/12\/winter_friends_.jpg",1140,1148,false],"ultp_layout_landscape_large":["https:\/\/www.megastitch.eu\/wp-content\/uploads\/2023\/12\/winter_friends_-1140x800.jpg",1140,800,true],"ultp_layout_landscape":["https:\/\/www.megastitch.eu\/wp-content\/uploads\/2023\/12\/winter_friends_-870x570.jpg",870,570,true],"ultp_layout_portrait":["https:\/\/www.megastitch.eu\/wp-content\/uploads\/2023\/12\/winter_friends_-600x900.jpg",600,900,true],"ultp_layout_square":["https:\/\/www.megastitch.eu\/wp-content\/uploads\/2023\/12\/winter_friends_-600x600.jpg",600,600,true],"molla_post-grid":["https:\/\/www.megastitch.eu\/wp-content\/uploads\/2023\/12\/winter_friends_-400x267.jpg",400,267,true],"woocommerce_thumbnail":["https:\/\/www.megastitch.eu\/wp-content\/uploads\/2023\/12\/winter_friends_-300x302.jpg",300,302,true],"woocommerce_single":["https:\/\/www.megastitch.eu\/wp-content\/uploads\/2023\/12\/winter_friends_-600x604.jpg",600,604,true],"woocommerce_gallery_thumbnail":["https:\/\/www.megastitch.eu\/wp-content\/uploads\/2023\/12\/winter_friends_-100x100.jpg",100,100,true]},"uagb_author_info":{"display_name":"pagacova","author_link":"https:\/\/www.megastitch.eu\/cs\/author\/"},"uagb_comment_info":6,"uagb_excerpt":"Predloha na kr\u00ed\u017eikov\u00e9 vy\u0161\u00edvanie, priatelia l\u00ed\u0161ka a\u00a0vt\u00e1\u010dik v\u00a0zasne\u017eenej pr\u00edrode. Po\u010det kr\u00ed\u017eikov: 124 x 125 Rozmer l\u00e1tky: 22.50 x 22.68 cm L\u00e1tka: 14 ct\u00a0 Aida Bavlnky: DMC Po\u010det farieb: 48 + 10 blendov Pou\u017eit\u00e9 techniky: kr\u00ed\u017eiky, 3\/4 kr\u00ed\u017eiky, polkr\u00ed\u017eiky, ob\u0161\u00edvanie, franc\u00fazske uzl\u00edky","_links":{"self":[{"href":"https:\/\/www.megastitch.eu\/cs\/wp-json\/wp\/v2\/product\/28871"}],"collection":[{"href":"https:\/\/www.megastitch.eu\/cs\/wp-json\/wp\/v2\/product"}],"about":[{"href":"https:\/\/www.megastitch.eu\/cs\/wp-json\/wp\/v2\/types\/product"}],"replies":[{"embeddable":true,"href":"https:\/\/www.megastitch.eu\/cs\/wp-json\/wp\/v2\/comments?post=28871"}],"wp:featuredmedia":[{"embeddable":true,"href":"https:\/\/www.megastitch.eu\/cs\/wp-json\/wp\/v2\/media\/28872"}],"wp:attachment":[{"href":"https:\/\/www.megastitch.eu\/cs\/wp-json\/wp\/v2\/media?parent=28871"}],"wp:term":[{"taxonomy":"product_cat","embeddable":true,"href":"https:\/\/www.megastitch.eu\/cs\/wp-json\/wp\/v2\/product_cat?post=28871"},{"taxonomy":"product_tag","embeddable":true,"href":"https:\/\/www.megastitch.eu\/cs\/wp-json\/wp\/v2\/product_tag?post=28871"}],"curies":[{"name":"wp","href":"https:\/\/api.w.org\/{rel}","templated":true}]}}